{"id":4480,"date":"2016-04-01T14:07:02","date_gmt":"2016-04-01T14:07:02","guid":{"rendered":"https:\/\/visitatavernes.es\/cookies-policy\/"},"modified":"2016-04-01T14:07:02","modified_gmt":"2016-04-01T14:07:02","slug":"cookies-policy","status":"publish","type":"page","link":"https:\/\/www.visitatavernes.es\/en\/cookies-policy\/","title":{"rendered":"COOKIES POLICY"},"content":{"rendered":"<h1 style=\"text-align: justify;\"><span id=\"result_box\" class=\"\" lang=\"en\" style=\"color: #000000;\"><span title=\"Pol\u00edtica de cookies \">Cookies policy<\/span><\/span><\/h1>\n<p style=\"text-align: justify;\"><span style=\"color: #000000;\"><span title=\"Una cookie es un peque\u00f1o fichero de texto que se almacena en su navegador cuando visita casi cualquier p\u00e1gina web.\">A cookie is a small text file that is stored in your browser when you visit almost any web page. <\/span><span title=\"Su utilidad es que la web sea capaz de recordar su visita cuando vuelva a navegar por esa p\u00e1gina.\">Its usefulness is that the web is able to remember your visit when I return to surf this page. <\/span><span title=\"Las cookies suelen almacenar informaci\u00f3n de car\u00e1cter t\u00e9cnico, preferencias personales, personalizaci\u00f3n de contenidos, estad\u00edsticas de uso, enlaces a redes sociales, acceso a cuentas de usuario, etc.\">Cookies often store technical information, personal preferences, content personalization, usage statistics, links to social networks, access to user accounts, etc. <\/span><span title=\"El objetivo de la cookie es adaptar el contenido de la web a su perfil y necesidades, sin cookies los servicios ofrecidos por cualquier p\u00e1gina se ver\u00edan mermados notablemente.\">The purpose of the cookie is to adapt the content of the web to your profile and needs without cookies services offered by any page be diminished significantly. <\/span><span title=\"Si desea consultar m\u00e1s informaci\u00f3n sobre qu\u00e9 son las cookies, qu\u00e9 almacenan, c\u00f3mo eliminarlas, desactivarlas, etc., le rogamos se dirija a este enlace. \">To see more information on what are cookies, which store, how to delete them, disable them, etc., please be directed to this link. <em><span style=\"color: #0000ff;\"><a style=\"color: #0000ff;\" href=\"https:\/\/www.visitatavernes.es\/mas-informacion-sobre-las-cookies\/?lang=es\" target=\"_blank\" rel=\"noopener\">More info about cookies and quick guide for the most popular browsers.<\/a><\/span><\/em><br \/>\n<\/span><\/span><\/p>\n<h1 style=\"text-align: justify;\"><span style=\"color: #000000;\"><span title=\"Si desea consultar m\u00e1s informaci\u00f3n sobre qu\u00e9 son las cookies, qu\u00e9 almacenan, c\u00f3mo eliminarlas, desactivarlas, etc., le rogamos se dirija a este enlace. \"><br \/>\n<\/span><span title=\"Cookies utilizadas en este sitio web \">Cookies used on this website<\/span><\/span><\/h1>\n<p style=\"text-align: justify;\"><span style=\"color: #000000;\" title=\"Siguiendo las directrices de la Agencia Espa\u00f1ola de Protecci\u00f3n de Datos procedemos a detallar el uso de cookies que hace esta web con el fin de informarle con la m\u00e1xima exactitud posible. \">Following the guidelines of the Spanish Data Protection Agency we detail the use of cookies does this website in order to inform you with the maximum possible accuracy.<\/span><\/p>\n<p style=\"text-align: justify;\"><span style=\"color: #000000;\" title=\"Este sitio web utiliza las siguientes cookies propias: \u00a0\u00a0\u00a0\u00a0\">This site uses cookies<strong> themselves the following:<\/strong><\/span><\/p>\n<ul style=\"text-align: justify;\">\n<li><span style=\"color: #000000;\"><span title=\"Cookies de sesi\u00f3n, para garantizar que los usuarios que escriban comentarios en el blog sean humanos y no aplicaciones automatizadas.\">Session cookies to ensure that users who write comments on the blog are human and not automated applications. <\/span><span title=\"De esta forma se combate el spam. \">Thus combat spam.<\/span><\/span><\/li>\n<\/ul>\n<p style=\"text-align: justify;\"><span style=\"color: #000000;\" title=\"Este sitio web utiliza las siguientes cookies de terceros: \u00a0\u00a0\u00a0\u00a0\">This website uses<strong> the following third-party cookies:<\/strong><\/span><\/p>\n<ul style=\"text-align: justify;\">\n<li><span style=\"color: #000000;\" title=\"Redes sociales: Cada red social utiliza sus propias cookies para que usted pueda pinchar en botones del tipo Me gusta o Compartir. \">Social networks: Each social network uses its own cookies for you to click on buttons type Like or Share.<\/span><\/li>\n<\/ul>\n<h1 style=\"text-align: justify;\"><span style=\"color: #000000;\" title=\"Desactivaci\u00f3n o eliminaci\u00f3n de cookies \">Disabling or removing cookies<\/span><\/h1>\n<p style=\"text-align: justify;\"><span style=\"color: #000000;\"><span title=\"En cualquier momento podr\u00e1 ejercer su derecho de desactivaci\u00f3n o eliminaci\u00f3n de cookies de este sitio web.\">At any time you may exercise your right to disable or delete cookies from this website. <\/span><span title=\"Estas acciones se realizan de forma diferente en funci\u00f3n del navegador que est\u00e9 usando.\">These actions are performed differently depending on the browser you are using.\u00a0<\/span><\/span><\/p>\n<h1 style=\"text-align: justify;\"><span style=\"color: #000000;\"><span title=\"Aqu\u00ed le dejamos una gu\u00eda r\u00e1pida para los navegadores m\u00e1s populares. \"><br \/>\nA<\/span><span title=\"Notas adicionales \u00a0\u00a0\u00a0\u00a0\">dditional notes<\/span><\/span><\/h1>\n<ul style=\"text-align: justify;\">\n<li><span style=\"color: #000000;\" title=\"Ni esta web ni sus representantes legales se hacen responsables ni del contenido ni de la veracidad de las pol\u00edticas de privacidad que puedan tener los terceros mencionados en esta pol\u00edtica de cookies. \u00a0\u00a0\u00a0\u00a0\">Neither this website nor its legal representatives are responsible for the content or the veracity of the privacy policies that may have the third parties mentioned on this policy of cookies.<\/span><\/li>\n<li><span style=\"color: #000000;\"><span title=\"Los navegadores web son las herramientas encargadas de almacenar las cookies y desde este lugar debe efectuar su derecho a eliminaci\u00f3n o desactivaci\u00f3n de las mismas.\">Web browsers are responsible for storing tools cookies and from this place should carry their right to removal or disabling them. <\/span><span title=\"Ni esta web ni sus representantes legales pueden garantizar la correcta o incorrecta manipulaci\u00f3n de las cookies por parte de los mencionados navegadores. \u00a0\u00a0\u00a0\u00a0\">Neither this website nor their legal representatives can ensure the correct or incorrect handling of cookies by browsers mentioned.<\/span><\/span><\/li>\n<li><span style=\"color: #000000;\" title=\"En algunos casos es necesario instalar cookies para que el navegador no olvide su decisi\u00f3n de no aceptaci\u00f3n de las mismas. \u00a0\u00a0\u00a0\u00a0\">In some cases it is necessary to install the browser cookies to remember your decision not to accept them.<\/span><\/li>\n<li><span style=\"color: #000000;\"><span title=\"Para cualquier duda o consulta acerca de esta pol\u00edtica de cookies no dude en comunicarse con nosotros a traves de: Ajuntament de Tavernes de la Valldigna, \u00a0\u00a0\u00a0\u00a0\">For any questions or concerns about this policy cookies do not hesitate to contact us through: Ajuntament de Tavernes,<br \/>\n<\/span><span title=\"Pla\u00e7a Major, 1 \u00b7 46760 Val\u00e8ncia \u00b7 TLF.\">Pla\u00e7a Major, 1 \u00b7 46760 Valencia \u00b7 TLF. <\/span><span title=\"96 282 40 15 \u00b7 FAX.\">96 282 40 15 \u00b7 FAX. <\/span><span title=\"96 282 20 27 .\">96 282 20 27.<\/span><\/span><\/li>\n<\/ul>\n<p style=\"text-align: justify;\">\n<p><!--more--><\/p>\n","protected":false},"excerpt":{"rendered":"<p>Cookies policy A cookie is a small text file that is stored in your browser when you visit almost any web page. Its usefulness is that the web is able to remember your visit when I return to surf this page. Cookies often store technical information, personal preferences, content personalization, usage statistics, links to social [&hellip;]<\/p>\n","protected":false},"author":1,"featured_media":0,"parent":0,"menu_order":0,"comment_status":"closed","ping_status":"closed","template":"","meta":{"_acf_changed":false,"footnotes":""},"class_list":["post-4480","page","type-page","status-publish","hentry"],"acf":[],"_links":{"self":[{"href":"https:\/\/www.visitatavernes.es\/en\/wp-json\/wp\/v2\/pages\/4480","targetHints":{"allow":["GET"]}}],"collection":[{"href":"https:\/\/www.visitatavernes.es\/en\/wp-json\/wp\/v2\/pages"}],"about":[{"href":"https:\/\/www.visitatavernes.es\/en\/wp-json\/wp\/v2\/types\/page"}],"author":[{"embeddable":true,"href":"https:\/\/www.visitatavernes.es\/en\/wp-json\/wp\/v2\/users\/1"}],"replies":[{"embeddable":true,"href":"https:\/\/www.visitatavernes.es\/en\/wp-json\/wp\/v2\/comments?post=4480"}],"version-history":[{"count":0,"href":"https:\/\/www.visitatavernes.es\/en\/wp-json\/wp\/v2\/pages\/4480\/revisions"}],"wp:attachment":[{"href":"https:\/\/www.visitatavernes.es\/en\/wp-json\/wp\/v2\/media?parent=4480"}],"curies":[{"name":"wp","href":"https:\/\/api.w.org\/{rel}","templated":true}]}}