{"id":4477,"date":"2016-04-01T14:07:01","date_gmt":"2016-04-01T14:07:01","guid":{"rendered":"https:\/\/visitatavernes.es\/more-info-about-cookies\/"},"modified":"2016-04-01T14:07:01","modified_gmt":"2016-04-01T14:07:01","slug":"more-info-about-cookies","status":"publish","type":"page","link":"https:\/\/www.visitatavernes.es\/en\/more-info-about-cookies\/","title":{"rendered":"MORE INFO ABOUT COOKIES"},"content":{"rendered":"<h1 style=\"text-align: justify;\"><span id=\"result_box\" class=\"\" lang=\"en\" style=\"color: #000000;\"><span title=\"\u00bfQu\u00e9 es una cookie? \">What is a cookie?<\/span><\/span><\/h1>\n<p style=\"text-align: justify;\"><span id=\"result_box\" class=\"\" lang=\"en\" style=\"color: #000000;\"><span title=\"\u00bfQu\u00e9 es una cookie? \"><br \/>\n<\/span><span title=\"Una cookie es un fichero de texto inofensivo que se almacena en su navegador cuando visita casi cualquier p\u00e1gina web.\">A cookie is a harmless text file that is stored in your browser when you visit almost any web page. <\/span><span title=\"La utilidad de la cookie es que la web sea capaz de recordar su visita cuando vuelva a navegar por esa p\u00e1gina.\">The usefulness of cookie is that the web is able to remember your visit when I return to surf this page. <\/span><span title=\"Aunque mucha gente no lo sabe las cookies se llevan utilizando desde hace 20 a\u00f1os, cuando aparecieron los primeros navegadores para la World Wide Web. \">Although many people do not know the cookies have been in use for 20 years, when the first browsers for the World Wide Web.<\/span><\/span><\/p>\n<h1 style=\"text-align: justify;\"><span id=\"result_box\" class=\"\" lang=\"en\" style=\"color: #000000;\"><span title=\"Aunque mucha gente no lo sabe las cookies se llevan utilizando desde hace 20 a\u00f1os, cuando aparecieron los primeros navegadores para la World Wide Web. \"><br \/>\n<\/span><span title=\"\u00bfQu\u00e9 NO ES una cookie? \">What is NOT a cookie?<\/span><\/span><\/h1>\n<p style=\"text-align: justify;\"><span id=\"result_box\" class=\"\" lang=\"en\" style=\"color: #000000;\"><span title=\"\u00bfQu\u00e9 NO ES una cookie? \"><br \/>\n<\/span><span title=\"No es un virus, ni un troyano, ni un gusano, ni spam, ni spyware, ni abre ventanas pop-up. \">It is not a virus or a Trojan, not a worm, or spam, or spyware, or open pop-up windows.<\/span><\/span><\/p>\n<h1 style=\"text-align: justify;\"><span id=\"result_box\" class=\"\" lang=\"en\" style=\"color: #000000;\"><span title=\"No es un virus, ni un troyano, ni un gusano, ni spam, ni spyware, ni abre ventanas pop-up. \"><br \/>\n<\/span><span title=\"\u00bfQu\u00e9 informaci\u00f3n almacena una cookie? \">What information stores a cookie?<\/span><\/span><\/h1>\n<p style=\"text-align: justify;\"><span id=\"result_box\" class=\"\" lang=\"en\" style=\"color: #000000;\"><span title=\"\u00bfQu\u00e9 informaci\u00f3n almacena una cookie? \"><br \/>\n<\/span><span title=\"Las cookies no suelen almacenar informaci\u00f3n sensible sobre usted, como tarjetas de cr\u00e9dito o datos bancarios, fotograf\u00edas, su DNI o informaci\u00f3n personal, etc.\">Cookies do not usually store sensitive information about you, such as credit card or bank account information, photographs, your ID or personal information, etc. <\/span><span title=\"Los datos que guardan son de car\u00e1cter t\u00e9cnico, preferencias personales, personalizaci\u00f3n de contenidos, etc. \">The data stored are technical, personal preferences, content personalization, etc.<br \/>\n<\/span><span title=\"El servidor web no le asocia a usted como persona si no a su navegador web.\">The web server does not associate you as a person if your web browser. <\/span><span title=\"De hecho, si usted navega habitualmente con Internet Explorer y prueba a navegar por la misma web con Firefox o Chrome ver\u00e1 que la web no se da cuenta que es usted la misma persona porque en realidad est\u00e1 asociando al navegador, no a la persona. \">In fact, if you regularly browse with Internet Explorer and try to browse the same web with Firefox or Chrome you will see that the web does not realize that you are the same person because you are actually associating the browser, not the person.<\/span><\/span><\/p>\n<h1 style=\"text-align: justify;\"><span id=\"result_box\" class=\"\" lang=\"en\" style=\"color: #000000;\"><span title=\"De hecho, si usted navega habitualmente con Internet Explorer y prueba a navegar por la misma web con Firefox o Chrome ver\u00e1 que la web no se da cuenta que es usted la misma persona porque en realidad est\u00e1 asociando al navegador, no a la persona. \"><br \/>\n<\/span><span title=\"\u00bfQu\u00e9 tipo de cookies existen? \">What kind of cookies there?<\/span><\/span><\/h1>\n<p style=\"text-align: justify;\"><span id=\"result_box\" class=\"\" lang=\"en\" style=\"color: #000000;\"><span title=\"\u00bfQu\u00e9 tipo de cookies existen? \"><br \/>\n<\/span><span title=\"\u2022 Cookies t\u00e9cnicas: Son las m\u00e1s elementales y permiten, entre otras cosas, saber cu\u00e1ndo est\u00e1 navegando un humano o una aplicaci\u00f3n automatizada, cu\u00e1ndo navega un usuario an\u00f3nimo y uno registrado, tareas b\u00e1sicas para el funcionamiento de cualquier web din\u00e1mica. \">\u2022 Technical Cookies: These are the most basic and allow, among other things, knowing when you are browsing a human or an automated application, when an anonymous user navigates and one registered, basic tasks for running any dynamic web.<br \/>\n<\/span><span title=\"\u2022 Cookies de an\u00e1lisis: Recogen informaci\u00f3n sobre el tipo de navegaci\u00f3n que est\u00e1 realizando, las secciones que m\u00e1s utiliza, productos consultados, franja horaria de uso, idioma, etc. \">\u2022 Cookies analysis: Collect information on the type of navigation is performing, the sections most used, consulted products, time period of use, language, etc.<br \/>\n<\/span><span title=\"\u2022 Cookies publicitarias: Muestran publicidad en funci\u00f3n de su navegaci\u00f3n, su pa\u00eds de procedencia, idioma, etc. \">\u2022 Cookies advertising: display advertising based on their navigation, their country of origin, language, etc.<\/span><\/span><\/p>\n<h1 style=\"text-align: justify;\"><span id=\"result_box\" class=\"\" lang=\"en\" style=\"color: #000000;\"><span title=\"\u2022 Cookies publicitarias: Muestran publicidad en funci\u00f3n de su navegaci\u00f3n, su pa\u00eds de procedencia, idioma, etc. \"><br \/>\n<\/span><span title=\"\u00bfQu\u00e9 son las cookies propias y las de terceros? \">What are cookies own and those of others?<\/span><\/span><\/h1>\n<p style=\"text-align: justify;\"><span id=\"result_box\" class=\"\" lang=\"en\" style=\"color: #000000;\"><span title=\"\u00bfQu\u00e9 son las cookies propias y las de terceros? \"><br \/>\n<\/span><span title=\"Las cookies propias son las generadas por la p\u00e1gina que est\u00e1 visitando y las de terceros son las generadas por servicios o proveedores externos como Facebook, Twitter, Google, etc. \">Party cookies are those generated by the page you are visiting and third are generated by internal or external providers such as Facebook, Twitter, Google, etc.<\/span><\/span><\/p>\n<h1 style=\"text-align: justify;\"><span id=\"result_box\" class=\"\" lang=\"en\" style=\"color: #000000;\"><span title=\"Las cookies propias son las generadas por la p\u00e1gina que est\u00e1 visitando y las de terceros son las generadas por servicios o proveedores externos como Facebook, Twitter, Google, etc. \"><br \/>\n<\/span><span title=\"\u00bfQu\u00e9 ocurre si desactivo las cookies? \">What happens if I disable cookies?<\/span><\/span><\/h1>\n<p style=\"text-align: justify;\"><span id=\"result_box\" class=\"\" lang=\"en\" style=\"color: #000000;\"><span title=\"\u00bfQu\u00e9 ocurre si desactivo las cookies? \"><br \/>\n<\/span><span title=\"Para que entienda el alcance que puede tener desactivar las cookies le mostramos unos ejemplos: \">To understand the scope that may have to disable cookies shows some examples:<br \/>\n<\/span><span title=\"\u2022 No podr\u00e1 compartir contenidos de esa web en Facebook, Twitter o cualquier otra red social. \">\u2022 You can not share content of this site on Facebook, Twitter or any other social network.<br \/>\n<\/span><span title=\"\u2022 El sitio web no podr\u00e1 adaptar los contenidos a sus preferencias personales, como suele ocurrir en las tiendas online. \">\u2022 The web site will not adapt content to your personal preferences, as often happens in online stores.<br \/>\n<\/span><span title=\"\u2022 No podr\u00e1 acceder al \u00e1rea personal de esa web, como por ejemplo Mi cuenta, o Mi perfil o Mis pedidos. \">\u2022 You can not access the personal area of \u200b\u200bthe web, such as My Account, or My Profile or My orders.<br \/>\n<\/span><span title=\"\u2022 Tiendas online: Le ser\u00e1 imposible realizar compras online, tendr\u00e1n que ser telef\u00f3nicas o visitando la tienda f\u00edsica si es que dispone de ella. \">\u2022 Online Stores: It will be impossible to make purchases online, they will be calling or visiting the physical store if you have one.<br \/>\n<\/span><span title=\"\u2022 No ser\u00e1 posible personalizar sus preferencias geogr\u00e1ficas como franja horaria, divisa o idioma. \">\u2022 It will not be possible to customize your geographic preferences as time zone, currency or language.<br \/>\n<\/span><span title=\"\u2022 El sitio web no podr\u00e1 realizar anal\u00edticas web sobre visitantes y tr\u00e1fico en la web, lo que dificultar\u00e1 que la web sea competitiva. \">\u2022 The website can not perform web analytics about visitors and web traffic, making it difficult to be competitive anywhere.<br \/>\n<\/span><span title=\"\u2022 No podr\u00e1 escribir en el blog, no podr\u00e1 subir fotos, publicar comentarios, valorar o puntuar contenidos.\">\u2022 You can not write on the blog, you can not upload photos, post comments, evaluate or rate content. <\/span><span title=\"La web tampoco podr\u00e1 saber si usted es un humano o una aplicaci\u00f3n automatizada que publica spam. \">The web may not know whether you are a human or an automated application that publishes spam.<br \/>\n<\/span><span title=\"\u2022 No se podr\u00e1 mostrar publicidad sectorizada, lo que reducir\u00e1 los ingresos publicitarios de la web. \">\u2022 No advertising may show sectioned, which will reduce the web advertising revenue.<br \/>\n<\/span><span title=\"\u2022 Todas las redes sociales usan cookies, si las desactiva no podr\u00e1 utilizar ninguna red social. \">\u2022 All social networks use cookies, if disabled you can not use any social network.<\/span><\/span><\/p>\n<h1 style=\"text-align: justify;\"><span id=\"result_box\" class=\"\" lang=\"en\" style=\"color: #000000;\"><span title=\"\u2022 Todas las redes sociales usan cookies, si las desactiva no podr\u00e1 utilizar ninguna red social. \"><br \/>\n<\/span><span title=\"\u00bfSe pueden eliminar las cookies? \">Can I delete cookies?<\/span><\/span><\/h1>\n<p style=\"text-align: justify;\"><span id=\"result_box\" class=\"\" lang=\"en\" style=\"color: #000000;\"><span title=\"\u00bfSe pueden eliminar las cookies? \"><br \/>\n<\/span><span title=\"S\u00ed. No s\u00f3lo eliminar, tambi\u00e9n bloquear, de forma general o particular para un dominio espec\u00edfico. \">Yes. Not only eliminate, also block, general or particular to a specific domain.<br \/>\n<\/span><span title=\"Para eliminar las cookies de un sitio web debe ir a la configuraci\u00f3n de su navegador y all\u00ed podr\u00e1 buscar las asociadas al dominio en cuesti\u00f3n y proceder a su eliminaci\u00f3n. \">To remove cookies from a website should go to your browser settings and there you can find the associated domain in question and proceed to its elimination.<\/span><\/span><\/p>\n<h1 style=\"text-align: justify;\"><span id=\"result_box\" class=\"\" lang=\"en\" style=\"color: #000000;\"><span title=\"Para eliminar las cookies de un sitio web debe ir a la configuraci\u00f3n de su navegador y all\u00ed podr\u00e1 buscar las asociadas al dominio en cuesti\u00f3n y proceder a su eliminaci\u00f3n. \"><br \/>\n<\/span><span title=\"Configuraci\u00f3n de cookies para los navegadores m\u00e1s polulares \">Configuring cookies for most browsers polulars.<\/span><\/span><\/h1>\n<p style=\"text-align: justify;\"><span id=\"result_box\" class=\"\" lang=\"en\" style=\"color: #000000;\"><span title=\"Configuraci\u00f3n de cookies para los navegadores m\u00e1s polulares \"><br \/>\n<\/span><span title=\"A continuaci\u00f3n le indicamos c\u00f3mo acceder a una cookie determinada del navegador Chrome.\">Here&#8217;s how to access a particular cookie of the <strong>Chrome<\/strong> browser. <\/span><span title=\"Nota: estos pasos pueden variar en funci\u00f3n de la versi\u00f3n del navegador: \">Note: These steps may vary depending on the browser version:<\/span><\/span><\/p>\n<p style=\"text-align: justify;\"><span id=\"result_box\" class=\"\" lang=\"en\" style=\"color: #000000;\"><span title=\"Nota: estos pasos pueden variar en funci\u00f3n de la versi\u00f3n del navegador: \"><br \/>\n<\/span><span title=\"1. Vaya a Configuraci\u00f3n o Preferencias mediante el men\u00fa Archivo o bien pinchando el icono de personalizaci\u00f3n que aparece arriba a la derecha. \">1. Go to Settings or Preferences via the File menu or by clicking the icon customization that appears above right.<br \/>\n<\/span><span title=\"2. Ver\u00e1 diferentes secciones, pinche la opci\u00f3n Mostrar opciones avanzadas. \">2. You will see different sections, click the Show Advanced Options option.<br \/>\n<\/span><span title=\"3. Vaya a Privacidad, Configuraci\u00f3n de contenido. \">3. Go to Privacy, Content settings.<br \/>\n<\/span><span title=\"4. Seleccione Todas las cookies y los datos de sitios. \">4. Select All cookies and site data.<br \/>\n<\/span><span title=\"5. Aparecer\u00e1 un listado con todas las cookies ordenadas por dominio.\">5. A list will appear with all cookies ordered by domain. <\/span><span title=\"Para que le sea m\u00e1s f\u00e1cil encontrar las cookies de un determinado dominio introduzca parcial o totalmente la direcci\u00f3n en el campo Buscar cookies. \">To make it easier to find cookies enter a particular domain partially or totally the address in the search field cookies.<br \/>\n<\/span><span title=\"6. Tras realizar este filtro aparecer\u00e1n en pantalla una o varias l\u00edneas con las cookies de la web solicitada.\">6. After this filter on the screen one or more lines with the requested Web cookies. <\/span><span title=\"Ahora s\u00f3lo tiene que seleccionarla y pulsar la X para proceder a su eliminaci\u00f3n. \">Now just select it and press the X to proceed with removal.<\/span><\/span><\/p>\n<p style=\"text-align: justify;\"><span id=\"result_box\" class=\"\" lang=\"en\" style=\"color: #000000;\"><span title=\"Ahora s\u00f3lo tiene que seleccionarla y pulsar la X para proceder a su eliminaci\u00f3n. \"><br \/>\n<\/span><span title=\"Para acceder a la configuraci\u00f3n de cookies del navegador Internet Explorer siga estos pasos (pueden variar en funci\u00f3n de la versi\u00f3n del navegador): \">To access the cookie settings in <strong>Internet Explorer<\/strong> follow these steps (may vary depending on the browser version):<\/span><\/span><\/p>\n<p style=\"text-align: justify;\"><span id=\"result_box\" class=\"\" lang=\"en\" style=\"color: #000000;\"><span title=\"Para acceder a la configuraci\u00f3n de cookies del navegador Internet Explorer siga estos pasos (pueden variar en funci\u00f3n de la versi\u00f3n del navegador): \"><br \/>\n<\/span><span title=\"1. Vaya a Herramientas, Opciones de Internet \">1. Go to Tools, Internet Options<br \/>\n<\/span><span title=\"2. Haga click en Privacidad. \">2. Click on Privacy.<br \/>\n<\/span><span title=\"3. Mueva el deslizador hasta ajustar el nivel de privacidad que desee. \">3. Move the slider to adjust the level of privacy you want.<\/span><\/span><\/p>\n<p style=\"text-align: justify;\"><span id=\"result_box\" class=\"\" lang=\"en\" style=\"color: #000000;\"><span title=\"3. Mueva el deslizador hasta ajustar el nivel de privacidad que desee. \"><br \/>\n<\/span><span title=\"Para acceder a la configuraci\u00f3n de cookies del navegador Firefox siga estos pasos (pueden variar en funci\u00f3n de la versi\u00f3n del navegador): \">To access the configuration cookies Browser<strong> Firefox<\/strong> follow these steps (may vary depending on the browser version):<\/span><\/span><\/p>\n<p style=\"text-align: justify;\"><span id=\"result_box\" class=\"\" lang=\"en\" style=\"color: #000000;\"><span title=\"Para acceder a la configuraci\u00f3n de cookies del navegador Firefox siga estos pasos (pueden variar en funci\u00f3n de la versi\u00f3n del navegador): \"><br \/>\n<\/span><span title=\"1. Vaya a Opciones o Preferencias seg\u00fan su sistema operativo. \">1. Go to Options or Preferences for your operating system.<br \/>\n<\/span><span title=\"2. Haga click en Privacidad. \">2. Click on Privacy.<br \/>\n<\/span><span title=\"3. En Historial elija Usar una configuraci\u00f3n personalizada para el historial. \">3. History choose Use custom settings for history.<br \/>\n<\/span><span title=\"4. Ahora ver\u00e1 la opci\u00f3n Aceptar cookies, puede activarla o desactivarla seg\u00fan sus preferencias. \">4. You will now see the Accept Cookies option can turn on or off according to your preferences.<\/span><\/span><\/p>\n<p style=\"text-align: justify;\"><span id=\"result_box\" class=\"\" lang=\"en\" style=\"color: #000000;\"><span title=\"4. Ahora ver\u00e1 la opci\u00f3n Aceptar cookies, puede activarla o desactivarla seg\u00fan sus preferencias. \"><br \/>\n<\/span><span title=\"Para acceder a la configuraci\u00f3n de cookies del navegador Safari para OSX siga estos pasos (pueden variar en funci\u00f3n de la versi\u00f3n del navegador): \">To access the cookie settings <strong>Safari browser for OSX<\/strong> follow these steps (may vary depending on the browser version):<\/span><\/span><\/p>\n<p style=\"text-align: justify;\"><span id=\"result_box\" class=\"\" lang=\"en\" style=\"color: #000000;\"><span title=\"Para acceder a la configuraci\u00f3n de cookies del navegador Safari para OSX siga estos pasos (pueden variar en funci\u00f3n de la versi\u00f3n del navegador): \"><br \/>\n<\/span><span title=\"1. Vaya a Preferencias, luego Privacidad. \">1. Go to Preferences, then Privacy.<br \/>\n<\/span><span title=\"2. En este lugar ver\u00e1 la opci\u00f3n Bloquear cookies para que ajuste el tipo de bloqueo que desea realizar. \">2. Here you will see the Block cookies to fit the type of lock you want to perform.<\/span><\/span><\/p>\n<p style=\"text-align: justify;\"><span id=\"result_box\" class=\"\" lang=\"en\" style=\"color: #000000;\"><span title=\"2. En este lugar ver\u00e1 la opci\u00f3n Bloquear cookies para que ajuste el tipo de bloqueo que desea realizar. \"><br \/>\n<\/span><span title=\"Para acceder a la configuraci\u00f3n de cookies del navegador Safari para iOS siga estos pasos (pueden variar en funci\u00f3n de la versi\u00f3n del navegador): \">To access the cookie settings <strong>Safari browser for iOS<\/strong> follow these steps (may vary depending on the browser version):<\/span><\/span><\/p>\n<p style=\"text-align: justify;\"><span id=\"result_box\" class=\"\" lang=\"en\" style=\"color: #000000;\"><span title=\"Para acceder a la configuraci\u00f3n de cookies del navegador Safari para iOS siga estos pasos (pueden variar en funci\u00f3n de la versi\u00f3n del navegador): \"><br \/>\n<\/span><span title=\"1. Vaya a Ajustes, luego Safari. \">1. Go to Settings, then Safari.<br \/>\n<\/span><span title=\"2. Vaya a Privacidad y Seguridad, ver\u00e1 la opci\u00f3n Bloquear cookies para que ajuste el tipo de bloqueo que desea realizar. \">2. Go to Privacy and Security, see the Block cookies to fit the type of lock you want to perform.<\/span><\/span><\/p>\n<p style=\"text-align: justify;\"><span id=\"result_box\" class=\"\" lang=\"en\" style=\"color: #000000;\"><span title=\"2. Vaya a Privacidad y Seguridad, ver\u00e1 la opci\u00f3n Bloquear cookies para que ajuste el tipo de bloqueo que desea realizar. \"><br \/>\n<\/span><span title=\"Para acceder a la configuraci\u00f3n de cookies del navegador para dispositivos Android siga estos pasos (pueden variar en funci\u00f3n de la versi\u00f3n del navegador): \">To access the configuration cookies browser for devices <strong>Android<\/strong> follow these steps (may vary depending on the browser version):<\/span><\/span><\/p>\n<p style=\"text-align: justify;\"><span id=\"result_box\" class=\"\" lang=\"en\" style=\"color: #000000;\"><span title=\"Para acceder a la configuraci\u00f3n de cookies del navegador para dispositivos Android siga estos pasos (pueden variar en funci\u00f3n de la versi\u00f3n del navegador): \"><br \/>\n<\/span><span title=\"1. Ejecute el navegador y pulse la tecla Men\u00fa, luego Ajustes. \">1. Run the browser and press the Menu key, then Settings.<br \/>\n<\/span><span title=\"2. Vaya a Seguridad y Privacidad, ver\u00e1 la opci\u00f3n Aceptar cookies para que active o desactive la casilla. \">2. Go to Security and Privacy, see the Accept Cookies option to check or uncheck the box.<\/span><\/span><\/p>\n<p style=\"text-align: justify;\"><span id=\"result_box\" class=\"\" lang=\"en\" style=\"color: #000000;\"><span title=\"2. Vaya a Seguridad y Privacidad, ver\u00e1 la opci\u00f3n Aceptar cookies para que active o desactive la casilla. \"><br \/>\n<\/span><span title=\"Para acceder a la configuraci\u00f3n de cookies del navegador para dispositivos Windows Phone siga estos pasos (pueden variar en funci\u00f3n de la versi\u00f3n del navegador): \">To access the configuration cookies browser for devices <strong>Windows Phone<\/strong> follow these steps (may vary depending on the browser version):<\/span><\/span><\/p>\n<p style=\"text-align: justify;\"><span id=\"result_box\" class=\"\" lang=\"en\" style=\"color: #000000;\"><span title=\"Para acceder a la configuraci\u00f3n de cookies del navegador para dispositivos Windows Phone siga estos pasos (pueden variar en funci\u00f3n de la versi\u00f3n del navegador): \"><br \/>\n<\/span><span title=\"1. Abra Internet Explorer, luego M\u00e1s, luego Configuraci\u00f3n \">1. Open Internet Explorer, then More, then Settings<br \/>\n<\/span><span title=\"2. Ahora puede activar o desactivar la casilla Permitir cookies.\">2. You can now enable or disable the Allow cookies.<\/span><\/span><\/p>\n<p><!--more--><\/p>\n","protected":false},"excerpt":{"rendered":"<p>What is a cookie? A cookie is a harmless text file that is stored in your browser when you visit almost any web page. The usefulness of cookie is that the web is able to remember your visit when I return to surf this page. Although many people do not know the cookies have been [&hellip;]<\/p>\n","protected":false},"author":1,"featured_media":0,"parent":0,"menu_order":0,"comment_status":"closed","ping_status":"closed","template":"","meta":{"_acf_changed":false,"footnotes":""},"class_list":["post-4477","page","type-page","status-publish","hentry"],"acf":[],"_links":{"self":[{"href":"https:\/\/www.visitatavernes.es\/en\/wp-json\/wp\/v2\/pages\/4477","targetHints":{"allow":["GET"]}}],"collection":[{"href":"https:\/\/www.visitatavernes.es\/en\/wp-json\/wp\/v2\/pages"}],"about":[{"href":"https:\/\/www.visitatavernes.es\/en\/wp-json\/wp\/v2\/types\/page"}],"author":[{"embeddable":true,"href":"https:\/\/www.visitatavernes.es\/en\/wp-json\/wp\/v2\/users\/1"}],"replies":[{"embeddable":true,"href":"https:\/\/www.visitatavernes.es\/en\/wp-json\/wp\/v2\/comments?post=4477"}],"version-history":[{"count":0,"href":"https:\/\/www.visitatavernes.es\/en\/wp-json\/wp\/v2\/pages\/4477\/revisions"}],"wp:attachment":[{"href":"https:\/\/www.visitatavernes.es\/en\/wp-json\/wp\/v2\/media?parent=4477"}],"curies":[{"name":"wp","href":"https:\/\/api.w.org\/{rel}","templated":true}]}}