{"id":426,"date":"2016-01-20T10:24:41","date_gmt":"2016-01-20T10:24:41","guid":{"rendered":"https:\/\/visitatavernes.es\/?page_id=426"},"modified":"2022-05-24T06:41:22","modified_gmt":"2022-05-24T06:41:22","slug":"coca-de-mestall","status":"publish","type":"page","link":"https:\/\/www.visitatavernes.es\/ca\/coca-de-mestall\/","title":{"rendered":"COCA DE MESTALL"},"content":{"rendered":"\t\t<div data-elementor-type=\"wp-page\" data-elementor-id=\"426\" class=\"elementor elementor-426\" wpc-filter-elementor-widget=\"1\" data-elementor-post-type=\"page\">\n\t\t\t\t\t\t\t\t\t<section class=\"elementor-section elementor-top-section elementor-element elementor-element-bbda02e elementor-section-full_width elementor-section-height-default elementor-section-height-default\" data-id=\"bbda02e\" data-element_type=\"section\" data-settings=\"{&quot;shape_divider_bottom&quot;:&quot;waves&quot;}\">\n\t\t\t\t\t<div class=\"elementor-shape elementor-shape-bottom\" data-negative=\"false\">\n\t\t\t<svg xmlns=\"http:\/\/www.w3.org\/2000\/svg\" viewBox=\"0 0 1000 100\" preserveAspectRatio=\"none\">\n\t<path class=\"elementor-shape-fill\" d=\"M421.9,6.5c22.6-2.5,51.5,0.4,75.5,5.3c23.6,4.9,70.9,23.5,100.5,35.7c75.8,32.2,133.7,44.5,192.6,49.7\n\tc23.6,2.1,48.7,3.5,103.4-2.5c54.7-6,106.2-25.6,106.2-25.6V0H0v30.3c0,0,72,32.6,158.4,30.5c39.2-0.7,92.8-6.7,134-22.4\n\tc21.2-8.1,52.2-18.2,79.7-24.2C399.3,7.9,411.6,7.5,421.9,6.5z\"\/>\n<\/svg>\t\t<\/div>\n\t\t\t\t\t<div class=\"elementor-container elementor-column-gap-default\">\n\t\t\t\t\t<div class=\"elementor-column elementor-col-100 elementor-top-column elementor-element elementor-element-533e638\" data-id=\"533e638\" data-element_type=\"column\">\n\t\t\t<div class=\"elementor-widget-wrap elementor-element-populated\">\n\t\t\t\t\t\t\t\t<div class=\"elementor-element elementor-element-06b239d elementor--h-position-center elementor--v-position-middle elementor-widget elementor-widget-slides\" data-id=\"06b239d\" data-element_type=\"widget\" data-settings=\"{&quot;navigation&quot;:&quot;none&quot;,&quot;transition&quot;:&quot;fade&quot;,&quot;transition_speed&quot;:500}\" data-widget_type=\"slides.default\">\n\t\t\t\t<div class=\"elementor-widget-container\">\n\t\t\t\t\t<div class=\"elementor-swiper\">\n\t\t\t<div class=\"elementor-slides-wrapper elementor-main-swiper swiper-container\" dir=\"ltr\" data-animation=\"fadeInUp\">\n\t\t\t\t<div class=\"swiper-wrapper elementor-slides\">\n\t\t\t\t\t\t\t\t\t\t<div class=\"elementor-repeater-item-2141c07 swiper-slide\"><div class=\"swiper-slide-bg\" role=\"img\"><\/div><div class=\"elementor-background-overlay\"><\/div><div class=\"swiper-slide-inner\" ><div class=\"swiper-slide-contents\"><div class=\"elementor-slide-heading\">COCA DE MESTALL<\/div><\/div><\/div><\/div>\t\t\t\t<\/div>\n\t\t\t\t\t\t\t<\/div>\n\t\t<\/div>\n\t\t\t\t<\/div>\n\t\t\t\t<\/div>\n\t\t\t\t\t<\/div>\n\t\t<\/div>\n\t\t\t\t\t\t\t<\/div>\n\t\t<\/section>\n\t\t\t\t<section class=\"elementor-section elementor-top-section elementor-element elementor-element-1002aa9 elementor-section-boxed elementor-section-height-default elementor-section-height-default\" data-id=\"1002aa9\" data-element_type=\"section\">\n\t\t\t\t\t\t<div class=\"elementor-container elementor-column-gap-default\">\n\t\t\t\t\t<div class=\"elementor-column elementor-col-100 elementor-top-column elementor-element elementor-element-d58eaf3\" data-id=\"d58eaf3\" data-element_type=\"column\">\n\t\t\t<div class=\"elementor-widget-wrap elementor-element-populated\">\n\t\t\t\t\t\t\t\t<div class=\"elementor-element elementor-element-ee87ba5 elementor-widget elementor-widget-heading\" data-id=\"ee87ba5\" data-element_type=\"widget\" data-widget_type=\"heading.default\">\n\t\t\t\t<div class=\"elementor-widget-container\">\n\t\t\t<h2 class=\"elementor-heading-title elementor-size-default\">COCA DE MESTALL<\/h2>\t\t<\/div>\n\t\t\t\t<\/div>\n\t\t\t\t\t<\/div>\n\t\t<\/div>\n\t\t\t\t\t\t\t<\/div>\n\t\t<\/section>\n\t\t\t\t<section class=\"elementor-section elementor-top-section elementor-element elementor-element-8e34e31 elementor-section-boxed elementor-section-height-default elementor-section-height-default\" data-id=\"8e34e31\" data-element_type=\"section\">\n\t\t\t\t\t\t<div class=\"elementor-container elementor-column-gap-default\">\n\t\t\t\t\t<div class=\"elementor-column elementor-col-50 elementor-top-column elementor-element elementor-element-d8ca1b7\" data-id=\"d8ca1b7\" data-element_type=\"column\">\n\t\t\t<div class=\"elementor-widget-wrap elementor-element-populated\">\n\t\t\t\t\t\t\t\t<div class=\"elementor-element elementor-element-7990c85 elementor-widget elementor-widget-text-editor\" data-id=\"7990c85\" data-element_type=\"widget\" data-widget_type=\"text-editor.default\">\n\t\t\t\t<div class=\"elementor-widget-container\">\n\t\t\t\t\t\t\t<p style=\"text-align: justify;\"><span style=\"text-decoration: underline;\"><span style=\"color: #000000; text-decoration: underline;\">Ingredients:<\/span><\/span><\/p><ul><li style=\"text-align: justify;\"><p><span style=\"color: #000000;\">450 gr. de farina (3 quartes parts de farina de dacsa i 1 part de blat).<\/span><\/p><\/li><li style=\"text-align: justify;\"><p><span style=\"color: #000000;\">Oli d\u2019oliva.<\/span><\/p><\/li><li style=\"text-align: justify;\"><p><span style=\"color: #000000;\">Aigua t\u00e8bia.<\/span><\/p><\/li><li style=\"text-align: justify;\"><p><span style=\"color: #000000;\">Sal.<\/span><\/p><\/li><li style=\"text-align: justify;\"><p><span style=\"color: #000000;\">Llevat fresc o de forner (25 gr.).<\/span><\/p><\/li><li style=\"text-align: justify;\"><p><span style=\"color: #000000;\">Mescla per a damunt: llonganissa, cansalada, botifarra o sardina.<\/span><\/p><\/li><\/ul><p style=\"text-align: justify;\"><span style=\"text-decoration: underline;\"><span style=\"color: #000000; text-decoration: underline;\">Preparaci\u00f3:<\/span><\/span><\/p><p style=\"text-align: justify;\"><span style=\"color: #000000;\">S&#8217;enc\u00e9n el forn a uns 200\u00baC perqu\u00e8 agafe temperatura mentre anem fent la preparaci\u00f3 de la resta d\u2019elements.<\/span><\/p><p style=\"text-align: justify;\"><span style=\"color: #000000;\">En un bol gran posem les dos farines i a continuaci\u00f3 hi afegim el llevat que haurem dissolt en un gotet d&#8217;aigua t\u00e8bia. Hi afegim un pessic de sal i anem posant tamb\u00e9 l&#8217;oli i l\u2019aigua a poc a poc a mesura que l\u2019admeta, fins que lliguen b\u00e9 tots els ingredients i quede una massa el\u00e0stica i homog\u00e8nia. Enfarinem el banc de la cuina i posem all\u00ed damunt la massa per a pastar-la millor.<\/span><\/p><p style=\"text-align: justify;\"><span style=\"color: #000000;\">A continuaci\u00f3, dividim la massa en unes quantes boles, segons les unitats que volem fer, i anem estirant-la i donant-li forma redona damunt d\u2019un paper de forn. Per a acabar li posem l\u2019embotit que m\u00e9s ens agrade, li afegim un pessiguet de sal i una miqueta d&#8217;oli per damunt, i la deixem reposar perqu\u00e8 es fa\u00e7a bona.<\/span><\/p><p style=\"text-align: justify;\"><span style=\"color: #000000;\">La posem al forn uns 25 o 30 minuts fins que tinga un color daurat.<\/span><\/p>\t\t\t\t\t\t<\/div>\n\t\t\t\t<\/div>\n\t\t\t\t\t<\/div>\n\t\t<\/div>\n\t\t\t\t<div class=\"elementor-column elementor-col-50 elementor-top-column elementor-element elementor-element-2806ff1\" data-id=\"2806ff1\" data-element_type=\"column\">\n\t\t\t<div class=\"elementor-widget-wrap elementor-element-populated\">\n\t\t\t\t\t\t\t\t<div class=\"elementor-element elementor-element-303084c elementor-widget elementor-widget-gallery\" data-id=\"303084c\" data-element_type=\"widget\" data-settings=\"{&quot;columns&quot;:1,&quot;lazyload&quot;:&quot;yes&quot;,&quot;gallery_layout&quot;:&quot;grid&quot;,&quot;columns_tablet&quot;:2,&quot;columns_mobile&quot;:1,&quot;gap&quot;:{&quot;unit&quot;:&quot;px&quot;,&quot;size&quot;:10,&quot;sizes&quot;:[]},&quot;gap_tablet&quot;:{&quot;unit&quot;:&quot;px&quot;,&quot;size&quot;:10,&quot;sizes&quot;:[]},&quot;gap_mobile&quot;:{&quot;unit&quot;:&quot;px&quot;,&quot;size&quot;:10,&quot;sizes&quot;:[]},&quot;link_to&quot;:&quot;file&quot;,&quot;aspect_ratio&quot;:&quot;3:2&quot;,&quot;overlay_background&quot;:&quot;yes&quot;,&quot;content_hover_animation&quot;:&quot;fade-in&quot;}\" data-widget_type=\"gallery.default\">\n\t\t\t\t<div class=\"elementor-widget-container\">\n\t\t\t\t\t<div class=\"elementor-gallery__container\">\n\t\t\t\t\t\t\t<a class=\"e-gallery-item elementor-gallery-item elementor-animated-content\" href=\"https:\/\/www.visitatavernes.es\/wp-content\/uploads\/2021\/04\/coca-1200x700_c.jpg\" data-elementor-open-lightbox=\"yes\" data-elementor-lightbox-slideshow=\"303084c\" data-elementor-lightbox-title=\"coca-1200x700_c\" data-e-action-hash=\"#elementor-action%3Aaction%3Dlightbox%26settings%3DeyJpZCI6Njg0OSwidXJsIjoiaHR0cHM6XC9cL3d3dy52aXNpdGF0YXZlcm5lcy5lc1wvd3AtY29udGVudFwvdXBsb2Fkc1wvMjAyMVwvMDRcL2NvY2EtMTIwMHg3MDBfYy5qcGciLCJzbGlkZXNob3ciOiIzMDMwODRjIn0%3D\">\n\t\t\t\t\t<div class=\"e-gallery-image elementor-gallery-item__image\" data-thumbnail=\"https:\/\/www.visitatavernes.es\/wp-content\/uploads\/2021\/04\/coca-1200x700_c-300x175.jpg\" data-width=\"300\" data-height=\"175\" aria-label=\"\" role=\"img\" ><\/div>\n\t\t\t\t\t\t\t\t\t\t\t<div class=\"elementor-gallery-item__overlay\"><\/div>\n\t\t\t\t\t\t\t\t\t\t\t\t\t\t<\/a>\n\t\t\t\t\t\t\t<a class=\"e-gallery-item elementor-gallery-item elementor-animated-content\" href=\"https:\/\/www.visitatavernes.es\/wp-content\/uploads\/2021\/04\/coca-de-mestall-1200x700_c.jpg\" data-elementor-open-lightbox=\"yes\" data-elementor-lightbox-slideshow=\"303084c\" data-elementor-lightbox-title=\"coca-de-mestall-1200x700_c\" data-e-action-hash=\"#elementor-action%3Aaction%3Dlightbox%26settings%3DeyJpZCI6Njg1MiwidXJsIjoiaHR0cHM6XC9cL3d3dy52aXNpdGF0YXZlcm5lcy5lc1wvd3AtY29udGVudFwvdXBsb2Fkc1wvMjAyMVwvMDRcL2NvY2EtZGUtbWVzdGFsbC0xMjAweDcwMF9jLmpwZyIsInNsaWRlc2hvdyI6IjMwMzA4NGMifQ%3D%3D\">\n\t\t\t\t\t<div class=\"e-gallery-image elementor-gallery-item__image\" data-thumbnail=\"https:\/\/www.visitatavernes.es\/wp-content\/uploads\/2021\/04\/coca-de-mestall-1200x700_c-300x175.jpg\" data-width=\"300\" data-height=\"175\" aria-label=\"\" role=\"img\" ><\/div>\n\t\t\t\t\t\t\t\t\t\t\t<div class=\"elementor-gallery-item__overlay\"><\/div>\n\t\t\t\t\t\t\t\t\t\t\t\t\t\t<\/a>\n\t\t\t\t\t<\/div>\n\t\t\t<\/div>\n\t\t\t\t<\/div>\n\t\t\t\t\t<\/div>\n\t\t<\/div>\n\t\t\t\t\t\t\t<\/div>\n\t\t<\/section>\n\t\t\t\t\t\t\t<\/div>\n\t\t","protected":false},"excerpt":{"rendered":"<p>COCA DE MESTALL COCA DE MESTALL Ingredients: 450 gr. de farina (3 quartes parts de farina de dacsa i 1 part de blat). Oli d\u2019oliva. Aigua t\u00e8bia. Sal. Llevat fresc o de forner (25 gr.). Mescla per a damunt: llonganissa, cansalada, botifarra o sardina. Preparaci\u00f3: S&#8217;enc\u00e9n el forn a uns 200\u00baC perqu\u00e8 agafe temperatura mentre [&hellip;]<\/p>\n","protected":false},"author":1,"featured_media":0,"parent":0,"menu_order":0,"comment_status":"closed","ping_status":"closed","template":"","meta":{"_acf_changed":false,"footnotes":""},"class_list":["post-426","page","type-page","status-publish","hentry"],"acf":[],"_links":{"self":[{"href":"https:\/\/www.visitatavernes.es\/ca\/wp-json\/wp\/v2\/pages\/426","targetHints":{"allow":["GET"]}}],"collection":[{"href":"https:\/\/www.visitatavernes.es\/ca\/wp-json\/wp\/v2\/pages"}],"about":[{"href":"https:\/\/www.visitatavernes.es\/ca\/wp-json\/wp\/v2\/types\/page"}],"author":[{"embeddable":true,"href":"https:\/\/www.visitatavernes.es\/ca\/wp-json\/wp\/v2\/users\/1"}],"replies":[{"embeddable":true,"href":"https:\/\/www.visitatavernes.es\/ca\/wp-json\/wp\/v2\/comments?post=426"}],"version-history":[{"count":28,"href":"https:\/\/www.visitatavernes.es\/ca\/wp-json\/wp\/v2\/pages\/426\/revisions"}],"predecessor-version":[{"id":14281,"href":"https:\/\/www.visitatavernes.es\/ca\/wp-json\/wp\/v2\/pages\/426\/revisions\/14281"}],"wp:attachment":[{"href":"https:\/\/www.visitatavernes.es\/ca\/wp-json\/wp\/v2\/media?parent=426"}],"curies":[{"name":"wp","href":"https:\/\/api.w.org\/{rel}","templated":true}]}}