{"id":3213,"date":"2016-04-01T14:07:02","date_gmt":"2016-04-01T14:07:02","guid":{"rendered":"https:\/\/visitatavernes.es\/politica-de-cookies\/"},"modified":"2021-01-28T11:09:05","modified_gmt":"2021-01-28T11:09:05","slug":"politica-de-cookies","status":"publish","type":"page","link":"https:\/\/www.visitatavernes.es\/ca\/politica-de-cookies\/","title":{"rendered":"POL\u00cdTICA DE GALETES"},"content":{"rendered":"<h1 style=\"text-align: justify;\"><span id=\"result_box\" class=\"\" lang=\"ca\" style=\"color: #000000;\"><span title=\"Pol\u00edtica de cookies \">Pol\u00edtica de galetes<\/span><\/span><\/h1>\n<p style=\"text-align: justify;\"><span style=\"color: #000000;\"><span title=\"Una cookie es un peque\u00f1o fichero de texto que se almacena en su navegador cuando visita casi cualquier p\u00e1gina web.\">Una galeta \u00e9s un petit fitxer de text que s&#8217;emmagatzema en el seu navegador quan visita gaireb\u00e9 qualsevol p\u00e0gina web. <\/span><span title=\"Su utilidad es que la web sea capaz de recordar su visita cuando vuelva a navegar por esa p\u00e1gina.\">La seva utilitat \u00e9s que el web sigui capa\u00e7 de recordar la seva visita quan torni a navegar per aquesta p\u00e0gina. <\/span><span title=\"Las cookies suelen almacenar informaci\u00f3n de car\u00e1cter t\u00e9cnico, preferencias personales, personalizaci\u00f3n de contenidos, estad\u00edsticas de uso, enlaces a redes sociales, acceso a cuentas de usuario, etc.\">Les galetes solen emmagatzemar informaci\u00f3 de car\u00e0cter t\u00e8cnic, prefer\u00e8ncies personals, personalitzaci\u00f3 de continguts, estad\u00edstiques d&#8217;\u00fas, enlla\u00e7os a xarxes socials, acc\u00e9s a comptes d&#8217;usuari, etc. <\/span><span title=\"El objetivo de la cookie es adaptar el contenido de la web a su perfil y necesidades, sin cookies los servicios ofrecidos por cualquier p\u00e1gina se ver\u00edan mermados notablemente.\">L&#8217;objectiu de la galeta \u00e9s adaptar el contingut del web al seu perfil i necessitats, sense galetes els serveis oferts per qualsevol p\u00e0gina es veurien minvats notablement. <\/span><span title=\"Si desea consultar m\u00e1s informaci\u00f3n sobre qu\u00e9 son las cookies, qu\u00e9 almacenan, c\u00f3mo eliminarlas, desactivarlas, etc., le rogamos se dirija a este enlace. \">Si desitja consultar m\u00e9s informaci\u00f3 sobre qu\u00e8 s\u00f3n les galetes, qu\u00e8 s&#8217;emmagatzemen, com eliminar-les, desactivar-les, etc., li preguem s&#8217;adreci a aquest enlla\u00e7.<span style=\"color: #0000ff;\"><em> <a style=\"color: #0000ff;\" href=\"https:\/\/www.visitatavernes.es\/ca\/mas-informacion-sobre-las-cookies\/\" target=\"_blank\" rel=\"noopener\">M\u00e9s informaci\u00f3 sobre les galetes i guia r\u00e0pida per als navegadors m\u00e9s populars.<\/a><\/em><\/span><br \/>\n<\/span><\/span><\/p>\n<h1 style=\"text-align: justify;\"><span style=\"color: #000000;\"><span title=\"Si desea consultar m\u00e1s informaci\u00f3n sobre qu\u00e9 son las cookies, qu\u00e9 almacenan, c\u00f3mo eliminarlas, desactivarlas, etc., le rogamos se dirija a este enlace. \"><br \/>\nGaletes <\/span><span title=\"Cookies utilizadas en este sitio web \">utilitzades en aquest lloc web<\/span><\/span><\/h1>\n<p style=\"text-align: justify;\"><span style=\"color: #000000;\" title=\"Siguiendo las directrices de la Agencia Espa\u00f1ola de Protecci\u00f3n de Datos procedemos a detallar el uso de cookies que hace esta web con el fin de informarle con la m\u00e1xima exactitud posible. \">Seguint les directrius de l&#8217;Ag\u00e8ncia Espanyola de Protecci\u00f3 de Dades procedim a detallar l&#8217;\u00fas de galetes que fa aquesta web per tal d&#8217;informar-lo amb la m\u00e0xima exactitud possible.<\/span><\/p>\n<p style=\"text-align: justify;\"><span style=\"color: #000000;\" title=\"Este sitio web utiliza las siguientes cookies propias: \u00a0\u00a0\u00a0\u00a0\">Aquest lloc web utilitza les galetes seg\u00fcents<strong> pr\u00f2pies:<\/strong><\/span><\/p>\n<ul style=\"text-align: justify;\">\n<li><span style=\"color: #000000;\"><span title=\"Cookies de sesi\u00f3n, para garantizar que los usuarios que escriban comentarios en el blog sean humanos y no aplicaciones automatizadas.\">Galetes de sessi\u00f3, per garantir que els usuaris que escriguin comentaris al blog siguin humans i no aplicacions automatitzades. <\/span><span title=\"De esta forma se combate el spam. \">D&#8217;aquesta manera es combat el correu brossa.<\/span><\/span><\/li>\n<\/ul>\n<p style=\"text-align: justify;\"><span style=\"color: #000000;\" title=\"Este sitio web utiliza las siguientes cookies de terceros: \u00a0\u00a0\u00a0\u00a0\">Aquest lloc web utilitza les seg\u00fcents galetes de<strong> tercers:<\/strong><\/span><\/p>\n<ul style=\"text-align: justify;\">\n<li><span style=\"color: #000000;\" title=\"Redes sociales: Cada red social utiliza sus propias cookies para que usted pueda pinchar en botones del tipo Me gusta o Compartir. \">Xarxes socials: Cada xarxa social utilitza les seves pr\u00f2pies galetes per tu punxar en botons del tipus M&#8217;agrada o Compartir.<\/span><\/li>\n<\/ul>\n<h1 style=\"text-align: justify;\"><span style=\"color: #000000;\" title=\"Desactivaci\u00f3n o eliminaci\u00f3n de cookies \">Desactivaci\u00f3 o eliminaci\u00f3 de galetes<\/span><\/h1>\n<p style=\"text-align: justify;\"><span style=\"color: #000000;\"><span title=\"En cualquier momento podr\u00e1 ejercer su derecho de desactivaci\u00f3n o eliminaci\u00f3n de cookies de este sitio web.\">En qualsevol moment podr\u00e0 exercir el seu dret de desactivaci\u00f3 o eliminaci\u00f3 de galetes d&#8217;aquest lloc web. <\/span><span title=\"Estas acciones se realizan de forma diferente en funci\u00f3n del navegador que est\u00e9 usando.\">Aquestes accions es realitzen de forma diferent en funci\u00f3 del navegador que esteu utilitzant.\u00a0<\/span><\/span><\/p>\n<h1 style=\"text-align: justify;\"><span style=\"color: #000000;\"><span title=\"Aqu\u00ed le dejamos una gu\u00eda r\u00e1pida para los navegadores m\u00e1s populares. \"><br \/>\nN<\/span><span title=\"Notas adicionales \u00a0\u00a0\u00a0\u00a0\">otes addicionals<\/span><\/span><\/h1>\n<ul>\n<li style=\"text-align: justify;\"><span style=\"color: #000000;\" title=\"Ni esta web ni sus representantes legales se hacen responsables ni del contenido ni de la veracidad de las pol\u00edticas de privacidad que puedan tener los terceros mencionados en esta pol\u00edtica de cookies. \u00a0\u00a0\u00a0\u00a0\">Ni aquesta web ni els seus representants legals es fan responsables ni del contingut ni de la veracitat de les pol\u00edtiques de privacitat que puguin tenir els tercers esmentats en aquesta pol\u00edtica de galetes.<\/span><\/li>\n<li style=\"text-align: justify;\"><span style=\"color: #000000;\"><span title=\"Los navegadores web son las herramientas encargadas de almacenar las cookies y desde este lugar debe efectuar su derecho a eliminaci\u00f3n o desactivaci\u00f3n de las mismas.\">Els navegadors web s\u00f3n les eines encarregades d&#8217;emmagatzemar les galetes i des d&#8217;aquest lloc d&#8217;efectuar el seu dret a eliminaci\u00f3 o desactivaci\u00f3 de les mateixes. <\/span><span title=\"Ni esta web ni sus representantes legales pueden garantizar la correcta o incorrecta manipulaci\u00f3n de las cookies por parte de los mencionados navegadores. \u00a0\u00a0\u00a0\u00a0\">Ni aquesta web ni els seus representants legals poden garantir la correcta o incorrecta manipulaci\u00f3 de les galetes per part dels esmentats navegadors.<\/span><\/span><\/li>\n<li style=\"text-align: justify;\"><span style=\"color: #000000;\" title=\"En algunos casos es necesario instalar cookies para que el navegador no olvide su decisi\u00f3n de no aceptaci\u00f3n de las mismas. \u00a0\u00a0\u00a0\u00a0\">En alguns casos \u00e9s necessari instal\u00b7lar galetes perqu\u00e8 el navegador no oblidi la seva decisi\u00f3 de no acceptaci\u00f3 de les mateixes.<\/span><\/li>\n<li style=\"text-align: justify;\"><span style=\"color: #000000;\"><span title=\"Para cualquier duda o consulta acerca de esta pol\u00edtica de cookies no dude en comunicarse con nosotros a traves de: Ajuntament de Tavernes de la Valldigna, \u00a0\u00a0\u00a0\u00a0\">Per a qualsevol dubte o consulta sobre aquesta pol\u00edtica de galetes no dubti en comunicar-se amb nosaltres a trav\u00e9s de: Ajuntament de Tavernes de la Valldigna,<br \/>\n<\/span><span title=\"Pla\u00e7a Major, 1 \u00b7 46760 Val\u00e8ncia \u00b7 TLF.\">Pla\u00e7a Major, 1 \u00b7 46760 Val\u00e8ncia \u00b7 TLF. <\/span><span title=\"96 282 40 15 \u00b7 FAX.\">96 282 40 15 \u00b7 FAX. <\/span><span title=\"96 282 20 27 .\">96 282 20 27.<\/span><\/span><\/li>\n<\/ul>\n","protected":false},"excerpt":{"rendered":"<p>Pol\u00edtica de galetes Una galeta \u00e9s un petit fitxer de text que s&#8217;emmagatzema en el seu navegador quan visita gaireb\u00e9 qualsevol p\u00e0gina web. La seva utilitat \u00e9s que el web sigui capa\u00e7 de recordar la seva visita quan torni a navegar per aquesta p\u00e0gina. Les galetes solen emmagatzemar informaci\u00f3 de car\u00e0cter t\u00e8cnic, prefer\u00e8ncies personals, personalitzaci\u00f3 [&hellip;]<\/p>\n","protected":false},"author":1,"featured_media":0,"parent":0,"menu_order":0,"comment_status":"closed","ping_status":"closed","template":"","meta":{"_acf_changed":false,"footnotes":""},"class_list":["post-3213","page","type-page","status-publish","hentry"],"acf":[],"_links":{"self":[{"href":"https:\/\/www.visitatavernes.es\/ca\/wp-json\/wp\/v2\/pages\/3213","targetHints":{"allow":["GET"]}}],"collection":[{"href":"https:\/\/www.visitatavernes.es\/ca\/wp-json\/wp\/v2\/pages"}],"about":[{"href":"https:\/\/www.visitatavernes.es\/ca\/wp-json\/wp\/v2\/types\/page"}],"author":[{"embeddable":true,"href":"https:\/\/www.visitatavernes.es\/ca\/wp-json\/wp\/v2\/users\/1"}],"replies":[{"embeddable":true,"href":"https:\/\/www.visitatavernes.es\/ca\/wp-json\/wp\/v2\/comments?post=3213"}],"version-history":[{"count":11,"href":"https:\/\/www.visitatavernes.es\/ca\/wp-json\/wp\/v2\/pages\/3213\/revisions"}],"predecessor-version":[{"id":4478,"href":"https:\/\/www.visitatavernes.es\/ca\/wp-json\/wp\/v2\/pages\/3213\/revisions\/4478"}],"wp:attachment":[{"href":"https:\/\/www.visitatavernes.es\/ca\/wp-json\/wp\/v2\/media?parent=3213"}],"curies":[{"name":"wp","href":"https:\/\/api.w.org\/{rel}","templated":true}]}}