{"id":319,"date":"2016-01-13T10:36:03","date_gmt":"2016-01-13T10:36:03","guid":{"rendered":"https:\/\/visitatavernes.es\/?page_id=319"},"modified":"2022-05-31T07:21:24","modified_gmt":"2022-05-31T07:21:24","slug":"porrats","status":"publish","type":"page","link":"https:\/\/www.visitatavernes.es\/ca\/porrats\/","title":{"rendered":"JULIOL &#8211; PORRAT DE LA SANG"},"content":{"rendered":"\t\t<div data-elementor-type=\"wp-page\" data-elementor-id=\"319\" class=\"elementor elementor-319\" wpc-filter-elementor-widget=\"1\" data-elementor-post-type=\"page\">\n\t\t\t\t\t\t\t\t\t<section class=\"elementor-section elementor-top-section elementor-element elementor-element-4e940c5 elementor-section-full_width elementor-section-height-default elementor-section-height-default\" data-id=\"4e940c5\" data-element_type=\"section\" data-settings=\"{&quot;shape_divider_bottom&quot;:&quot;waves&quot;,&quot;background_background&quot;:&quot;classic&quot;}\">\n\t\t\t\t\t<div class=\"elementor-shape elementor-shape-bottom\" data-negative=\"false\">\n\t\t\t<svg xmlns=\"http:\/\/www.w3.org\/2000\/svg\" viewBox=\"0 0 1000 100\" preserveAspectRatio=\"none\">\n\t<path class=\"elementor-shape-fill\" d=\"M421.9,6.5c22.6-2.5,51.5,0.4,75.5,5.3c23.6,4.9,70.9,23.5,100.5,35.7c75.8,32.2,133.7,44.5,192.6,49.7\n\tc23.6,2.1,48.7,3.5,103.4-2.5c54.7-6,106.2-25.6,106.2-25.6V0H0v30.3c0,0,72,32.6,158.4,30.5c39.2-0.7,92.8-6.7,134-22.4\n\tc21.2-8.1,52.2-18.2,79.7-24.2C399.3,7.9,411.6,7.5,421.9,6.5z\"\/>\n<\/svg>\t\t<\/div>\n\t\t\t\t\t<div class=\"elementor-container elementor-column-gap-default\">\n\t\t\t\t\t<div class=\"elementor-column elementor-col-100 elementor-top-column elementor-element elementor-element-4d8ef59\" data-id=\"4d8ef59\" data-element_type=\"column\">\n\t\t\t<div class=\"elementor-widget-wrap elementor-element-populated\">\n\t\t\t\t\t\t\t\t<div class=\"elementor-element elementor-element-35c0bf6 elementor--h-position-center elementor--v-position-middle elementor-widget elementor-widget-slides\" data-id=\"35c0bf6\" data-element_type=\"widget\" data-settings=\"{&quot;navigation&quot;:&quot;none&quot;,&quot;transition&quot;:&quot;fade&quot;,&quot;transition_speed&quot;:500}\" data-widget_type=\"slides.default\">\n\t\t\t\t<div class=\"elementor-widget-container\">\n\t\t\t\t\t<div class=\"elementor-swiper\">\n\t\t\t<div class=\"elementor-slides-wrapper elementor-main-swiper swiper-container\" dir=\"ltr\" data-animation=\"fadeInUp\">\n\t\t\t\t<div class=\"swiper-wrapper elementor-slides\">\n\t\t\t\t\t\t\t\t\t\t<div class=\"elementor-repeater-item-2141c07 swiper-slide\"><div class=\"swiper-slide-bg\" role=\"img\"><\/div><div class=\"elementor-background-overlay\"><\/div><div class=\"swiper-slide-inner\" ><div class=\"swiper-slide-contents\"><div class=\"elementor-slide-heading\">JULIOL - PORRAT DE LA SANG<\/div><\/div><\/div><\/div>\t\t\t\t<\/div>\n\t\t\t\t\t\t\t<\/div>\n\t\t<\/div>\n\t\t\t\t<\/div>\n\t\t\t\t<\/div>\n\t\t\t\t\t<\/div>\n\t\t<\/div>\n\t\t\t\t\t\t\t<\/div>\n\t\t<\/section>\n\t\t\t\t<section class=\"elementor-section elementor-top-section elementor-element elementor-element-0863e25 elementor-section-boxed elementor-section-height-default elementor-section-height-default\" data-id=\"0863e25\" data-element_type=\"section\">\n\t\t\t\t\t\t<div class=\"elementor-container elementor-column-gap-default\">\n\t\t\t\t\t<div class=\"elementor-column elementor-col-50 elementor-top-column elementor-element elementor-element-8127fba\" data-id=\"8127fba\" data-element_type=\"column\">\n\t\t\t<div class=\"elementor-widget-wrap elementor-element-populated\">\n\t\t\t\t\t\t\t\t<div class=\"elementor-element elementor-element-d42c0eb elementor-widget elementor-widget-text-editor\" data-id=\"d42c0eb\" data-element_type=\"widget\" data-widget_type=\"text-editor.default\">\n\t\t\t\t<div class=\"elementor-widget-container\">\n\t\t\t\t\t\t\t<p>El segon dimecres d&#8217;aquest mes es realitza el porrat del Dia de la Sang al Clot de la Font. Un porrat \u00e9s una fira que se celebra a diferents festivitats, normalment a la banda d&#8217;una esgl\u00e9sia o ermita. Una de les activitats principals \u00e9s la venda de productes t\u00edpics i llaminadures. Actualment, el porrat ha incorporat diverses activitats de car\u00e0cter cultural i l\u00fadic per a la diversi\u00f3 de grans i petits.<\/p><p>T\u00e9 lloc a la tarda, ia m\u00e9s, durant la nit podem gaudir de l&#8217;actuaci\u00f3 d&#8217;un grup valenci\u00e0 que s&#8217;inclou, i per tant, obre el Festival Internacional Sete S\u00f3is Sete Luas.<\/p><p>Aquest porrat se celebra des de l&#8217;any 1860 i l&#8217;origen \u00e9s que en l&#8217;\u00e8poca musulmana tenia lloc al poblat musulm\u00e0 de l&#8217;Ombria un mercat d&#8217;estiu on venien productes gastron\u00f2mics i altres coses.<\/p><p>A m\u00e9s i durant tota la setmana, es realitzen diverses activitats organitzades per l&#8217;Associaci\u00f3 de Festers de el Sant\u00edssim Crist de la Sang.<\/p>\t\t\t\t\t\t<\/div>\n\t\t\t\t<\/div>\n\t\t\t\t\t<\/div>\n\t\t<\/div>\n\t\t\t\t<div class=\"elementor-column elementor-col-50 elementor-top-column elementor-element elementor-element-f63d954\" data-id=\"f63d954\" data-element_type=\"column\" data-settings=\"{&quot;background_background&quot;:&quot;classic&quot;}\">\n\t\t\t<div class=\"elementor-widget-wrap elementor-element-populated\">\n\t\t\t\t\t\t\t\t<div class=\"elementor-element elementor-element-24aec78 elementor-widget elementor-widget-spacer\" data-id=\"24aec78\" data-element_type=\"widget\" data-widget_type=\"spacer.default\">\n\t\t\t\t<div class=\"elementor-widget-container\">\n\t\t\t\t\t<div class=\"elementor-spacer\">\n\t\t\t<div class=\"elementor-spacer-inner\"><\/div>\n\t\t<\/div>\n\t\t\t\t<\/div>\n\t\t\t\t<\/div>\n\t\t\t\t\t<\/div>\n\t\t<\/div>\n\t\t\t\t\t\t\t<\/div>\n\t\t<\/section>\n\t\t\t\t<section class=\"elementor-section elementor-top-section elementor-element elementor-element-e0d07f5 elementor-section-boxed elementor-section-height-default elementor-section-height-default\" data-id=\"e0d07f5\" data-element_type=\"section\">\n\t\t\t\t\t\t<div class=\"elementor-container elementor-column-gap-default\">\n\t\t\t\t\t<div class=\"elementor-column elementor-col-100 elementor-top-column elementor-element elementor-element-813b61b\" data-id=\"813b61b\" data-element_type=\"column\">\n\t\t\t<div class=\"elementor-widget-wrap elementor-element-populated\">\n\t\t\t\t\t\t\t\t<div class=\"elementor-element elementor-element-d43bf36 elementor-widget elementor-widget-heading\" data-id=\"d43bf36\" data-element_type=\"widget\" data-widget_type=\"heading.default\">\n\t\t\t\t<div class=\"elementor-widget-container\">\n\t\t\t<h2 class=\"elementor-heading-title elementor-size-default\">M\u00e9s imatges de la festa<\/h2>\t\t<\/div>\n\t\t\t\t<\/div>\n\t\t\t\t<div class=\"elementor-element elementor-element-9ca9a19 elementor-widget-divider--view-line elementor-widget elementor-widget-divider\" data-id=\"9ca9a19\" data-element_type=\"widget\" data-widget_type=\"divider.default\">\n\t\t\t\t<div class=\"elementor-widget-container\">\n\t\t\t\t\t<div class=\"elementor-divider\">\n\t\t\t<span class=\"elementor-divider-separator\">\n\t\t\t\t\t\t<\/span>\n\t\t<\/div>\n\t\t\t\t<\/div>\n\t\t\t\t<\/div>\n\t\t\t\t<div class=\"elementor-element elementor-element-fcdd761 elementor-widget elementor-widget-gallery\" data-id=\"fcdd761\" data-element_type=\"widget\" data-settings=\"{&quot;columns&quot;:3,&quot;columns_mobile&quot;:2,&quot;lazyload&quot;:&quot;yes&quot;,&quot;gallery_layout&quot;:&quot;grid&quot;,&quot;columns_tablet&quot;:2,&quot;gap&quot;:{&quot;unit&quot;:&quot;px&quot;,&quot;size&quot;:10,&quot;sizes&quot;:[]},&quot;gap_tablet&quot;:{&quot;unit&quot;:&quot;px&quot;,&quot;size&quot;:10,&quot;sizes&quot;:[]},&quot;gap_mobile&quot;:{&quot;unit&quot;:&quot;px&quot;,&quot;size&quot;:10,&quot;sizes&quot;:[]},&quot;link_to&quot;:&quot;file&quot;,&quot;aspect_ratio&quot;:&quot;3:2&quot;,&quot;content_hover_animation&quot;:&quot;fade-in&quot;}\" data-widget_type=\"gallery.default\">\n\t\t\t\t<div class=\"elementor-widget-container\">\n\t\t\t\t\t<div class=\"elementor-gallery__container\">\n\t\t\t\t\t\t\t<a class=\"e-gallery-item elementor-gallery-item elementor-animated-content\" href=\"https:\/\/www.visitatavernes.es\/wp-content\/uploads\/2021\/03\/Pujada-al-Calvari-1200x700_c.jpg\" data-elementor-open-lightbox=\"yes\" data-elementor-lightbox-slideshow=\"fcdd761\" data-elementor-lightbox-title=\"Pujada-al-Calvari-1200x700_c\" data-e-action-hash=\"#elementor-action%3Aaction%3Dlightbox%26settings%3DeyJpZCI6NjQ1MCwidXJsIjoiaHR0cHM6XC9cL3d3dy52aXNpdGF0YXZlcm5lcy5lc1wvd3AtY29udGVudFwvdXBsb2Fkc1wvMjAyMVwvMDNcL1B1amFkYS1hbC1DYWx2YXJpLTEyMDB4NzAwX2MuanBnIiwic2xpZGVzaG93IjoiZmNkZDc2MSJ9\">\n\t\t\t\t\t<div class=\"e-gallery-image elementor-gallery-item__image\" data-thumbnail=\"https:\/\/www.visitatavernes.es\/wp-content\/uploads\/2021\/03\/Pujada-al-Calvari-1200x700_c-300x175.jpg\" data-width=\"300\" data-height=\"175\" aria-label=\"\" role=\"img\" ><\/div>\n\t\t\t\t\t\t\t\t\t\t\t\t\t\t<\/a>\n\t\t\t\t\t\t\t<a class=\"e-gallery-item elementor-gallery-item elementor-animated-content\" href=\"https:\/\/www.visitatavernes.es\/wp-content\/uploads\/2021\/03\/Festers-del-barri-del-Crist-1200x700_c.jpg\" data-elementor-open-lightbox=\"yes\" data-elementor-lightbox-slideshow=\"fcdd761\" data-elementor-lightbox-title=\"Festers-del-barri-del-Crist-1200x700_c\" data-e-action-hash=\"#elementor-action%3Aaction%3Dlightbox%26settings%3DeyJpZCI6NjQ0NywidXJsIjoiaHR0cHM6XC9cL3d3dy52aXNpdGF0YXZlcm5lcy5lc1wvd3AtY29udGVudFwvdXBsb2Fkc1wvMjAyMVwvMDNcL0Zlc3RlcnMtZGVsLWJhcnJpLWRlbC1DcmlzdC0xMjAweDcwMF9jLmpwZyIsInNsaWRlc2hvdyI6ImZjZGQ3NjEifQ%3D%3D\">\n\t\t\t\t\t<div class=\"e-gallery-image elementor-gallery-item__image\" data-thumbnail=\"https:\/\/www.visitatavernes.es\/wp-content\/uploads\/2021\/03\/Festers-del-barri-del-Crist-1200x700_c-300x175.jpg\" data-width=\"300\" data-height=\"175\" aria-label=\"\" role=\"img\" ><\/div>\n\t\t\t\t\t\t\t\t\t\t\t\t\t\t<\/a>\n\t\t\t\t\t\t\t<a class=\"e-gallery-item elementor-gallery-item elementor-animated-content\" href=\"https:\/\/www.visitatavernes.es\/wp-content\/uploads\/2021\/03\/Festa-al-Clot-de-la-font-1200x700_c.jpg\" data-elementor-open-lightbox=\"yes\" data-elementor-lightbox-slideshow=\"fcdd761\" data-elementor-lightbox-title=\"Festa-al-Clot-de-la-font-1200x700_c\" data-e-action-hash=\"#elementor-action%3Aaction%3Dlightbox%26settings%3DeyJpZCI6NjQ0NCwidXJsIjoiaHR0cHM6XC9cL3d3dy52aXNpdGF0YXZlcm5lcy5lc1wvd3AtY29udGVudFwvdXBsb2Fkc1wvMjAyMVwvMDNcL0Zlc3RhLWFsLUNsb3QtZGUtbGEtZm9udC0xMjAweDcwMF9jLmpwZyIsInNsaWRlc2hvdyI6ImZjZGQ3NjEifQ%3D%3D\">\n\t\t\t\t\t<div class=\"e-gallery-image elementor-gallery-item__image\" data-thumbnail=\"https:\/\/www.visitatavernes.es\/wp-content\/uploads\/2021\/03\/Festa-al-Clot-de-la-font-1200x700_c-300x175.jpg\" data-width=\"300\" data-height=\"175\" aria-label=\"\" role=\"img\" ><\/div>\n\t\t\t\t\t\t\t\t\t\t\t\t\t\t<\/a>\n\t\t\t\t\t\t\t<a class=\"e-gallery-item elementor-gallery-item elementor-animated-content\" href=\"https:\/\/www.visitatavernes.es\/wp-content\/uploads\/2021\/03\/Clot-de-la-Font-1200x700_c.jpg\" data-elementor-open-lightbox=\"yes\" data-elementor-lightbox-slideshow=\"fcdd761\" data-elementor-lightbox-title=\"Clot-de-la-Font-1200x700_c\" data-e-action-hash=\"#elementor-action%3Aaction%3Dlightbox%26settings%3DeyJpZCI6NjQzNSwidXJsIjoiaHR0cHM6XC9cL3d3dy52aXNpdGF0YXZlcm5lcy5lc1wvd3AtY29udGVudFwvdXBsb2Fkc1wvMjAyMVwvMDNcL0Nsb3QtZGUtbGEtRm9udC0xMjAweDcwMF9jLmpwZyIsInNsaWRlc2hvdyI6ImZjZGQ3NjEifQ%3D%3D\">\n\t\t\t\t\t<div class=\"e-gallery-image elementor-gallery-item__image\" data-thumbnail=\"https:\/\/www.visitatavernes.es\/wp-content\/uploads\/2021\/03\/Clot-de-la-Font-1200x700_c-300x175.jpg\" data-width=\"300\" data-height=\"175\" aria-label=\"\" role=\"img\" ><\/div>\n\t\t\t\t\t\t\t\t\t\t\t\t\t\t<\/a>\n\t\t\t\t\t\t\t<a class=\"e-gallery-item elementor-gallery-item elementor-animated-content\" href=\"https:\/\/www.visitatavernes.es\/wp-content\/uploads\/2021\/03\/Ermita-del-Calvari-1200x700_c.jpg\" data-elementor-open-lightbox=\"yes\" data-elementor-lightbox-slideshow=\"fcdd761\" data-elementor-lightbox-title=\"Ermita-del-Calvari-1200x700_c\" data-e-action-hash=\"#elementor-action%3Aaction%3Dlightbox%26settings%3DeyJpZCI6NjQ0MSwidXJsIjoiaHR0cHM6XC9cL3d3dy52aXNpdGF0YXZlcm5lcy5lc1wvd3AtY29udGVudFwvdXBsb2Fkc1wvMjAyMVwvMDNcL0VybWl0YS1kZWwtQ2FsdmFyaS0xMjAweDcwMF9jLmpwZyIsInNsaWRlc2hvdyI6ImZjZGQ3NjEifQ%3D%3D\">\n\t\t\t\t\t<div class=\"e-gallery-image elementor-gallery-item__image\" data-thumbnail=\"https:\/\/www.visitatavernes.es\/wp-content\/uploads\/2021\/03\/Ermita-del-Calvari-1200x700_c-300x175.jpg\" data-width=\"300\" data-height=\"175\" aria-label=\"\" role=\"img\" ><\/div>\n\t\t\t\t\t\t\t\t\t\t\t\t\t\t<\/a>\n\t\t\t\t\t\t\t<a class=\"e-gallery-item elementor-gallery-item elementor-animated-content\" href=\"https:\/\/www.visitatavernes.es\/wp-content\/uploads\/2021\/03\/Crist-de-la-Sang-1200x700_c.jpg\" data-elementor-open-lightbox=\"yes\" data-elementor-lightbox-slideshow=\"fcdd761\" data-elementor-lightbox-title=\"Crist-de-la-Sang-1200x700_c\" data-e-action-hash=\"#elementor-action%3Aaction%3Dlightbox%26settings%3DeyJpZCI6NjQzOCwidXJsIjoiaHR0cHM6XC9cL3d3dy52aXNpdGF0YXZlcm5lcy5lc1wvd3AtY29udGVudFwvdXBsb2Fkc1wvMjAyMVwvMDNcL0NyaXN0LWRlLWxhLVNhbmctMTIwMHg3MDBfYy5qcGciLCJzbGlkZXNob3ciOiJmY2RkNzYxIn0%3D\">\n\t\t\t\t\t<div class=\"e-gallery-image elementor-gallery-item__image\" data-thumbnail=\"https:\/\/www.visitatavernes.es\/wp-content\/uploads\/2021\/03\/Crist-de-la-Sang-1200x700_c-300x175.jpg\" data-width=\"300\" data-height=\"175\" aria-label=\"\" role=\"img\" ><\/div>\n\t\t\t\t\t\t\t\t\t\t\t\t\t\t<\/a>\n\t\t\t\t\t\t\t<a class=\"e-gallery-item elementor-gallery-item elementor-animated-content\" href=\"https:\/\/www.visitatavernes.es\/wp-content\/uploads\/2021\/06\/clot-2-porrat.jpg\" data-elementor-open-lightbox=\"yes\" data-elementor-lightbox-slideshow=\"fcdd761\" data-elementor-lightbox-title=\"clot 2 porrat\" data-e-action-hash=\"#elementor-action%3Aaction%3Dlightbox%26settings%3DeyJpZCI6MTI4NjksInVybCI6Imh0dHBzOlwvXC93d3cudmlzaXRhdGF2ZXJuZXMuZXNcL3dwLWNvbnRlbnRcL3VwbG9hZHNcLzIwMjFcLzA2XC9jbG90LTItcG9ycmF0LmpwZyIsInNsaWRlc2hvdyI6ImZjZGQ3NjEifQ%3D%3D\">\n\t\t\t\t\t<div class=\"e-gallery-image elementor-gallery-item__image\" data-thumbnail=\"https:\/\/www.visitatavernes.es\/wp-content\/uploads\/2021\/06\/clot-2-porrat-300x169.jpg\" data-width=\"300\" data-height=\"169\" aria-label=\"\" role=\"img\" ><\/div>\n\t\t\t\t\t\t\t\t\t\t\t\t\t\t<\/a>\n\t\t\t\t\t\t\t<a class=\"e-gallery-item elementor-gallery-item elementor-animated-content\" href=\"https:\/\/www.visitatavernes.es\/wp-content\/uploads\/2021\/06\/clot-3-porrat.jpg\" data-elementor-open-lightbox=\"yes\" data-elementor-lightbox-slideshow=\"fcdd761\" data-elementor-lightbox-title=\"clot 3 porrat\" data-e-action-hash=\"#elementor-action%3Aaction%3Dlightbox%26settings%3DeyJpZCI6MTI4NzIsInVybCI6Imh0dHBzOlwvXC93d3cudmlzaXRhdGF2ZXJuZXMuZXNcL3dwLWNvbnRlbnRcL3VwbG9hZHNcLzIwMjFcLzA2XC9jbG90LTMtcG9ycmF0LmpwZyIsInNsaWRlc2hvdyI6ImZjZGQ3NjEifQ%3D%3D\">\n\t\t\t\t\t<div class=\"e-gallery-image elementor-gallery-item__image\" data-thumbnail=\"https:\/\/www.visitatavernes.es\/wp-content\/uploads\/2021\/06\/clot-3-porrat-300x169.jpg\" data-width=\"300\" data-height=\"169\" aria-label=\"\" role=\"img\" ><\/div>\n\t\t\t\t\t\t\t\t\t\t\t\t\t\t<\/a>\n\t\t\t\t\t\t\t<a class=\"e-gallery-item elementor-gallery-item elementor-animated-content\" href=\"https:\/\/www.visitatavernes.es\/wp-content\/uploads\/2021\/06\/clot-4-porrat.jpg\" data-elementor-open-lightbox=\"yes\" data-elementor-lightbox-slideshow=\"fcdd761\" data-elementor-lightbox-title=\"clot 4 porrat\" data-e-action-hash=\"#elementor-action%3Aaction%3Dlightbox%26settings%3DeyJpZCI6MTI4NzUsInVybCI6Imh0dHBzOlwvXC93d3cudmlzaXRhdGF2ZXJuZXMuZXNcL3dwLWNvbnRlbnRcL3VwbG9hZHNcLzIwMjFcLzA2XC9jbG90LTQtcG9ycmF0LmpwZyIsInNsaWRlc2hvdyI6ImZjZGQ3NjEifQ%3D%3D\">\n\t\t\t\t\t<div class=\"e-gallery-image elementor-gallery-item__image\" data-thumbnail=\"https:\/\/www.visitatavernes.es\/wp-content\/uploads\/2021\/06\/clot-4-porrat-300x169.jpg\" data-width=\"300\" data-height=\"169\" aria-label=\"\" role=\"img\" ><\/div>\n\t\t\t\t\t\t\t\t\t\t\t\t\t\t<\/a>\n\t\t\t\t\t\t\t<a class=\"e-gallery-item elementor-gallery-item elementor-animated-content\" href=\"https:\/\/www.visitatavernes.es\/wp-content\/uploads\/2021\/06\/clot-porrat-1.jpg\" data-elementor-open-lightbox=\"yes\" data-elementor-lightbox-slideshow=\"fcdd761\" data-elementor-lightbox-title=\"clot porrat 1\" data-e-action-hash=\"#elementor-action%3Aaction%3Dlightbox%26settings%3DeyJpZCI6MTI4NzgsInVybCI6Imh0dHBzOlwvXC93d3cudmlzaXRhdGF2ZXJuZXMuZXNcL3dwLWNvbnRlbnRcL3VwbG9hZHNcLzIwMjFcLzA2XC9jbG90LXBvcnJhdC0xLmpwZyIsInNsaWRlc2hvdyI6ImZjZGQ3NjEifQ%3D%3D\">\n\t\t\t\t\t<div class=\"e-gallery-image elementor-gallery-item__image\" data-thumbnail=\"https:\/\/www.visitatavernes.es\/wp-content\/uploads\/2021\/06\/clot-porrat-1-300x169.jpg\" data-width=\"300\" data-height=\"169\" aria-label=\"\" role=\"img\" ><\/div>\n\t\t\t\t\t\t\t\t\t\t\t\t\t\t<\/a>\n\t\t\t\t\t\t\t<a class=\"e-gallery-item elementor-gallery-item elementor-animated-content\" href=\"https:\/\/www.visitatavernes.es\/wp-content\/uploads\/2021\/06\/porrat-clot.jpg\" data-elementor-open-lightbox=\"yes\" data-elementor-lightbox-slideshow=\"fcdd761\" data-elementor-lightbox-title=\"porrat clot\" data-e-action-hash=\"#elementor-action%3Aaction%3Dlightbox%26settings%3DeyJpZCI6MTI4ODIsInVybCI6Imh0dHBzOlwvXC93d3cudmlzaXRhdGF2ZXJuZXMuZXNcL3dwLWNvbnRlbnRcL3VwbG9hZHNcLzIwMjFcLzA2XC9wb3JyYXQtY2xvdC5qcGciLCJzbGlkZXNob3ciOiJmY2RkNzYxIn0%3D\">\n\t\t\t\t\t<div class=\"e-gallery-image elementor-gallery-item__image\" data-thumbnail=\"https:\/\/www.visitatavernes.es\/wp-content\/uploads\/2021\/06\/porrat-clot-300x169.jpg\" data-width=\"300\" data-height=\"169\" aria-label=\"\" role=\"img\" ><\/div>\n\t\t\t\t\t\t\t\t\t\t\t\t\t\t<\/a>\n\t\t\t\t\t<\/div>\n\t\t\t<\/div>\n\t\t\t\t<\/div>\n\t\t\t\t\t<\/div>\n\t\t<\/div>\n\t\t\t\t\t\t\t<\/div>\n\t\t<\/section>\n\t\t\t\t\t\t\t<\/div>\n\t\t","protected":false},"excerpt":{"rendered":"<p>JULIOL &#8211; PORRAT DE LA SANG El segon dimecres d&#8217;aquest mes es realitza el porrat del Dia de la Sang al Clot de la Font. Un porrat \u00e9s una fira que se celebra a diferents festivitats, normalment a la banda d&#8217;una esgl\u00e9sia o ermita. Una de les activitats principals \u00e9s la venda de productes t\u00edpics [&hellip;]<\/p>\n","protected":false},"author":1,"featured_media":0,"parent":0,"menu_order":0,"comment_status":"closed","ping_status":"closed","template":"","meta":{"_acf_changed":false,"footnotes":""},"class_list":["post-319","page","type-page","status-publish","hentry"],"acf":[],"_links":{"self":[{"href":"https:\/\/www.visitatavernes.es\/ca\/wp-json\/wp\/v2\/pages\/319","targetHints":{"allow":["GET"]}}],"collection":[{"href":"https:\/\/www.visitatavernes.es\/ca\/wp-json\/wp\/v2\/pages"}],"about":[{"href":"https:\/\/www.visitatavernes.es\/ca\/wp-json\/wp\/v2\/types\/page"}],"author":[{"embeddable":true,"href":"https:\/\/www.visitatavernes.es\/ca\/wp-json\/wp\/v2\/users\/1"}],"replies":[{"embeddable":true,"href":"https:\/\/www.visitatavernes.es\/ca\/wp-json\/wp\/v2\/comments?post=319"}],"version-history":[{"count":56,"href":"https:\/\/www.visitatavernes.es\/ca\/wp-json\/wp\/v2\/pages\/319\/revisions"}],"predecessor-version":[{"id":15074,"href":"https:\/\/www.visitatavernes.es\/ca\/wp-json\/wp\/v2\/pages\/319\/revisions\/15074"}],"wp:attachment":[{"href":"https:\/\/www.visitatavernes.es\/ca\/wp-json\/wp\/v2\/media?parent=319"}],"curies":[{"name":"wp","href":"https:\/\/api.w.org\/{rel}","templated":true}]}}