{"id":2551,"date":"2016-03-09T12:37:14","date_gmt":"2016-03-09T12:37:14","guid":{"rendered":"https:\/\/visitatavernes.es\/?page_id=2551"},"modified":"2022-05-30T08:53:31","modified_gmt":"2022-05-30T08:53:31","slug":"ermita-de-sant-llorenc-de-lalcudiola","status":"publish","type":"page","link":"https:\/\/www.visitatavernes.es\/ca\/ermita-de-sant-llorenc-de-lalcudiola\/","title":{"rendered":"ERMITA DE SANT LLOREN\u00c7 DE L&#8217;ALCUDIOLA"},"content":{"rendered":"\t\t<div data-elementor-type=\"wp-page\" data-elementor-id=\"2551\" class=\"elementor elementor-2551\" wpc-filter-elementor-widget=\"1\" data-elementor-post-type=\"page\">\n\t\t\t\t\t\t\t\t\t<section class=\"elementor-section elementor-top-section elementor-element elementor-element-af97641 elementor-section-full_width elementor-section-height-default elementor-section-height-default\" data-id=\"af97641\" data-element_type=\"section\" data-settings=\"{&quot;shape_divider_bottom&quot;:&quot;waves&quot;,&quot;background_background&quot;:&quot;classic&quot;}\">\n\t\t\t\t\t<div class=\"elementor-shape elementor-shape-bottom\" data-negative=\"false\">\n\t\t\t<svg xmlns=\"http:\/\/www.w3.org\/2000\/svg\" viewBox=\"0 0 1000 100\" preserveAspectRatio=\"none\">\n\t<path class=\"elementor-shape-fill\" d=\"M421.9,6.5c22.6-2.5,51.5,0.4,75.5,5.3c23.6,4.9,70.9,23.5,100.5,35.7c75.8,32.2,133.7,44.5,192.6,49.7\n\tc23.6,2.1,48.7,3.5,103.4-2.5c54.7-6,106.2-25.6,106.2-25.6V0H0v30.3c0,0,72,32.6,158.4,30.5c39.2-0.7,92.8-6.7,134-22.4\n\tc21.2-8.1,52.2-18.2,79.7-24.2C399.3,7.9,411.6,7.5,421.9,6.5z\"\/>\n<\/svg>\t\t<\/div>\n\t\t\t\t\t<div class=\"elementor-container elementor-column-gap-default\">\n\t\t\t\t\t<div class=\"elementor-column elementor-col-100 elementor-top-column elementor-element elementor-element-1d81356\" data-id=\"1d81356\" data-element_type=\"column\">\n\t\t\t<div class=\"elementor-widget-wrap elementor-element-populated\">\n\t\t\t\t\t\t\t\t<div class=\"elementor-element elementor-element-5b99040 elementor--h-position-center elementor--v-position-middle elementor-widget elementor-widget-slides\" data-id=\"5b99040\" data-element_type=\"widget\" data-settings=\"{&quot;navigation&quot;:&quot;none&quot;,&quot;transition&quot;:&quot;fade&quot;,&quot;transition_speed&quot;:500}\" data-widget_type=\"slides.default\">\n\t\t\t\t<div class=\"elementor-widget-container\">\n\t\t\t\t\t<div class=\"elementor-swiper\">\n\t\t\t<div class=\"elementor-slides-wrapper elementor-main-swiper swiper-container\" dir=\"ltr\" data-animation=\"fadeInUp\">\n\t\t\t\t<div class=\"swiper-wrapper elementor-slides\">\n\t\t\t\t\t\t\t\t\t\t<div class=\"elementor-repeater-item-2141c07 swiper-slide\"><div class=\"swiper-slide-bg\" role=\"img\"><\/div><div class=\"elementor-background-overlay\"><\/div><div class=\"swiper-slide-inner\" ><div class=\"swiper-slide-contents\"><div class=\"elementor-slide-heading\">ERMITA DE SANT LLOREN\u00c7 DE L'Alcudiola<\/div><\/div><\/div><\/div>\t\t\t\t<\/div>\n\t\t\t\t\t\t\t<\/div>\n\t\t<\/div>\n\t\t\t\t<\/div>\n\t\t\t\t<\/div>\n\t\t\t\t\t<\/div>\n\t\t<\/div>\n\t\t\t\t\t\t\t<\/div>\n\t\t<\/section>\n\t\t\t\t<section class=\"elementor-section elementor-top-section elementor-element elementor-element-e344546 elementor-section-boxed elementor-section-height-default elementor-section-height-default\" data-id=\"e344546\" data-element_type=\"section\">\n\t\t\t\t\t\t<div class=\"elementor-container elementor-column-gap-default\">\n\t\t\t\t\t<div class=\"elementor-column elementor-col-50 elementor-top-column elementor-element elementor-element-a9f95fb\" data-id=\"a9f95fb\" data-element_type=\"column\">\n\t\t\t<div class=\"elementor-widget-wrap elementor-element-populated\">\n\t\t\t\t\t\t\t\t<div class=\"elementor-element elementor-element-f38da17 elementor-widget elementor-widget-text-editor\" data-id=\"f38da17\" data-element_type=\"widget\" data-widget_type=\"text-editor.default\">\n\t\t\t\t<div class=\"elementor-widget-container\">\n\t\t\t\t\t\t\t<p style=\"text-align: justify;\"><strong><span style=\"color: #000000;\">HIST\u00d2RIA<\/span><\/strong><\/p><p style=\"text-align: justify;\"><span style=\"color: #000000;\">Es tracta d&#8217;una ermita, en el terme de Tavernes, constru\u00efda sobre la base d&#8217;una antiga esgl\u00e9sia cristiana, probablement dels segles XVI\/XVII, en el desaparegut poblat de l&#8217;Alcudiola. L&#8217;Alcudiola fou una de les dues alqueries (poblaments dispersos de poques cases, d&#8217;origen musulm\u00e0, on els habitants s&#8217;encarregaven de la explotaci\u00f3 agr\u00edcola de la zona dels voltants, a m\u00e9s d&#8217;activitats ramaderes), juntament amb el Massalari, que s&#8217;incorporarien m\u00e9s tard als dominis juridisdiccionals del monestir de la Valldigna.<\/span><\/p><p style=\"text-align: justify;\"><span style=\"color: #000000;\"> Dins es localitzaren restes de 16 enterraments cristians del que era la cripta. Fora es trobaren restes de tres tombes m\u00e9s. En la prospecci\u00f3 tamb\u00e9 es descobriren troballes de cer\u00e0mica, joies i rosaris.<\/span><\/p><p style=\"text-align: justify;\"><span style=\"color: #000000;\"> En temps d&#8217;antany, a l&#8217;ermita es rendia culte a Sant Lloren\u00e7. A ella acudien en romeria ve\u00efns de Tavernes i Favara, per\u00f2 cada poblaci\u00f3 va crear noves ermites i la de Alcudiola va caure en l&#8217;aband\u00f3.<\/span><\/p><p style=\"text-align: justify;\"><span style=\"color: #000000;\"> Actualment est\u00e0 reformada.<\/span><\/p>\t\t\t\t\t\t<\/div>\n\t\t\t\t<\/div>\n\t\t\t\t\t<\/div>\n\t\t<\/div>\n\t\t\t\t<div class=\"elementor-column elementor-col-50 elementor-top-column elementor-element elementor-element-9961858\" data-id=\"9961858\" data-element_type=\"column\" data-settings=\"{&quot;background_background&quot;:&quot;classic&quot;}\">\n\t\t\t<div class=\"elementor-widget-wrap elementor-element-populated\">\n\t\t\t\t\t\t\t\t<div class=\"elementor-element elementor-element-2fdd711 elementor-widget elementor-widget-spacer\" data-id=\"2fdd711\" data-element_type=\"widget\" data-widget_type=\"spacer.default\">\n\t\t\t\t<div class=\"elementor-widget-container\">\n\t\t\t\t\t<div class=\"elementor-spacer\">\n\t\t\t<div class=\"elementor-spacer-inner\"><\/div>\n\t\t<\/div>\n\t\t\t\t<\/div>\n\t\t\t\t<\/div>\n\t\t\t\t\t<\/div>\n\t\t<\/div>\n\t\t\t\t\t\t\t<\/div>\n\t\t<\/section>\n\t\t\t\t<section class=\"elementor-section elementor-top-section elementor-element elementor-element-de3d11d elementor-reverse-mobile elementor-section-boxed elementor-section-height-default elementor-section-height-default\" data-id=\"de3d11d\" data-element_type=\"section\">\n\t\t\t\t\t\t<div class=\"elementor-container elementor-column-gap-default\">\n\t\t\t\t\t<div class=\"elementor-column elementor-col-50 elementor-top-column elementor-element elementor-element-93a54fc\" data-id=\"93a54fc\" data-element_type=\"column\" data-settings=\"{&quot;background_background&quot;:&quot;classic&quot;}\">\n\t\t\t<div class=\"elementor-widget-wrap elementor-element-populated\">\n\t\t\t\t\t\t\t\t<div class=\"elementor-element elementor-element-8d57b63 elementor-widget elementor-widget-spacer\" data-id=\"8d57b63\" data-element_type=\"widget\" data-widget_type=\"spacer.default\">\n\t\t\t\t<div class=\"elementor-widget-container\">\n\t\t\t\t\t<div class=\"elementor-spacer\">\n\t\t\t<div class=\"elementor-spacer-inner\"><\/div>\n\t\t<\/div>\n\t\t\t\t<\/div>\n\t\t\t\t<\/div>\n\t\t\t\t\t<\/div>\n\t\t<\/div>\n\t\t\t\t<div class=\"elementor-column elementor-col-50 elementor-top-column elementor-element elementor-element-99c647a\" data-id=\"99c647a\" data-element_type=\"column\">\n\t\t\t<div class=\"elementor-widget-wrap elementor-element-populated\">\n\t\t\t\t\t\t\t\t<div class=\"elementor-element elementor-element-b3f3137 elementor-widget elementor-widget-text-editor\" data-id=\"b3f3137\" data-element_type=\"widget\" data-widget_type=\"text-editor.default\">\n\t\t\t\t<div class=\"elementor-widget-container\">\n\t\t\t\t\t\t\t<p style=\"text-align: justify;\"><strong>DESCRIPCI\u00d3<\/strong><\/p><p style=\"text-align: justify;\"><span style=\"color: #000000;\">La planta \u00e9s rectangular, amb murs de cudols i mamposteria, tots ells blanquejats. La porta dovellada era de fusta, i ara ha sigut substituida per una met\u00e0l-lica enreixada. El mateix s&#8217;ha fet a les finestres laterals. S&#8217;emmarca en un arc de mig punt que arranca des de terra. La coberta \u00e9s de teules a dues aig\u00fces, que tamb\u00e9 s&#8217;ha recuperat despr\u00e9s d&#8217;haver-se ensorrat. Una creu met\u00e0l\u00b7lica en el capcer \u00e9s l&#8217;\u00fanic adorn de la fa\u00e7ana.<\/span><\/p><p style=\"text-align: justify;\"><span style=\"color: #000000;\"> L&#8217;interior estava fins a la seua restauraci\u00f3 replet d&#8217;enderrocs, deixalles i pintades a les parets. Dos grans finestres rectangulars en els dos laterals il\u00b7luminen \u00e0mpliament el nou recinte: sostre embigat, altar d&#8217;obra sobre una grada menuda i n\u00ednxol en la testera per a la imatge de Sant Lloren\u00e7 a escaiola decorada.<\/span><\/p>\t\t\t\t\t\t<\/div>\n\t\t\t\t<\/div>\n\t\t\t\t\t<\/div>\n\t\t<\/div>\n\t\t\t\t\t\t\t<\/div>\n\t\t<\/section>\n\t\t\t\t<section class=\"elementor-section elementor-top-section elementor-element elementor-element-95ce4bb elementor-section-boxed elementor-section-height-default elementor-section-height-default\" data-id=\"95ce4bb\" data-element_type=\"section\">\n\t\t\t\t\t\t<div class=\"elementor-container elementor-column-gap-default\">\n\t\t\t\t\t<div class=\"elementor-column elementor-col-100 elementor-top-column elementor-element elementor-element-7197063\" data-id=\"7197063\" data-element_type=\"column\">\n\t\t\t<div class=\"elementor-widget-wrap elementor-element-populated\">\n\t\t\t\t\t\t\t\t<div class=\"elementor-element elementor-element-fca4b43 elementor-widget elementor-widget-heading\" data-id=\"fca4b43\" data-element_type=\"widget\" data-widget_type=\"heading.default\">\n\t\t\t\t<div class=\"elementor-widget-container\">\n\t\t\t<h2 class=\"elementor-heading-title elementor-size-default\">Com arribar-hi?<\/h2>\t\t<\/div>\n\t\t\t\t<\/div>\n\t\t\t\t<div class=\"elementor-element elementor-element-d92100a elementor-widget-divider--view-line elementor-widget elementor-widget-divider\" data-id=\"d92100a\" data-element_type=\"widget\" data-widget_type=\"divider.default\">\n\t\t\t\t<div class=\"elementor-widget-container\">\n\t\t\t\t\t<div class=\"elementor-divider\">\n\t\t\t<span class=\"elementor-divider-separator\">\n\t\t\t\t\t\t<\/span>\n\t\t<\/div>\n\t\t\t\t<\/div>\n\t\t\t\t<\/div>\n\t\t\t\t<div class=\"elementor-element elementor-element-702022a elementor-widget elementor-widget-google_maps\" data-id=\"702022a\" data-element_type=\"widget\" data-widget_type=\"google_maps.default\">\n\t\t\t\t<div class=\"elementor-widget-container\">\n\t\t\t\t\t<div class=\"elementor-custom-embed\">\n\t\t\t<iframe loading=\"lazy\"\n\t\t\t\t\tsrc=\"https:\/\/maps.google.com\/maps?q=Ermita%20de%20Sant%20Lloren%C3%A7%2C%20tavernes%20de%20la%20valldigna&#038;t=m&#038;z=16&#038;output=embed&#038;iwloc=near\"\n\t\t\t\t\ttitle=\"Ermita de Sant Lloren\u00e7, tavernes de la valldigna\"\n\t\t\t\t\taria-label=\"Ermita de Sant Lloren\u00e7, tavernes de la valldigna\"\n\t\t\t><\/iframe>\n\t\t<\/div>\n\t\t\t\t<\/div>\n\t\t\t\t<\/div>\n\t\t\t\t\t<\/div>\n\t\t<\/div>\n\t\t\t\t\t\t\t<\/div>\n\t\t<\/section>\n\t\t\t\t<section class=\"elementor-section elementor-top-section elementor-element elementor-element-12c9346 elementor-section-boxed elementor-section-height-default elementor-section-height-default\" data-id=\"12c9346\" data-element_type=\"section\">\n\t\t\t\t\t\t<div class=\"elementor-container elementor-column-gap-default\">\n\t\t\t\t\t<div class=\"elementor-column elementor-col-100 elementor-top-column elementor-element elementor-element-2aad3cd\" data-id=\"2aad3cd\" data-element_type=\"column\">\n\t\t\t<div class=\"elementor-widget-wrap elementor-element-populated\">\n\t\t\t\t\t\t\t\t<div class=\"elementor-element elementor-element-8c36bf6 elementor-widget elementor-widget-heading\" data-id=\"8c36bf6\" data-element_type=\"widget\" data-widget_type=\"heading.default\">\n\t\t\t\t<div class=\"elementor-widget-container\">\n\t\t\t<h2 class=\"elementor-heading-title elementor-size-default\">M\u00e9s imatges de l'Ermita de Sant Lloren\u00e7 de l'Alcudiola<\/h2>\t\t<\/div>\n\t\t\t\t<\/div>\n\t\t\t\t<div class=\"elementor-element elementor-element-0b52155 elementor-widget-divider--view-line elementor-widget elementor-widget-divider\" data-id=\"0b52155\" data-element_type=\"widget\" data-widget_type=\"divider.default\">\n\t\t\t\t<div class=\"elementor-widget-container\">\n\t\t\t\t\t<div class=\"elementor-divider\">\n\t\t\t<span class=\"elementor-divider-separator\">\n\t\t\t\t\t\t<\/span>\n\t\t<\/div>\n\t\t\t\t<\/div>\n\t\t\t\t<\/div>\n\t\t\t\t<div class=\"elementor-element elementor-element-b59cd4e elementor-widget elementor-widget-gallery\" data-id=\"b59cd4e\" data-element_type=\"widget\" data-settings=\"{&quot;columns&quot;:3,&quot;columns_mobile&quot;:2,&quot;lazyload&quot;:&quot;yes&quot;,&quot;gallery_layout&quot;:&quot;grid&quot;,&quot;columns_tablet&quot;:2,&quot;gap&quot;:{&quot;unit&quot;:&quot;px&quot;,&quot;size&quot;:10,&quot;sizes&quot;:[]},&quot;gap_tablet&quot;:{&quot;unit&quot;:&quot;px&quot;,&quot;size&quot;:10,&quot;sizes&quot;:[]},&quot;gap_mobile&quot;:{&quot;unit&quot;:&quot;px&quot;,&quot;size&quot;:10,&quot;sizes&quot;:[]},&quot;link_to&quot;:&quot;file&quot;,&quot;aspect_ratio&quot;:&quot;3:2&quot;,&quot;content_hover_animation&quot;:&quot;fade-in&quot;}\" data-widget_type=\"gallery.default\">\n\t\t\t\t<div class=\"elementor-widget-container\">\n\t\t\t\t\t<div class=\"elementor-gallery__container\">\n\t\t\t\t\t\t\t<a class=\"e-gallery-item elementor-gallery-item elementor-animated-content\" href=\"https:\/\/www.visitatavernes.es\/wp-content\/uploads\/2021\/03\/ermitaescalada1.jpeg\" data-elementor-open-lightbox=\"yes\" data-elementor-lightbox-slideshow=\"b59cd4e\" data-elementor-lightbox-title=\"ermitaescalada1\" data-e-action-hash=\"#elementor-action%3Aaction%3Dlightbox%26settings%3DeyJpZCI6NTUwNSwidXJsIjoiaHR0cHM6XC9cL3d3dy52aXNpdGF0YXZlcm5lcy5lc1wvd3AtY29udGVudFwvdXBsb2Fkc1wvMjAyMVwvMDNcL2VybWl0YWVzY2FsYWRhMS5qcGVnIiwic2xpZGVzaG93IjoiYjU5Y2Q0ZSJ9\">\n\t\t\t\t\t<div class=\"e-gallery-image elementor-gallery-item__image\" data-thumbnail=\"https:\/\/www.visitatavernes.es\/wp-content\/uploads\/2021\/03\/ermitaescalada1-300x175.jpeg\" data-width=\"300\" data-height=\"175\" aria-label=\"\" role=\"img\" ><\/div>\n\t\t\t\t\t\t\t\t\t\t\t\t\t\t<\/a>\n\t\t\t\t\t\t\t<a class=\"e-gallery-item elementor-gallery-item elementor-animated-content\" href=\"https:\/\/www.visitatavernes.es\/wp-content\/uploads\/2021\/03\/ermitaescalada2.jpeg\" data-elementor-open-lightbox=\"yes\" data-elementor-lightbox-slideshow=\"b59cd4e\" data-elementor-lightbox-title=\"ermitaescalada2\" data-e-action-hash=\"#elementor-action%3Aaction%3Dlightbox%26settings%3DeyJpZCI6NTUwMiwidXJsIjoiaHR0cHM6XC9cL3d3dy52aXNpdGF0YXZlcm5lcy5lc1wvd3AtY29udGVudFwvdXBsb2Fkc1wvMjAyMVwvMDNcL2VybWl0YWVzY2FsYWRhMi5qcGVnIiwic2xpZGVzaG93IjoiYjU5Y2Q0ZSJ9\">\n\t\t\t\t\t<div class=\"e-gallery-image elementor-gallery-item__image\" data-thumbnail=\"https:\/\/www.visitatavernes.es\/wp-content\/uploads\/2021\/03\/ermitaescalada2-300x175.jpeg\" data-width=\"300\" data-height=\"175\" aria-label=\"\" role=\"img\" ><\/div>\n\t\t\t\t\t\t\t\t\t\t\t\t\t\t<\/a>\n\t\t\t\t\t\t\t<a class=\"e-gallery-item elementor-gallery-item elementor-animated-content\" href=\"https:\/\/www.visitatavernes.es\/wp-content\/uploads\/2021\/03\/ermitaescalada4.jpeg\" data-elementor-open-lightbox=\"yes\" data-elementor-lightbox-slideshow=\"b59cd4e\" data-elementor-lightbox-title=\"ermitaescalada4\" data-e-action-hash=\"#elementor-action%3Aaction%3Dlightbox%26settings%3DeyJpZCI6NTQ5OSwidXJsIjoiaHR0cHM6XC9cL3d3dy52aXNpdGF0YXZlcm5lcy5lc1wvd3AtY29udGVudFwvdXBsb2Fkc1wvMjAyMVwvMDNcL2VybWl0YWVzY2FsYWRhNC5qcGVnIiwic2xpZGVzaG93IjoiYjU5Y2Q0ZSJ9\">\n\t\t\t\t\t<div class=\"e-gallery-image elementor-gallery-item__image\" data-thumbnail=\"https:\/\/www.visitatavernes.es\/wp-content\/uploads\/2021\/03\/ermitaescalada4-300x175.jpeg\" data-width=\"300\" data-height=\"175\" aria-label=\"\" role=\"img\" ><\/div>\n\t\t\t\t\t\t\t\t\t\t\t\t\t\t<\/a>\n\t\t\t\t\t\t\t<a class=\"e-gallery-item elementor-gallery-item elementor-animated-content\" href=\"https:\/\/www.visitatavernes.es\/wp-content\/uploads\/2021\/03\/ermitaescalada5.jpeg\" data-elementor-open-lightbox=\"yes\" data-elementor-lightbox-slideshow=\"b59cd4e\" data-elementor-lightbox-title=\"ermitaescalada5\" data-e-action-hash=\"#elementor-action%3Aaction%3Dlightbox%26settings%3DeyJpZCI6NTQ5NiwidXJsIjoiaHR0cHM6XC9cL3d3dy52aXNpdGF0YXZlcm5lcy5lc1wvd3AtY29udGVudFwvdXBsb2Fkc1wvMjAyMVwvMDNcL2VybWl0YWVzY2FsYWRhNS5qcGVnIiwic2xpZGVzaG93IjoiYjU5Y2Q0ZSJ9\">\n\t\t\t\t\t<div class=\"e-gallery-image elementor-gallery-item__image\" data-thumbnail=\"https:\/\/www.visitatavernes.es\/wp-content\/uploads\/2021\/03\/ermitaescalada5-300x175.jpeg\" data-width=\"300\" data-height=\"175\" aria-label=\"\" role=\"img\" ><\/div>\n\t\t\t\t\t\t\t\t\t\t\t\t\t\t<\/a>\n\t\t\t\t\t\t\t<a class=\"e-gallery-item elementor-gallery-item elementor-animated-content\" href=\"https:\/\/www.visitatavernes.es\/wp-content\/uploads\/2021\/05\/DSC07714-scaled.jpg\" data-elementor-open-lightbox=\"yes\" data-elementor-lightbox-slideshow=\"b59cd4e\" data-elementor-lightbox-title=\"DSC07714\" data-e-action-hash=\"#elementor-action%3Aaction%3Dlightbox%26settings%3DeyJpZCI6MTA3MDUsInVybCI6Imh0dHBzOlwvXC93d3cudmlzaXRhdGF2ZXJuZXMuZXNcL3dwLWNvbnRlbnRcL3VwbG9hZHNcLzIwMjFcLzA1XC9EU0MwNzcxNC1zY2FsZWQuanBnIiwic2xpZGVzaG93IjoiYjU5Y2Q0ZSJ9\">\n\t\t\t\t\t<div class=\"e-gallery-image elementor-gallery-item__image\" data-thumbnail=\"https:\/\/www.visitatavernes.es\/wp-content\/uploads\/2021\/05\/DSC07714-300x200.jpg\" data-width=\"300\" data-height=\"200\" aria-label=\"\" role=\"img\" ><\/div>\n\t\t\t\t\t\t\t\t\t\t\t\t\t\t<\/a>\n\t\t\t\t\t\t\t<a class=\"e-gallery-item elementor-gallery-item elementor-animated-content\" href=\"https:\/\/www.visitatavernes.es\/wp-content\/uploads\/2021\/05\/DSC07718-scaled.jpg\" data-elementor-open-lightbox=\"yes\" data-elementor-lightbox-slideshow=\"b59cd4e\" data-elementor-lightbox-title=\"DSC07718\" data-e-action-hash=\"#elementor-action%3Aaction%3Dlightbox%26settings%3DeyJpZCI6MTA3MDgsInVybCI6Imh0dHBzOlwvXC93d3cudmlzaXRhdGF2ZXJuZXMuZXNcL3dwLWNvbnRlbnRcL3VwbG9hZHNcLzIwMjFcLzA1XC9EU0MwNzcxOC1zY2FsZWQuanBnIiwic2xpZGVzaG93IjoiYjU5Y2Q0ZSJ9\">\n\t\t\t\t\t<div class=\"e-gallery-image elementor-gallery-item__image\" data-thumbnail=\"https:\/\/www.visitatavernes.es\/wp-content\/uploads\/2021\/05\/DSC07718-300x200.jpg\" data-width=\"300\" data-height=\"200\" aria-label=\"\" role=\"img\" ><\/div>\n\t\t\t\t\t\t\t\t\t\t\t\t\t\t<\/a>\n\t\t\t\t\t\t\t<a class=\"e-gallery-item elementor-gallery-item elementor-animated-content\" href=\"https:\/\/www.visitatavernes.es\/wp-content\/uploads\/2021\/05\/DSC07726.jpg\" data-elementor-open-lightbox=\"yes\" data-elementor-lightbox-slideshow=\"b59cd4e\" data-elementor-lightbox-title=\"DSC07726\" data-e-action-hash=\"#elementor-action%3Aaction%3Dlightbox%26settings%3DeyJpZCI6MTA3MTEsInVybCI6Imh0dHBzOlwvXC93d3cudmlzaXRhdGF2ZXJuZXMuZXNcL3dwLWNvbnRlbnRcL3VwbG9hZHNcLzIwMjFcLzA1XC9EU0MwNzcyNi5qcGciLCJzbGlkZXNob3ciOiJiNTljZDRlIn0%3D\">\n\t\t\t\t\t<div class=\"e-gallery-image elementor-gallery-item__image\" data-thumbnail=\"https:\/\/www.visitatavernes.es\/wp-content\/uploads\/2021\/05\/DSC07726-200x300.jpg\" data-width=\"200\" data-height=\"300\" aria-label=\"\" role=\"img\" ><\/div>\n\t\t\t\t\t\t\t\t\t\t\t\t\t\t<\/a>\n\t\t\t\t\t<\/div>\n\t\t\t<\/div>\n\t\t\t\t<\/div>\n\t\t\t\t\t<\/div>\n\t\t<\/div>\n\t\t\t\t\t\t\t<\/div>\n\t\t<\/section>\n\t\t\t\t\t\t\t<\/div>\n\t\t","protected":false},"excerpt":{"rendered":"<p>ERMITA DE SANT LLOREN\u00c7 DE L&#8217;Alcudiola HIST\u00d2RIA Es tracta d&#8217;una ermita, en el terme de Tavernes, constru\u00efda sobre la base d&#8217;una antiga esgl\u00e9sia cristiana, probablement dels segles XVI\/XVII, en el desaparegut poblat de l&#8217;Alcudiola. L&#8217;Alcudiola fou una de les dues alqueries (poblaments dispersos de poques cases, d&#8217;origen musulm\u00e0, on els habitants s&#8217;encarregaven de la explotaci\u00f3 [&hellip;]<\/p>\n","protected":false},"author":1,"featured_media":0,"parent":0,"menu_order":0,"comment_status":"closed","ping_status":"closed","template":"","meta":{"_acf_changed":false,"footnotes":""},"class_list":["post-2551","page","type-page","status-publish","hentry"],"acf":[],"_links":{"self":[{"href":"https:\/\/www.visitatavernes.es\/ca\/wp-json\/wp\/v2\/pages\/2551","targetHints":{"allow":["GET"]}}],"collection":[{"href":"https:\/\/www.visitatavernes.es\/ca\/wp-json\/wp\/v2\/pages"}],"about":[{"href":"https:\/\/www.visitatavernes.es\/ca\/wp-json\/wp\/v2\/types\/page"}],"author":[{"embeddable":true,"href":"https:\/\/www.visitatavernes.es\/ca\/wp-json\/wp\/v2\/users\/1"}],"replies":[{"embeddable":true,"href":"https:\/\/www.visitatavernes.es\/ca\/wp-json\/wp\/v2\/comments?post=2551"}],"version-history":[{"count":50,"href":"https:\/\/www.visitatavernes.es\/ca\/wp-json\/wp\/v2\/pages\/2551\/revisions"}],"predecessor-version":[{"id":14723,"href":"https:\/\/www.visitatavernes.es\/ca\/wp-json\/wp\/v2\/pages\/2551\/revisions\/14723"}],"wp:attachment":[{"href":"https:\/\/www.visitatavernes.es\/ca\/wp-json\/wp\/v2\/media?parent=2551"}],"curies":[{"name":"wp","href":"https:\/\/api.w.org\/{rel}","templated":true}]}}