{"id":253,"date":"2016-01-13T10:07:42","date_gmt":"2016-01-13T10:07:42","guid":{"rendered":"https:\/\/visitatavernes.es\/?page_id=253"},"modified":"2022-05-31T06:48:04","modified_gmt":"2022-05-31T06:48:04","slug":"mirador-de-la-mediterrania","status":"publish","type":"page","link":"https:\/\/www.visitatavernes.es\/ca\/mirador-de-la-mediterrania\/","title":{"rendered":"MIRADOR DE LA  MEDITERR\u00c0NIA"},"content":{"rendered":"\t\t<div data-elementor-type=\"wp-page\" data-elementor-id=\"253\" class=\"elementor elementor-253\" wpc-filter-elementor-widget=\"1\" data-elementor-post-type=\"page\">\n\t\t\t\t\t\t\t\t\t<section class=\"elementor-section elementor-top-section elementor-element elementor-element-e8d869a elementor-section-full_width elementor-section-height-default elementor-section-height-default\" data-id=\"e8d869a\" data-element_type=\"section\" data-settings=\"{&quot;shape_divider_bottom&quot;:&quot;waves&quot;,&quot;background_background&quot;:&quot;classic&quot;}\">\n\t\t\t\t\t<div class=\"elementor-shape elementor-shape-bottom\" data-negative=\"false\">\n\t\t\t<svg xmlns=\"http:\/\/www.w3.org\/2000\/svg\" viewBox=\"0 0 1000 100\" preserveAspectRatio=\"none\">\n\t<path class=\"elementor-shape-fill\" d=\"M421.9,6.5c22.6-2.5,51.5,0.4,75.5,5.3c23.6,4.9,70.9,23.5,100.5,35.7c75.8,32.2,133.7,44.5,192.6,49.7\n\tc23.6,2.1,48.7,3.5,103.4-2.5c54.7-6,106.2-25.6,106.2-25.6V0H0v30.3c0,0,72,32.6,158.4,30.5c39.2-0.7,92.8-6.7,134-22.4\n\tc21.2-8.1,52.2-18.2,79.7-24.2C399.3,7.9,411.6,7.5,421.9,6.5z\"\/>\n<\/svg>\t\t<\/div>\n\t\t\t\t\t<div class=\"elementor-container elementor-column-gap-default\">\n\t\t\t\t\t<div class=\"elementor-column elementor-col-100 elementor-top-column elementor-element elementor-element-b5085b7\" data-id=\"b5085b7\" data-element_type=\"column\">\n\t\t\t<div class=\"elementor-widget-wrap elementor-element-populated\">\n\t\t\t\t\t\t\t\t<div class=\"elementor-element elementor-element-abde29e elementor--h-position-center elementor--v-position-middle elementor-widget elementor-widget-slides\" data-id=\"abde29e\" data-element_type=\"widget\" data-settings=\"{&quot;navigation&quot;:&quot;none&quot;,&quot;transition&quot;:&quot;fade&quot;,&quot;transition_speed&quot;:500}\" data-widget_type=\"slides.default\">\n\t\t\t\t<div class=\"elementor-widget-container\">\n\t\t\t\t\t<div class=\"elementor-swiper\">\n\t\t\t<div class=\"elementor-slides-wrapper elementor-main-swiper swiper-container\" dir=\"ltr\" data-animation=\"fadeInUp\">\n\t\t\t\t<div class=\"swiper-wrapper elementor-slides\">\n\t\t\t\t\t\t\t\t\t\t<div class=\"elementor-repeater-item-2141c07 swiper-slide\"><div class=\"swiper-slide-bg\" role=\"img\"><\/div><div class=\"elementor-background-overlay\"><\/div><div class=\"swiper-slide-inner\" ><div class=\"swiper-slide-contents\"><div class=\"elementor-slide-heading\">MIRADOR DE LA MEDITERR\u00c0NIA<\/div><\/div><\/div><\/div>\t\t\t\t<\/div>\n\t\t\t\t\t\t\t<\/div>\n\t\t<\/div>\n\t\t\t\t<\/div>\n\t\t\t\t<\/div>\n\t\t\t\t\t<\/div>\n\t\t<\/div>\n\t\t\t\t\t\t\t<\/div>\n\t\t<\/section>\n\t\t\t\t<section class=\"elementor-section elementor-top-section elementor-element elementor-element-17d6c0b elementor-section-boxed elementor-section-height-default elementor-section-height-default\" data-id=\"17d6c0b\" data-element_type=\"section\">\n\t\t\t\t\t\t<div class=\"elementor-container elementor-column-gap-default\">\n\t\t\t\t\t<div class=\"elementor-column elementor-col-50 elementor-top-column elementor-element elementor-element-23ef41a\" data-id=\"23ef41a\" data-element_type=\"column\">\n\t\t\t<div class=\"elementor-widget-wrap elementor-element-populated\">\n\t\t\t\t\t\t\t\t<div class=\"elementor-element elementor-element-1b57845 elementor-widget elementor-widget-text-editor\" data-id=\"1b57845\" data-element_type=\"widget\" data-widget_type=\"text-editor.default\">\n\t\t\t\t<div class=\"elementor-widget-container\">\n\t\t\t\t\t\t\t<p>Aquest mirador pertany, igual que Sant Lloren\u00e7, a la zona del Rac\u00f3 de Joana, a la falda de la muntanya de les Creus. La seva proximitat a la ciutat el converteix en un dels itineraris preferits per als que els agrada practicar esport.<\/p><p>Des de la ciutat, s&#8217;accedeix per una zona de tarongers molt reconeguda a Tavernes. El paisatge va canviant a mesura que anem pujant entre pins i garrofers fins que vam arribar a Sant Lloren\u00e7. Podem aprofitar aquesta altitud per fer una ullada a la Mediterr\u00e0nia i continuar el cam\u00ed fins al Mirador de la Mediterr\u00e0nia.<\/p><p>Des de la zona d&#8217;oci on hi ha taules i bancs de fusta, vam pujar els graons i, un cop a dalt, podem entendre el concepte de mirador. Contemplem els cultius de marjal, platges &#8230; i el mar. Aquest paratge est\u00e0 incl\u00f2s tamb\u00e9 en la <span style=\"color: #0000ff;\"><em><a style=\"color: #0000ff;\" href=\"https:\/\/www.visitatavernes.es\/ca\/ruta-dels-sentits-3\/\">Ruta dels Sentits<\/a><\/em><\/span>.<\/p>\t\t\t\t\t\t<\/div>\n\t\t\t\t<\/div>\n\t\t\t\t\t<\/div>\n\t\t<\/div>\n\t\t\t\t<div class=\"elementor-column elementor-col-50 elementor-top-column elementor-element elementor-element-0576ea7\" data-id=\"0576ea7\" data-element_type=\"column\" data-settings=\"{&quot;background_background&quot;:&quot;classic&quot;}\">\n\t\t\t<div class=\"elementor-widget-wrap elementor-element-populated\">\n\t\t\t\t\t\t\t\t<div class=\"elementor-element elementor-element-badbdaf elementor-widget elementor-widget-spacer\" data-id=\"badbdaf\" data-element_type=\"widget\" data-widget_type=\"spacer.default\">\n\t\t\t\t<div class=\"elementor-widget-container\">\n\t\t\t\t\t<div class=\"elementor-spacer\">\n\t\t\t<div class=\"elementor-spacer-inner\"><\/div>\n\t\t<\/div>\n\t\t\t\t<\/div>\n\t\t\t\t<\/div>\n\t\t\t\t\t<\/div>\n\t\t<\/div>\n\t\t\t\t\t\t\t<\/div>\n\t\t<\/section>\n\t\t\t\t<section class=\"elementor-section elementor-top-section elementor-element elementor-element-6a95693 elementor-section-boxed elementor-section-height-default elementor-section-height-default\" data-id=\"6a95693\" data-element_type=\"section\">\n\t\t\t\t\t\t<div class=\"elementor-container elementor-column-gap-default\">\n\t\t\t\t\t<div class=\"elementor-column elementor-col-100 elementor-top-column elementor-element elementor-element-98e3080\" data-id=\"98e3080\" data-element_type=\"column\">\n\t\t\t<div class=\"elementor-widget-wrap elementor-element-populated\">\n\t\t\t\t\t\t\t\t<div class=\"elementor-element elementor-element-759be50 elementor-widget elementor-widget-heading\" data-id=\"759be50\" data-element_type=\"widget\" data-widget_type=\"heading.default\">\n\t\t\t\t<div class=\"elementor-widget-container\">\n\t\t\t<h2 class=\"elementor-heading-title elementor-size-default\">Com arribar-hi?<\/h2>\t\t<\/div>\n\t\t\t\t<\/div>\n\t\t\t\t<div class=\"elementor-element elementor-element-6457811 elementor-widget-divider--view-line elementor-widget elementor-widget-divider\" data-id=\"6457811\" data-element_type=\"widget\" data-widget_type=\"divider.default\">\n\t\t\t\t<div class=\"elementor-widget-container\">\n\t\t\t\t\t<div class=\"elementor-divider\">\n\t\t\t<span class=\"elementor-divider-separator\">\n\t\t\t\t\t\t<\/span>\n\t\t<\/div>\n\t\t\t\t<\/div>\n\t\t\t\t<\/div>\n\t\t\t\t<div class=\"elementor-element elementor-element-eef603f elementor-widget elementor-widget-google_maps\" data-id=\"eef603f\" data-element_type=\"widget\" data-widget_type=\"google_maps.default\">\n\t\t\t\t<div class=\"elementor-widget-container\">\n\t\t\t\t\t<div class=\"elementor-custom-embed\">\n\t\t\t<iframe loading=\"lazy\"\n\t\t\t\t\tsrc=\"https:\/\/maps.google.com\/maps?q=Mirador%20de%20la%20Mediterr%C3%A0nia%2C%20Tavernes%20de%20la%20Valldigna&#038;t=m&#038;z=16&#038;output=embed&#038;iwloc=near\"\n\t\t\t\t\ttitle=\"Mirador de la Mediterr\u00e0nia, Tavernes de la Valldigna\"\n\t\t\t\t\taria-label=\"Mirador de la Mediterr\u00e0nia, Tavernes de la Valldigna\"\n\t\t\t><\/iframe>\n\t\t<\/div>\n\t\t\t\t<\/div>\n\t\t\t\t<\/div>\n\t\t\t\t\t<\/div>\n\t\t<\/div>\n\t\t\t\t\t\t\t<\/div>\n\t\t<\/section>\n\t\t\t\t<section class=\"elementor-section elementor-top-section elementor-element elementor-element-95445c4 elementor-section-boxed elementor-section-height-default elementor-section-height-default\" data-id=\"95445c4\" data-element_type=\"section\">\n\t\t\t\t\t\t<div class=\"elementor-container elementor-column-gap-default\">\n\t\t\t\t\t<div class=\"elementor-column elementor-col-100 elementor-top-column elementor-element elementor-element-936c96f\" data-id=\"936c96f\" data-element_type=\"column\">\n\t\t\t<div class=\"elementor-widget-wrap elementor-element-populated\">\n\t\t\t\t\t\t\t\t<div class=\"elementor-element elementor-element-eb4d5fd elementor-widget elementor-widget-heading\" data-id=\"eb4d5fd\" data-element_type=\"widget\" data-widget_type=\"heading.default\">\n\t\t\t\t<div class=\"elementor-widget-container\">\n\t\t\t<h2 class=\"elementor-heading-title elementor-size-default\">M\u00e9s imatges de el Mirador de la Mediterr\u00e0nia<\/h2>\t\t<\/div>\n\t\t\t\t<\/div>\n\t\t\t\t<div class=\"elementor-element elementor-element-96380bd elementor-widget-divider--view-line elementor-widget elementor-widget-divider\" data-id=\"96380bd\" data-element_type=\"widget\" data-widget_type=\"divider.default\">\n\t\t\t\t<div class=\"elementor-widget-container\">\n\t\t\t\t\t<div class=\"elementor-divider\">\n\t\t\t<span class=\"elementor-divider-separator\">\n\t\t\t\t\t\t<\/span>\n\t\t<\/div>\n\t\t\t\t<\/div>\n\t\t\t\t<\/div>\n\t\t\t\t<div class=\"elementor-element elementor-element-f196251 elementor-widget elementor-widget-gallery\" data-id=\"f196251\" data-element_type=\"widget\" data-settings=\"{&quot;columns&quot;:3,&quot;columns_mobile&quot;:2,&quot;lazyload&quot;:&quot;yes&quot;,&quot;gallery_layout&quot;:&quot;grid&quot;,&quot;columns_tablet&quot;:2,&quot;gap&quot;:{&quot;unit&quot;:&quot;px&quot;,&quot;size&quot;:10,&quot;sizes&quot;:[]},&quot;gap_tablet&quot;:{&quot;unit&quot;:&quot;px&quot;,&quot;size&quot;:10,&quot;sizes&quot;:[]},&quot;gap_mobile&quot;:{&quot;unit&quot;:&quot;px&quot;,&quot;size&quot;:10,&quot;sizes&quot;:[]},&quot;link_to&quot;:&quot;file&quot;,&quot;aspect_ratio&quot;:&quot;3:2&quot;,&quot;content_hover_animation&quot;:&quot;fade-in&quot;}\" data-widget_type=\"gallery.default\">\n\t\t\t\t<div class=\"elementor-widget-container\">\n\t\t\t\t\t<div class=\"elementor-gallery__container\">\n\t\t\t\t\t\t\t<a class=\"e-gallery-item elementor-gallery-item elementor-animated-content\" href=\"https:\/\/www.visitatavernes.es\/wp-content\/uploads\/2021\/03\/1-ACCE\u0301S-AL-MIRADOR-DE-LA-MEDITERRANIA-1200x700_c.jpeg\" data-elementor-open-lightbox=\"yes\" data-elementor-lightbox-slideshow=\"f196251\" data-elementor-lightbox-title=\"1-ACCE\u0301S-AL-MIRADOR-DE-LA-MEDITERRANIA-1200x700_c\" data-e-action-hash=\"#elementor-action%3Aaction%3Dlightbox%26settings%3DeyJpZCI6NjA1NSwidXJsIjoiaHR0cHM6XC9cL3d3dy52aXNpdGF0YXZlcm5lcy5lc1wvd3AtY29udGVudFwvdXBsb2Fkc1wvMjAyMVwvMDNcLzEtQUNDRVx1MDMwMVMtQUwtTUlSQURPUi1ERS1MQS1NRURJVEVSUkFOSUEtMTIwMHg3MDBfYy5qcGVnIiwic2xpZGVzaG93IjoiZjE5NjI1MSJ9\">\n\t\t\t\t\t<div class=\"e-gallery-image elementor-gallery-item__image\" data-thumbnail=\"https:\/\/www.visitatavernes.es\/wp-content\/uploads\/2021\/03\/1-ACCE\u0301S-AL-MIRADOR-DE-LA-MEDITERRANIA-1200x700_c-300x175.jpeg\" data-width=\"300\" data-height=\"175\" aria-label=\"\" role=\"img\" ><\/div>\n\t\t\t\t\t\t\t\t\t\t\t\t\t\t<\/a>\n\t\t\t\t\t\t\t<a class=\"e-gallery-item elementor-gallery-item elementor-animated-content\" href=\"https:\/\/www.visitatavernes.es\/wp-content\/uploads\/2021\/03\/2-AL-PEU-DEL-MIRADOR-1200x700_c.jpeg\" data-elementor-open-lightbox=\"yes\" data-elementor-lightbox-slideshow=\"f196251\" data-elementor-lightbox-title=\"2-AL-PEU-DEL-MIRADOR-1200x700_c\" data-e-action-hash=\"#elementor-action%3Aaction%3Dlightbox%26settings%3DeyJpZCI6NjA1MiwidXJsIjoiaHR0cHM6XC9cL3d3dy52aXNpdGF0YXZlcm5lcy5lc1wvd3AtY29udGVudFwvdXBsb2Fkc1wvMjAyMVwvMDNcLzItQUwtUEVVLURFTC1NSVJBRE9SLTEyMDB4NzAwX2MuanBlZyIsInNsaWRlc2hvdyI6ImYxOTYyNTEifQ%3D%3D\">\n\t\t\t\t\t<div class=\"e-gallery-image elementor-gallery-item__image\" data-thumbnail=\"https:\/\/www.visitatavernes.es\/wp-content\/uploads\/2021\/03\/2-AL-PEU-DEL-MIRADOR-1200x700_c-300x175.jpeg\" data-width=\"300\" data-height=\"175\" aria-label=\"\" role=\"img\" ><\/div>\n\t\t\t\t\t\t\t\t\t\t\t\t\t\t<\/a>\n\t\t\t\t\t\t\t<a class=\"e-gallery-item elementor-gallery-item elementor-animated-content\" href=\"https:\/\/www.visitatavernes.es\/wp-content\/uploads\/2021\/03\/3-ENTORN-DEL-MIRADOR-1200x700_c.jpeg\" data-elementor-open-lightbox=\"yes\" data-elementor-lightbox-slideshow=\"f196251\" data-elementor-lightbox-title=\"3-ENTORN-DEL-MIRADOR-1200x700_c\" data-e-action-hash=\"#elementor-action%3Aaction%3Dlightbox%26settings%3DeyJpZCI6NjA0OSwidXJsIjoiaHR0cHM6XC9cL3d3dy52aXNpdGF0YXZlcm5lcy5lc1wvd3AtY29udGVudFwvdXBsb2Fkc1wvMjAyMVwvMDNcLzMtRU5UT1JOLURFTC1NSVJBRE9SLTEyMDB4NzAwX2MuanBlZyIsInNsaWRlc2hvdyI6ImYxOTYyNTEifQ%3D%3D\">\n\t\t\t\t\t<div class=\"e-gallery-image elementor-gallery-item__image\" data-thumbnail=\"https:\/\/www.visitatavernes.es\/wp-content\/uploads\/2021\/03\/3-ENTORN-DEL-MIRADOR-1200x700_c-300x175.jpeg\" data-width=\"300\" data-height=\"175\" aria-label=\"\" role=\"img\" ><\/div>\n\t\t\t\t\t\t\t\t\t\t\t\t\t\t<\/a>\n\t\t\t\t\t\t\t<a class=\"e-gallery-item elementor-gallery-item elementor-animated-content\" href=\"https:\/\/www.visitatavernes.es\/wp-content\/uploads\/2021\/03\/4-SENDA-1200x700_c.jpeg\" data-elementor-open-lightbox=\"yes\" data-elementor-lightbox-slideshow=\"f196251\" data-elementor-lightbox-title=\"4-SENDA-1200x700_c\" data-e-action-hash=\"#elementor-action%3Aaction%3Dlightbox%26settings%3DeyJpZCI6NjA0NiwidXJsIjoiaHR0cHM6XC9cL3d3dy52aXNpdGF0YXZlcm5lcy5lc1wvd3AtY29udGVudFwvdXBsb2Fkc1wvMjAyMVwvMDNcLzQtU0VOREEtMTIwMHg3MDBfYy5qcGVnIiwic2xpZGVzaG93IjoiZjE5NjI1MSJ9\">\n\t\t\t\t\t<div class=\"e-gallery-image elementor-gallery-item__image\" data-thumbnail=\"https:\/\/www.visitatavernes.es\/wp-content\/uploads\/2021\/03\/4-SENDA-1200x700_c-300x175.jpeg\" data-width=\"300\" data-height=\"175\" aria-label=\"\" role=\"img\" ><\/div>\n\t\t\t\t\t\t\t\t\t\t\t\t\t\t<\/a>\n\t\t\t\t\t\t\t<a class=\"e-gallery-item elementor-gallery-item elementor-animated-content\" href=\"https:\/\/www.visitatavernes.es\/wp-content\/uploads\/2021\/03\/8-ZONA-DE-DESCANS-1200x700_c.jpeg\" data-elementor-open-lightbox=\"yes\" data-elementor-lightbox-slideshow=\"f196251\" data-elementor-lightbox-title=\"8-ZONA-DE-DESCANS-1200x700_c\" data-e-action-hash=\"#elementor-action%3Aaction%3Dlightbox%26settings%3DeyJpZCI6NjA0MywidXJsIjoiaHR0cHM6XC9cL3d3dy52aXNpdGF0YXZlcm5lcy5lc1wvd3AtY29udGVudFwvdXBsb2Fkc1wvMjAyMVwvMDNcLzgtWk9OQS1ERS1ERVNDQU5TLTEyMDB4NzAwX2MuanBlZyIsInNsaWRlc2hvdyI6ImYxOTYyNTEifQ%3D%3D\">\n\t\t\t\t\t<div class=\"e-gallery-image elementor-gallery-item__image\" data-thumbnail=\"https:\/\/www.visitatavernes.es\/wp-content\/uploads\/2021\/03\/8-ZONA-DE-DESCANS-1200x700_c-300x175.jpeg\" data-width=\"300\" data-height=\"175\" aria-label=\"\" role=\"img\" ><\/div>\n\t\t\t\t\t\t\t\t\t\t\t\t\t\t<\/a>\n\t\t\t\t\t\t\t<a class=\"e-gallery-item elementor-gallery-item elementor-animated-content\" href=\"https:\/\/www.visitatavernes.es\/wp-content\/uploads\/2021\/03\/9-VISTA-A-CULLERA-1200x700_c-1.jpeg\" data-elementor-open-lightbox=\"yes\" data-elementor-lightbox-slideshow=\"f196251\" data-elementor-lightbox-title=\"9-VISTA-A-CULLERA-1200x700_c\" data-e-action-hash=\"#elementor-action%3Aaction%3Dlightbox%26settings%3DeyJpZCI6NjA0MCwidXJsIjoiaHR0cHM6XC9cL3d3dy52aXNpdGF0YXZlcm5lcy5lc1wvd3AtY29udGVudFwvdXBsb2Fkc1wvMjAyMVwvMDNcLzktVklTVEEtQS1DVUxMRVJBLTEyMDB4NzAwX2MtMS5qcGVnIiwic2xpZGVzaG93IjoiZjE5NjI1MSJ9\">\n\t\t\t\t\t<div class=\"e-gallery-image elementor-gallery-item__image\" data-thumbnail=\"https:\/\/www.visitatavernes.es\/wp-content\/uploads\/2021\/03\/9-VISTA-A-CULLERA-1200x700_c-1-300x175.jpeg\" data-width=\"300\" data-height=\"175\" aria-label=\"\" role=\"img\" ><\/div>\n\t\t\t\t\t\t\t\t\t\t\t\t\t\t<\/a>\n\t\t\t\t\t\t\t<a class=\"e-gallery-item elementor-gallery-item elementor-animated-content\" href=\"https:\/\/www.visitatavernes.es\/wp-content\/uploads\/2021\/03\/14-VISTA-A-LA-PLATJA-DE-TAVERNES-1200x700_c.jpeg\" data-elementor-open-lightbox=\"yes\" data-elementor-lightbox-slideshow=\"f196251\" data-elementor-lightbox-title=\"14-VISTA-A-LA-PLATJA-DE-TAVERNES-1200x700_c\" data-e-action-hash=\"#elementor-action%3Aaction%3Dlightbox%26settings%3DeyJpZCI6NjAzNywidXJsIjoiaHR0cHM6XC9cL3d3dy52aXNpdGF0YXZlcm5lcy5lc1wvd3AtY29udGVudFwvdXBsb2Fkc1wvMjAyMVwvMDNcLzE0LVZJU1RBLUEtTEEtUExBVEpBLURFLVRBVkVSTkVTLTEyMDB4NzAwX2MuanBlZyIsInNsaWRlc2hvdyI6ImYxOTYyNTEifQ%3D%3D\">\n\t\t\t\t\t<div class=\"e-gallery-image elementor-gallery-item__image\" data-thumbnail=\"https:\/\/www.visitatavernes.es\/wp-content\/uploads\/2021\/03\/14-VISTA-A-LA-PLATJA-DE-TAVERNES-1200x700_c-300x175.jpeg\" data-width=\"300\" data-height=\"175\" aria-label=\"\" role=\"img\" ><\/div>\n\t\t\t\t\t\t\t\t\t\t\t\t\t\t<\/a>\n\t\t\t\t\t\t\t<a class=\"e-gallery-item elementor-gallery-item elementor-animated-content\" href=\"https:\/\/www.visitatavernes.es\/wp-content\/uploads\/2021\/03\/16-DESCANS-AL-RACO\u0301-DE-JOANA-1200x700_c.jpeg\" data-elementor-open-lightbox=\"yes\" data-elementor-lightbox-slideshow=\"f196251\" data-elementor-lightbox-title=\"16-DESCANS-AL-RACO\u0301-DE-JOANA-1200x700_c\" data-e-action-hash=\"#elementor-action%3Aaction%3Dlightbox%26settings%3DeyJpZCI6NjAzNCwidXJsIjoiaHR0cHM6XC9cL3d3dy52aXNpdGF0YXZlcm5lcy5lc1wvd3AtY29udGVudFwvdXBsb2Fkc1wvMjAyMVwvMDNcLzE2LURFU0NBTlMtQUwtUkFDT1x1MDMwMS1ERS1KT0FOQS0xMjAweDcwMF9jLmpwZWciLCJzbGlkZXNob3ciOiJmMTk2MjUxIn0%3D\">\n\t\t\t\t\t<div class=\"e-gallery-image elementor-gallery-item__image\" data-thumbnail=\"https:\/\/www.visitatavernes.es\/wp-content\/uploads\/2021\/03\/16-DESCANS-AL-RACO\u0301-DE-JOANA-1200x700_c-300x175.jpeg\" data-width=\"300\" data-height=\"175\" aria-label=\"\" role=\"img\" ><\/div>\n\t\t\t\t\t\t\t\t\t\t\t\t\t\t<\/a>\n\t\t\t\t\t<\/div>\n\t\t\t<\/div>\n\t\t\t\t<\/div>\n\t\t\t\t\t<\/div>\n\t\t<\/div>\n\t\t\t\t\t\t\t<\/div>\n\t\t<\/section>\n\t\t\t\t\t\t\t<\/div>\n\t\t","protected":false},"excerpt":{"rendered":"<p>MIRADOR DE LA MEDITERR\u00c0NIA Aquest mirador pertany, igual que Sant Lloren\u00e7, a la zona del Rac\u00f3 de Joana, a la falda de la muntanya de les Creus. La seva proximitat a la ciutat el converteix en un dels itineraris preferits per als que els agrada practicar esport. Des de la ciutat, s&#8217;accedeix per una zona [&hellip;]<\/p>\n","protected":false},"author":1,"featured_media":0,"parent":0,"menu_order":0,"comment_status":"closed","ping_status":"closed","template":"","meta":{"_acf_changed":false,"footnotes":""},"class_list":["post-253","page","type-page","status-publish","hentry"],"acf":[],"_links":{"self":[{"href":"https:\/\/www.visitatavernes.es\/ca\/wp-json\/wp\/v2\/pages\/253","targetHints":{"allow":["GET"]}}],"collection":[{"href":"https:\/\/www.visitatavernes.es\/ca\/wp-json\/wp\/v2\/pages"}],"about":[{"href":"https:\/\/www.visitatavernes.es\/ca\/wp-json\/wp\/v2\/types\/page"}],"author":[{"embeddable":true,"href":"https:\/\/www.visitatavernes.es\/ca\/wp-json\/wp\/v2\/users\/1"}],"replies":[{"embeddable":true,"href":"https:\/\/www.visitatavernes.es\/ca\/wp-json\/wp\/v2\/comments?post=253"}],"version-history":[{"count":61,"href":"https:\/\/www.visitatavernes.es\/ca\/wp-json\/wp\/v2\/pages\/253\/revisions"}],"predecessor-version":[{"id":14975,"href":"https:\/\/www.visitatavernes.es\/ca\/wp-json\/wp\/v2\/pages\/253\/revisions\/14975"}],"wp:attachment":[{"href":"https:\/\/www.visitatavernes.es\/ca\/wp-json\/wp\/v2\/media?parent=253"}],"curies":[{"name":"wp","href":"https:\/\/api.w.org\/{rel}","templated":true}]}}