{"id":247,"date":"2016-01-12T18:09:36","date_gmt":"2016-01-12T18:09:36","guid":{"rendered":"https:\/\/visitatavernes.es\/?page_id=247"},"modified":"2022-05-31T06:38:47","modified_gmt":"2022-05-31T06:38:47","slug":"clot-de-la-font","status":"publish","type":"page","link":"https:\/\/www.visitatavernes.es\/ca\/clot-de-la-font\/","title":{"rendered":"CLOT DE LA FONT"},"content":{"rendered":"\t\t<div data-elementor-type=\"wp-page\" data-elementor-id=\"247\" class=\"elementor elementor-247\" wpc-filter-elementor-widget=\"1\" data-elementor-post-type=\"page\">\n\t\t\t\t\t\t\t\t\t<section class=\"elementor-section elementor-top-section elementor-element elementor-element-670f260 elementor-section-full_width elementor-section-height-default elementor-section-height-default\" data-id=\"670f260\" data-element_type=\"section\" data-settings=\"{&quot;shape_divider_bottom&quot;:&quot;waves&quot;,&quot;background_background&quot;:&quot;classic&quot;}\">\n\t\t\t\t\t<div class=\"elementor-shape elementor-shape-bottom\" data-negative=\"false\">\n\t\t\t<svg xmlns=\"http:\/\/www.w3.org\/2000\/svg\" viewBox=\"0 0 1000 100\" preserveAspectRatio=\"none\">\n\t<path class=\"elementor-shape-fill\" d=\"M421.9,6.5c22.6-2.5,51.5,0.4,75.5,5.3c23.6,4.9,70.9,23.5,100.5,35.7c75.8,32.2,133.7,44.5,192.6,49.7\n\tc23.6,2.1,48.7,3.5,103.4-2.5c54.7-6,106.2-25.6,106.2-25.6V0H0v30.3c0,0,72,32.6,158.4,30.5c39.2-0.7,92.8-6.7,134-22.4\n\tc21.2-8.1,52.2-18.2,79.7-24.2C399.3,7.9,411.6,7.5,421.9,6.5z\"\/>\n<\/svg>\t\t<\/div>\n\t\t\t\t\t<div class=\"elementor-container elementor-column-gap-default\">\n\t\t\t\t\t<div class=\"elementor-column elementor-col-100 elementor-top-column elementor-element elementor-element-7b1804b\" data-id=\"7b1804b\" data-element_type=\"column\">\n\t\t\t<div class=\"elementor-widget-wrap elementor-element-populated\">\n\t\t\t\t\t\t\t\t<div class=\"elementor-element elementor-element-c309b3b elementor--h-position-center elementor--v-position-middle elementor-widget elementor-widget-slides\" data-id=\"c309b3b\" data-element_type=\"widget\" data-settings=\"{&quot;navigation&quot;:&quot;none&quot;,&quot;transition&quot;:&quot;fade&quot;,&quot;transition_speed&quot;:500}\" data-widget_type=\"slides.default\">\n\t\t\t\t<div class=\"elementor-widget-container\">\n\t\t\t\t\t<div class=\"elementor-swiper\">\n\t\t\t<div class=\"elementor-slides-wrapper elementor-main-swiper swiper-container\" dir=\"ltr\" data-animation=\"fadeInUp\">\n\t\t\t\t<div class=\"swiper-wrapper elementor-slides\">\n\t\t\t\t\t\t\t\t\t\t<div class=\"elementor-repeater-item-2141c07 swiper-slide\"><div class=\"swiper-slide-bg\" role=\"img\"><\/div><div class=\"elementor-background-overlay\"><\/div><div class=\"swiper-slide-inner\" ><div class=\"swiper-slide-contents\"><div class=\"elementor-slide-heading\">CLOT DE LA FONT<\/div><\/div><\/div><\/div>\t\t\t\t<\/div>\n\t\t\t\t\t\t\t<\/div>\n\t\t<\/div>\n\t\t\t\t<\/div>\n\t\t\t\t<\/div>\n\t\t\t\t\t<\/div>\n\t\t<\/div>\n\t\t\t\t\t\t\t<\/div>\n\t\t<\/section>\n\t\t\t\t<section class=\"elementor-section elementor-top-section elementor-element elementor-element-a34f3d0 elementor-section-boxed elementor-section-height-default elementor-section-height-default\" data-id=\"a34f3d0\" data-element_type=\"section\">\n\t\t\t\t\t\t<div class=\"elementor-container elementor-column-gap-default\">\n\t\t\t\t\t<div class=\"elementor-column elementor-col-50 elementor-top-column elementor-element elementor-element-e918d08\" data-id=\"e918d08\" data-element_type=\"column\">\n\t\t\t<div class=\"elementor-widget-wrap elementor-element-populated\">\n\t\t\t\t\t\t\t\t<div class=\"elementor-element elementor-element-6789805 elementor-widget elementor-widget-text-editor\" data-id=\"6789805\" data-element_type=\"widget\" data-widget_type=\"text-editor.default\">\n\t\t\t\t<div class=\"elementor-widget-container\">\n\t\t\t\t\t\t\t<p style=\"text-align: left;\">El Clot de la Font \u00e9s una deu natural on neix l&#8217;afluent del riu Vaca: el Badell, a la falda de la muntanya de l&#8217;Ombria. Es tenen not\u00edcies de l&#8217;exist\u00e8ncia d&#8217;un taller d&#8217;ind\u00fastria l\u00edtica que ho relacionarien amb els jaciments paleol\u00edtics i neol\u00edtics de el barranc de l&#8217;Bolomor.<\/p><p style=\"text-align: left;\">\u00c9s t\u00edpic al Clot de la Font la celebraci\u00f3 del <a href=\"https:\/\/www.visitatavernes.es\/ca\/porrats\/\"><span style=\"color: #0000ff;\"><em>porrat<\/em><\/span><\/a> cada any el segon dimecres de juliol.<\/p>\t\t\t\t\t\t<\/div>\n\t\t\t\t<\/div>\n\t\t\t\t\t<\/div>\n\t\t<\/div>\n\t\t\t\t<div class=\"elementor-column elementor-col-50 elementor-top-column elementor-element elementor-element-b039987\" data-id=\"b039987\" data-element_type=\"column\" data-settings=\"{&quot;background_background&quot;:&quot;classic&quot;}\">\n\t\t\t<div class=\"elementor-widget-wrap elementor-element-populated\">\n\t\t\t\t\t\t\t\t<div class=\"elementor-element elementor-element-5d28a55 elementor-widget elementor-widget-spacer\" data-id=\"5d28a55\" data-element_type=\"widget\" data-widget_type=\"spacer.default\">\n\t\t\t\t<div class=\"elementor-widget-container\">\n\t\t\t\t\t<div class=\"elementor-spacer\">\n\t\t\t<div class=\"elementor-spacer-inner\"><\/div>\n\t\t<\/div>\n\t\t\t\t<\/div>\n\t\t\t\t<\/div>\n\t\t\t\t\t<\/div>\n\t\t<\/div>\n\t\t\t\t\t\t\t<\/div>\n\t\t<\/section>\n\t\t\t\t<section class=\"elementor-section elementor-top-section elementor-element elementor-element-15c13fb elementor-reverse-mobile elementor-section-boxed elementor-section-height-default elementor-section-height-default\" data-id=\"15c13fb\" data-element_type=\"section\">\n\t\t\t\t\t\t<div class=\"elementor-container elementor-column-gap-default\">\n\t\t\t\t\t<div class=\"elementor-column elementor-col-50 elementor-top-column elementor-element elementor-element-5635d47\" data-id=\"5635d47\" data-element_type=\"column\" data-settings=\"{&quot;background_background&quot;:&quot;classic&quot;}\">\n\t\t\t<div class=\"elementor-widget-wrap elementor-element-populated\">\n\t\t\t\t\t\t\t\t<div class=\"elementor-element elementor-element-392016a elementor-widget elementor-widget-spacer\" data-id=\"392016a\" data-element_type=\"widget\" data-widget_type=\"spacer.default\">\n\t\t\t\t<div class=\"elementor-widget-container\">\n\t\t\t\t\t<div class=\"elementor-spacer\">\n\t\t\t<div class=\"elementor-spacer-inner\"><\/div>\n\t\t<\/div>\n\t\t\t\t<\/div>\n\t\t\t\t<\/div>\n\t\t\t\t\t<\/div>\n\t\t<\/div>\n\t\t\t\t<div class=\"elementor-column elementor-col-50 elementor-top-column elementor-element elementor-element-1a6e26b\" data-id=\"1a6e26b\" data-element_type=\"column\">\n\t\t\t<div class=\"elementor-widget-wrap elementor-element-populated\">\n\t\t\t\t\t\t\t\t<div class=\"elementor-element elementor-element-d629e93 elementor-widget elementor-widget-text-editor\" data-id=\"d629e93\" data-element_type=\"widget\" data-widget_type=\"text-editor.default\">\n\t\t\t\t<div class=\"elementor-widget-container\">\n\t\t\t\t\t\t\t<p>Pel que fa a senderisme, pertany a la <span style=\"color: #0000ff;\"><em><a style=\"color: #0000ff;\" href=\"https:\/\/www.visitatavernes.es\/ca\/ruta-dels-sentits-3\/\">Ruta dels Sentits<\/a><\/em><\/span>, amb dues peculiaritats que el fan tan especial:<\/p><p>&#8211; Es troba situat a pocs quil\u00f2metres de l&#8217;nucli urb\u00e0; aquesta proximitat l&#8217;ha convertit en un itinerari molt recorregut per practicar esports o, simplement, per gaudir d&#8217;un passeig enmig de la natura. Cada dia es pot veure com s&#8217;omple de grups de persones caminant o corrent, grups que comencen de bon mat\u00ed, uns altres que queden despr\u00e9s de dinar aprofitant que deixen als nens a l&#8217;escola, i d&#8217;altres que acaben la jornada laboral. I aneu quan aneu, segur que us trobeu amb alg\u00fa o algun grup fent aquest trajecte.<\/p><p>&#8211; Est\u00e0 adequat amb taules i cadires de pedra, barbacoes, bancs de fusta i una font d&#8217;aigua potable. Tota aquesta infraestructura fa que puguem gaudir molt c\u00f2modament de tot un dia en contacte amb la natura.<\/p>\t\t\t\t\t\t<\/div>\n\t\t\t\t<\/div>\n\t\t\t\t\t<\/div>\n\t\t<\/div>\n\t\t\t\t\t\t\t<\/div>\n\t\t<\/section>\n\t\t\t\t<section class=\"elementor-section elementor-top-section elementor-element elementor-element-8f6478b elementor-section-boxed elementor-section-height-default elementor-section-height-default\" data-id=\"8f6478b\" data-element_type=\"section\">\n\t\t\t\t\t\t<div class=\"elementor-container elementor-column-gap-default\">\n\t\t\t\t\t<div class=\"elementor-column elementor-col-100 elementor-top-column elementor-element elementor-element-e04168d\" data-id=\"e04168d\" data-element_type=\"column\">\n\t\t\t<div class=\"elementor-widget-wrap elementor-element-populated\">\n\t\t\t\t\t\t\t\t<div class=\"elementor-element elementor-element-7844162 elementor-widget elementor-widget-heading\" data-id=\"7844162\" data-element_type=\"widget\" data-widget_type=\"heading.default\">\n\t\t\t\t<div class=\"elementor-widget-container\">\n\t\t\t<h2 class=\"elementor-heading-title elementor-size-default\">Com arribar-hi?<\/h2>\t\t<\/div>\n\t\t\t\t<\/div>\n\t\t\t\t<div class=\"elementor-element elementor-element-ca7a0ca elementor-widget-divider--view-line elementor-widget elementor-widget-divider\" data-id=\"ca7a0ca\" data-element_type=\"widget\" data-widget_type=\"divider.default\">\n\t\t\t\t<div class=\"elementor-widget-container\">\n\t\t\t\t\t<div class=\"elementor-divider\">\n\t\t\t<span class=\"elementor-divider-separator\">\n\t\t\t\t\t\t<\/span>\n\t\t<\/div>\n\t\t\t\t<\/div>\n\t\t\t\t<\/div>\n\t\t\t\t<div class=\"elementor-element elementor-element-8fcae47 elementor-widget elementor-widget-google_maps\" data-id=\"8fcae47\" data-element_type=\"widget\" data-widget_type=\"google_maps.default\">\n\t\t\t\t<div class=\"elementor-widget-container\">\n\t\t\t\t\t<div class=\"elementor-custom-embed\">\n\t\t\t<iframe loading=\"lazy\"\n\t\t\t\t\tsrc=\"https:\/\/maps.google.com\/maps?q=Clot%20de%20la%20font%20-%20Tavernes%20de%20la%20Valldigna&#038;t=m&#038;z=16&#038;output=embed&#038;iwloc=near\"\n\t\t\t\t\ttitle=\"Clot de la font - Tavernes de la Valldigna\"\n\t\t\t\t\taria-label=\"Clot de la font - Tavernes de la Valldigna\"\n\t\t\t><\/iframe>\n\t\t<\/div>\n\t\t\t\t<\/div>\n\t\t\t\t<\/div>\n\t\t\t\t\t<\/div>\n\t\t<\/div>\n\t\t\t\t\t\t\t<\/div>\n\t\t<\/section>\n\t\t\t\t<section class=\"elementor-section elementor-top-section elementor-element elementor-element-66c6614 elementor-section-boxed elementor-section-height-default elementor-section-height-default\" data-id=\"66c6614\" data-element_type=\"section\">\n\t\t\t\t\t\t<div class=\"elementor-container elementor-column-gap-default\">\n\t\t\t\t\t<div class=\"elementor-column elementor-col-100 elementor-top-column elementor-element elementor-element-140c1e7\" data-id=\"140c1e7\" data-element_type=\"column\">\n\t\t\t<div class=\"elementor-widget-wrap elementor-element-populated\">\n\t\t\t\t\t\t\t\t<div class=\"elementor-element elementor-element-0c0a9ef elementor-widget elementor-widget-heading\" data-id=\"0c0a9ef\" data-element_type=\"widget\" data-widget_type=\"heading.default\">\n\t\t\t\t<div class=\"elementor-widget-container\">\n\t\t\t<h2 class=\"elementor-heading-title elementor-size-default\">M\u00e9s imatges de el Clot de la font<\/h2>\t\t<\/div>\n\t\t\t\t<\/div>\n\t\t\t\t<div class=\"elementor-element elementor-element-c7e38bb elementor-widget-divider--view-line elementor-widget elementor-widget-divider\" data-id=\"c7e38bb\" data-element_type=\"widget\" data-widget_type=\"divider.default\">\n\t\t\t\t<div class=\"elementor-widget-container\">\n\t\t\t\t\t<div class=\"elementor-divider\">\n\t\t\t<span class=\"elementor-divider-separator\">\n\t\t\t\t\t\t<\/span>\n\t\t<\/div>\n\t\t\t\t<\/div>\n\t\t\t\t<\/div>\n\t\t\t\t<div class=\"elementor-element elementor-element-6948e29 elementor-widget elementor-widget-gallery\" data-id=\"6948e29\" data-element_type=\"widget\" data-settings=\"{&quot;columns&quot;:3,&quot;columns_mobile&quot;:2,&quot;lazyload&quot;:&quot;yes&quot;,&quot;gallery_layout&quot;:&quot;grid&quot;,&quot;columns_tablet&quot;:2,&quot;gap&quot;:{&quot;unit&quot;:&quot;px&quot;,&quot;size&quot;:10,&quot;sizes&quot;:[]},&quot;gap_tablet&quot;:{&quot;unit&quot;:&quot;px&quot;,&quot;size&quot;:10,&quot;sizes&quot;:[]},&quot;gap_mobile&quot;:{&quot;unit&quot;:&quot;px&quot;,&quot;size&quot;:10,&quot;sizes&quot;:[]},&quot;link_to&quot;:&quot;file&quot;,&quot;aspect_ratio&quot;:&quot;3:2&quot;,&quot;content_hover_animation&quot;:&quot;fade-in&quot;}\" data-widget_type=\"gallery.default\">\n\t\t\t\t<div class=\"elementor-widget-container\">\n\t\t\t\t\t<div class=\"elementor-gallery__container\">\n\t\t\t\t\t\t\t<a class=\"e-gallery-item elementor-gallery-item elementor-animated-content\" href=\"https:\/\/www.visitatavernes.es\/wp-content\/uploads\/2021\/03\/8-ENTRADA-AL-PARATGE-1200x700_c.jpeg\" data-elementor-open-lightbox=\"yes\" data-elementor-lightbox-slideshow=\"6948e29\" data-elementor-lightbox-title=\"8-ENTRADA-AL-PARATGE-1200x700_c\" data-e-action-hash=\"#elementor-action%3Aaction%3Dlightbox%26settings%3DeyJpZCI6NTk2NiwidXJsIjoiaHR0cHM6XC9cL3d3dy52aXNpdGF0YXZlcm5lcy5lc1wvd3AtY29udGVudFwvdXBsb2Fkc1wvMjAyMVwvMDNcLzgtRU5UUkFEQS1BTC1QQVJBVEdFLTEyMDB4NzAwX2MuanBlZyIsInNsaWRlc2hvdyI6IjY5NDhlMjkifQ%3D%3D\">\n\t\t\t\t\t<div class=\"e-gallery-image elementor-gallery-item__image\" data-thumbnail=\"https:\/\/www.visitatavernes.es\/wp-content\/uploads\/2021\/03\/8-ENTRADA-AL-PARATGE-1200x700_c-300x175.jpeg\" data-width=\"300\" data-height=\"175\" aria-label=\"\" role=\"img\" ><\/div>\n\t\t\t\t\t\t\t\t\t\t\t\t\t\t<\/a>\n\t\t\t\t\t\t\t<a class=\"e-gallery-item elementor-gallery-item elementor-animated-content\" href=\"https:\/\/www.visitatavernes.es\/wp-content\/uploads\/2021\/03\/27-PANORAMICA-1200x700_c.jpeg\" data-elementor-open-lightbox=\"yes\" data-elementor-lightbox-slideshow=\"6948e29\" data-elementor-lightbox-title=\"27-PANORAMICA-1200x700_c\" data-e-action-hash=\"#elementor-action%3Aaction%3Dlightbox%26settings%3DeyJpZCI6NTk1NywidXJsIjoiaHR0cHM6XC9cL3d3dy52aXNpdGF0YXZlcm5lcy5lc1wvd3AtY29udGVudFwvdXBsb2Fkc1wvMjAyMVwvMDNcLzI3LVBBTk9SQU1JQ0EtMTIwMHg3MDBfYy5qcGVnIiwic2xpZGVzaG93IjoiNjk0OGUyOSJ9\">\n\t\t\t\t\t<div class=\"e-gallery-image elementor-gallery-item__image\" data-thumbnail=\"https:\/\/www.visitatavernes.es\/wp-content\/uploads\/2021\/03\/27-PANORAMICA-1200x700_c-300x175.jpeg\" data-width=\"300\" data-height=\"175\" aria-label=\"\" role=\"img\" ><\/div>\n\t\t\t\t\t\t\t\t\t\t\t\t\t\t<\/a>\n\t\t\t\t\t\t\t<a class=\"e-gallery-item elementor-gallery-item elementor-animated-content\" href=\"https:\/\/www.visitatavernes.es\/wp-content\/uploads\/2021\/05\/Panorama-aeri-clot-1-75x120cm.jpg\" data-elementor-open-lightbox=\"yes\" data-elementor-lightbox-slideshow=\"6948e29\" data-elementor-lightbox-title=\"Panorama a\u00e8ri clot 1 75x120cm\" data-e-action-hash=\"#elementor-action%3Aaction%3Dlightbox%26settings%3DeyJpZCI6MTAyMzgsInVybCI6Imh0dHBzOlwvXC93d3cudmlzaXRhdGF2ZXJuZXMuZXNcL3dwLWNvbnRlbnRcL3VwbG9hZHNcLzIwMjFcLzA1XC9QYW5vcmFtYS1hZXJpLWNsb3QtMS03NXgxMjBjbS5qcGciLCJzbGlkZXNob3ciOiI2OTQ4ZTI5In0%3D\">\n\t\t\t\t\t<div class=\"e-gallery-image elementor-gallery-item__image\" data-thumbnail=\"https:\/\/www.visitatavernes.es\/wp-content\/uploads\/2021\/05\/Panorama-aeri-clot-1-75x120cm-188x300.jpg\" data-width=\"188\" data-height=\"300\" aria-label=\"\" role=\"img\" ><\/div>\n\t\t\t\t\t\t\t\t\t\t\t\t\t\t<\/a>\n\t\t\t\t\t\t\t<a class=\"e-gallery-item elementor-gallery-item elementor-animated-content\" href=\"https:\/\/www.visitatavernes.es\/wp-content\/uploads\/2021\/05\/DSC06627.jpg\" data-elementor-open-lightbox=\"yes\" data-elementor-lightbox-slideshow=\"6948e29\" data-elementor-lightbox-title=\"DSC06627\" data-e-action-hash=\"#elementor-action%3Aaction%3Dlightbox%26settings%3DeyJpZCI6MTAyMTEsInVybCI6Imh0dHBzOlwvXC93d3cudmlzaXRhdGF2ZXJuZXMuZXNcL3dwLWNvbnRlbnRcL3VwbG9hZHNcLzIwMjFcLzA1XC9EU0MwNjYyNy5qcGciLCJzbGlkZXNob3ciOiI2OTQ4ZTI5In0%3D\">\n\t\t\t\t\t<div class=\"e-gallery-image elementor-gallery-item__image\" data-thumbnail=\"https:\/\/www.visitatavernes.es\/wp-content\/uploads\/2021\/05\/DSC06627-200x300.jpg\" data-width=\"200\" data-height=\"300\" aria-label=\"\" role=\"img\" ><\/div>\n\t\t\t\t\t\t\t\t\t\t\t\t\t\t<\/a>\n\t\t\t\t\t\t\t<a class=\"e-gallery-item elementor-gallery-item elementor-animated-content\" href=\"https:\/\/www.visitatavernes.es\/wp-content\/uploads\/2021\/05\/DSC06602-scaled.jpg\" data-elementor-open-lightbox=\"yes\" data-elementor-lightbox-slideshow=\"6948e29\" data-elementor-lightbox-title=\"DSC06602\" data-e-action-hash=\"#elementor-action%3Aaction%3Dlightbox%26settings%3DeyJpZCI6MTAyMDIsInVybCI6Imh0dHBzOlwvXC93d3cudmlzaXRhdGF2ZXJuZXMuZXNcL3dwLWNvbnRlbnRcL3VwbG9hZHNcLzIwMjFcLzA1XC9EU0MwNjYwMi1zY2FsZWQuanBnIiwic2xpZGVzaG93IjoiNjk0OGUyOSJ9\">\n\t\t\t\t\t<div class=\"e-gallery-image elementor-gallery-item__image\" data-thumbnail=\"https:\/\/www.visitatavernes.es\/wp-content\/uploads\/2021\/05\/DSC06602-300x200.jpg\" data-width=\"300\" data-height=\"200\" aria-label=\"\" role=\"img\" ><\/div>\n\t\t\t\t\t\t\t\t\t\t\t\t\t\t<\/a>\n\t\t\t\t\t\t\t<a class=\"e-gallery-item elementor-gallery-item elementor-animated-content\" href=\"https:\/\/www.visitatavernes.es\/wp-content\/uploads\/2021\/05\/DSC06595-scaled.jpg\" data-elementor-open-lightbox=\"yes\" data-elementor-lightbox-slideshow=\"6948e29\" data-elementor-lightbox-title=\"DSC06595\" data-e-action-hash=\"#elementor-action%3Aaction%3Dlightbox%26settings%3DeyJpZCI6MTAxOTksInVybCI6Imh0dHBzOlwvXC93d3cudmlzaXRhdGF2ZXJuZXMuZXNcL3dwLWNvbnRlbnRcL3VwbG9hZHNcLzIwMjFcLzA1XC9EU0MwNjU5NS1zY2FsZWQuanBnIiwic2xpZGVzaG93IjoiNjk0OGUyOSJ9\">\n\t\t\t\t\t<div class=\"e-gallery-image elementor-gallery-item__image\" data-thumbnail=\"https:\/\/www.visitatavernes.es\/wp-content\/uploads\/2021\/05\/DSC06595-300x200.jpg\" data-width=\"300\" data-height=\"200\" aria-label=\"\" role=\"img\" ><\/div>\n\t\t\t\t\t\t\t\t\t\t\t\t\t\t<\/a>\n\t\t\t\t\t\t\t<a class=\"e-gallery-item elementor-gallery-item elementor-animated-content\" href=\"https:\/\/www.visitatavernes.es\/wp-content\/uploads\/2021\/05\/DSC06573-scaled.jpg\" data-elementor-open-lightbox=\"yes\" data-elementor-lightbox-slideshow=\"6948e29\" data-elementor-lightbox-title=\"DSC06573\" data-e-action-hash=\"#elementor-action%3Aaction%3Dlightbox%26settings%3DeyJpZCI6MTAxOTMsInVybCI6Imh0dHBzOlwvXC93d3cudmlzaXRhdGF2ZXJuZXMuZXNcL3dwLWNvbnRlbnRcL3VwbG9hZHNcLzIwMjFcLzA1XC9EU0MwNjU3My1zY2FsZWQuanBnIiwic2xpZGVzaG93IjoiNjk0OGUyOSJ9\">\n\t\t\t\t\t<div class=\"e-gallery-image elementor-gallery-item__image\" data-thumbnail=\"https:\/\/www.visitatavernes.es\/wp-content\/uploads\/2021\/05\/DSC06573-300x200.jpg\" data-width=\"300\" data-height=\"200\" aria-label=\"\" role=\"img\" ><\/div>\n\t\t\t\t\t\t\t\t\t\t\t\t\t\t<\/a>\n\t\t\t\t\t\t\t<a class=\"e-gallery-item elementor-gallery-item elementor-animated-content\" href=\"https:\/\/www.visitatavernes.es\/wp-content\/uploads\/2021\/05\/DSC06544-scaled.jpg\" data-elementor-open-lightbox=\"yes\" data-elementor-lightbox-slideshow=\"6948e29\" data-elementor-lightbox-title=\"DSC06544\" data-e-action-hash=\"#elementor-action%3Aaction%3Dlightbox%26settings%3DeyJpZCI6MTAxNzgsInVybCI6Imh0dHBzOlwvXC93d3cudmlzaXRhdGF2ZXJuZXMuZXNcL3dwLWNvbnRlbnRcL3VwbG9hZHNcLzIwMjFcLzA1XC9EU0MwNjU0NC1zY2FsZWQuanBnIiwic2xpZGVzaG93IjoiNjk0OGUyOSJ9\">\n\t\t\t\t\t<div class=\"e-gallery-image elementor-gallery-item__image\" data-thumbnail=\"https:\/\/www.visitatavernes.es\/wp-content\/uploads\/2021\/05\/DSC06544-300x200.jpg\" data-width=\"300\" data-height=\"200\" aria-label=\"\" role=\"img\" ><\/div>\n\t\t\t\t\t\t\t\t\t\t\t\t\t\t<\/a>\n\t\t\t\t\t\t\t<a class=\"e-gallery-item elementor-gallery-item elementor-animated-content\" href=\"https:\/\/www.visitatavernes.es\/wp-content\/uploads\/2021\/05\/DJI_0289-scaled.jpg\" data-elementor-open-lightbox=\"yes\" data-elementor-lightbox-slideshow=\"6948e29\" data-elementor-lightbox-title=\"DJI_0289\" data-e-action-hash=\"#elementor-action%3Aaction%3Dlightbox%26settings%3DeyJpZCI6MTAxNjYsInVybCI6Imh0dHBzOlwvXC93d3cudmlzaXRhdGF2ZXJuZXMuZXNcL3dwLWNvbnRlbnRcL3VwbG9hZHNcLzIwMjFcLzA1XC9ESklfMDI4OS1zY2FsZWQuanBnIiwic2xpZGVzaG93IjoiNjk0OGUyOSJ9\">\n\t\t\t\t\t<div class=\"e-gallery-image elementor-gallery-item__image\" data-thumbnail=\"https:\/\/www.visitatavernes.es\/wp-content\/uploads\/2021\/05\/DJI_0289-300x169.jpg\" data-width=\"300\" data-height=\"169\" aria-label=\"\" role=\"img\" ><\/div>\n\t\t\t\t\t\t\t\t\t\t\t\t\t\t<\/a>\n\t\t\t\t\t<\/div>\n\t\t\t<\/div>\n\t\t\t\t<\/div>\n\t\t\t\t\t<\/div>\n\t\t<\/div>\n\t\t\t\t\t\t\t<\/div>\n\t\t<\/section>\n\t\t\t\t\t\t\t<\/div>\n\t\t","protected":false},"excerpt":{"rendered":"<p>CLOT DE LA FONT El Clot de la Font \u00e9s una deu natural on neix l&#8217;afluent del riu Vaca: el Badell, a la falda de la muntanya de l&#8217;Ombria. Es tenen not\u00edcies de l&#8217;exist\u00e8ncia d&#8217;un taller d&#8217;ind\u00fastria l\u00edtica que ho relacionarien amb els jaciments paleol\u00edtics i neol\u00edtics de el barranc de l&#8217;Bolomor. \u00c9s t\u00edpic al [&hellip;]<\/p>\n","protected":false},"author":1,"featured_media":0,"parent":0,"menu_order":0,"comment_status":"closed","ping_status":"closed","template":"","meta":{"_acf_changed":false,"footnotes":""},"class_list":["post-247","page","type-page","status-publish","hentry"],"acf":[],"_links":{"self":[{"href":"https:\/\/www.visitatavernes.es\/ca\/wp-json\/wp\/v2\/pages\/247","targetHints":{"allow":["GET"]}}],"collection":[{"href":"https:\/\/www.visitatavernes.es\/ca\/wp-json\/wp\/v2\/pages"}],"about":[{"href":"https:\/\/www.visitatavernes.es\/ca\/wp-json\/wp\/v2\/types\/page"}],"author":[{"embeddable":true,"href":"https:\/\/www.visitatavernes.es\/ca\/wp-json\/wp\/v2\/users\/1"}],"replies":[{"embeddable":true,"href":"https:\/\/www.visitatavernes.es\/ca\/wp-json\/wp\/v2\/comments?post=247"}],"version-history":[{"count":73,"href":"https:\/\/www.visitatavernes.es\/ca\/wp-json\/wp\/v2\/pages\/247\/revisions"}],"predecessor-version":[{"id":14928,"href":"https:\/\/www.visitatavernes.es\/ca\/wp-json\/wp\/v2\/pages\/247\/revisions\/14928"}],"wp:attachment":[{"href":"https:\/\/www.visitatavernes.es\/ca\/wp-json\/wp\/v2\/media?parent=247"}],"curies":[{"name":"wp","href":"https:\/\/api.w.org\/{rel}","templated":true}]}}