{"id":1819,"date":"2016-03-02T11:49:05","date_gmt":"2016-03-02T11:49:05","guid":{"rendered":"https:\/\/visitatavernes.es\/?page_id=1819"},"modified":"2023-03-03T08:09:16","modified_gmt":"2023-03-03T08:09:16","slug":"lombria","status":"publish","type":"page","link":"https:\/\/www.visitatavernes.es\/ca\/lombria\/","title":{"rendered":"RUTA DE L&#8217;OMBRIA"},"content":{"rendered":"\t\t<div data-elementor-type=\"wp-page\" data-elementor-id=\"1819\" class=\"elementor elementor-1819\" wpc-filter-elementor-widget=\"1\" data-elementor-post-type=\"page\">\n\t\t\t\t\t\t\t\t\t<section class=\"elementor-section elementor-top-section elementor-element elementor-element-554f818 elementor-section-full_width elementor-section-height-default elementor-section-height-default\" data-id=\"554f818\" data-element_type=\"section\" data-settings=\"{&quot;shape_divider_bottom&quot;:&quot;waves&quot;,&quot;background_background&quot;:&quot;classic&quot;}\">\n\t\t\t\t\t<div class=\"elementor-shape elementor-shape-bottom\" data-negative=\"false\">\n\t\t\t<svg xmlns=\"http:\/\/www.w3.org\/2000\/svg\" viewBox=\"0 0 1000 100\" preserveAspectRatio=\"none\">\n\t<path class=\"elementor-shape-fill\" d=\"M421.9,6.5c22.6-2.5,51.5,0.4,75.5,5.3c23.6,4.9,70.9,23.5,100.5,35.7c75.8,32.2,133.7,44.5,192.6,49.7\n\tc23.6,2.1,48.7,3.5,103.4-2.5c54.7-6,106.2-25.6,106.2-25.6V0H0v30.3c0,0,72,32.6,158.4,30.5c39.2-0.7,92.8-6.7,134-22.4\n\tc21.2-8.1,52.2-18.2,79.7-24.2C399.3,7.9,411.6,7.5,421.9,6.5z\"\/>\n<\/svg>\t\t<\/div>\n\t\t\t\t\t<div class=\"elementor-container elementor-column-gap-default\">\n\t\t\t\t\t<div class=\"elementor-column elementor-col-100 elementor-top-column elementor-element elementor-element-a23618c\" data-id=\"a23618c\" data-element_type=\"column\">\n\t\t\t<div class=\"elementor-widget-wrap elementor-element-populated\">\n\t\t\t\t\t\t\t\t<div class=\"elementor-element elementor-element-efdf903 elementor--h-position-center elementor--v-position-middle elementor-widget elementor-widget-slides\" data-id=\"efdf903\" data-element_type=\"widget\" data-settings=\"{&quot;navigation&quot;:&quot;none&quot;,&quot;transition&quot;:&quot;fade&quot;,&quot;transition_speed&quot;:500}\" data-widget_type=\"slides.default\">\n\t\t\t\t<div class=\"elementor-widget-container\">\n\t\t\t\t\t<div class=\"elementor-swiper\">\n\t\t\t<div class=\"elementor-slides-wrapper elementor-main-swiper swiper-container\" dir=\"ltr\" data-animation=\"fadeInUp\">\n\t\t\t\t<div class=\"swiper-wrapper elementor-slides\">\n\t\t\t\t\t\t\t\t\t\t<div class=\"elementor-repeater-item-2141c07 swiper-slide\"><div class=\"swiper-slide-bg\" role=\"img\"><\/div><div class=\"elementor-background-overlay\"><\/div><div class=\"swiper-slide-inner\" ><div class=\"swiper-slide-contents\"><div class=\"elementor-slide-heading\">RUTA DE L'OMBRIA<\/div><\/div><\/div><\/div>\t\t\t\t<\/div>\n\t\t\t\t\t\t\t<\/div>\n\t\t<\/div>\n\t\t\t\t<\/div>\n\t\t\t\t<\/div>\n\t\t\t\t\t<\/div>\n\t\t<\/div>\n\t\t\t\t\t\t\t<\/div>\n\t\t<\/section>\n\t\t\t\t<section class=\"elementor-section elementor-top-section elementor-element elementor-element-36f5674 elementor-section-boxed elementor-section-height-default elementor-section-height-default\" data-id=\"36f5674\" data-element_type=\"section\">\n\t\t\t\t\t\t<div class=\"elementor-container elementor-column-gap-default\">\n\t\t\t\t\t<div class=\"elementor-column elementor-col-100 elementor-top-column elementor-element elementor-element-e479035\" data-id=\"e479035\" data-element_type=\"column\">\n\t\t\t<div class=\"elementor-widget-wrap elementor-element-populated\">\n\t\t\t\t\t\t\t\t<div class=\"elementor-element elementor-element-abc388f elementor-widget elementor-widget-text-editor\" data-id=\"abc388f\" data-element_type=\"widget\" data-widget_type=\"text-editor.default\">\n\t\t\t\t<div class=\"elementor-widget-container\">\n\t\t\t\t\t\t\t<p style=\"text-align: left;\">Aquesta ruta es desenvolupa per la muntanya de l&#8217;Ombria, a sud del nostre municipi. Comen\u00e7a al poliesportiu municipal, i segueix pels carrers Joan d&#8217;\u00c0ustria, Pla\u00e7a Rep\u00fablica de Malta, Corts Valencianes fins al pont que creua el riu Vaca.<\/p><p style=\"text-align: left;\">Seguim a l&#8217;esquerra i creuem el pont, arribant a una bifurcaci\u00f3 de tres camins, seguim pel de centre, cam\u00ed del Pont de l&#8217;Riu. A uns 200 metres creuarem el Badell per un altre pont, i seguim pel cam\u00ed fins arribar a la cru\u00eflla amb el cam\u00ed de l&#8217;Ombria.<\/p><p style=\"text-align: left;\">En aquest encreuament, seguim direcci\u00f3 sud, pel cam\u00ed de la Cadira, fins arribar a peu de la muntanya, on deixarem l&#8217;asfalt i despr\u00e9s d&#8217;un curt tram de cam\u00ed de terra, arribem a la senda que en forma de ziga-zaga comen\u00e7a l&#8217;ascensi\u00f3, per la part esquerra de l&#8217;barranc de Cremades.<\/p><p style=\"text-align: left;\">La senda travessa una pineda, i arriba a la part superior on segueix per una zona plana fins arribar a una pista forestal, seguim per l&#8217;esmentada pista fins a una bifurcaci\u00f3 que agafem a l&#8217;esquerra, en aquest cam\u00ed es troba la cisterna, un antic aljub per recollir aigua.<\/p><p style=\"text-align: left;\">Seguim per pista forestal, enmig d&#8217;una pineda, direcci\u00f3 est, fins a la senda que agafem a l&#8217;esquerra, i que es troba senyalitzada, la qual seguim i que ens portar\u00e0 a al Pla de les Foietes. En aquest tram de la ruta es pot gaudir de el paisatge que s&#8217;albira cap a l&#8217;est, amb el mar a el fons, des de Cullera fins al Montg\u00f3.<\/p>\t\t\t\t\t\t<\/div>\n\t\t\t\t<\/div>\n\t\t\t\t<div class=\"elementor-element elementor-element-f53d2ff elementor-widget elementor-widget-image\" data-id=\"f53d2ff\" data-element_type=\"widget\" data-widget_type=\"image.default\">\n\t\t\t\t<div class=\"elementor-widget-container\">\n\t\t\t\t\t\t\t\t\t\t\t\t\t\t\t<img fetchpriority=\"high\" decoding=\"async\" width=\"800\" height=\"450\" src=\"https:\/\/www.visitatavernes.es\/wp-content\/uploads\/2023\/03\/Ombria-Bolomor-1-1422x800.jpg\" class=\"attachment-large size-large wp-image-15769\" alt=\"Ruta Cova del Bolomor\" srcset=\"https:\/\/www.visitatavernes.es\/wp-content\/uploads\/2023\/03\/Ombria-Bolomor-1-1422x800.jpg 1422w, https:\/\/www.visitatavernes.es\/wp-content\/uploads\/2023\/03\/Ombria-Bolomor-1-300x169.jpg 300w, https:\/\/www.visitatavernes.es\/wp-content\/uploads\/2023\/03\/Ombria-Bolomor-1-768x432.jpg 768w, https:\/\/www.visitatavernes.es\/wp-content\/uploads\/2023\/03\/Ombria-Bolomor-1-1536x864.jpg 1536w, https:\/\/www.visitatavernes.es\/wp-content\/uploads\/2023\/03\/Ombria-Bolomor-1-2048x1152.jpg 2048w\" sizes=\"(max-width: 800px) 100vw, 800px\" \/>\t\t\t\t\t\t\t\t\t\t\t\t\t\t\t<\/div>\n\t\t\t\t<\/div>\n\t\t\t\t\t<\/div>\n\t\t<\/div>\n\t\t\t\t\t\t\t<\/div>\n\t\t<\/section>\n\t\t\t\t<section class=\"elementor-section elementor-top-section elementor-element elementor-element-1ac1dd3 elementor-reverse-mobile elementor-section-boxed elementor-section-height-default elementor-section-height-default\" data-id=\"1ac1dd3\" data-element_type=\"section\">\n\t\t\t\t\t\t<div class=\"elementor-container elementor-column-gap-default\">\n\t\t\t\t\t<div class=\"elementor-column elementor-col-100 elementor-top-column elementor-element elementor-element-9739e0b\" data-id=\"9739e0b\" data-element_type=\"column\">\n\t\t\t<div class=\"elementor-widget-wrap elementor-element-populated\">\n\t\t\t\t\t\t\t\t<div class=\"elementor-element elementor-element-a20c1e4 elementor-widget elementor-widget-text-editor\" data-id=\"a20c1e4\" data-element_type=\"widget\" data-widget_type=\"text-editor.default\">\n\t\t\t\t<div class=\"elementor-widget-container\">\n\t\t\t\t\t\t\t<p style=\"text-align: left;\">Travessem el Pla de les Foietes, antics camps d&#8217;oliveres abandonats, fins arribar a una casa, a la dreta de la senda, envoltada de camps conreats d&#8217;oliveres i fruiters.<br><\/p><p style=\"text-align: left;\">A partir d&#8217;aquest lloc la senda, comen\u00e7a a baixar en ziga-zaga pel barranc de les Foietes, fins arribar a peu de la muntanya. Seguim descendint per un cam\u00ed entre horts de tarongers, fins arribar a el cam\u00ed de Gandia.<\/p><p style=\"text-align: left;\">Girarem a l&#8217;esquerra i continuarem el cam\u00ed de Gandia deixant a la nostra dreta un t\u00fanel que creua l&#8217;autovia, marxarem en direcci\u00f3 nord, fins a arribar a una cru\u00eflla de camins, on girem una altra vegada a l&#8217;esquerra, aquesta vegada direcci\u00f3 oest.<\/p><p style=\"text-align: left;\">El cam\u00ed ens portar\u00e0 fins a la cru\u00eflla amb el cam\u00ed de l&#8217;Ombria, que seguirem fins arribar a la cru\u00eflla amb els camins de la Cadira i Pont de l&#8217;Riu, seguint des d&#8217;aquest lloc el mateix recorregut que a l&#8217;inici de la ruta, fins al poliesportiu municipal .<\/p><p style=\"text-align: left;\">Cal tenir en compte que en el tram que recorrem de cam\u00ed de l&#8217;Ombria es troba la senyalitzaci\u00f3 per accedir a la <a href=\"https:\/\/www.visitatavernes.es\/ca\/bolomor\/\"><span style=\"color: #0000ff;\"><em>cova de l&#8217;Bolomor<\/em><\/span><\/a>.<\/p>\t\t\t\t\t\t<\/div>\n\t\t\t\t<\/div>\n\t\t\t\t<div class=\"elementor-element elementor-element-1454dba elementor-widget elementor-widget-image\" data-id=\"1454dba\" data-element_type=\"widget\" data-widget_type=\"image.default\">\n\t\t\t\t<div class=\"elementor-widget-container\">\n\t\t\t\t\t\t\t\t\t\t\t\t\t\t\t<img decoding=\"async\" width=\"800\" height=\"450\" src=\"https:\/\/www.visitatavernes.es\/wp-content\/uploads\/2023\/03\/Ombria-Bolomor-2-1422x800.jpg\" class=\"attachment-large size-large wp-image-15772\" alt=\"\" srcset=\"https:\/\/www.visitatavernes.es\/wp-content\/uploads\/2023\/03\/Ombria-Bolomor-2-1422x800.jpg 1422w, https:\/\/www.visitatavernes.es\/wp-content\/uploads\/2023\/03\/Ombria-Bolomor-2-300x169.jpg 300w, https:\/\/www.visitatavernes.es\/wp-content\/uploads\/2023\/03\/Ombria-Bolomor-2-768x432.jpg 768w, https:\/\/www.visitatavernes.es\/wp-content\/uploads\/2023\/03\/Ombria-Bolomor-2-1536x864.jpg 1536w, https:\/\/www.visitatavernes.es\/wp-content\/uploads\/2023\/03\/Ombria-Bolomor-2-2048x1152.jpg 2048w\" sizes=\"(max-width: 800px) 100vw, 800px\" \/>\t\t\t\t\t\t\t\t\t\t\t\t\t\t\t<\/div>\n\t\t\t\t<\/div>\n\t\t\t\t\t<\/div>\n\t\t<\/div>\n\t\t\t\t\t\t\t<\/div>\n\t\t<\/section>\n\t\t\t\t<section class=\"elementor-section elementor-top-section elementor-element elementor-element-ddb6b89 elementor-section-boxed elementor-section-height-default elementor-section-height-default\" data-id=\"ddb6b89\" data-element_type=\"section\">\n\t\t\t\t\t\t<div class=\"elementor-container elementor-column-gap-default\">\n\t\t\t\t\t<div class=\"elementor-column elementor-col-100 elementor-top-column elementor-element elementor-element-6e89df5\" data-id=\"6e89df5\" data-element_type=\"column\">\n\t\t\t<div class=\"elementor-widget-wrap elementor-element-populated\">\n\t\t\t\t\t\t\t\t<div class=\"elementor-element elementor-element-d84182d elementor-widget elementor-widget-heading\" data-id=\"d84182d\" data-element_type=\"widget\" data-widget_type=\"heading.default\">\n\t\t\t\t<div class=\"elementor-widget-container\">\n\t\t\t<h2 class=\"elementor-heading-title elementor-size-default\">Segueix la Ruta a Wikiloc<\/h2>\t\t<\/div>\n\t\t\t\t<\/div>\n\t\t\t\t<div class=\"elementor-element elementor-element-4676a9e elementor-widget-divider--view-line elementor-widget elementor-widget-divider\" data-id=\"4676a9e\" data-element_type=\"widget\" data-widget_type=\"divider.default\">\n\t\t\t\t<div class=\"elementor-widget-container\">\n\t\t\t\t\t<div class=\"elementor-divider\">\n\t\t\t<span class=\"elementor-divider-separator\">\n\t\t\t\t\t\t<\/span>\n\t\t<\/div>\n\t\t\t\t<\/div>\n\t\t\t\t<\/div>\n\t\t\t\t<div class=\"elementor-element elementor-element-7e286dc elementor-widget elementor-widget-html\" data-id=\"7e286dc\" data-element_type=\"widget\" data-widget_type=\"html.default\">\n\t\t\t\t<div class=\"elementor-widget-container\">\n\t\t\t<iframe frameBorder=\"0\" scrolling=\"no\" src=\"https:\/\/es.wikiloc.com\/wikiloc\/spatialArtifacts.do?event=view&id=21375882&measures=on&title=on&near=on&images=off&maptype=H\" width=\"800\" height=\"1000\"><\/iframe><div style=\"color:#777;font-size:11px;line-height:16px;\">Powered by <a style=\"color:#06d;font-size:11px;line-height:16px;\" target=\"_blank\" href=\"https:\/\/es.wikiloc.com\" rel=\"noopener\">Wikiloc<\/a><\/div>\t\t<\/div>\n\t\t\t\t<\/div>\n\t\t\t\t\t<\/div>\n\t\t<\/div>\n\t\t\t\t\t\t\t<\/div>\n\t\t<\/section>\n\t\t\t\t\t\t\t<\/div>\n\t\t","protected":false},"excerpt":{"rendered":"<p>RUTA DE L&#8217;OMBRIA Aquesta ruta es desenvolupa per la muntanya de l&#8217;Ombria, a sud del nostre municipi. Comen\u00e7a al poliesportiu municipal, i segueix pels carrers Joan d&#8217;\u00c0ustria, Pla\u00e7a Rep\u00fablica de Malta, Corts Valencianes fins al pont que creua el riu Vaca. Seguim a l&#8217;esquerra i creuem el pont, arribant a una bifurcaci\u00f3 de tres camins, [&hellip;]<\/p>\n","protected":false},"author":1,"featured_media":0,"parent":0,"menu_order":0,"comment_status":"closed","ping_status":"closed","template":"","meta":{"_acf_changed":false,"footnotes":""},"class_list":["post-1819","page","type-page","status-publish","hentry"],"acf":[],"_links":{"self":[{"href":"https:\/\/www.visitatavernes.es\/ca\/wp-json\/wp\/v2\/pages\/1819","targetHints":{"allow":["GET"]}}],"collection":[{"href":"https:\/\/www.visitatavernes.es\/ca\/wp-json\/wp\/v2\/pages"}],"about":[{"href":"https:\/\/www.visitatavernes.es\/ca\/wp-json\/wp\/v2\/types\/page"}],"author":[{"embeddable":true,"href":"https:\/\/www.visitatavernes.es\/ca\/wp-json\/wp\/v2\/users\/1"}],"replies":[{"embeddable":true,"href":"https:\/\/www.visitatavernes.es\/ca\/wp-json\/wp\/v2\/comments?post=1819"}],"version-history":[{"count":54,"href":"https:\/\/www.visitatavernes.es\/ca\/wp-json\/wp\/v2\/pages\/1819\/revisions"}],"predecessor-version":[{"id":15779,"href":"https:\/\/www.visitatavernes.es\/ca\/wp-json\/wp\/v2\/pages\/1819\/revisions\/15779"}],"wp:attachment":[{"href":"https:\/\/www.visitatavernes.es\/ca\/wp-json\/wp\/v2\/media?parent=1819"}],"curies":[{"name":"wp","href":"https:\/\/api.w.org\/{rel}","templated":true}]}}