{"id":1817,"date":"2016-03-02T11:48:28","date_gmt":"2016-03-02T11:48:28","guid":{"rendered":"https:\/\/visitatavernes.es\/?page_id=1817"},"modified":"2026-03-11T11:42:29","modified_gmt":"2026-03-11T11:42:29","slug":"la-granata-2","status":"publish","type":"page","link":"https:\/\/www.visitatavernes.es\/ca\/la-granata-2\/","title":{"rendered":"RUTA DE LA GRANATA"},"content":{"rendered":"\t\t<div data-elementor-type=\"wp-page\" data-elementor-id=\"1817\" class=\"elementor elementor-1817\" wpc-filter-elementor-widget=\"1\" data-elementor-post-type=\"page\">\n\t\t\t\t\t\t\t\t\t<section class=\"elementor-section elementor-top-section elementor-element elementor-element-5b5a048 elementor-section-full_width elementor-section-height-default elementor-section-height-default\" data-id=\"5b5a048\" data-element_type=\"section\" data-settings=\"{&quot;shape_divider_bottom&quot;:&quot;waves&quot;,&quot;background_background&quot;:&quot;classic&quot;}\">\n\t\t\t\t\t<div class=\"elementor-shape elementor-shape-bottom\" data-negative=\"false\">\n\t\t\t<svg xmlns=\"http:\/\/www.w3.org\/2000\/svg\" viewBox=\"0 0 1000 100\" preserveAspectRatio=\"none\">\n\t<path class=\"elementor-shape-fill\" d=\"M421.9,6.5c22.6-2.5,51.5,0.4,75.5,5.3c23.6,4.9,70.9,23.5,100.5,35.7c75.8,32.2,133.7,44.5,192.6,49.7\n\tc23.6,2.1,48.7,3.5,103.4-2.5c54.7-6,106.2-25.6,106.2-25.6V0H0v30.3c0,0,72,32.6,158.4,30.5c39.2-0.7,92.8-6.7,134-22.4\n\tc21.2-8.1,52.2-18.2,79.7-24.2C399.3,7.9,411.6,7.5,421.9,6.5z\"\/>\n<\/svg>\t\t<\/div>\n\t\t\t\t\t<div class=\"elementor-container elementor-column-gap-default\">\n\t\t\t\t\t<div class=\"elementor-column elementor-col-100 elementor-top-column elementor-element elementor-element-5498375\" data-id=\"5498375\" data-element_type=\"column\">\n\t\t\t<div class=\"elementor-widget-wrap elementor-element-populated\">\n\t\t\t\t\t\t\t\t<div class=\"elementor-element elementor-element-3da1166 elementor--h-position-center elementor--v-position-middle elementor-widget elementor-widget-slides\" data-id=\"3da1166\" data-element_type=\"widget\" data-settings=\"{&quot;navigation&quot;:&quot;none&quot;,&quot;transition&quot;:&quot;fade&quot;,&quot;transition_speed&quot;:500}\" data-widget_type=\"slides.default\">\n\t\t\t\t<div class=\"elementor-widget-container\">\n\t\t\t\t\t<div class=\"elementor-swiper\">\n\t\t\t<div class=\"elementor-slides-wrapper elementor-main-swiper swiper-container\" dir=\"ltr\" data-animation=\"fadeInUp\">\n\t\t\t\t<div class=\"swiper-wrapper elementor-slides\">\n\t\t\t\t\t\t\t\t\t\t<div class=\"elementor-repeater-item-2141c07 swiper-slide\"><div class=\"swiper-slide-bg\" role=\"img\"><\/div><div class=\"elementor-background-overlay\"><\/div><div class=\"swiper-slide-inner\" ><div class=\"swiper-slide-contents\"><div class=\"elementor-slide-heading\">LA GRANATA<\/div><\/div><\/div><\/div>\t\t\t\t<\/div>\n\t\t\t\t\t\t\t<\/div>\n\t\t<\/div>\n\t\t\t\t<\/div>\n\t\t\t\t<\/div>\n\t\t\t\t\t<\/div>\n\t\t<\/div>\n\t\t\t\t\t\t\t<\/div>\n\t\t<\/section>\n\t\t\t\t<section class=\"elementor-section elementor-top-section elementor-element elementor-element-4d362a0 elementor-section-boxed elementor-section-height-default elementor-section-height-default\" data-id=\"4d362a0\" data-element_type=\"section\">\n\t\t\t\t\t\t<div class=\"elementor-container elementor-column-gap-default\">\n\t\t\t\t\t<div class=\"elementor-column elementor-col-50 elementor-top-column elementor-element elementor-element-fbdbad9\" data-id=\"fbdbad9\" data-element_type=\"column\">\n\t\t\t<div class=\"elementor-widget-wrap elementor-element-populated\">\n\t\t\t\t\t\t\t\t<div class=\"elementor-element elementor-element-7ebb599 elementor-widget elementor-widget-text-editor\" data-id=\"7ebb599\" data-element_type=\"widget\" data-widget_type=\"text-editor.default\">\n\t\t\t\t<div class=\"elementor-widget-container\">\n\t\t\t\t\t\t\t<p style=\"text-align: left;\">Aquesta ruta es desenvolupa per la muntanya de <em><span style=\"color: #0000ff;\"><a style=\"color: #0000ff;\" href=\"https:\/\/www.visitatavernes.es\/ca\/1-de-maig\/\">les Creus<\/a><\/span><\/em>, comen\u00e7a en el Poliesportiu municipal, i segueix pel nucli urb\u00e0 fins arribar al mur de defensa. A la fi d&#8217;aquest tram, trobem <a href=\"https:\/\/www.visitatavernes.es\/ca\/el-calvari\/\"><em><span style=\"color: #0000ff;\">el Calvari<\/span><\/em><\/a> a l&#8217;esquerra.<\/p>\n<p style=\"text-align: left;\">Des d&#8217;aquest punt, ens dirigim cap a la dreta, direcci\u00f3 est, seguint el mur de defensa, fins al pont que creua cap al Club de Tennis.<\/p>\n<p style=\"text-align: left;\">Creuem el mur de defensa i seguim pel cam\u00ed de la dreta, amb el club de tennis a la nostra esquerra i horts de tarongers a la dreta, fins arribar a una bifurcaci\u00f3, seguim cap a l&#8217;esquerra per un cam\u00ed que puja fins al peu de la muntanya i des d&#8217;all\u00e0 a la dreta, fins arribar a la sendera.<\/p>\t\t\t\t\t\t<\/div>\n\t\t\t\t<\/div>\n\t\t\t\t\t<\/div>\n\t\t<\/div>\n\t\t\t\t<div class=\"elementor-column elementor-col-50 elementor-top-column elementor-element elementor-element-7cf0a1f\" data-id=\"7cf0a1f\" data-element_type=\"column\">\n\t\t\t<div class=\"elementor-widget-wrap elementor-element-populated\">\n\t\t\t\t\t\t\t\t<div class=\"elementor-element elementor-element-92c0292 elementor-widget elementor-widget-image\" data-id=\"92c0292\" data-element_type=\"widget\" data-widget_type=\"image.default\">\n\t\t\t\t<div class=\"elementor-widget-container\">\n\t\t\t\t\t\t\t\t\t\t\t\t\t\t\t<img fetchpriority=\"high\" decoding=\"async\" width=\"800\" height=\"533\" src=\"https:\/\/www.visitatavernes.es\/wp-content\/uploads\/2023\/03\/FCA09334-1200x800.jpg\" class=\"attachment-large size-large wp-image-15784\" alt=\"\" srcset=\"https:\/\/www.visitatavernes.es\/wp-content\/uploads\/2023\/03\/FCA09334-1200x800.jpg 1200w, https:\/\/www.visitatavernes.es\/wp-content\/uploads\/2023\/03\/FCA09334-300x200.jpg 300w, https:\/\/www.visitatavernes.es\/wp-content\/uploads\/2023\/03\/FCA09334-768x512.jpg 768w, https:\/\/www.visitatavernes.es\/wp-content\/uploads\/2023\/03\/FCA09334.jpg 1500w\" sizes=\"(max-width: 800px) 100vw, 800px\" \/>\t\t\t\t\t\t\t\t\t\t\t\t\t\t\t<\/div>\n\t\t\t\t<\/div>\n\t\t\t\t\t<\/div>\n\t\t<\/div>\n\t\t\t\t\t\t\t<\/div>\n\t\t<\/section>\n\t\t\t\t<section class=\"elementor-section elementor-top-section elementor-element elementor-element-3bd90ad elementor-reverse-mobile elementor-section-boxed elementor-section-height-default elementor-section-height-default\" data-id=\"3bd90ad\" data-element_type=\"section\">\n\t\t\t\t\t\t<div class=\"elementor-container elementor-column-gap-default\">\n\t\t\t\t\t<div class=\"elementor-column elementor-col-50 elementor-top-column elementor-element elementor-element-b199789\" data-id=\"b199789\" data-element_type=\"column\">\n\t\t\t<div class=\"elementor-widget-wrap elementor-element-populated\">\n\t\t\t\t\t\t\t\t<div class=\"elementor-element elementor-element-784b8fe elementor-widget elementor-widget-image\" data-id=\"784b8fe\" data-element_type=\"widget\" data-widget_type=\"image.default\">\n\t\t\t\t<div class=\"elementor-widget-container\">\n\t\t\t\t\t\t\t\t\t\t\t\t\t\t\t<img decoding=\"async\" width=\"800\" height=\"533\" src=\"https:\/\/www.visitatavernes.es\/wp-content\/uploads\/2023\/03\/FCA09345-1-1200x800.jpg\" class=\"attachment-large size-large wp-image-15790\" alt=\"\" srcset=\"https:\/\/www.visitatavernes.es\/wp-content\/uploads\/2023\/03\/FCA09345-1-1200x800.jpg 1200w, https:\/\/www.visitatavernes.es\/wp-content\/uploads\/2023\/03\/FCA09345-1-300x200.jpg 300w, https:\/\/www.visitatavernes.es\/wp-content\/uploads\/2023\/03\/FCA09345-1-768x512.jpg 768w, https:\/\/www.visitatavernes.es\/wp-content\/uploads\/2023\/03\/FCA09345-1.jpg 1500w\" sizes=\"(max-width: 800px) 100vw, 800px\" \/>\t\t\t\t\t\t\t\t\t\t\t\t\t\t\t<\/div>\n\t\t\t\t<\/div>\n\t\t\t\t\t<\/div>\n\t\t<\/div>\n\t\t\t\t<div class=\"elementor-column elementor-col-50 elementor-top-column elementor-element elementor-element-a6dff2d\" data-id=\"a6dff2d\" data-element_type=\"column\">\n\t\t\t<div class=\"elementor-widget-wrap elementor-element-populated\">\n\t\t\t\t\t\t\t\t<div class=\"elementor-element elementor-element-1670239 elementor-widget elementor-widget-text-editor\" data-id=\"1670239\" data-element_type=\"widget\" data-widget_type=\"text-editor.default\">\n\t\t\t\t<div class=\"elementor-widget-container\">\n\t\t\t\t\t\t\t<p style=\"text-align: left;\">A uns 20 m. hi ha un encreuament de senders, agafem el de l&#8217;esquerra (Senda vella de Favara) que ascendeix en ziga-zaga, enmig d&#8217;una pineda, fins arribar a una bifurcaci\u00f3 de senders.<\/p><p style=\"text-align: left;\">Seguim direcci\u00f3 cap a l&#8217;esquerra, direcci\u00f3 oest, on despr\u00e9s de planejar un bon tram, el sender inicia una ascensi\u00f3 per una perllongada pendent fins arribar a la cru\u00eflla de senders, on seguim cap a la dreta amb direcci\u00f3 a la<span style=\"color: #0000ff;\"><em> <a style=\"color: #0000ff;\" href=\"https:\/\/www.visitatavernes.es\/ca\/la-granata-2\/\">font de la Granata<\/a><\/em><\/span>.<\/p><p style=\"text-align: left;\">El sender \u00e9s for\u00e7a planer, i discorre per la obaga de la muntanya de les Creus, on s&#8217;albira el <span style=\"color: #0000ff;\"><em><a style=\"color: #0000ff;\" href=\"https:\/\/www.visitatavernes.es\/ca\/massalari\/\">Rac\u00f3 de l&#8217;Massalari<\/a><\/em><\/span>, fins arribar a un altre encreuament de senders, on seguim pel de la dreta<\/p>\t\t\t\t\t\t<\/div>\n\t\t\t\t<\/div>\n\t\t\t\t\t<\/div>\n\t\t<\/div>\n\t\t\t\t\t\t\t<\/div>\n\t\t<\/section>\n\t\t\t\t<section class=\"elementor-section elementor-top-section elementor-element elementor-element-903d5cf elementor-section-boxed elementor-section-height-default elementor-section-height-default\" data-id=\"903d5cf\" data-element_type=\"section\">\n\t\t\t\t\t\t<div class=\"elementor-container elementor-column-gap-default\">\n\t\t\t\t\t<div class=\"elementor-column elementor-col-50 elementor-top-column elementor-element elementor-element-ed4bd70\" data-id=\"ed4bd70\" data-element_type=\"column\">\n\t\t\t<div class=\"elementor-widget-wrap elementor-element-populated\">\n\t\t\t\t\t\t\t\t<div class=\"elementor-element elementor-element-a80aa5a elementor-widget elementor-widget-text-editor\" data-id=\"a80aa5a\" data-element_type=\"widget\" data-widget_type=\"text-editor.default\">\n\t\t\t\t<div class=\"elementor-widget-container\">\n\t\t\t\t\t\t\t<p style=\"text-align: left;\">En aquest punt, es baixa un curt tram de pendent pronunciat, i segueix amb direcci\u00f3 oest, fins arribar a una altra bifurcaci\u00f3. Seguim cap a l&#8217;esquerra, entre una pineda que ens portar\u00e0 fins a la font de la Granata.<\/p><p style=\"text-align: left;\">A causa de la situaci\u00f3 on es troba la font, hi ha una frondosa vegetaci\u00f3, sent un lloc on aprovisionar-se d&#8217;aigua i reposar forces ja que als voltants hi ha una taula de p\u00edcnic.<\/p><p style=\"text-align: left;\">Des d&#8217;all\u00e0 la ruta segueix per una pista forestal, fins arribar a un cam\u00ed de formig\u00f3 i que enlla\u00e7a amb asfalt, que ens portar\u00e0 fins a la cru\u00eflla amb el Cam\u00ed de l&#8217;Massalari.<\/p>\t\t\t\t\t\t<\/div>\n\t\t\t\t<\/div>\n\t\t\t\t\t<\/div>\n\t\t<\/div>\n\t\t\t\t<div class=\"elementor-column elementor-col-50 elementor-top-column elementor-element elementor-element-9dc73bb\" data-id=\"9dc73bb\" data-element_type=\"column\">\n\t\t\t<div class=\"elementor-widget-wrap elementor-element-populated\">\n\t\t\t\t\t\t\t\t<div class=\"elementor-element elementor-element-0a5d2e7 elementor-widget elementor-widget-image\" data-id=\"0a5d2e7\" data-element_type=\"widget\" data-widget_type=\"image.default\">\n\t\t\t\t<div class=\"elementor-widget-container\">\n\t\t\t\t\t\t\t\t\t\t\t\t\t\t\t<img decoding=\"async\" width=\"800\" height=\"533\" src=\"https:\/\/www.visitatavernes.es\/wp-content\/uploads\/2023\/03\/FCA09354-1200x800.jpg\" class=\"attachment-large size-large wp-image-15802\" alt=\"\" srcset=\"https:\/\/www.visitatavernes.es\/wp-content\/uploads\/2023\/03\/FCA09354-1200x800.jpg 1200w, https:\/\/www.visitatavernes.es\/wp-content\/uploads\/2023\/03\/FCA09354-300x200.jpg 300w, https:\/\/www.visitatavernes.es\/wp-content\/uploads\/2023\/03\/FCA09354-768x512.jpg 768w, https:\/\/www.visitatavernes.es\/wp-content\/uploads\/2023\/03\/FCA09354.jpg 1500w\" sizes=\"(max-width: 800px) 100vw, 800px\" \/>\t\t\t\t\t\t\t\t\t\t\t\t\t\t\t<\/div>\n\t\t\t\t<\/div>\n\t\t\t\t\t<\/div>\n\t\t<\/div>\n\t\t\t\t\t\t\t<\/div>\n\t\t<\/section>\n\t\t\t\t<section class=\"elementor-section elementor-top-section elementor-element elementor-element-91f8b68 elementor-reverse-mobile elementor-section-boxed elementor-section-height-default elementor-section-height-default\" data-id=\"91f8b68\" data-element_type=\"section\">\n\t\t\t\t\t\t<div class=\"elementor-container elementor-column-gap-default\">\n\t\t\t\t\t<div class=\"elementor-column elementor-col-50 elementor-top-column elementor-element elementor-element-9f99d5a\" data-id=\"9f99d5a\" data-element_type=\"column\">\n\t\t\t<div class=\"elementor-widget-wrap elementor-element-populated\">\n\t\t\t\t\t\t\t\t<div class=\"elementor-element elementor-element-df7ae7a elementor-widget elementor-widget-image\" data-id=\"df7ae7a\" data-element_type=\"widget\" data-widget_type=\"image.default\">\n\t\t\t\t<div class=\"elementor-widget-container\">\n\t\t\t\t\t\t\t\t\t\t\t\t\t\t\t<img loading=\"lazy\" decoding=\"async\" width=\"800\" height=\"533\" src=\"https:\/\/www.visitatavernes.es\/wp-content\/uploads\/2023\/03\/FCA09357-1200x800.jpg\" class=\"attachment-large size-large wp-image-15805\" alt=\"\" srcset=\"https:\/\/www.visitatavernes.es\/wp-content\/uploads\/2023\/03\/FCA09357-1200x800.jpg 1200w, https:\/\/www.visitatavernes.es\/wp-content\/uploads\/2023\/03\/FCA09357-300x200.jpg 300w, https:\/\/www.visitatavernes.es\/wp-content\/uploads\/2023\/03\/FCA09357-768x512.jpg 768w, https:\/\/www.visitatavernes.es\/wp-content\/uploads\/2023\/03\/FCA09357.jpg 1500w\" sizes=\"(max-width: 800px) 100vw, 800px\" \/>\t\t\t\t\t\t\t\t\t\t\t\t\t\t\t<\/div>\n\t\t\t\t<\/div>\n\t\t\t\t\t<\/div>\n\t\t<\/div>\n\t\t\t\t<div class=\"elementor-column elementor-col-50 elementor-top-column elementor-element elementor-element-73e3626\" data-id=\"73e3626\" data-element_type=\"column\">\n\t\t\t<div class=\"elementor-widget-wrap elementor-element-populated\">\n\t\t\t\t\t\t\t\t<div class=\"elementor-element elementor-element-1bb2296 elementor-widget elementor-widget-text-editor\" data-id=\"1bb2296\" data-element_type=\"widget\" data-widget_type=\"text-editor.default\">\n\t\t\t\t<div class=\"elementor-widget-container\">\n\t\t\t\t\t\t\t<p>Seguim cap a la dreta per aquest cam\u00ed fins a arribar a l&#8217;encreuament amb el cam\u00ed de l&#8217;Rac\u00f3 Red\u00f3, que agafem a la dreta. Aquest cam\u00ed ens portar\u00e0 fins a una pista forestal, que puja fins arribar a una bifurcaci\u00f3, on ens dirigim per la pista forestal cap a l&#8217;esquerra.<\/p><p>La ruta ens portar\u00e0 fins al Rac\u00f3 de Joana, on hi ha una altra bifurcaci\u00f3, en la qual ens dirigim cap a la dreta.<\/p>\t\t\t\t\t\t<\/div>\n\t\t\t\t<\/div>\n\t\t\t\t\t<\/div>\n\t\t<\/div>\n\t\t\t\t\t\t\t<\/div>\n\t\t<\/section>\n\t\t\t\t<section class=\"elementor-section elementor-top-section elementor-element elementor-element-dd5e2c0 elementor-section-boxed elementor-section-height-default elementor-section-height-default\" data-id=\"dd5e2c0\" data-element_type=\"section\">\n\t\t\t\t\t\t<div class=\"elementor-container elementor-column-gap-default\">\n\t\t\t\t\t<div class=\"elementor-column elementor-col-50 elementor-top-column elementor-element elementor-element-8d46672\" data-id=\"8d46672\" data-element_type=\"column\">\n\t\t\t<div class=\"elementor-widget-wrap elementor-element-populated\">\n\t\t\t\t\t\t\t\t<div class=\"elementor-element elementor-element-6d2ac27 elementor-widget elementor-widget-text-editor\" data-id=\"6d2ac27\" data-element_type=\"widget\" data-widget_type=\"text-editor.default\">\n\t\t\t\t<div class=\"elementor-widget-container\">\n\t\t\t\t\t\t\t<p style=\"text-align: left;\">Seguint la pista forestal arribarem a el dip\u00f2sit d&#8217;aigua potable, en el qual abans d&#8217;arribar a el mateix, hi ha un sender a la dreta que hem de prendre. Si seguim la pista arribar\u00edem a <a href=\"https:\/\/www.visitatavernes.es\/ca\/sant-llorenc-2\/\"><span style=\"color: #0000ff;\"><em>l&#8217;ermita de Sant Lloren\u00e7<\/em><\/span><\/a>.<\/p><p style=\"text-align: left;\">El sender segueix ascendint fins a la cru\u00eflla amb la travessera de Favara, que prendrem a la nostra esquerra per baixar a peu de la muntanya.<\/p><p style=\"text-align: left;\">Des d&#8217;aquest punt seguirem pel mateix itinerari que a l&#8217;inici de la ruta fins arribar a al poliesportiu municipal.<\/p>\t\t\t\t\t\t<\/div>\n\t\t\t\t<\/div>\n\t\t\t\t\t<\/div>\n\t\t<\/div>\n\t\t\t\t<div class=\"elementor-column elementor-col-50 elementor-top-column elementor-element elementor-element-ae2139e\" data-id=\"ae2139e\" data-element_type=\"column\">\n\t\t\t<div class=\"elementor-widget-wrap elementor-element-populated\">\n\t\t\t\t\t\t\t\t<div class=\"elementor-element elementor-element-49d62d4 elementor-widget elementor-widget-image\" data-id=\"49d62d4\" data-element_type=\"widget\" data-widget_type=\"image.default\">\n\t\t\t\t<div class=\"elementor-widget-container\">\n\t\t\t\t\t\t\t\t\t\t\t\t\t\t\t<img loading=\"lazy\" decoding=\"async\" width=\"800\" height=\"533\" src=\"https:\/\/www.visitatavernes.es\/wp-content\/uploads\/2023\/03\/FCA09370-1200x800.jpg\" class=\"attachment-large size-large wp-image-15808\" alt=\"\" srcset=\"https:\/\/www.visitatavernes.es\/wp-content\/uploads\/2023\/03\/FCA09370-1200x800.jpg 1200w, https:\/\/www.visitatavernes.es\/wp-content\/uploads\/2023\/03\/FCA09370-300x200.jpg 300w, https:\/\/www.visitatavernes.es\/wp-content\/uploads\/2023\/03\/FCA09370-768x512.jpg 768w, https:\/\/www.visitatavernes.es\/wp-content\/uploads\/2023\/03\/FCA09370.jpg 1500w\" sizes=\"(max-width: 800px) 100vw, 800px\" \/>\t\t\t\t\t\t\t\t\t\t\t\t\t\t\t<\/div>\n\t\t\t\t<\/div>\n\t\t\t\t\t<\/div>\n\t\t<\/div>\n\t\t\t\t\t\t\t<\/div>\n\t\t<\/section>\n\t\t\t\t<section class=\"elementor-section elementor-top-section elementor-element elementor-element-fbd6b40 elementor-section-boxed elementor-section-height-default elementor-section-height-default\" data-id=\"fbd6b40\" data-element_type=\"section\">\n\t\t\t\t\t\t<div class=\"elementor-container elementor-column-gap-default\">\n\t\t\t\t\t<div class=\"elementor-column elementor-col-100 elementor-top-column elementor-element elementor-element-0f648e8\" data-id=\"0f648e8\" data-element_type=\"column\">\n\t\t\t<div class=\"elementor-widget-wrap elementor-element-populated\">\n\t\t\t\t\t\t\t\t<div class=\"elementor-element elementor-element-ec4fde3 elementor-widget elementor-widget-heading\" data-id=\"ec4fde3\" data-element_type=\"widget\" data-widget_type=\"heading.default\">\n\t\t\t\t<div class=\"elementor-widget-container\">\n\t\t\t<h2 class=\"elementor-heading-title elementor-size-default\">Segueix la Ruta a Wikiloc<\/h2>\t\t<\/div>\n\t\t\t\t<\/div>\n\t\t\t\t<div class=\"elementor-element elementor-element-c01d9e4 elementor-widget-divider--view-line elementor-widget elementor-widget-divider\" data-id=\"c01d9e4\" data-element_type=\"widget\" data-widget_type=\"divider.default\">\n\t\t\t\t<div class=\"elementor-widget-container\">\n\t\t\t\t\t<div class=\"elementor-divider\">\n\t\t\t<span class=\"elementor-divider-separator\">\n\t\t\t\t\t\t<\/span>\n\t\t<\/div>\n\t\t\t\t<\/div>\n\t\t\t\t<\/div>\n\t\t\t\t<div class=\"elementor-element elementor-element-f381dfb elementor-widget elementor-widget-html\" data-id=\"f381dfb\" data-element_type=\"widget\" data-widget_type=\"html.default\">\n\t\t\t\t<div class=\"elementor-widget-container\">\n\t\t\t<iframe frameBorder=\"0\" scrolling=\"no\" src=\"https:\/\/es.wikiloc.com\/wikiloc\/spatialArtifacts.do?event=view&id=4092389&measures=on&title=on&near=on&images=off&maptype=H\" width=\"800\" height=\"1000\"><\/iframe><div style=\"color:#777;font-size:11px;line-height:16px;\">Powered by <a style=\"color:#06d;font-size:11px;line-height:16px;\" target=\"_blank\" href=\"https:\/\/es.wikiloc.com\" rel=\"noopener\">Wikiloc<\/a><\/div>\t\t<\/div>\n\t\t\t\t<\/div>\n\t\t\t\t\t<\/div>\n\t\t<\/div>\n\t\t\t\t\t\t\t<\/div>\n\t\t<\/section>\n\t\t\t\t\t\t\t<\/div>\n\t\t","protected":false},"excerpt":{"rendered":"<p>LA GRANATA Aquesta ruta es desenvolupa per la muntanya de les Creus, comen\u00e7a en el Poliesportiu municipal, i segueix pel nucli urb\u00e0 fins arribar al mur de defensa. A la fi d&#8217;aquest tram, trobem el Calvari a l&#8217;esquerra. Des d&#8217;aquest punt, ens dirigim cap a la dreta, direcci\u00f3 est, seguint el mur de defensa, fins [&hellip;]<\/p>\n","protected":false},"author":1,"featured_media":0,"parent":0,"menu_order":0,"comment_status":"closed","ping_status":"closed","template":"","meta":{"_acf_changed":false,"footnotes":""},"class_list":["post-1817","page","type-page","status-publish","hentry"],"acf":[],"_links":{"self":[{"href":"https:\/\/www.visitatavernes.es\/ca\/wp-json\/wp\/v2\/pages\/1817","targetHints":{"allow":["GET"]}}],"collection":[{"href":"https:\/\/www.visitatavernes.es\/ca\/wp-json\/wp\/v2\/pages"}],"about":[{"href":"https:\/\/www.visitatavernes.es\/ca\/wp-json\/wp\/v2\/types\/page"}],"author":[{"embeddable":true,"href":"https:\/\/www.visitatavernes.es\/ca\/wp-json\/wp\/v2\/users\/1"}],"replies":[{"embeddable":true,"href":"https:\/\/www.visitatavernes.es\/ca\/wp-json\/wp\/v2\/comments?post=1817"}],"version-history":[{"count":62,"href":"https:\/\/www.visitatavernes.es\/ca\/wp-json\/wp\/v2\/pages\/1817\/revisions"}],"predecessor-version":[{"id":16558,"href":"https:\/\/www.visitatavernes.es\/ca\/wp-json\/wp\/v2\/pages\/1817\/revisions\/16558"}],"wp:attachment":[{"href":"https:\/\/www.visitatavernes.es\/ca\/wp-json\/wp\/v2\/media?parent=1817"}],"curies":[{"name":"wp","href":"https:\/\/api.w.org\/{rel}","templated":true}]}}