{"id":17730,"date":"2026-04-14T11:13:49","date_gmt":"2026-04-14T11:13:49","guid":{"rendered":"https:\/\/www.visitatavernes.es\/?page_id=17730"},"modified":"2026-04-16T10:33:53","modified_gmt":"2026-04-16T10:33:53","slug":"tavernes-de-la-valldigna-en-familia","status":"publish","type":"page","link":"https:\/\/www.visitatavernes.es\/ca\/tavernes-de-la-valldigna-en-familia\/","title":{"rendered":"Tavernes de la Valldigna en fam\u00edlia"},"content":{"rendered":"\t\t<div data-elementor-type=\"wp-page\" data-elementor-id=\"17730\" class=\"elementor elementor-17730\" wpc-filter-elementor-widget=\"1\" data-elementor-post-type=\"page\">\n\t\t\t\t\t\t\t\t\t<section class=\"elementor-section elementor-top-section elementor-element elementor-element-4a39cc8 elementor-section-full_width elementor-section-height-default elementor-section-height-default\" data-id=\"4a39cc8\" data-element_type=\"section\" data-settings=\"{&quot;shape_divider_bottom&quot;:&quot;waves&quot;,&quot;background_background&quot;:&quot;classic&quot;}\">\n\t\t\t\t\t<div class=\"elementor-shape elementor-shape-bottom\" data-negative=\"false\">\n\t\t\t<svg xmlns=\"http:\/\/www.w3.org\/2000\/svg\" viewBox=\"0 0 1000 100\" preserveAspectRatio=\"none\">\n\t<path class=\"elementor-shape-fill\" d=\"M421.9,6.5c22.6-2.5,51.5,0.4,75.5,5.3c23.6,4.9,70.9,23.5,100.5,35.7c75.8,32.2,133.7,44.5,192.6,49.7\n\tc23.6,2.1,48.7,3.5,103.4-2.5c54.7-6,106.2-25.6,106.2-25.6V0H0v30.3c0,0,72,32.6,158.4,30.5c39.2-0.7,92.8-6.7,134-22.4\n\tc21.2-8.1,52.2-18.2,79.7-24.2C399.3,7.9,411.6,7.5,421.9,6.5z\"\/>\n<\/svg>\t\t<\/div>\n\t\t\t\t\t<div class=\"elementor-container elementor-column-gap-default\">\n\t\t\t\t\t<div class=\"elementor-column elementor-col-100 elementor-top-column elementor-element elementor-element-52f7362\" data-id=\"52f7362\" data-element_type=\"column\">\n\t\t\t<div class=\"elementor-widget-wrap elementor-element-populated\">\n\t\t\t\t\t\t\t\t<div class=\"elementor-element elementor-element-5321069 elementor--h-position-center elementor--v-position-middle elementor-widget elementor-widget-slides\" data-id=\"5321069\" data-element_type=\"widget\" data-settings=\"{&quot;navigation&quot;:&quot;none&quot;,&quot;transition&quot;:&quot;fade&quot;,&quot;transition_speed&quot;:500}\" data-widget_type=\"slides.default\">\n\t\t\t\t<div class=\"elementor-widget-container\">\n\t\t\t\t\t<div class=\"elementor-swiper\">\n\t\t\t<div class=\"elementor-slides-wrapper elementor-main-swiper swiper-container\" dir=\"ltr\" data-animation=\"fadeInUp\">\n\t\t\t\t<div class=\"swiper-wrapper elementor-slides\">\n\t\t\t\t\t\t\t\t\t\t<div class=\"elementor-repeater-item-2141c07 swiper-slide\"><div class=\"swiper-slide-bg\" role=\"img\"><\/div><div class=\"elementor-background-overlay\"><\/div><div class=\"swiper-slide-inner\" ><div class=\"swiper-slide-contents\"><h1 class=\"elementor-slide-heading\">Tavernes en fam\u00edlia<\/h1><\/div><\/div><\/div>\t\t\t\t<\/div>\n\t\t\t\t\t\t\t<\/div>\n\t\t<\/div>\n\t\t\t\t<\/div>\n\t\t\t\t<\/div>\n\t\t\t\t\t<\/div>\n\t\t<\/div>\n\t\t\t\t\t\t\t<\/div>\n\t\t<\/section>\n\t\t\t\t<section class=\"elementor-section elementor-top-section elementor-element elementor-element-b5443c1 elementor-section-boxed elementor-section-height-default elementor-section-height-default\" data-id=\"b5443c1\" data-element_type=\"section\">\n\t\t\t\t\t\t<div class=\"elementor-container elementor-column-gap-default\">\n\t\t\t\t\t<div class=\"elementor-column elementor-col-100 elementor-top-column elementor-element elementor-element-9b0aa10\" data-id=\"9b0aa10\" data-element_type=\"column\">\n\t\t\t<div class=\"elementor-widget-wrap elementor-element-populated\">\n\t\t\t\t\t\t\t\t<div class=\"elementor-element elementor-element-6dc3496 elementor-widget elementor-widget-heading\" data-id=\"6dc3496\" data-element_type=\"widget\" data-widget_type=\"heading.default\">\n\t\t\t\t<div class=\"elementor-widget-container\">\n\t\t\t<h2 class=\"elementor-heading-title elementor-size-default\"><p><b>Tavernes de la Valldigna en fam\u00edlia<\/b><\/p><\/h2>\t\t<\/div>\n\t\t\t\t<\/div>\n\t\t\t\t<div class=\"elementor-element elementor-element-4361820 elementor-widget elementor-widget-text-editor\" data-id=\"4361820\" data-element_type=\"widget\" data-widget_type=\"text-editor.default\">\n\t\t\t\t<div class=\"elementor-widget-container\">\n\t\t\t\t\t\t\t<h2><b><span lang=\"ca-ES-valencia\">Una destinaci\u00f3 per a gaudir junts, sense presses<\/span><\/b><\/h2><p>Tavernes de la Valldigna \u00e9s un lloc per a gaudir en fam\u00edlia. <strong>Ciutat, platja i natura<\/strong> s\u2019enllacen ac\u00ed amb naturalitat i donen forma a plans senzills, agradables i variats per a compartir el dia al vostre ritme. Passejos tranquils, espais oberts, zones de joc, patrimoni, mar i propostes a l\u2019aire lliure converteixen cada visita en una experi\u00e8ncia c\u00f2moda i plena de possibilitats. Esta combinaci\u00f3 de nucli urb\u00e0, costa i paisatge fa de la localitat <strong>una destinaci\u00f3 amb un encant molt especial.<\/strong><\/p>\t\t\t\t\t\t<\/div>\n\t\t\t\t<\/div>\n\t\t\t\t\t<\/div>\n\t\t<\/div>\n\t\t\t\t\t\t\t<\/div>\n\t\t<\/section>\n\t\t\t\t<section class=\"elementor-section elementor-top-section elementor-element elementor-element-624bff7 elementor-section-boxed elementor-section-height-default elementor-section-height-default\" data-id=\"624bff7\" data-element_type=\"section\">\n\t\t\t\t\t\t<div class=\"elementor-container elementor-column-gap-default\">\n\t\t\t\t\t<div class=\"elementor-column elementor-col-50 elementor-top-column elementor-element elementor-element-0efc50d\" data-id=\"0efc50d\" data-element_type=\"column\">\n\t\t\t<div class=\"elementor-widget-wrap elementor-element-populated\">\n\t\t\t\t\t\t\t\t<div class=\"elementor-element elementor-element-e75aef1 elementor-widget elementor-widget-text-editor\" data-id=\"e75aef1\" data-element_type=\"widget\" data-widget_type=\"text-editor.default\">\n\t\t\t\t<div class=\"elementor-widget-container\">\n\t\t\t\t\t\t\t<h2><strong>La ciutat, un bon lloc per a comen\u00e7ar<\/strong><\/h2><p>El nucli urb\u00e0 \u00e9s un punt de partida molt natural per a una escapada en fam\u00edlia. Comen\u00e7ar amb un passeig de ritme amable, d\u2019eixos que conviden a mirar, a detindre\u2019s un moment i a continuar gaudint mentre es descobrix una localitat amb molta hist\u00f2ria, \u00e9s una forma excel\u00b7lent d\u2019endinsar-se a Tavernes. Espais com el <strong>passeig Col\u00f3n o el passeig Pa\u00eds Valenci\u00e0<\/strong> ajuden a dibuixar una ciutat pr\u00f2xima, c\u00f2moda i f\u00e0cil de rec\u00f3rrer amb xiquets.<\/p><p>A este ambient s\u2019hi afigen llocs amb identitat pr\u00f2pia, com el <strong>mercat municipal, el Clot de la Font o el Mol\u00ed del Pla.<\/strong> Tots aporten car\u00e0cter al recorregut i fan que la ciutat no siga nom\u00e9s una parada, sin\u00f3 tamb\u00e9 una part important de la visita.<\/p><p>A Tavernes, a m\u00e9s, el passeig en fam\u00edlia guanya encara m\u00e9s atractiu quan es combina amb moments de joc en els parcs infantils, racons amb encant i espais on detindre\u2019s una estona.<strong> L\u2019art urb\u00e0<\/strong> afig un inter\u00e9s inesperat al recorregut, amb murals com els del pavell\u00f3 Carlos Pellicer o<strong> la casa de la cultura<\/strong>, igual que les places, els entorns oberts i les zones on els m\u00e9s menuts poden moure\u2019s amb llibertat. L\u2019experi\u00e8ncia es construeix aix\u00ed d\u2019una manera molt natural: una terrassa, un parc, una fa\u00e7ana que crida l\u2019atenci\u00f3, un carrer que convida a continuar caminant i descobrint la localitat.<\/p>\t\t\t\t\t\t<\/div>\n\t\t\t\t<\/div>\n\t\t\t\t\t<\/div>\n\t\t<\/div>\n\t\t\t\t<div class=\"elementor-column elementor-col-50 elementor-top-column elementor-element elementor-element-359b1a7\" data-id=\"359b1a7\" data-element_type=\"column\" data-settings=\"{&quot;background_background&quot;:&quot;classic&quot;}\">\n\t\t\t<div class=\"elementor-widget-wrap elementor-element-populated\">\n\t\t\t\t\t\t\t\t<div class=\"elementor-element elementor-element-b9b57a8 elementor-widget elementor-widget-spacer\" data-id=\"b9b57a8\" data-element_type=\"widget\" data-widget_type=\"spacer.default\">\n\t\t\t\t<div class=\"elementor-widget-container\">\n\t\t\t\t\t<div class=\"elementor-spacer\">\n\t\t\t<div class=\"elementor-spacer-inner\"><\/div>\n\t\t<\/div>\n\t\t\t\t<\/div>\n\t\t\t\t<\/div>\n\t\t\t\t\t<\/div>\n\t\t<\/div>\n\t\t\t\t\t\t\t<\/div>\n\t\t<\/section>\n\t\t\t\t<section class=\"elementor-section elementor-top-section elementor-element elementor-element-af06012 elementor-reverse-mobile elementor-section-boxed elementor-section-height-default elementor-section-height-default\" data-id=\"af06012\" data-element_type=\"section\">\n\t\t\t\t\t\t<div class=\"elementor-container elementor-column-gap-default\">\n\t\t\t\t\t<div class=\"elementor-column elementor-col-50 elementor-top-column elementor-element elementor-element-6d06e9c\" data-id=\"6d06e9c\" data-element_type=\"column\" data-settings=\"{&quot;background_background&quot;:&quot;classic&quot;}\">\n\t\t\t<div class=\"elementor-widget-wrap elementor-element-populated\">\n\t\t\t\t\t\t\t\t<div class=\"elementor-element elementor-element-4616bfc elementor-widget elementor-widget-spacer\" data-id=\"4616bfc\" data-element_type=\"widget\" data-widget_type=\"spacer.default\">\n\t\t\t\t<div class=\"elementor-widget-container\">\n\t\t\t\t\t<div class=\"elementor-spacer\">\n\t\t\t<div class=\"elementor-spacer-inner\"><\/div>\n\t\t<\/div>\n\t\t\t\t<\/div>\n\t\t\t\t<\/div>\n\t\t\t\t\t<\/div>\n\t\t<\/div>\n\t\t\t\t<div class=\"elementor-column elementor-col-50 elementor-top-column elementor-element elementor-element-2864131\" data-id=\"2864131\" data-element_type=\"column\">\n\t\t\t<div class=\"elementor-widget-wrap elementor-element-populated\">\n\t\t\t\t\t\t\t\t<div class=\"elementor-element elementor-element-6bbb37d elementor-widget elementor-widget-text-editor\" data-id=\"6bbb37d\" data-element_type=\"widget\" data-widget_type=\"text-editor.default\">\n\t\t\t\t<div class=\"elementor-widget-container\">\n\t\t\t\t\t\t\t<h2><strong>Natura, rutes i plans a l\u2019aire lliure<\/strong><\/h2><p>El terme municipal permet allargar el dia amb espais naturals que encaixen molt b\u00e9 en una escapada familiar.<strong> L\u2019Ullal Gran<\/strong> oferix una imatge fresca i serena, amb aigua i vegetaci\u00f3, perfecta per a qui busca un entorn tranquil. <strong>La Ruta dels Sentits<\/strong> proposa un recorregut suggeridor entre ecosistema dunar, marjal, paisatge agrari i entorn forestal.<\/p><p>Per a les fam\u00edlies que disfruten caminant, Tavernes tamb\u00e9 ofereix rutes i recorreguts amb molt d\u2019atractiu. Propostes com la <strong>Cova del Bolomor, les Creus o l\u2019Ombria<\/strong> permeten adaptar la jornada al ritme i a les ganes de cada grup. Ac\u00ed, el patrimoni tamb\u00e9 forma part del paisatge i del cam\u00ed: no apareix nom\u00e9s en edificis o espais urbans, sin\u00f3 tamb\u00e9 en llocs que ajuden a entendre millor la hist\u00f2ria, la identitat i la relaci\u00f3 que t\u00e9 amb el seu territori.<\/p><p>El <strong>Mirador del Mediterrani<\/strong> i la zona de<strong> Sant Lloren\u00e7<\/strong> afigen, a m\u00e9s, una dimensi\u00f3 molt especial a la visita, amb vistes obertes sobre la Valldigna i la mar. S\u00f3n llocs que amplien l\u2019experi\u00e8ncia i ajuden a descobrir Tavernes des d\u2019una altra perspectiva. A m\u00e9s, tant el Mirador com Sant Lloren\u00e7 encaixen molt b\u00e9 en plans c\u00f2modes, <strong>ja que tamb\u00e9 s\u2019hi pot accedir en cotxe.<\/strong><\/p>\t\t\t\t\t\t<\/div>\n\t\t\t\t<\/div>\n\t\t\t\t\t<\/div>\n\t\t<\/div>\n\t\t\t\t\t\t\t<\/div>\n\t\t<\/section>\n\t\t\t\t<section class=\"elementor-section elementor-top-section elementor-element elementor-element-8ed5e96 elementor-section-boxed elementor-section-height-default elementor-section-height-default\" data-id=\"8ed5e96\" data-element_type=\"section\">\n\t\t\t\t\t\t<div class=\"elementor-container elementor-column-gap-default\">\n\t\t\t\t\t<div class=\"elementor-column elementor-col-50 elementor-top-column elementor-element elementor-element-db206dd\" data-id=\"db206dd\" data-element_type=\"column\">\n\t\t\t<div class=\"elementor-widget-wrap elementor-element-populated\">\n\t\t\t\t\t\t\t\t<div class=\"elementor-element elementor-element-5a82141 elementor-widget elementor-widget-text-editor\" data-id=\"5a82141\" data-element_type=\"widget\" data-widget_type=\"text-editor.default\">\n\t\t\t\t<div class=\"elementor-widget-container\">\n\t\t\t\t\t\t\t<h2><strong>La platja, una prolongaci\u00f3 natural del dia<\/strong><\/h2><p><strong>La platja<\/strong> completa l\u2019experi\u00e8ncia amb un ritme distint, m\u00e9s obert i m\u00e9s llumin\u00f3s. Aporta amplitud, mar, passeig mar\u00edtim, servicis i un ambient familiar que convida a quedar-se sense mirar el rellotge. Ac\u00ed, el dia pot allargar-se amb naturalitat entre banys, passejos, terrasses, jocs i estones tranquil\u00b7les vora la mar.<\/p><p>La zona de platja reuneix comer\u00e7os, restaurants i espais pensats per a gaudir en fam\u00edlia, fet que la convertix en molt m\u00e9s que un lloc per a prendre el sol. En este entorn trobareu llocs com el parc del Llac, des d\u2019on es pot disfrutar de magn\u00edfiques vistes; el<strong> parc del Moll\u00f3<\/strong>, especialment agradable per a passejar, anar en bici o patinar; i el <strong>parc del Nord<\/strong>, que incorpora pistes de b\u00e0squet, futsal i un skate park on xiquets i adolescents poden jugar amb tranquil\u00b7litat.<\/p><p>En este paisatge litoral tamb\u00e9 apareix la <strong>Torre de Guaita<\/strong>, una de les imatges m\u00e9s recognoscibles de Tavernes vora la mar. La seua pres\u00e8ncia afig identitat a l\u2019entorn i recorda que la destinaci\u00f3 tamb\u00e9 conserva petjades de la seua hist\u00f2ria i de la seua relaci\u00f3 amb la costa. Esta combinaci\u00f3 de mar, passeig, oci, patrimoni i vida a l\u2019aire lliure fa que la platja es visca com una part activa, c\u00f2moda i molt agradable de l\u2019escapada.<\/p>\t\t\t\t\t\t<\/div>\n\t\t\t\t<\/div>\n\t\t\t\t\t<\/div>\n\t\t<\/div>\n\t\t\t\t<div class=\"elementor-column elementor-col-50 elementor-top-column elementor-element elementor-element-a16a2b1\" data-id=\"a16a2b1\" data-element_type=\"column\" data-settings=\"{&quot;background_background&quot;:&quot;classic&quot;}\">\n\t\t\t<div class=\"elementor-widget-wrap elementor-element-populated\">\n\t\t\t\t\t\t\t\t<div class=\"elementor-element elementor-element-7c0a6b1 elementor-widget elementor-widget-spacer\" data-id=\"7c0a6b1\" data-element_type=\"widget\" data-widget_type=\"spacer.default\">\n\t\t\t\t<div class=\"elementor-widget-container\">\n\t\t\t\t\t<div class=\"elementor-spacer\">\n\t\t\t<div class=\"elementor-spacer-inner\"><\/div>\n\t\t<\/div>\n\t\t\t\t<\/div>\n\t\t\t\t<\/div>\n\t\t\t\t\t<\/div>\n\t\t<\/div>\n\t\t\t\t\t\t\t<\/div>\n\t\t<\/section>\n\t\t\t\t<section class=\"elementor-section elementor-top-section elementor-element elementor-element-57e5dd4 elementor-section-boxed elementor-section-height-default elementor-section-height-default\" data-id=\"57e5dd4\" data-element_type=\"section\">\n\t\t\t\t\t\t<div class=\"elementor-container elementor-column-gap-default\">\n\t\t\t\t\t<div class=\"elementor-column elementor-col-50 elementor-top-column elementor-element elementor-element-80f2c3f\" data-id=\"80f2c3f\" data-element_type=\"column\" data-settings=\"{&quot;background_background&quot;:&quot;classic&quot;}\">\n\t\t\t<div class=\"elementor-widget-wrap elementor-element-populated\">\n\t\t\t\t\t\t\t\t<div class=\"elementor-element elementor-element-763f353 elementor-widget elementor-widget-spacer\" data-id=\"763f353\" data-element_type=\"widget\" data-widget_type=\"spacer.default\">\n\t\t\t\t<div class=\"elementor-widget-container\">\n\t\t\t\t\t<div class=\"elementor-spacer\">\n\t\t\t<div class=\"elementor-spacer-inner\"><\/div>\n\t\t<\/div>\n\t\t\t\t<\/div>\n\t\t\t\t<\/div>\n\t\t\t\t\t<\/div>\n\t\t<\/div>\n\t\t\t\t<div class=\"elementor-column elementor-col-50 elementor-top-column elementor-element elementor-element-32c29a3\" data-id=\"32c29a3\" data-element_type=\"column\">\n\t\t\t<div class=\"elementor-widget-wrap elementor-element-populated\">\n\t\t\t\t\t\t\t\t<div class=\"elementor-element elementor-element-483f0e5 elementor-widget elementor-widget-text-editor\" data-id=\"483f0e5\" data-element_type=\"widget\" data-widget_type=\"text-editor.default\">\n\t\t\t\t<div class=\"elementor-widget-container\">\n\t\t\t\t\t\t\t<h2><strong>Menjar b\u00e9 i gaudir de Tavernes de la Valldigna amb calma<\/strong><\/h2><p>La gastronomia tamb\u00e9 forma part del viatge i, a una escapada en fam\u00edlia es disfruta tamb\u00e9 a taula: amb un esmorzar t\u00edpic valenci\u00e0, <strong>un dinar amb arrossos de gran qualitat<\/strong>, una parada en una terrassa mentres els xiquets descansen o juguen, o un sopar per a tancar el dia sense presses.<\/p><p>L\u2019oferta de restauraci\u00f3 permet, a m\u00e9s, viure Tavernes de la Valldigna tant a la ciutat com a la platja, una circumst\u00e0ncia que refor\u00e7a eixa sensaci\u00f3 de <strong>destinaci\u00f3 c\u00f2moda i f\u00e0cil de gaudir.<\/strong> Menjar b\u00e9 forma part natural del pla.<\/p><p>A m\u00e9s, en eixos plans familiars en qu\u00e8 les mascotes tamb\u00e9 formen part del viatge, l\u2019ambient relaxat, la vida de terrassa i la comoditat de molts espais oberts fan que l\u2019experi\u00e8ncia resulte natural i agradable per a qui no ent\u00e9n una escapada sense el seu gos. Este car\u00e0cter <strong><em>pet friendly<\/em><\/strong> de molts locals de restauraci\u00f3, afig valor a la destinaci\u00f3 i refor\u00e7a una imatge de Tavernes pr\u00f2xima, flexible i acollidora.<\/p><p>Per a gaudir de l\u2019estada amb total tranquil\u00b7litat, \u00e9s recomanable tindre en compte la normativa vigent en el litoral, que regula l\u2019acc\u00e9s de mascotes a la platja, <strong>nom\u00e9s els gossos guia tenen acc\u00e9s a la platja.<\/strong> En este sentit, la localitat disposa de nombrosos espais i entorns on compartir moments amb els animals de companyia amb comoditat i seguretat.<\/p>\t\t\t\t\t\t<\/div>\n\t\t\t\t<\/div>\n\t\t\t\t\t<\/div>\n\t\t<\/div>\n\t\t\t\t\t\t\t<\/div>\n\t\t<\/section>\n\t\t\t\t<section class=\"elementor-section elementor-top-section elementor-element elementor-element-94c9ff9 elementor-reverse-mobile elementor-section-boxed elementor-section-height-default elementor-section-height-default\" data-id=\"94c9ff9\" data-element_type=\"section\">\n\t\t\t\t\t\t<div class=\"elementor-container elementor-column-gap-default\">\n\t\t\t\t\t<div class=\"elementor-column elementor-col-100 elementor-top-column elementor-element elementor-element-9ad47fc\" data-id=\"9ad47fc\" data-element_type=\"column\">\n\t\t\t<div class=\"elementor-widget-wrap elementor-element-populated\">\n\t\t\t\t\t\t\t\t<div class=\"elementor-element elementor-element-b5af977 elementor-widget elementor-widget-text-editor\" data-id=\"b5af977\" data-element_type=\"widget\" data-widget_type=\"text-editor.default\">\n\t\t\t\t<div class=\"elementor-widget-container\">\n\t\t\t\t\t\t\t<p>Tavernes en fam\u00edlia es disfruta precisament aix\u00ed: enlla\u00e7ant <strong>ciutat, platja, natura, bona taula i moments tranquil<\/strong>s en una mateixa destinaci\u00f3. Cada part aporta alguna cosa diferent, per\u00f2 totes encaixen amb naturalitat i fan que l\u2019escapada flu\u00efsca sense esfor\u00e7. Esta combinaci\u00f3 de <strong>comoditat, autenticitat i varietat<\/strong> \u00e9s el que convertix Tavernes en un lloc f\u00e0cil de gaudir i f\u00e0cil de recordar quan es viu en fam\u00edlia.<\/p>\t\t\t\t\t\t<\/div>\n\t\t\t\t<\/div>\n\t\t\t\t\t<\/div>\n\t\t<\/div>\n\t\t\t\t\t\t\t<\/div>\n\t\t<\/section>\n\t\t\t\t\t\t\t<\/div>\n\t\t","protected":false},"excerpt":{"rendered":"<p>Tavernes en fam\u00edlia Tavernes de la Valldigna en fam\u00edlia Una destinaci\u00f3 per a gaudir junts, sense presses Tavernes de la Valldigna \u00e9s un lloc per a gaudir en fam\u00edlia. Ciutat, platja i natura s\u2019enllacen ac\u00ed amb naturalitat i donen forma a plans senzills, agradables i variats per a compartir el dia al vostre ritme. Passejos [&hellip;]<\/p>\n","protected":false},"author":4,"featured_media":0,"parent":0,"menu_order":0,"comment_status":"closed","ping_status":"closed","template":"","meta":{"_acf_changed":false,"footnotes":""},"class_list":["post-17730","page","type-page","status-publish","hentry"],"acf":[],"_links":{"self":[{"href":"https:\/\/www.visitatavernes.es\/ca\/wp-json\/wp\/v2\/pages\/17730","targetHints":{"allow":["GET"]}}],"collection":[{"href":"https:\/\/www.visitatavernes.es\/ca\/wp-json\/wp\/v2\/pages"}],"about":[{"href":"https:\/\/www.visitatavernes.es\/ca\/wp-json\/wp\/v2\/types\/page"}],"author":[{"embeddable":true,"href":"https:\/\/www.visitatavernes.es\/ca\/wp-json\/wp\/v2\/users\/4"}],"replies":[{"embeddable":true,"href":"https:\/\/www.visitatavernes.es\/ca\/wp-json\/wp\/v2\/comments?post=17730"}],"version-history":[{"count":6,"href":"https:\/\/www.visitatavernes.es\/ca\/wp-json\/wp\/v2\/pages\/17730\/revisions"}],"predecessor-version":[{"id":18008,"href":"https:\/\/www.visitatavernes.es\/ca\/wp-json\/wp\/v2\/pages\/17730\/revisions\/18008"}],"wp:attachment":[{"href":"https:\/\/www.visitatavernes.es\/ca\/wp-json\/wp\/v2\/media?parent=17730"}],"curies":[{"name":"wp","href":"https:\/\/api.w.org\/{rel}","templated":true}]}}