{"id":17727,"date":"2026-04-14T13:03:26","date_gmt":"2026-04-14T13:03:26","guid":{"rendered":"https:\/\/www.visitatavernes.es\/?page_id=17727"},"modified":"2026-04-16T10:07:34","modified_gmt":"2026-04-16T10:07:34","slug":"allotjaments-i-campings-de-caravanes-tavernes-de-la-valldigna","status":"publish","type":"page","link":"https:\/\/www.visitatavernes.es\/ca\/allotjaments-i-campings-de-caravanes-tavernes-de-la-valldigna\/","title":{"rendered":"Allotjaments i campings de caravanes en Tavernes de la Valldigna"},"content":{"rendered":"\t\t<div data-elementor-type=\"wp-page\" data-elementor-id=\"17727\" class=\"elementor elementor-17727\" wpc-filter-elementor-widget=\"1\" data-elementor-post-type=\"page\">\n\t\t\t\t\t\t\t\t\t<section class=\"elementor-section elementor-top-section elementor-element elementor-element-593b63a elementor-section-full_width elementor-section-height-default elementor-section-height-default\" data-id=\"593b63a\" data-element_type=\"section\" data-settings=\"{&quot;shape_divider_bottom&quot;:&quot;waves&quot;}\">\n\t\t\t\t\t<div class=\"elementor-shape elementor-shape-bottom\" data-negative=\"false\">\n\t\t\t<svg xmlns=\"http:\/\/www.w3.org\/2000\/svg\" viewBox=\"0 0 1000 100\" preserveAspectRatio=\"none\">\n\t<path class=\"elementor-shape-fill\" d=\"M421.9,6.5c22.6-2.5,51.5,0.4,75.5,5.3c23.6,4.9,70.9,23.5,100.5,35.7c75.8,32.2,133.7,44.5,192.6,49.7\n\tc23.6,2.1,48.7,3.5,103.4-2.5c54.7-6,106.2-25.6,106.2-25.6V0H0v30.3c0,0,72,32.6,158.4,30.5c39.2-0.7,92.8-6.7,134-22.4\n\tc21.2-8.1,52.2-18.2,79.7-24.2C399.3,7.9,411.6,7.5,421.9,6.5z\"\/>\n<\/svg>\t\t<\/div>\n\t\t\t\t\t<div class=\"elementor-container elementor-column-gap-default\">\n\t\t\t\t\t<div class=\"elementor-column elementor-col-100 elementor-top-column elementor-element elementor-element-2380f24\" data-id=\"2380f24\" data-element_type=\"column\">\n\t\t\t<div class=\"elementor-widget-wrap elementor-element-populated\">\n\t\t\t\t\t\t\t\t<div class=\"elementor-element elementor-element-a4f8f1b elementor-widget__width-initial elementor--h-position-center elementor--v-position-middle elementor-widget elementor-widget-slides\" data-id=\"a4f8f1b\" data-element_type=\"widget\" data-settings=\"{&quot;navigation&quot;:&quot;none&quot;,&quot;transition&quot;:&quot;fade&quot;,&quot;transition_speed&quot;:500}\" data-widget_type=\"slides.default\">\n\t\t\t\t<div class=\"elementor-widget-container\">\n\t\t\t\t\t<div class=\"elementor-swiper\">\n\t\t\t<div class=\"elementor-slides-wrapper elementor-main-swiper swiper-container\" dir=\"ltr\" data-animation=\"fadeInUp\">\n\t\t\t\t<div class=\"swiper-wrapper elementor-slides\">\n\t\t\t\t\t\t\t\t\t\t<div class=\"elementor-repeater-item-2141c07 swiper-slide\"><div class=\"swiper-slide-bg\" role=\"img\"><\/div><div class=\"swiper-slide-inner\" ><div class=\"swiper-slide-contents\"><div class=\"elementor-slide-heading\">Allotjaments i campings de caravanes en Tavernes de la Valldigna<\/div><\/div><\/div><\/div>\t\t\t\t<\/div>\n\t\t\t\t\t\t\t<\/div>\n\t\t<\/div>\n\t\t\t\t<\/div>\n\t\t\t\t<\/div>\n\t\t\t\t\t<\/div>\n\t\t<\/div>\n\t\t\t\t\t\t\t<\/div>\n\t\t<\/section>\n\t\t\t\t<section class=\"elementor-section elementor-top-section elementor-element elementor-element-82733d8 elementor-section-boxed elementor-section-height-default elementor-section-height-default\" data-id=\"82733d8\" data-element_type=\"section\">\n\t\t\t\t\t\t<div class=\"elementor-container elementor-column-gap-default\">\n\t\t\t\t\t<div class=\"elementor-column elementor-col-50 elementor-top-column elementor-element elementor-element-b2fb1da\" data-id=\"b2fb1da\" data-element_type=\"column\">\n\t\t\t<div class=\"elementor-widget-wrap elementor-element-populated\">\n\t\t\t\t\t\t\t\t<div class=\"elementor-element elementor-element-fefd359 elementor-widget elementor-widget-text-editor\" data-id=\"fefd359\" data-element_type=\"widget\" data-widget_type=\"text-editor.default\">\n\t\t\t\t<div class=\"elementor-widget-container\">\n\t\t\t\t\t\t\t<p>Tavernes de la Valldigna disposa d\u2019una oferta d\u2019allotjaments tur\u00edstics variada i adaptada a diferents perfils de visitant. El municipi compta amb establiments situats tant a la zona de platja com al nucli urb\u00e0, cosa que permet triar entre una estada vora mar o una ubicaci\u00f3 m\u00e9s c\u00e8ntrica, pr\u00f2xima als serveis, comer\u00e7os i a l\u2019ambient quotidi\u00e0 de la localitat. Esta diversitat facilita que cada persona puga trobar una opci\u00f3 ajustada al tipus de viatge que desitja realitzar, ja siga una escapada de cap de setmana, unes vacances en fam\u00edlia o una estada de major duraci\u00f3.<\/p>\n<p>L\u2019oferta local inclou hotels, pensions, \u00e0rees camper i altres formats d\u2019allotjament tur\u00edstic que contribueixen a donar resposta a necessitats diferents de comoditat, localitzaci\u00f3 i tipus d\u2019estada. A la zona de platja predominen les opcions pensades per a qui busca gaudir del litoral, el passeig mar\u00edtim i l\u2019entorn natural, mentre que a Tavernes poble es concentren allotjaments m\u00e9s vinculats a la vida urbana del municipi i a una major proximitat amb els serveis i comer\u00e7os.<\/p>\n<p>A continuaci\u00f3 es recull una relaci\u00f3 d\u2019allotjaments tur\u00edstics situats a Tavernes de la Valldigna, amb l\u2019objectiu d\u2019oferir una refer\u00e8ncia \u00fatil i ordenada per a les persones que desitgen planificar la seua visita i con\u00e9ixer les diferents alternatives disponibles al municipi.<\/p>\t\t\t\t\t\t<\/div>\n\t\t\t\t<\/div>\n\t\t\t\t\t<\/div>\n\t\t<\/div>\n\t\t\t\t<div class=\"elementor-column elementor-col-50 elementor-top-column elementor-element elementor-element-2cf626c\" data-id=\"2cf626c\" data-element_type=\"column\" data-settings=\"{&quot;background_background&quot;:&quot;classic&quot;}\">\n\t\t\t<div class=\"elementor-widget-wrap\">\n\t\t\t\t\t\t\t\t\t<\/div>\n\t\t<\/div>\n\t\t\t\t\t\t\t<\/div>\n\t\t<\/section>\n\t\t\t\t<section class=\"elementor-section elementor-top-section elementor-element elementor-element-681ccf7 elementor-section-boxed elementor-section-height-default elementor-section-height-default\" data-id=\"681ccf7\" data-element_type=\"section\">\n\t\t\t\t\t\t<div class=\"elementor-container elementor-column-gap-default\">\n\t\t\t\t\t<div class=\"elementor-column elementor-col-100 elementor-top-column elementor-element elementor-element-fa26b97\" data-id=\"fa26b97\" data-element_type=\"column\">\n\t\t\t<div class=\"elementor-widget-wrap elementor-element-populated\">\n\t\t\t\t\t\t\t\t<div class=\"elementor-element elementor-element-de643f3 elementor-widget elementor-widget-heading\" data-id=\"de643f3\" data-element_type=\"widget\" data-widget_type=\"heading.default\">\n\t\t\t\t<div class=\"elementor-widget-container\">\n\t\t\t<h2 class=\"elementor-heading-title elementor-size-default\">Allotjaments i campings de caravanes en Tavernes de la Valldigna<\/h2>\t\t<\/div>\n\t\t\t\t<\/div>\n\t\t\t\t<div class=\"elementor-element elementor-element-5e315d3 elementor-widget-divider--view-line elementor-widget elementor-widget-divider\" data-id=\"5e315d3\" data-element_type=\"widget\" data-widget_type=\"divider.default\">\n\t\t\t\t<div class=\"elementor-widget-container\">\n\t\t\t\t\t<div class=\"elementor-divider\">\n\t\t\t<span class=\"elementor-divider-separator\">\n\t\t\t\t\t\t<\/span>\n\t\t<\/div>\n\t\t\t\t<\/div>\n\t\t\t\t<\/div>\n\t\t\t\t\t<\/div>\n\t\t<\/div>\n\t\t\t\t\t\t\t<\/div>\n\t\t<\/section>\n\t\t\t\t<section class=\"elementor-section elementor-top-section elementor-element elementor-element-802da65 elementor-section-boxed elementor-section-height-default elementor-section-height-default\" data-id=\"802da65\" data-element_type=\"section\">\n\t\t\t\t\t\t<div class=\"elementor-container elementor-column-gap-default\">\n\t\t\t\t\t<div class=\"elementor-column elementor-col-100 elementor-top-column elementor-element elementor-element-fa68df8\" data-id=\"fa68df8\" data-element_type=\"column\">\n\t\t\t<div class=\"elementor-widget-wrap elementor-element-populated\">\n\t\t\t\t\t\t\t\t<div class=\"elementor-element elementor-element-44a62b9 elementor-widget elementor-widget-html\" data-id=\"44a62b9\" data-element_type=\"widget\" data-widget_type=\"html.default\">\n\t\t\t\t<div class=\"elementor-widget-container\">\n\t\t\t<h3>Allotjaments a Tavernes de la Valldigna<\/h3>\r\n<ul>\r\n  <li><strong>Hotel Valldigna<\/strong> \u2014 Hotel \u2014 Carrer Metge Grau, 18, 46760 Tavernes de la Valldigna<\/li>\r\n  <li><strong>Rooms Avenida<\/strong> \u2014 Hostal \/ pensi\u00f3 \u2014 Carrer del Mol\u00ed, 2, 46760 Tavernes de la Valldigna<\/li>\r\n<\/ul>\r\n\r\n<h3>Allotjaments a la zona de platja<\/h3>\r\n<ul>\r\n  <li><strong>Ohana Beach \u00c1rea Camper<\/strong> \u2014 \u00c0rea camper \u2014 C. Mar, 8A, 46760 Tavernes de la Valldigna<\/li>\r\n  <li><strong>Camping Car La Finca<\/strong> \u2014 C\u00e0mping \/ \u00e0rea de caravanes \u2014 C. del Garb\u00ed, Sector 17, 46760 Tavernes de la Valldigna<\/li>\r\n  <li><strong>Villa Ursula<\/strong> \u2014 Hotel \u2014 Carrer Joan Martorell, 2, 46760 Tavernes de la Valldigna<\/li>\r\n  <li><strong>VMC Rooms<\/strong> \u2014 Allotjament \/ hotel \u2014 Passatge Jaume II-Platja, 21, 46760 Tavernes de la Valldigna<\/li>\r\n<\/ul>\r\n\r\n<p><em>La informaci\u00f3 mostrada pot estar subjecta a canvis. Es recomana consultar directament amb cada allotjament per a confirmar disponibilitat, serveis i dades actualitzades.<\/em><\/p>\t\t<\/div>\n\t\t\t\t<\/div>\n\t\t\t\t\t<\/div>\n\t\t<\/div>\n\t\t\t\t\t\t\t<\/div>\n\t\t<\/section>\n\t\t\t\t\t\t\t<\/div>\n\t\t","protected":false},"excerpt":{"rendered":"<p>Allotjaments i campings de caravanes en Tavernes de la Valldigna Tavernes de la Valldigna disposa d\u2019una oferta d\u2019allotjaments tur\u00edstics variada i adaptada a diferents perfils de visitant. El municipi compta amb establiments situats tant a la zona de platja com al nucli urb\u00e0, cosa que permet triar entre una estada vora mar o una ubicaci\u00f3 [&hellip;]<\/p>\n","protected":false},"author":4,"featured_media":0,"parent":0,"menu_order":0,"comment_status":"closed","ping_status":"closed","template":"","meta":{"_acf_changed":false,"footnotes":""},"class_list":["post-17727","page","type-page","status-publish","hentry"],"acf":[],"_links":{"self":[{"href":"https:\/\/www.visitatavernes.es\/ca\/wp-json\/wp\/v2\/pages\/17727","targetHints":{"allow":["GET"]}}],"collection":[{"href":"https:\/\/www.visitatavernes.es\/ca\/wp-json\/wp\/v2\/pages"}],"about":[{"href":"https:\/\/www.visitatavernes.es\/ca\/wp-json\/wp\/v2\/types\/page"}],"author":[{"embeddable":true,"href":"https:\/\/www.visitatavernes.es\/ca\/wp-json\/wp\/v2\/users\/4"}],"replies":[{"embeddable":true,"href":"https:\/\/www.visitatavernes.es\/ca\/wp-json\/wp\/v2\/comments?post=17727"}],"version-history":[{"count":6,"href":"https:\/\/www.visitatavernes.es\/ca\/wp-json\/wp\/v2\/pages\/17727\/revisions"}],"predecessor-version":[{"id":17790,"href":"https:\/\/www.visitatavernes.es\/ca\/wp-json\/wp\/v2\/pages\/17727\/revisions\/17790"}],"wp:attachment":[{"href":"https:\/\/www.visitatavernes.es\/ca\/wp-json\/wp\/v2\/media?parent=17727"}],"curies":[{"name":"wp","href":"https:\/\/api.w.org\/{rel}","templated":true}]}}