{"id":17725,"date":"2026-04-14T12:56:45","date_gmt":"2026-04-14T12:56:45","guid":{"rendered":"https:\/\/www.visitatavernes.es\/?page_id=17725"},"modified":"2026-04-16T08:26:19","modified_gmt":"2026-04-16T08:26:19","slug":"restaurants-a-tavernes-de-la-valldigna","status":"publish","type":"page","link":"https:\/\/www.visitatavernes.es\/ca\/restaurants-a-tavernes-de-la-valldigna\/","title":{"rendered":"Restaurants en Tavernes de la Valldigna"},"content":{"rendered":"\t\t<div data-elementor-type=\"wp-page\" data-elementor-id=\"17725\" class=\"elementor elementor-17725 elementor-17522\" wpc-filter-elementor-widget=\"1\" data-elementor-post-type=\"page\">\n\t\t\t\t\t\t\t\t\t<section class=\"elementor-section elementor-top-section elementor-element elementor-element-593b63a elementor-section-full_width elementor-section-height-default elementor-section-height-default\" data-id=\"593b63a\" data-element_type=\"section\" data-settings=\"{&quot;shape_divider_bottom&quot;:&quot;waves&quot;}\">\n\t\t\t\t\t<div class=\"elementor-shape elementor-shape-bottom\" data-negative=\"false\">\n\t\t\t<svg xmlns=\"http:\/\/www.w3.org\/2000\/svg\" viewBox=\"0 0 1000 100\" preserveAspectRatio=\"none\">\n\t<path class=\"elementor-shape-fill\" d=\"M421.9,6.5c22.6-2.5,51.5,0.4,75.5,5.3c23.6,4.9,70.9,23.5,100.5,35.7c75.8,32.2,133.7,44.5,192.6,49.7\n\tc23.6,2.1,48.7,3.5,103.4-2.5c54.7-6,106.2-25.6,106.2-25.6V0H0v30.3c0,0,72,32.6,158.4,30.5c39.2-0.7,92.8-6.7,134-22.4\n\tc21.2-8.1,52.2-18.2,79.7-24.2C399.3,7.9,411.6,7.5,421.9,6.5z\"\/>\n<\/svg>\t\t<\/div>\n\t\t\t\t\t<div class=\"elementor-container elementor-column-gap-default\">\n\t\t\t\t\t<div class=\"elementor-column elementor-col-100 elementor-top-column elementor-element elementor-element-2380f24\" data-id=\"2380f24\" data-element_type=\"column\">\n\t\t\t<div class=\"elementor-widget-wrap elementor-element-populated\">\n\t\t\t\t\t\t\t\t<div class=\"elementor-element elementor-element-a4f8f1b elementor-widget__width-initial elementor--h-position-center elementor--v-position-middle elementor-widget elementor-widget-slides\" data-id=\"a4f8f1b\" data-element_type=\"widget\" data-settings=\"{&quot;navigation&quot;:&quot;none&quot;,&quot;transition&quot;:&quot;fade&quot;,&quot;transition_speed&quot;:500}\" data-widget_type=\"slides.default\">\n\t\t\t\t<div class=\"elementor-widget-container\">\n\t\t\t\t\t<div class=\"elementor-swiper\">\n\t\t\t<div class=\"elementor-slides-wrapper elementor-main-swiper swiper-container\" dir=\"ltr\" data-animation=\"fadeInUp\">\n\t\t\t\t<div class=\"swiper-wrapper elementor-slides\">\n\t\t\t\t\t\t\t\t\t\t<div class=\"elementor-repeater-item-2141c07 swiper-slide\"><div class=\"swiper-slide-bg\" role=\"img\"><\/div><div class=\"swiper-slide-inner\" ><div class=\"swiper-slide-contents\"><div class=\"elementor-slide-heading\">Restaurants en Tavernes de la Valldigna<\/div><\/div><\/div><\/div>\t\t\t\t<\/div>\n\t\t\t\t\t\t\t<\/div>\n\t\t<\/div>\n\t\t\t\t<\/div>\n\t\t\t\t<\/div>\n\t\t\t\t\t<\/div>\n\t\t<\/div>\n\t\t\t\t\t\t\t<\/div>\n\t\t<\/section>\n\t\t\t\t<section class=\"elementor-section elementor-top-section elementor-element elementor-element-82733d8 elementor-section-boxed elementor-section-height-default elementor-section-height-default\" data-id=\"82733d8\" data-element_type=\"section\">\n\t\t\t\t\t\t<div class=\"elementor-container elementor-column-gap-default\">\n\t\t\t\t\t<div class=\"elementor-column elementor-col-50 elementor-top-column elementor-element elementor-element-b2fb1da\" data-id=\"b2fb1da\" data-element_type=\"column\">\n\t\t\t<div class=\"elementor-widget-wrap elementor-element-populated\">\n\t\t\t\t\t\t\t\t<div class=\"elementor-element elementor-element-fefd359 elementor-widget elementor-widget-text-editor\" data-id=\"fefd359\" data-element_type=\"widget\" data-widget_type=\"text-editor.default\">\n\t\t\t\t<div class=\"elementor-widget-container\">\n\t\t\t\t\t\t\t<p>Descobrir on menjar al poble de Tavernes de la Valldigna \u00e9s endinsar-se en una oferta gastron\u00f2mica variada i molt lligada a la tradici\u00f3 local. Als seus carrers trobar\u00e0s des de bars de tota la vida fins a restaurants amb propostes m\u00e9s actuals, on conviuen la cuina valenciana, els arrossos, les tapes i opcions per a tots els gustos.<\/p>\n<p>L\u2019experi\u00e8ncia gastron\u00f2mica al nucli urb\u00e0 va m\u00e9s enll\u00e0 del menjar: forma part del ritme diari del municipi. L\u2019esmorzar t\u00edpic, els dinars familiars, els sopars tranquils o les trobades entre amics es viuen en un ambient proper i aut\u00e8ntic, on cada local t\u00e9 el seu propi car\u00e0cter.<\/p>\n<p>Tant si busques un lloc on gaudir de la cuina tradicional com si prefereixes un pla m\u00e9s informal, el poble de Tavernes de la Valldigna ofereix alternatives per a qualsevol moment. En esta secci\u00f3 et presentem una selecci\u00f3 de llocs on podr\u00e0s con\u00e9ixer de prop la seua gastronomia i l\u2019ambient que els fa \u00fanics.<\/p>\t\t\t\t\t\t<\/div>\n\t\t\t\t<\/div>\n\t\t\t\t\t<\/div>\n\t\t<\/div>\n\t\t\t\t<div class=\"elementor-column elementor-col-50 elementor-top-column elementor-element elementor-element-2cf626c\" data-id=\"2cf626c\" data-element_type=\"column\" data-settings=\"{&quot;background_background&quot;:&quot;classic&quot;}\">\n\t\t\t<div class=\"elementor-widget-wrap\">\n\t\t\t\t\t\t\t\t\t<\/div>\n\t\t<\/div>\n\t\t\t\t\t\t\t<\/div>\n\t\t<\/section>\n\t\t\t\t<section class=\"elementor-section elementor-top-section elementor-element elementor-element-681ccf7 elementor-section-boxed elementor-section-height-default elementor-section-height-default\" data-id=\"681ccf7\" data-element_type=\"section\">\n\t\t\t\t\t\t<div class=\"elementor-container elementor-column-gap-default\">\n\t\t\t\t\t<div class=\"elementor-column elementor-col-100 elementor-top-column elementor-element elementor-element-fa26b97\" data-id=\"fa26b97\" data-element_type=\"column\">\n\t\t\t<div class=\"elementor-widget-wrap elementor-element-populated\">\n\t\t\t\t\t\t\t\t<div class=\"elementor-element elementor-element-de643f3 elementor-widget elementor-widget-heading\" data-id=\"de643f3\" data-element_type=\"widget\" data-widget_type=\"heading.default\">\n\t\t\t\t<div class=\"elementor-widget-container\">\n\t\t\t<h2 class=\"elementor-heading-title elementor-size-default\">Restaurants en Tavernes de la Valldigna<\/h2>\t\t<\/div>\n\t\t\t\t<\/div>\n\t\t\t\t<div class=\"elementor-element elementor-element-5e315d3 elementor-widget-divider--view-line elementor-widget elementor-widget-divider\" data-id=\"5e315d3\" data-element_type=\"widget\" data-widget_type=\"divider.default\">\n\t\t\t\t<div class=\"elementor-widget-container\">\n\t\t\t\t\t<div class=\"elementor-divider\">\n\t\t\t<span class=\"elementor-divider-separator\">\n\t\t\t\t\t\t<\/span>\n\t\t<\/div>\n\t\t\t\t<\/div>\n\t\t\t\t<\/div>\n\t\t\t\t\t<\/div>\n\t\t<\/div>\n\t\t\t\t\t\t\t<\/div>\n\t\t<\/section>\n\t\t\t\t<section class=\"elementor-section elementor-top-section elementor-element elementor-element-c8e1086 elementor-section-boxed elementor-section-height-default elementor-section-height-default\" data-id=\"c8e1086\" data-element_type=\"section\">\n\t\t\t\t\t\t<div class=\"elementor-container elementor-column-gap-default\">\n\t\t\t\t\t<div class=\"elementor-column elementor-col-100 elementor-top-column elementor-element elementor-element-37d3c12\" data-id=\"37d3c12\" data-element_type=\"column\">\n\t\t\t<div class=\"elementor-widget-wrap elementor-element-populated\">\n\t\t\t\t\t\t\t\t<div class=\"elementor-element elementor-element-f6008aa elementor-widget elementor-widget-text-editor\" data-id=\"f6008aa\" data-element_type=\"widget\" data-widget_type=\"text-editor.default\">\n\t\t\t\t<div class=\"elementor-widget-container\">\n\t\t\t\t\t\t\t<p><strong>Llistat de restaurants<\/strong><\/p>\n<ul>\n<li>Aires del Sur<\/li>\n<li>Bar Angel<\/li>\n<li>Bar Els Amics<\/li>\n<li>Bar La cosa nostra<\/li>\n<li><span style=\"background-color: transparent;\">Bar Restaurant Astim<\/span><\/li>\n<li>Bar Tapas Cristal<\/li>\n<li style=\"font-size: 16px;\">Bar Murciano<\/li>\n<li>Ca Saoret<\/li>\n<li style=\"font-size: 16px;\">Cervesseria Garatge<\/li>\n<li>Exqsa Perfecta &#8211; Passeig<\/li>\n<li>La Casa Viva<\/li>\n<li>La cepa andaluza<\/li>\n<li>Legends<\/li>\n<li>Pizzeria La Vall Expr\u00e9s<\/li>\n<li>Pizzer\u00eda Tropical<\/li>\n<li>Restaurane 5 Hermanas<\/li>\n<li>Restaurant Bar Pizzeria Anais<\/li>\n<li>Restaurant Chino Gran Muralla<\/li>\n<li>Restaurant Club de Tenis Valldigna<\/li>\n<li>Restaurant Delicias<\/li>\n<li>Restaurant pizzer\u00eda Ibis<\/li>\n<li>Restaurant Mei Zhou<\/li>\n<li>Restaurant V\u00edctor<\/li>\n<li>Rustiks<\/li>\n<li>Super Pizza<\/li>\n<li>The Black Burger<\/li>\n<\/ul>\t\t\t\t\t\t<\/div>\n\t\t\t\t<\/div>\n\t\t\t\t\t<\/div>\n\t\t<\/div>\n\t\t\t\t\t\t\t<\/div>\n\t\t<\/section>\n\t\t\t\t\t\t\t<\/div>\n\t\t","protected":false},"excerpt":{"rendered":"<p>Restaurants en Tavernes de la Valldigna Descobrir on menjar al poble de Tavernes de la Valldigna \u00e9s endinsar-se en una oferta gastron\u00f2mica variada i molt lligada a la tradici\u00f3 local. Als seus carrers trobar\u00e0s des de bars de tota la vida fins a restaurants amb propostes m\u00e9s actuals, on conviuen la cuina valenciana, els arrossos, [&hellip;]<\/p>\n","protected":false},"author":4,"featured_media":0,"parent":0,"menu_order":0,"comment_status":"closed","ping_status":"closed","template":"","meta":{"_acf_changed":false,"footnotes":""},"class_list":["post-17725","page","type-page","status-publish","hentry"],"acf":[],"_links":{"self":[{"href":"https:\/\/www.visitatavernes.es\/ca\/wp-json\/wp\/v2\/pages\/17725","targetHints":{"allow":["GET"]}}],"collection":[{"href":"https:\/\/www.visitatavernes.es\/ca\/wp-json\/wp\/v2\/pages"}],"about":[{"href":"https:\/\/www.visitatavernes.es\/ca\/wp-json\/wp\/v2\/types\/page"}],"author":[{"embeddable":true,"href":"https:\/\/www.visitatavernes.es\/ca\/wp-json\/wp\/v2\/users\/4"}],"replies":[{"embeddable":true,"href":"https:\/\/www.visitatavernes.es\/ca\/wp-json\/wp\/v2\/comments?post=17725"}],"version-history":[{"count":5,"href":"https:\/\/www.visitatavernes.es\/ca\/wp-json\/wp\/v2\/pages\/17725\/revisions"}],"predecessor-version":[{"id":17783,"href":"https:\/\/www.visitatavernes.es\/ca\/wp-json\/wp\/v2\/pages\/17725\/revisions\/17783"}],"wp:attachment":[{"href":"https:\/\/www.visitatavernes.es\/ca\/wp-json\/wp\/v2\/media?parent=17725"}],"curies":[{"name":"wp","href":"https:\/\/api.w.org\/{rel}","templated":true}]}}