{"id":17723,"date":"2026-04-14T13:00:23","date_gmt":"2026-04-14T13:00:23","guid":{"rendered":"https:\/\/www.visitatavernes.es\/?page_id=17723"},"modified":"2026-04-16T10:01:59","modified_gmt":"2026-04-16T10:01:59","slug":"restaurants-en-platja-de-tavernes-de-la-valldigna","status":"publish","type":"page","link":"https:\/\/www.visitatavernes.es\/ca\/restaurants-en-platja-de-tavernes-de-la-valldigna\/","title":{"rendered":"Restaurants en platja de Tavernes de la Valldigna"},"content":{"rendered":"\t\t<div data-elementor-type=\"wp-page\" data-elementor-id=\"17723\" class=\"elementor elementor-17723\" wpc-filter-elementor-widget=\"1\" data-elementor-post-type=\"page\">\n\t\t\t\t\t\t\t\t\t<section class=\"elementor-section elementor-top-section elementor-element elementor-element-593b63a elementor-section-full_width elementor-section-height-default elementor-section-height-default\" data-id=\"593b63a\" data-element_type=\"section\" data-settings=\"{&quot;shape_divider_bottom&quot;:&quot;waves&quot;}\">\n\t\t\t\t\t<div class=\"elementor-shape elementor-shape-bottom\" data-negative=\"false\">\n\t\t\t<svg xmlns=\"http:\/\/www.w3.org\/2000\/svg\" viewBox=\"0 0 1000 100\" preserveAspectRatio=\"none\">\n\t<path class=\"elementor-shape-fill\" d=\"M421.9,6.5c22.6-2.5,51.5,0.4,75.5,5.3c23.6,4.9,70.9,23.5,100.5,35.7c75.8,32.2,133.7,44.5,192.6,49.7\n\tc23.6,2.1,48.7,3.5,103.4-2.5c54.7-6,106.2-25.6,106.2-25.6V0H0v30.3c0,0,72,32.6,158.4,30.5c39.2-0.7,92.8-6.7,134-22.4\n\tc21.2-8.1,52.2-18.2,79.7-24.2C399.3,7.9,411.6,7.5,421.9,6.5z\"\/>\n<\/svg>\t\t<\/div>\n\t\t\t\t\t<div class=\"elementor-container elementor-column-gap-default\">\n\t\t\t\t\t<div class=\"elementor-column elementor-col-100 elementor-top-column elementor-element elementor-element-2380f24\" data-id=\"2380f24\" data-element_type=\"column\">\n\t\t\t<div class=\"elementor-widget-wrap elementor-element-populated\">\n\t\t\t\t\t\t\t\t<div class=\"elementor-element elementor-element-a4f8f1b elementor-widget__width-initial elementor--h-position-center elementor--v-position-middle elementor-widget elementor-widget-slides\" data-id=\"a4f8f1b\" data-element_type=\"widget\" data-settings=\"{&quot;navigation&quot;:&quot;none&quot;,&quot;transition&quot;:&quot;fade&quot;,&quot;transition_speed&quot;:500}\" data-widget_type=\"slides.default\">\n\t\t\t\t<div class=\"elementor-widget-container\">\n\t\t\t\t\t<div class=\"elementor-swiper\">\n\t\t\t<div class=\"elementor-slides-wrapper elementor-main-swiper swiper-container\" dir=\"ltr\" data-animation=\"fadeInUp\">\n\t\t\t\t<div class=\"swiper-wrapper elementor-slides\">\n\t\t\t\t\t\t\t\t\t\t<div class=\"elementor-repeater-item-2141c07 swiper-slide\"><div class=\"swiper-slide-bg\" role=\"img\"><\/div><div class=\"swiper-slide-inner\" ><div class=\"swiper-slide-contents\"><div class=\"elementor-slide-heading\">Restaurants en platja Tavernes de la Valldigna<\/div><\/div><\/div><\/div>\t\t\t\t<\/div>\n\t\t\t\t\t\t\t<\/div>\n\t\t<\/div>\n\t\t\t\t<\/div>\n\t\t\t\t<\/div>\n\t\t\t\t\t<\/div>\n\t\t<\/div>\n\t\t\t\t\t\t\t<\/div>\n\t\t<\/section>\n\t\t\t\t<section class=\"elementor-section elementor-top-section elementor-element elementor-element-82733d8 elementor-section-boxed elementor-section-height-default elementor-section-height-default\" data-id=\"82733d8\" data-element_type=\"section\">\n\t\t\t\t\t\t<div class=\"elementor-container elementor-column-gap-default\">\n\t\t\t\t\t<div class=\"elementor-column elementor-col-50 elementor-top-column elementor-element elementor-element-b2fb1da\" data-id=\"b2fb1da\" data-element_type=\"column\">\n\t\t\t<div class=\"elementor-widget-wrap elementor-element-populated\">\n\t\t\t\t\t\t\t\t<div class=\"elementor-element elementor-element-fefd359 elementor-widget elementor-widget-text-editor\" data-id=\"fefd359\" data-element_type=\"widget\" data-widget_type=\"text-editor.default\">\n\t\t\t\t<div class=\"elementor-widget-container\">\n\t\t\t\t\t\t\t<p>Si est\u00e0s buscant on menjar a la platja de Tavernes de la Valldigna, ac\u00ed trobar\u00e0s una selecci\u00f3 de locals i restaurants per a gaudir d\u2019una experi\u00e8ncia gastron\u00f2mica \u00fanica vora mar. L\u2019oferta de la platja de Tavernes de la Valldigna combina cuina mediterr\u00e0nia, arrossos, tapes, propostes internacionals, beach clubs, xiringuitos i espais amb encant per a tots els gustos.<\/p>\n<p>Esmorzar, dinar o sopar a la platja de Tavernes de la Valldigna \u00e9s molt m\u00e9s que asseure\u2019s a taula: \u00e9s assaborir el Mediterrani en un entorn privilegiat, descobrir ambients diferents i triar en cada moment el pla que millor s\u2019adapta a tu. Des de restaurants ideals per a un dinar en fam\u00edlia fins a terrasses per a un sopar en parella, locals perfectes per a compartir amb amics o espais on gaudir del tardeig i l\u2019ambient d\u2019estiu, la platja de Tavernes ofereix opcions per a cada ocasi\u00f3.<\/p>\n<p>En este apartat et mostrem alguns dels millors llocs on menjar a la platja de Tavernes de la Valldigna, amb propostes pensades perqu\u00e8 descobrisques el seu ambient, la seua personalitat i tot el que poden oferir-te durant la teua visita.<\/p>\t\t\t\t\t\t<\/div>\n\t\t\t\t<\/div>\n\t\t\t\t\t<\/div>\n\t\t<\/div>\n\t\t\t\t<div class=\"elementor-column elementor-col-50 elementor-top-column elementor-element elementor-element-2cf626c\" data-id=\"2cf626c\" data-element_type=\"column\" data-settings=\"{&quot;background_background&quot;:&quot;classic&quot;}\">\n\t\t\t<div class=\"elementor-widget-wrap\">\n\t\t\t\t\t\t\t\t\t<\/div>\n\t\t<\/div>\n\t\t\t\t\t\t\t<\/div>\n\t\t<\/section>\n\t\t\t\t<section class=\"elementor-section elementor-top-section elementor-element elementor-element-681ccf7 elementor-section-boxed elementor-section-height-default elementor-section-height-default\" data-id=\"681ccf7\" data-element_type=\"section\">\n\t\t\t\t\t\t<div class=\"elementor-container elementor-column-gap-default\">\n\t\t\t\t\t<div class=\"elementor-column elementor-col-100 elementor-top-column elementor-element elementor-element-fa26b97\" data-id=\"fa26b97\" data-element_type=\"column\">\n\t\t\t<div class=\"elementor-widget-wrap elementor-element-populated\">\n\t\t\t\t\t\t\t\t<div class=\"elementor-element elementor-element-de643f3 elementor-widget elementor-widget-heading\" data-id=\"de643f3\" data-element_type=\"widget\" data-widget_type=\"heading.default\">\n\t\t\t\t<div class=\"elementor-widget-container\">\n\t\t\t<h2 class=\"elementor-heading-title elementor-size-default\">Restaurants en Tavernes de la Valldigna<\/h2>\t\t<\/div>\n\t\t\t\t<\/div>\n\t\t\t\t<div class=\"elementor-element elementor-element-5e315d3 elementor-widget-divider--view-line elementor-widget elementor-widget-divider\" data-id=\"5e315d3\" data-element_type=\"widget\" data-widget_type=\"divider.default\">\n\t\t\t\t<div class=\"elementor-widget-container\">\n\t\t\t\t\t<div class=\"elementor-divider\">\n\t\t\t<span class=\"elementor-divider-separator\">\n\t\t\t\t\t\t<\/span>\n\t\t<\/div>\n\t\t\t\t<\/div>\n\t\t\t\t<\/div>\n\t\t\t\t\t<\/div>\n\t\t<\/div>\n\t\t\t\t\t\t\t<\/div>\n\t\t<\/section>\n\t\t\t\t<section class=\"elementor-section elementor-top-section elementor-element elementor-element-c8e1086 elementor-section-boxed elementor-section-height-default elementor-section-height-default\" data-id=\"c8e1086\" data-element_type=\"section\">\n\t\t\t\t\t\t<div class=\"elementor-container elementor-column-gap-default\">\n\t\t\t\t\t<div class=\"elementor-column elementor-col-100 elementor-top-column elementor-element elementor-element-37d3c12\" data-id=\"37d3c12\" data-element_type=\"column\">\n\t\t\t<div class=\"elementor-widget-wrap elementor-element-populated\">\n\t\t\t\t\t\t\t\t<div class=\"elementor-element elementor-element-f6008aa elementor-widget elementor-widget-text-editor\" data-id=\"f6008aa\" data-element_type=\"widget\" data-widget_type=\"text-editor.default\">\n\t\t\t\t<div class=\"elementor-widget-container\">\n\t\t\t\t\t\t\t<ul data-start=\"779\" data-end=\"1384\">\n<li data-section-id=\"11ragfp\" data-start=\"802\" data-end=\"813\">Baladre<\/li>\n<li data-section-id=\"h6m78e\" data-start=\"814\" data-end=\"851\">Bar Restaurant Calipso<\/li>\n<li data-section-id=\"199lqu7\" data-start=\"852\" data-end=\"890\">Restaurant Macario<\/li>\n<li data-section-id=\"1dnpppt\" data-start=\"891\" data-end=\"916\">Casablanca Beer&amp;Grill<\/li>\n<li data-section-id=\"hlw75p\" data-start=\"917\" data-end=\"944\">Cervecer\u00eda Los Delfines<\/li>\n<li data-section-id=\"uu88tp\" data-start=\"972\" data-end=\"989\">Dall\u2019Italiano<\/li>\n<li data-section-id=\"s5iyb2\" data-start=\"990\" data-end=\"1014\">Domojito Chiringuito<\/li>\n<li data-section-id=\"ypda1y\" data-start=\"1015\" data-end=\"1035\">El Fog\u00f3n de More<\/li>\n<li data-section-id=\"1up553v\" data-start=\"1050\" data-end=\"1069\">Haveli Tavernes<\/li>\n<li data-section-id=\"15aar8r\" data-start=\"1070\" data-end=\"1086\">Karibu Playa<\/li>\n<li data-section-id=\"8u70pp\" data-start=\"1087\" data-end=\"1113\">La Bombonera Gastrobar<\/li>\n<li data-section-id=\"zxxtac\" data-start=\"1114\" data-end=\"1133\">La Gallina Loca<\/li>\n<li data-section-id=\"h5c5jp\" data-start=\"1134\" data-end=\"1161\">La Mordidita Beach Club<\/li>\n<li data-section-id=\"1me9r6e\" data-start=\"1162\" data-end=\"1183\">L\u2019Excusa Perfecta<\/li>\n<li data-section-id=\"2fesrw\" data-start=\"1184\" data-end=\"1214\">N\u00f2mada Lounge &amp; Restaurant<\/li>\n<li data-section-id=\"dye47j\" data-start=\"1215\" data-end=\"1249\">Restaurant Altamar<\/li>\n<li data-section-id=\"18714mp\" data-start=\"1250\" data-end=\"1287\">Restaurant El Medi \/ Mediterrani<\/li>\n<li data-section-id=\"1hsa8b1\" data-start=\"1288\" data-end=\"1312\"><a href=\"https:\/\/www.visitatavernes.es\/restaurante-les-ones\/\">Restaurant Les Ones<\/a><\/li>\n<li data-section-id=\"1vkxu72\" data-start=\"1313\" data-end=\"1338\"><a href=\"https:\/\/www.visitatavernes.es\/restaurante-luna-park\/\">Restaurant Luna Park<\/a><\/li>\n<li data-section-id=\"hz30n3\" data-start=\"1339\" data-end=\"1367\">Restaurant San Bernardo<\/li>\n<\/ul>\t\t\t\t\t\t<\/div>\n\t\t\t\t<\/div>\n\t\t\t\t\t<\/div>\n\t\t<\/div>\n\t\t\t\t\t\t\t<\/div>\n\t\t<\/section>\n\t\t\t\t\t\t\t<\/div>\n\t\t","protected":false},"excerpt":{"rendered":"<p>Restaurants en platja Tavernes de la Valldigna Si est\u00e0s buscant on menjar a la platja de Tavernes de la Valldigna, ac\u00ed trobar\u00e0s una selecci\u00f3 de locals i restaurants per a gaudir d\u2019una experi\u00e8ncia gastron\u00f2mica \u00fanica vora mar. L\u2019oferta de la platja de Tavernes de la Valldigna combina cuina mediterr\u00e0nia, arrossos, tapes, propostes internacionals, beach clubs, [&hellip;]<\/p>\n","protected":false},"author":4,"featured_media":0,"parent":0,"menu_order":0,"comment_status":"closed","ping_status":"closed","template":"","meta":{"_acf_changed":false,"footnotes":""},"class_list":["post-17723","page","type-page","status-publish","hentry"],"acf":[],"_links":{"self":[{"href":"https:\/\/www.visitatavernes.es\/ca\/wp-json\/wp\/v2\/pages\/17723","targetHints":{"allow":["GET"]}}],"collection":[{"href":"https:\/\/www.visitatavernes.es\/ca\/wp-json\/wp\/v2\/pages"}],"about":[{"href":"https:\/\/www.visitatavernes.es\/ca\/wp-json\/wp\/v2\/types\/page"}],"author":[{"embeddable":true,"href":"https:\/\/www.visitatavernes.es\/ca\/wp-json\/wp\/v2\/users\/4"}],"replies":[{"embeddable":true,"href":"https:\/\/www.visitatavernes.es\/ca\/wp-json\/wp\/v2\/comments?post=17723"}],"version-history":[{"count":5,"href":"https:\/\/www.visitatavernes.es\/ca\/wp-json\/wp\/v2\/pages\/17723\/revisions"}],"predecessor-version":[{"id":17963,"href":"https:\/\/www.visitatavernes.es\/ca\/wp-json\/wp\/v2\/pages\/17723\/revisions\/17963"}],"wp:attachment":[{"href":"https:\/\/www.visitatavernes.es\/ca\/wp-json\/wp\/v2\/media?parent=17723"}],"curies":[{"name":"wp","href":"https:\/\/api.w.org\/{rel}","templated":true}]}}