{"id":177,"date":"2015-12-29T12:44:08","date_gmt":"2015-12-29T12:44:08","guid":{"rendered":"https:\/\/visitatavernes.es\/?page_id=177"},"modified":"2021-01-28T11:08:52","modified_gmt":"2021-01-28T11:08:52","slug":"com-arribar-2","status":"publish","type":"page","link":"https:\/\/www.visitatavernes.es\/ca\/com-arribar-2\/","title":{"rendered":"COM ARRIBAR-HI"},"content":{"rendered":"<h3><span style=\"color: #000000;\">Per carretera i ferrocarril.<\/span><\/h3>\n<p>&nbsp;<\/p>\n<h5 style=\"text-align: justify;\"><span style=\"color: #000000;\">Des de Val\u00e8ncia (50 Km): Per la carretera nacional N-332. Per la carretera nacional (autovia) N-430 fins a Alzira. Despr\u00e9s CV-50. Per l&#8217;autopista AP-7 (eixida Favara\/Cullera\/Tavernes). Amb ferrocarril mitjan\u00e7ant els trens de rodalia RENFE de la l\u00ednia C-1 Gandia-Val\u00e8ncia.<\/span><\/h5>\n<p>&nbsp;<\/p>\n<h5><span style=\"color: #0000ff;\"><em><span style=\"text-decoration: underline;\"><a style=\"color: #0000ff; text-decoration: underline;\" href=\"http:\/\/www.renfe.com\/viajeros\/cercanias\/valencia\/index.html\" target=\"_blank\" rel=\"noopener\">HORARI RENFE RODALIA<\/a><\/span><\/em><\/span><\/h5>\n<p>&nbsp;<\/p>\n<h5 style=\"text-align: justify;\"><span style=\"color: #000000;\">Des d&#8217;Alacant (116 Km): Per la carretera nacional N-332. Per l&#8217;autopista AP-7 (eixida Xeresa\/Xeraco\/Tavernes).<\/span><\/h5>\n<h5 style=\"text-align: justify;\"><span style=\"color: #000000;\">Des de Barcelona (416 Km): Per l&#8217;autopista AP-7 o la carretera N-332. Amb ferrocarril mitjan\u00e7ant els trens Euromed o regionals destinaci\u00f3 Val\u00e8ncia. Despr\u00e9s, amb la l\u00ednia de rodalia C-1.<\/span><\/h5>\n<p>&nbsp;<\/p>\n<h5><em><span style=\"text-decoration: underline; color: #0000ff;\"><a style=\"color: #0000ff; text-decoration: underline;\" href=\"http:\/\/www.euromedbarcelonavalencia.es\/horarios-euromed-barcelona-valencia.html\" target=\"_blank\" rel=\"noopener\">HORARI EUROMED BARCELONA-VAL\u00c8NCIA<\/a><\/span><\/em><\/h5>\n<p>&nbsp;<\/p>\n<h5 style=\"text-align: justify;\"><span style=\"color: #000000;\">Des de Madrid (400 Km): Autovia A-3 (Per Val\u00e8ncia o per Albacete\/X\u00e0tiva). Amb ferrocarril mitjan\u00e7ant els trens AVE o els trens regionals destinaci\u00f3 Val\u00e8ncia. Despr\u00e9s, amb la l\u00ednia de rodalia C-1.<\/span><\/h5>\n<h5><\/h5>\n<p>&nbsp;<\/p>\n<h5><span style=\"color: #0000ff;\"><em><span style=\"text-decoration: underline;\"><a style=\"color: #0000ff; text-decoration: underline;\" href=\"http:\/\/www.renfe.com\/viajeros\/larga_distancia\/productos\/\" target=\"_blank\" rel=\"noopener\">HORARI AVE MADRID-VAL\u00c8NCIA<\/a><\/span><\/em><\/span><\/h5>\n<h5><\/h5>\n<p>&nbsp;<\/p>\n<h3><span style=\"color: #000000;\">Des dels aeroports.<br \/>\n<\/span><\/h3>\n<h5><\/h5>\n<p>&nbsp;<\/p>\n<h5 style=\"text-align: justify;\"><span style=\"color: #000000;\">Tavernes de la Valldigna est\u00e0 situada a 65 Km de l&#8217;Aeroport de Manises (Val\u00e8ncia) i a 140 Km de l&#8217;Aeroport de L&#8217;Altet a Alacant.<\/span><\/h5>\n<p>&nbsp;<\/p>\n<p style=\"text-align: center;\">[wpgmza id=&#8221;1&#8243;]<\/p>\n<h3><span style=\"color: #000000;\">\u00a0<\/span><\/h3>\n<p>&nbsp;<\/p>\n","protected":false},"excerpt":{"rendered":"<p>Per carretera i ferrocarril. &nbsp; Des de Val\u00e8ncia (50 Km): Per la carretera nacional N-332. Per la carretera nacional (autovia) N-430 fins a Alzira. Despr\u00e9s CV-50. Per l&#8217;autopista AP-7 (eixida Favara\/Cullera\/Tavernes). Amb ferrocarril mitjan\u00e7ant els trens de rodalia RENFE de la l\u00ednia C-1 Gandia-Val\u00e8ncia. &nbsp; HORARI RENFE RODALIA &nbsp; Des d&#8217;Alacant (116 Km): Per la [&hellip;]<\/p>\n","protected":false},"author":1,"featured_media":0,"parent":0,"menu_order":0,"comment_status":"closed","ping_status":"closed","template":"","meta":{"_acf_changed":false,"footnotes":""},"class_list":["post-177","page","type-page","status-publish","hentry"],"acf":[],"_links":{"self":[{"href":"https:\/\/www.visitatavernes.es\/ca\/wp-json\/wp\/v2\/pages\/177","targetHints":{"allow":["GET"]}}],"collection":[{"href":"https:\/\/www.visitatavernes.es\/ca\/wp-json\/wp\/v2\/pages"}],"about":[{"href":"https:\/\/www.visitatavernes.es\/ca\/wp-json\/wp\/v2\/types\/page"}],"author":[{"embeddable":true,"href":"https:\/\/www.visitatavernes.es\/ca\/wp-json\/wp\/v2\/users\/1"}],"replies":[{"embeddable":true,"href":"https:\/\/www.visitatavernes.es\/ca\/wp-json\/wp\/v2\/comments?post=177"}],"version-history":[{"count":52,"href":"https:\/\/www.visitatavernes.es\/ca\/wp-json\/wp\/v2\/pages\/177\/revisions"}],"predecessor-version":[{"id":4309,"href":"https:\/\/www.visitatavernes.es\/ca\/wp-json\/wp\/v2\/pages\/177\/revisions\/4309"}],"wp:attachment":[{"href":"https:\/\/www.visitatavernes.es\/ca\/wp-json\/wp\/v2\/media?parent=177"}],"curies":[{"name":"wp","href":"https:\/\/api.w.org\/{rel}","templated":true}]}}