{"id":171,"date":"2015-12-29T12:43:25","date_gmt":"2015-12-29T12:43:25","guid":{"rendered":"https:\/\/visitatavernes.es\/?page_id=171"},"modified":"2026-05-08T06:10:40","modified_gmt":"2026-05-08T06:10:40","slug":"festes-i-tradicions-a-tavernes","status":"publish","type":"page","link":"https:\/\/www.visitatavernes.es\/ca\/festes-i-tradicions-a-tavernes\/","title":{"rendered":"Festes i tradicions a Tavernes"},"content":{"rendered":"\t\t<div data-elementor-type=\"wp-page\" data-elementor-id=\"171\" class=\"elementor elementor-171\" wpc-filter-elementor-widget=\"1\" data-elementor-post-type=\"page\">\n\t\t\t\t\t\t\t\t\t<section class=\"elementor-section elementor-top-section elementor-element elementor-element-92e29a3 elementor-section-full_width elementor-section-height-default elementor-section-height-default\" data-id=\"92e29a3\" data-element_type=\"section\" data-settings=\"{&quot;shape_divider_bottom&quot;:&quot;waves&quot;,&quot;background_background&quot;:&quot;classic&quot;}\">\n\t\t\t\t\t<div class=\"elementor-shape elementor-shape-bottom\" data-negative=\"false\">\n\t\t\t<svg xmlns=\"http:\/\/www.w3.org\/2000\/svg\" viewBox=\"0 0 1000 100\" preserveAspectRatio=\"none\">\n\t<path class=\"elementor-shape-fill\" d=\"M421.9,6.5c22.6-2.5,51.5,0.4,75.5,5.3c23.6,4.9,70.9,23.5,100.5,35.7c75.8,32.2,133.7,44.5,192.6,49.7\n\tc23.6,2.1,48.7,3.5,103.4-2.5c54.7-6,106.2-25.6,106.2-25.6V0H0v30.3c0,0,72,32.6,158.4,30.5c39.2-0.7,92.8-6.7,134-22.4\n\tc21.2-8.1,52.2-18.2,79.7-24.2C399.3,7.9,411.6,7.5,421.9,6.5z\"\/>\n<\/svg>\t\t<\/div>\n\t\t\t\t\t<div class=\"elementor-container elementor-column-gap-default\">\n\t\t\t\t\t<div class=\"elementor-column elementor-col-100 elementor-top-column elementor-element elementor-element-7bd79d1\" data-id=\"7bd79d1\" data-element_type=\"column\">\n\t\t\t<div class=\"elementor-widget-wrap\">\n\t\t\t\t\t\t\t\t\t<\/div>\n\t\t<\/div>\n\t\t\t\t\t\t\t<\/div>\n\t\t<\/section>\n\t\t\t\t<section class=\"elementor-section elementor-top-section elementor-element elementor-element-259a4f0 elementor-section-boxed elementor-section-height-default elementor-section-height-default\" data-id=\"259a4f0\" data-element_type=\"section\">\n\t\t\t\t\t\t<div class=\"elementor-container elementor-column-gap-default\">\n\t\t\t\t\t<div class=\"elementor-column elementor-col-100 elementor-top-column elementor-element elementor-element-22794ce\" data-id=\"22794ce\" data-element_type=\"column\">\n\t\t\t<div class=\"elementor-widget-wrap elementor-element-populated\">\n\t\t\t\t\t\t\t\t<div class=\"elementor-element elementor-element-cbf6f76 elementor-widget elementor-widget-html\" data-id=\"cbf6f76\" data-element_type=\"widget\" data-widget_type=\"html.default\">\n\t\t\t\t<div class=\"elementor-widget-container\">\n\t\t\t<link rel=\"stylesheet\" href=\"https:\/\/fonts.googleapis.com\/css2?family=Inter:wght@400;600;700;800;900&display=swap\">\r\n\r\n<style>\r\n  #vt-festes-tradicions-ca{\r\n    --paper:#fff8f5;\r\n    --line:#e1b5ad;\r\n    --text:#351f25;\r\n    --muted:#705d61;\r\n    --brand:#8f2435;\r\n    --brand-dark:#741b2a;\r\n    --brand-deep:#53121f;\r\n    --accent:#c95c3d;\r\n    --accent-soft:#ffe1d7;\r\n    --shadow:0 16px 34px rgba(83,18,31,.12);\r\n    --radius:22px;\r\n    --max:1160px;\r\n    color:var(--text);\r\n    font-family:Inter,system-ui,-apple-system,BlinkMacSystemFont,\"Segoe UI\",Roboto,sans-serif;\r\n    line-height:1.62;\r\n    background:\r\n      radial-gradient(circle at top left, rgba(143,36,53,.18), transparent 26rem),\r\n      radial-gradient(circle at top right, rgba(201,92,61,.16), transparent 28rem),\r\n      linear-gradient(180deg,#fff2ec 0%, #f8eceb 48%, #f4e5df 100%);\r\n    padding:1rem 0 2rem;\r\n  }\r\n  #vt-festes-tradicions-ca *{box-sizing:border-box}\r\n  #vt-festes-tradicions-ca section[id]{scroll-margin-top:120px}\r\n  #vt-festes-tradicions-ca img{display:block;max-width:100%}\r\n  #vt-festes-tradicions-ca a{color:var(--brand-deep);text-decoration:none}\r\n  #vt-festes-tradicions-ca a:hover{text-decoration:underline}\r\n  #vt-festes-tradicions-ca .vt-ft-container{width:min(calc(100% - 2rem),var(--max));margin:0 auto}\r\n\r\n  #vt-festes-tradicions-ca .vt-ft-card,\r\n  #vt-festes-tradicions-ca .vt-ft-section-box{\r\n    background:var(--paper);\r\n    border:1px solid var(--line);\r\n    border-radius:var(--radius);\r\n    box-shadow:var(--shadow);\r\n  }\r\n\r\n  #vt-festes-tradicions-ca .vt-ft-hero{margin-bottom:1rem}\r\n  #vt-festes-tradicions-ca .vt-ft-hero-grid{\r\n    display:grid;\r\n    grid-template-columns:1fr 1fr;\r\n    gap:1rem;\r\n    align-items:stretch;\r\n  }\r\n  #vt-festes-tradicions-ca .vt-ft-hero-copy{\r\n    padding:1.45rem;\r\n    display:flex;\r\n    flex-direction:column;\r\n    justify-content:center;\r\n    background:\r\n      radial-gradient(circle at top right, rgba(201,92,61,.18), transparent 18rem),\r\n      linear-gradient(135deg,#fff8f5 0%,#f8e4df 100%);\r\n  }\r\n  #vt-festes-tradicions-ca .vt-ft-eyebrow{\r\n    display:inline-flex;\r\n    width:max-content;\r\n    max-width:100%;\r\n    padding:.42rem .78rem;\r\n    border-radius:999px;\r\n    background:linear-gradient(180deg,#ffe1d7,#e1b5ad);\r\n    color:var(--brand-deep);\r\n    border:1px solid rgba(143,36,53,.28);\r\n    font-weight:800;\r\n    font-size:.9rem;\r\n    margin-bottom:.8rem;\r\n  }\r\n  #vt-festes-tradicions-ca h1{font-size:clamp(2.15rem,5vw,3.8rem);line-height:1.03;margin:.1rem 0 .8rem;color:var(--text)}\r\n  #vt-festes-tradicions-ca h2{font-size:clamp(1.45rem,2.3vw,2.05rem);line-height:1.14;margin:0 0 .65rem;color:var(--text)}\r\n  #vt-festes-tradicions-ca h3{font-size:1.08rem;line-height:1.22;margin:0 0 .5rem;color:var(--text)}\r\n  #vt-festes-tradicions-ca p{margin:0 0 .82rem}\r\n  #vt-festes-tradicions-ca .vt-ft-lead{font-size:1.02rem;color:var(--muted)}\r\n\r\n  #vt-festes-tradicions-ca .vt-ft-image-frame,\r\n  #vt-festes-tradicions-ca .vt-ft-link-thumb{\r\n    overflow:hidden;\r\n    border-radius:var(--radius);\r\n    border:1px solid var(--line);\r\n    box-shadow:var(--shadow);\r\n    background:#fff;\r\n    position:relative;\r\n    cursor:zoom-in;\r\n  }\r\n  #vt-festes-tradicions-ca .vt-ft-image-frame img,\r\n  #vt-festes-tradicions-ca .vt-ft-link-thumb img{\r\n    width:100%;\r\n    height:100%;\r\n    object-fit:cover;\r\n  }\r\n  #vt-festes-tradicions-ca .vt-ft-hero-image{height:500px}\r\n  #vt-festes-tradicions-ca .vt-ft-hero-image img{object-position:center center}\r\n  #vt-festes-tradicions-ca .vt-ft-image-frame span{\r\n    position:absolute;\r\n    left:.85rem;\r\n    bottom:.85rem;\r\n    background:rgba(255,248,245,.96);\r\n    color:var(--brand-deep);\r\n    padding:.42rem .68rem;\r\n    border-radius:999px;\r\n    font-size:.82rem;\r\n    font-weight:800;\r\n    box-shadow:0 6px 16px rgba(0,0,0,.08);\r\n  }\r\n\r\n  #vt-festes-tradicions-ca .vt-ft-quick-links{\r\n    display:flex;\r\n    flex-wrap:wrap;\r\n    gap:.65rem;\r\n    margin-top:.75rem;\r\n  }\r\n  #vt-festes-tradicions-ca .vt-ft-quick-links a{\r\n    display:inline-flex;\r\n    align-items:center;\r\n    justify-content:center;\r\n    padding:.62rem .88rem;\r\n    border:1px solid rgba(143,36,53,.24);\r\n    border-radius:999px;\r\n    background:#fff;\r\n    color:var(--brand-deep);\r\n    font-weight:800;\r\n    box-shadow:0 8px 18px rgba(83,18,31,.06);\r\n  }\r\n\r\n  #vt-festes-tradicions-ca .vt-ft-section{padding:0 0 1rem}\r\n  #vt-festes-tradicions-ca .vt-ft-section-box{padding:1.1rem}\r\n  #vt-festes-tradicions-ca .vt-ft-section-head{margin-bottom:.9rem}\r\n  #vt-festes-tradicions-ca .vt-ft-section-head p{max-width:none;width:100%}\r\n\r\n  #vt-festes-tradicions-ca .vt-ft-trad-grid{\r\n    display:grid;\r\n    grid-template-columns:repeat(3,minmax(0,1fr));\r\n    gap:1rem;\r\n  }\r\n  #vt-festes-tradicions-ca .vt-ft-trad-card{\r\n    padding:0;\r\n    overflow:hidden;\r\n    display:flex;\r\n    flex-direction:column;\r\n    min-height:100%;\r\n    background:var(--paper);\r\n    border:1px solid var(--line);\r\n    border-radius:18px;\r\n    box-shadow:var(--shadow);\r\n  }\r\n  #vt-festes-tradicions-ca .vt-ft-trad-thumb{\r\n    height:220px;\r\n    min-height:220px;\r\n    max-height:220px;\r\n    overflow:hidden;\r\n    background:#fff;\r\n    cursor:zoom-in;\r\n  }\r\n  #vt-festes-tradicions-ca .vt-ft-trad-thumb img{\r\n    width:100%;\r\n    height:100%;\r\n    object-fit:cover;\r\n  }\r\n  #vt-festes-tradicions-ca .vt-ft-trad-body{\r\n    padding:.95rem 1rem 1rem;\r\n    display:flex;\r\n    flex-direction:column;\r\n    flex:1;\r\n  }\r\n  #vt-festes-tradicions-ca .vt-ft-small-label{\r\n    display:inline-flex;\r\n    width:max-content;\r\n    margin-bottom:.65rem;\r\n    padding:.34rem .62rem;\r\n    border-radius:999px;\r\n    background:var(--accent-soft);\r\n    color:var(--brand-deep);\r\n    font-size:.81rem;\r\n    font-weight:800;\r\n  }\r\n\r\n  #vt-festes-tradicions-ca .vt-ft-note-box{\r\n    margin-top:1rem;\r\n    padding:1rem;\r\n    border:1px solid var(--line);\r\n    border-radius:18px;\r\n    background:linear-gradient(135deg,#fffdf9 0%,#ffece5 100%);\r\n  }\r\n  #vt-festes-tradicions-ca .vt-ft-note-box p:last-child{margin-bottom:0}\r\n\r\n  #vt-festes-tradicions-ca .vt-ft-link-grid{\r\n    display:grid;\r\n    grid-template-columns:repeat(4,minmax(0,1fr));\r\n    gap:1rem;\r\n  }\r\n  #vt-festes-tradicions-ca .vt-ft-link-card{\r\n    padding:0;\r\n    overflow:hidden;\r\n    display:flex;\r\n    flex-direction:column;\r\n    min-height:100%;\r\n    background:var(--paper);\r\n    border:1px solid var(--line);\r\n    border-radius:18px;\r\n    box-shadow:var(--shadow);\r\n  }\r\n  #vt-festes-tradicions-ca .vt-ft-link-thumb{\r\n    height:180px;\r\n    min-height:180px;\r\n    max-height:180px;\r\n    border-radius:0;\r\n    border:0;\r\n    box-shadow:none;\r\n  }\r\n  #vt-festes-tradicions-ca .vt-ft-link-thumb img{object-position:center center}\r\n  #vt-festes-tradicions-ca .vt-ft-link-card-body{\r\n    padding:.95rem 1rem 1rem;\r\n    display:flex;\r\n    flex-direction:column;\r\n    flex:1;\r\n  }\r\n  #vt-festes-tradicions-ca .vt-ft-link-card-body p{\r\n    font-size:.95rem;\r\n    line-height:1.45;\r\n    color:var(--muted);\r\n    margin:0 0 .85rem;\r\n  }\r\n\r\n  #vt-festes-tradicions-ca .vt-ft-button-link{\r\n    display:inline-flex;\r\n    align-items:center;\r\n    justify-content:center;\r\n    padding:.68rem .95rem;\r\n    border:1px solid var(--line);\r\n    border-radius:999px;\r\n    background:#fff;\r\n    color:var(--brand-deep);\r\n    font-weight:800;\r\n    box-shadow:0 8px 18px rgba(83,18,31,.06);\r\n    text-decoration:none;\r\n    margin-top:auto;\r\n  }\r\n  #vt-festes-tradicions-ca .vt-ft-button-link.vt-ft-primary{\r\n    background:linear-gradient(180deg,var(--brand),var(--brand-deep));\r\n    color:#fff;\r\n    border-color:var(--brand-deep);\r\n    width:100%;\r\n  }\r\n\r\n  #vt-festes-tradicions-ca .vt-ft-section-head p,\r\n  #vt-festes-tradicions-ca .vt-ft-lead,\r\n  #vt-festes-tradicions-ca .vt-ft-trad-body p,\r\n  #vt-festes-tradicions-ca .vt-ft-link-card-body p,\r\n  #vt-festes-tradicions-ca .vt-ft-note-box p{\r\n    text-align:justify;\r\n    text-justify:inter-word;\r\n    hyphens:none;\r\n    overflow-wrap:normal;\r\n    word-break:normal;\r\n  }\r\n\r\n  #vt-ft-lightbox-ca{\r\n    position:fixed;\r\n    inset:0;\r\n    background:rgba(10,16,12,.86);\r\n    display:none;\r\n    align-items:center;\r\n    justify-content:center;\r\n    padding:2rem;\r\n    z-index:9999;\r\n  }\r\n  #vt-ft-lightbox-ca.vt-ft-open{display:flex}\r\n  #vt-ft-lightbox-ca img{\r\n    max-width:min(1300px,94vw);\r\n    max-height:90vh;\r\n    width:auto;\r\n    height:auto;\r\n    border-radius:18px;\r\n    box-shadow:0 24px 60px rgba(0,0,0,.35);\r\n    background:#fff;\r\n  }\r\n  #vt-ft-lightbox-ca .vt-ft-lightbox-close{\r\n    position:absolute;\r\n    top:1rem;\r\n    right:1rem;\r\n    width:44px;\r\n    height:44px;\r\n    border:0;\r\n    border-radius:999px;\r\n    background:#fff;\r\n    color:var(--brand-deep);\r\n    font-size:1.5rem;\r\n    cursor:pointer;\r\n    box-shadow:0 10px 24px rgba(0,0,0,.2);\r\n  }\r\n\r\n  @media (max-width:980px){\r\n    #vt-festes-tradicions-ca{padding-top:.75rem}\r\n    #vt-festes-tradicions-ca section[id]{scroll-margin-top:90px}\r\n    #vt-festes-tradicions-ca .vt-ft-hero-grid,\r\n    #vt-festes-tradicions-ca .vt-ft-trad-grid,\r\n    #vt-festes-tradicions-ca .vt-ft-link-grid{grid-template-columns:1fr}\r\n    #vt-festes-tradicions-ca .vt-ft-hero-copy,\r\n    #vt-festes-tradicions-ca .vt-ft-section-box{padding:1rem}\r\n    #vt-festes-tradicions-ca .vt-ft-hero-image{height:auto;min-height:260px}\r\n    #vt-festes-tradicions-ca .vt-ft-trad-thumb{height:190px;min-height:190px;max-height:190px}\r\n    #vt-festes-tradicions-ca .vt-ft-link-thumb{height:190px;min-height:190px;max-height:190px}\r\n    #vt-festes-tradicions-ca .vt-ft-button-link{width:100%}\r\n    #vt-festes-tradicions-ca .vt-ft-eyebrow{font-size:.84rem}\r\n    #vt-festes-tradicions-ca .vt-ft-quick-links a{flex:1 1 180px}\r\n  }\r\n<\/style>\r\n\r\n<section id=\"vt-festes-tradicions-ca\" aria-labelledby=\"vt-ft-title-ca\">\r\n  <main class=\"vt-ft-container\">\r\n    <section class=\"vt-ft-hero\" id=\"entrada\">\r\n      <div class=\"vt-ft-hero-grid\">\r\n        <article class=\"vt-ft-card vt-ft-hero-copy\">\r\n          <span class=\"vt-ft-eyebrow\">Festes \u00b7 Tradicions \u00b7 Cultura local<\/span>\r\n          <h1 id=\"vt-ft-title-ca\">Festes i tradicions a Tavernes<\/h1>\r\n          <p class=\"vt-ft-lead\"><strong>Les festes i tradicions a Tavernes<\/strong> formen part de la manera de viure la ciutat durant tot l\u2019any: grans celebracions, tradicions populars, festivals de m\u00fasica i propostes culturals que connecten identitat, carrer i calendari local.<\/p>\r\n          <p class=\"vt-ft-lead\">Tavernes de la Valldigna compta amb un calendari festiu viu, amb grans celebracions, tradicions populars i festivals culturals que formen part de la identitat de la ciutat.<\/p>\r\n          <p class=\"vt-ft-lead\">Esta p\u00e0gina \u00e9s una porta d\u2019entrada senzilla: comen\u00e7a per les grans festes, descobrix les tradicions populars o explora els esdeveniments musicals i culturals que se celebren durant l\u2019any.<\/p>\r\n\r\n          <nav class=\"vt-ft-quick-links\" aria-label=\"Enlla\u00e7os interns de festes i tradicions\">\r\n            <a href=\"#grans-festes\">Grans festes<\/a>\r\n            <a href=\"#tradicions-populars\">Tradicions populars<\/a>\r\n            <a href=\"#festivals-musica\">Festivals de m\u00fasica<\/a>\r\n            <a href=\"#mes-idees\">M\u00e9s idees<\/a>\r\n          <\/nav>\r\n        <\/article>\r\n\r\n        <figure class=\"vt-ft-image-frame vt-ft-hero-image vt-ft-lightboxable\">\r\n          <img decoding=\"async\" src=\"https:\/\/www.visitatavernes.es\/wp-content\/uploads\/2026\/04\/Festes-del-poble.jpg\" alt=\"Festes i tradicions a Tavernes de la Valldigna\">\r\n          <span>Festes i tradicions<\/span>\r\n        <\/figure>\r\n      <\/div>\r\n    <\/section>\r\n\r\n    <section class=\"vt-ft-section\" id=\"blocs\">\r\n      <div class=\"vt-ft-section-box\">\r\n        <div class=\"vt-ft-section-head\">\r\n          <h2>Tres formes de viure les festes i tradicions a Tavernes<\/h2>\r\n          <p class=\"vt-ft-lead\">El calendari festiu de Tavernes reunix grans celebracions, costums populars i esdeveniments culturals amb personalitat pr\u00f2pia. Des d\u2019ac\u00ed pots entrar en cada bloc i descobrir quines cites encaixen millor amb la teua visita.<\/p>\r\n        <\/div>\r\n\r\n        <div class=\"vt-ft-trad-grid\">\r\n          <article class=\"vt-ft-trad-card\" id=\"grans-festes\">\r\n            <figure class=\"vt-ft-trad-thumb vt-ft-lightboxable\">\r\n              <img decoding=\"async\" src=\"https:\/\/www.visitatavernes.es\/wp-content\/uploads\/2026\/04\/Arbol-de-navidad.jpg\" alt=\"Grans festes a Tavernes de la Valldigna\">\r\n            <\/figure>\r\n            <div class=\"vt-ft-trad-body\">\r\n              <span class=\"vt-ft-small-label\">Grans festes<\/span>\r\n              <h3>Grans festes a Tavernes<\/h3>\r\n              <p>Festes Majors, Falles, Setmana Santa i Nadal s\u00f3n les celebracions principals del calendari festiu de Tavernes. Este bloc ajuda a situar les cites m\u00e9s reconeixibles, les que transformen la ciutat i marquen alguns dels moments m\u00e9s importants de l\u2019any.<\/p>\r\n              <a class=\"vt-ft-button-link vt-ft-primary\" href=\"https:\/\/www.visitatavernes.es\/ca\/grans-festes-a-tavernes\/\" target=\"_blank\" rel=\"noopener\">Veure grans festes<\/a>\r\n            <\/div>\r\n          <\/article>\r\n\r\n          <article class=\"vt-ft-trad-card\" id=\"tradicions-populars\">\r\n            <figure class=\"vt-ft-trad-thumb vt-ft-lightboxable\">\r\n              <img decoding=\"async\" src=\"https:\/\/www.visitatavernes.es\/wp-content\/uploads\/2026\/05\/Sant-Joan.jpg\" alt=\"Tradicions populars a Tavernes de la Valldigna\">\r\n            <\/figure>\r\n            <div class=\"vt-ft-trad-body\">\r\n              <span class=\"vt-ft-small-label\">Tradicions populars<\/span>\r\n              <h3>Tradicions populars a Tavernes<\/h3>\r\n              <p>Sant Antoni, Sant Joan, Porrat de la Sang, Fira de Sant Jaume i 9 d\u2019Octubre mostren la part m\u00e9s popular del calendari. S\u00f3n celebracions que connecten carrer, mem\u00f2ria, paisatge i participaci\u00f3 ciutadana.<\/p>\r\n              <a class=\"vt-ft-button-link vt-ft-primary\" href=\"https:\/\/www.visitatavernes.es\/ca\/tradicions-populars-a-tavernes\/\" target=\"_blank\" rel=\"noopener\">Veure tradicions populars<\/a>\r\n            <\/div>\r\n          <\/article>\r\n\r\n          <article class=\"vt-ft-trad-card\" id=\"festivals-musica\">\r\n            <figure class=\"vt-ft-trad-thumb vt-ft-lightboxable\">\r\n              <img decoding=\"async\" src=\"https:\/\/www.visitatavernes.es\/wp-content\/uploads\/2026\/04\/escenario-del-poble-fest.jpg\" alt=\"Festivals de m\u00fasica a Tavernes de la Valldigna\">\r\n            <\/figure>\r\n            <div class=\"vt-ft-trad-body\">\r\n              <span class=\"vt-ft-small-label\">Festivals de m\u00fasica<\/span>\r\n              <h3>Festivals de m\u00fasica a Tavernes<\/h3>\r\n              <p>Del Poble Fest, Festivern, Sete S\u00f3is Sete Luas i Can\u00e7ons a la Mar mostren la part m\u00e9s musical i cultural de Tavernes. Este apartat reunix propostes amb ambient propi, projecci\u00f3 exterior i capacitat per a atraure p\u00fablic durant diferents moments de l\u2019any.<\/p>\r\n              <a class=\"vt-ft-button-link vt-ft-primary\" href=\"https:\/\/www.visitatavernes.es\/ca\/festivals-de-musica-en-tavernes-de-la-valldigna\/\" target=\"_blank\" rel=\"noopener\">Veure festivals de m\u00fasica<\/a>\r\n            <\/div>\r\n          <\/article>\r\n        <\/div>\r\n\r\n        <div class=\"vt-ft-note-box\">\r\n          <h2>Un calendari festiu per a descobrir Tavernes durant tot l\u2019any<\/h2>\r\n          <p>Les festes i tradicions a Tavernes permeten con\u00e9ixer la ciutat des d\u2019una mirada diferent: la de les celebracions que omplin els carrers, la m\u00fasica que acompanya els grans esdeveniments, els rituals populars i les cites que mantenen viva la mem\u00f2ria local. Per aix\u00f2, esta p\u00e0gina funciona com a punt de partida per a organitzar la visita segons el calendari i el tipus d\u2019experi\u00e8ncia que busques.<\/p>\r\n        <\/div>\r\n      <\/div>\r\n    <\/section>\r\n\r\n    <section class=\"vt-ft-section\" id=\"mes-idees\">\r\n      <div class=\"vt-ft-section-box\">\r\n        <div class=\"vt-ft-section-head\">\r\n          <h2>M\u00e9s idees per a completar la visita<\/h2>\r\n          <p class=\"vt-ft-lead\">Combina festes, cultura, natura, platja i altres plans per a descobrir Tavernes de la Valldigna al teu ritme.<\/p>\r\n        <\/div>\r\n\r\n        <div class=\"vt-ft-link-grid\">\r\n          <article class=\"vt-ft-link-card\">\r\n            <figure class=\"vt-ft-link-thumb vt-ft-lightboxable\">\r\n              <img decoding=\"async\" src=\"https:\/\/www.visitatavernes.es\/wp-content\/uploads\/2026\/04\/img-008.jpg\" alt=\"Idees per a descobrir qu\u00e8 fer a Tavernes\">\r\n            <\/figure>\r\n            <div class=\"vt-ft-link-card-body\">\r\n              <h3>Qu\u00e8 fer a Tavernes<\/h3>\r\n              <p>La p\u00e0gina principal per a descobrir experi\u00e8ncies, propostes i formes de visitar la ciutat.<\/p>\r\n              <a class=\"vt-ft-button-link vt-ft-primary\" href=\"https:\/\/www.visitatavernes.es\/ca\/que-fer-a-tavernes\/\" target=\"_blank\" rel=\"noopener\">Veure qu\u00e8 fer<\/a>\r\n            <\/div>\r\n          <\/article>\r\n\r\n          <article class=\"vt-ft-link-card\">\r\n            <figure class=\"vt-ft-link-thumb vt-ft-lightboxable\">\r\n              <img decoding=\"async\" src=\"https:\/\/www.visitatavernes.es\/wp-content\/uploads\/2026\/04\/img-005.jpg\" alt=\"Planificador de viatge de Tavernes\">\r\n            <\/figure>\r\n            <div class=\"vt-ft-link-card-body\">\r\n              <h3>Planificador de viatge<\/h3>\r\n              <p>Una ferramenta pr\u00e0ctica per a combinar festes, platja, natura, patrimoni, gastronomia i altres plans.<\/p>\r\n              <a class=\"vt-ft-button-link vt-ft-primary\" href=\"https:\/\/www.visitatavernes.es\/ca\/planifica-el-teu-viatge-a-tavernes-de-la-valldigna\/\" target=\"_blank\" rel=\"noopener\">Planificar visita<\/a>\r\n            <\/div>\r\n          <\/article>\r\n\r\n          <article class=\"vt-ft-link-card\">\r\n            <figure class=\"vt-ft-link-thumb vt-ft-lightboxable\">\r\n              <img decoding=\"async\" src=\"https:\/\/www.visitatavernes.es\/wp-content\/uploads\/2026\/04\/01-clot-de-la-font-portada.jpg\" alt=\"Natura i rutes a Tavernes\">\r\n            <\/figure>\r\n            <div class=\"vt-ft-link-card-body\">\r\n              <h3>Natura i rutes<\/h3>\r\n              <p>Una porta d\u2019entrada a rutes, senderisme i espais naturals de Tavernes.<\/p>\r\n              <a class=\"vt-ft-button-link vt-ft-primary\" href=\"https:\/\/www.visitatavernes.es\/ca\/natura-i-rutes-a-tavernes\/\" target=\"_blank\" rel=\"noopener\">Veure natura<\/a>\r\n            <\/div>\r\n          <\/article>\r\n\r\n          <article class=\"vt-ft-link-card\">\r\n            <figure class=\"vt-ft-link-thumb vt-ft-lightboxable\">\r\n              <img decoding=\"async\" src=\"https:\/\/www.visitatavernes.es\/wp-content\/uploads\/2021\/05\/DSC08186-scaled.jpg\" alt=\"Un dia de platja a Tavernes de la Valldigna\">\r\n            <\/figure>\r\n            <div class=\"vt-ft-link-card-body\">\r\n              <h3>Un dia de platja<\/h3>\r\n              <p>Una proposta per a combinar mar, passeig, terrasses i ambient mediterrani durant la visita.<\/p>\r\n              <a class=\"vt-ft-button-link vt-ft-primary\" href=\"https:\/\/www.visitatavernes.es\/ca\/que-fer-un-dia-de-platja-a-tavernes\/\" target=\"_blank\" rel=\"noopener\">Veure pla de platja<\/a>\r\n            <\/div>\r\n          <\/article>\r\n        <\/div>\r\n      <\/div>\r\n    <\/section>\r\n  <\/main>\r\n<\/section>\r\n\r\n<div id=\"vt-ft-lightbox-ca\" aria-hidden=\"true\">\r\n  <button class=\"vt-ft-lightbox-close\" type=\"button\" aria-label=\"Tancar\">\u00d7<\/button>\r\n  <img decoding=\"async\" id=\"vt-ft-lightbox-image-ca\" src=\"\" alt=\"\">\r\n<\/div>\r\n\r\n<script type=\"application\/ld+json\">\r\n{\r\n  \"@context\": \"https:\/\/schema.org\",\r\n  \"@type\": \"WebPage\",\r\n  \"name\": \"Festes i tradicions a Tavernes\",\r\n  \"description\": \"Descobrix les festes i tradicions a Tavernes: grans festes, tradicions populars, festivals de m\u00fasica i cultura local durant tot l\u2019any.\",\r\n  \"url\": \"https:\/\/www.visitatavernes.es\/ca\/festes-i-tradicions-a-tavernes\/\",\r\n  \"inLanguage\": \"ca\",\r\n  \"isPartOf\": {\r\n    \"@type\": \"WebSite\",\r\n    \"name\": \"Visita Tavernes\",\r\n    \"url\": \"https:\/\/www.visitatavernes.es\/\"\r\n  },\r\n  \"about\": [\r\n    {\"@type\":\"Thing\",\"name\":\"Festes i tradicions a Tavernes\"},\r\n    {\"@type\":\"Thing\",\"name\":\"Grans festes a Tavernes\"},\r\n    {\"@type\":\"Thing\",\"name\":\"Tradicions populars a Tavernes\"},\r\n    {\"@type\":\"Thing\",\"name\":\"Festivals de m\u00fasica a Tavernes\"}\r\n  ]\r\n}\r\n<\/script>\r\n\r\n<script>\r\n  (() => {\r\n    const page = document.getElementById('vt-festes-tradicions-ca');\r\n    const lightbox = document.getElementById('vt-ft-lightbox-ca');\r\n    const lightboxImage = document.getElementById('vt-ft-lightbox-image-ca');\r\n    const closeButton = lightbox ? lightbox.querySelector('.vt-ft-lightbox-close') : null;\r\n\r\n    if (!page || !lightbox || !lightboxImage || !closeButton) return;\r\n\r\n    page.querySelectorAll('.vt-ft-lightboxable').forEach(el => {\r\n      el.addEventListener('click', () => {\r\n        const img = el.querySelector('img');\r\n        if (!img) return;\r\n        lightboxImage.src = img.getAttribute('src');\r\n        lightboxImage.alt = img.getAttribute('alt') || '';\r\n        lightbox.classList.add('vt-ft-open');\r\n        lightbox.setAttribute('aria-hidden', 'false');\r\n      });\r\n    });\r\n\r\n    function closeLightbox() {\r\n      lightbox.classList.remove('vt-ft-open');\r\n      lightbox.setAttribute('aria-hidden', 'true');\r\n      lightboxImage.src = '';\r\n      lightboxImage.alt = '';\r\n    }\r\n\r\n    closeButton.addEventListener('click', closeLightbox);\r\n    lightbox.addEventListener('click', event => {\r\n      if (event.target === lightbox) closeLightbox();\r\n    });\r\n    document.addEventListener('keydown', event => {\r\n      if (event.key === 'Escape' && lightbox.classList.contains('vt-ft-open')) closeLightbox();\r\n    });\r\n  })();\r\n<\/script>\t\t<\/div>\n\t\t\t\t<\/div>\n\t\t\t\t\t<\/div>\n\t\t<\/div>\n\t\t\t\t\t\t\t<\/div>\n\t\t<\/section>\n\t\t\t\t\t\t\t<\/div>\n\t\t","protected":false},"excerpt":{"rendered":"<p>Festes \u00b7 Tradicions \u00b7 Cultura local Festes i tradicions a Tavernes Les festes i tradicions a Tavernes formen part de la manera de viure la ciutat durant tot l\u2019any: grans celebracions, tradicions populars, festivals de m\u00fasica i propostes culturals que connecten identitat, carrer i calendari local. Tavernes de la Valldigna compta amb un calendari festiu [&hellip;]<\/p>\n","protected":false},"author":4,"featured_media":0,"parent":0,"menu_order":0,"comment_status":"closed","ping_status":"closed","template":"","meta":{"_acf_changed":false,"footnotes":""},"class_list":["post-171","page","type-page","status-publish","hentry"],"acf":[],"_links":{"self":[{"href":"https:\/\/www.visitatavernes.es\/ca\/wp-json\/wp\/v2\/pages\/171","targetHints":{"allow":["GET"]}}],"collection":[{"href":"https:\/\/www.visitatavernes.es\/ca\/wp-json\/wp\/v2\/pages"}],"about":[{"href":"https:\/\/www.visitatavernes.es\/ca\/wp-json\/wp\/v2\/types\/page"}],"author":[{"embeddable":true,"href":"https:\/\/www.visitatavernes.es\/ca\/wp-json\/wp\/v2\/users\/4"}],"replies":[{"embeddable":true,"href":"https:\/\/www.visitatavernes.es\/ca\/wp-json\/wp\/v2\/comments?post=171"}],"version-history":[{"count":36,"href":"https:\/\/www.visitatavernes.es\/ca\/wp-json\/wp\/v2\/pages\/171\/revisions"}],"predecessor-version":[{"id":21526,"href":"https:\/\/www.visitatavernes.es\/ca\/wp-json\/wp\/v2\/pages\/171\/revisions\/21526"}],"wp:attachment":[{"href":"https:\/\/www.visitatavernes.es\/ca\/wp-json\/wp\/v2\/media?parent=171"}],"curies":[{"name":"wp","href":"https:\/\/api.w.org\/{rel}","templated":true}]}}