{"id":16440,"date":"2026-03-11T07:46:44","date_gmt":"2026-03-11T07:46:44","guid":{"rendered":"https:\/\/www.visitatavernes.es\/?page_id=16440"},"modified":"2026-04-23T12:14:33","modified_gmt":"2026-04-23T12:14:33","slug":"cova-del-bolomor-portals","status":"publish","type":"page","link":"https:\/\/www.visitatavernes.es\/ca\/cova-del-bolomor-portals\/","title":{"rendered":"Cova del Bolomor &#8211; Portals"},"content":{"rendered":"\t\t<div data-elementor-type=\"wp-page\" data-elementor-id=\"16440\" class=\"elementor elementor-16440 elementor-16356\" wpc-filter-elementor-widget=\"1\" data-elementor-post-type=\"page\">\n\t\t\t\t\t\t\t\t\t<section class=\"elementor-section elementor-top-section elementor-element elementor-element-df4fea8 elementor-section-full_width elementor-section-height-default elementor-section-height-default\" data-id=\"df4fea8\" data-element_type=\"section\" data-settings=\"{&quot;shape_divider_bottom&quot;:&quot;waves&quot;,&quot;background_background&quot;:&quot;classic&quot;}\">\n\t\t\t\t\t<div class=\"elementor-shape elementor-shape-bottom\" data-negative=\"false\">\n\t\t\t<svg xmlns=\"http:\/\/www.w3.org\/2000\/svg\" viewBox=\"0 0 1000 100\" preserveAspectRatio=\"none\">\n\t<path class=\"elementor-shape-fill\" d=\"M421.9,6.5c22.6-2.5,51.5,0.4,75.5,5.3c23.6,4.9,70.9,23.5,100.5,35.7c75.8,32.2,133.7,44.5,192.6,49.7\n\tc23.6,2.1,48.7,3.5,103.4-2.5c54.7-6,106.2-25.6,106.2-25.6V0H0v30.3c0,0,72,32.6,158.4,30.5c39.2-0.7,92.8-6.7,134-22.4\n\tc21.2-8.1,52.2-18.2,79.7-24.2C399.3,7.9,411.6,7.5,421.9,6.5z\"\/>\n<\/svg>\t\t<\/div>\n\t\t\t\t\t<div class=\"elementor-container elementor-column-gap-default\">\n\t\t\t\t\t<div class=\"elementor-column elementor-col-100 elementor-top-column elementor-element elementor-element-44b3358\" data-id=\"44b3358\" data-element_type=\"column\">\n\t\t\t<div class=\"elementor-widget-wrap elementor-element-populated\">\n\t\t\t\t\t\t\t\t<div class=\"elementor-element elementor-element-a1f3047 elementor--h-position-center elementor--v-position-middle elementor-widget elementor-widget-slides\" data-id=\"a1f3047\" data-element_type=\"widget\" data-settings=\"{&quot;navigation&quot;:&quot;none&quot;,&quot;transition&quot;:&quot;fade&quot;,&quot;transition_speed&quot;:500}\" data-widget_type=\"slides.default\">\n\t\t\t\t<div class=\"elementor-widget-container\">\n\t\t\t\t\t<div class=\"elementor-swiper\">\n\t\t\t<div class=\"elementor-slides-wrapper elementor-main-swiper swiper-container\" dir=\"ltr\" data-animation=\"fadeInUp\">\n\t\t\t\t<div class=\"swiper-wrapper elementor-slides\">\n\t\t\t\t\t\t\t\t\t\t<div class=\"elementor-repeater-item-2141c07 swiper-slide\"><div class=\"swiper-slide-bg\" role=\"img\"><\/div><div class=\"elementor-background-overlay\"><\/div><div class=\"swiper-slide-inner\" ><div class=\"swiper-slide-contents\"><div class=\"elementor-slide-heading\">Tavernes de la Valldigna<br> Cova del Bolomor<\/div><\/div><\/div><\/div>\t\t\t\t<\/div>\n\t\t\t\t\t\t\t<\/div>\n\t\t<\/div>\n\t\t\t\t<\/div>\n\t\t\t\t<\/div>\n\t\t\t\t\t<\/div>\n\t\t<\/div>\n\t\t\t\t\t\t\t<\/div>\n\t\t<\/section>\n\t\t\t\t<section class=\"elementor-section elementor-top-section elementor-element elementor-element-634f0c4 elementor-section-boxed elementor-section-height-default elementor-section-height-default\" data-id=\"634f0c4\" data-element_type=\"section\">\n\t\t\t\t\t\t<div class=\"elementor-container elementor-column-gap-default\">\n\t\t\t\t\t<div class=\"elementor-column elementor-col-100 elementor-top-column elementor-element elementor-element-a0cd605\" data-id=\"a0cd605\" data-element_type=\"column\">\n\t\t\t<div class=\"elementor-widget-wrap elementor-element-populated\">\n\t\t\t\t\t\t\t\t<div class=\"elementor-element elementor-element-d316677 elementor-widget elementor-widget-html\" data-id=\"d316677\" data-element_type=\"widget\" data-widget_type=\"html.default\">\n\t\t\t\t<div class=\"elementor-widget-container\">\n\t\t\t<!DOCTYPE html>\n<html lang=\"ca\">\n<head>\n<meta charset=\"UTF-8\">\n<meta name=\"viewport\" content=\"width=device-width, initial-scale=1.0\">\n<title>Cova del Bolomor \u2013 Tavernes de la Valldigna<\/title>\n<meta name=\"description\" content=\"Descobrix la Cova del Bolomor, un dels jaciments prehist\u00f2rics m\u00e9s singulars d\u2019Europa, i accedix a la seua hist\u00f2ria i a la informaci\u00f3 pr\u00e0ctica per a la visita.\">\n<meta name=\"robots\" content=\"index,follow\">\n<link rel=\"canonical\" href=\"https:\/\/www.visitatavernes.es\/ca\/cova-del-bolomor-portals\/\">\n<meta property=\"og:type\" content=\"website\">\n<meta property=\"og:locale\" content=\"ca_ES\">\n<meta property=\"og:title\" content=\"Cova del Bolomor \u2013 Tavernes de la Valldigna\">\n<meta property=\"og:description\" content=\"Descobrix la Cova del Bolomor, un dels jaciments prehist\u00f2rics m\u00e9s singulars d\u2019Europa, i accedix a la seua hist\u00f2ria i a la informaci\u00f3 pr\u00e0ctica per a la visita.\">\n<meta property=\"og:url\" content=\"https:\/\/www.visitatavernes.es\/ca\/cova-del-bolomor-portals\/\">\n<meta property=\"og:image\" content=\"https:\/\/www.visitatavernes.es\/wp-content\/uploads\/2026\/04\/img-000-1.jpg\">\n<meta name=\"twitter:card\" content=\"summary_large_image\">\n<meta name=\"twitter:title\" content=\"Cova del Bolomor \u2013 Tavernes de la Valldigna\">\n<meta name=\"twitter:description\" content=\"Descobrix la Cova del Bolomor, un dels jaciments prehist\u00f2rics m\u00e9s singulars d\u2019Europa, i accedix a la seua hist\u00f2ria i a la informaci\u00f3 pr\u00e0ctica per a la visita.\">\n<style>\n:root{\n  --primary:#1689c9;\n  --primary-dark:#0f6fa7;\n  --accent:#13a6c7;\n  --text:#243447;\n  --muted:#64748b;\n  --bg:#f6f8fb;\n  --card:#ffffff;\n  --border:#dbe5ef;\n  --shadow:0 12px 30px rgba(27,61,101,.09);\n  --shadow-strong:0 18px 40px rgba(15,111,167,.16);\n  --radius:24px;\n  --max:1440px;\n}\n*{box-sizing:border-box}\nbody{\n  margin:0;\n  font-family:\"Segoe UI\",Roboto,Arial,Helvetica,sans-serif;\n  color:var(--text);\n  background:var(--bg);\n  line-height:1.72;\n  font-size:18px;\n}\na{color:var(--primary);text-decoration:none}\nimg{max-width:100%;display:block}\n.container{max-width:var(--max);margin:auto;padding:0 18px}\n\n.hero{\n  background:linear-gradient(180deg,#ffffff 0%, #f6fafe 100%);\n  border-bottom:1px solid var(--border);\n}\n.hero-inner{\n  display:grid;\n  grid-template-columns:.85fr 1.15fr;\n  gap:42px;\n  align-items:center;\n  padding:46px 18px 34px;\n}\n.eyebrow{\n  color:var(--primary);\n  font-weight:800;\n  letter-spacing:.09em;\n  text-transform:uppercase;\n  font-size:14px;\n  margin-bottom:12px;\n}\nh1{\n  margin:.1em 0 .35em;\n  font-size:clamp(2.3rem,5vw,4.1rem);\n  line-height:1.05;\n  color:#113355;\n}\n.lead{\n  font-size:1.16rem;\n  color:#4b5563;\n  max-width:52ch;\n  margin:0;\n}\n.hero-media{\n  background:#fff;\n  border-radius:30px;\n  box-shadow:var(--shadow-strong);\n  padding:12px;\n  display:flex;\n  align-items:center;\n  justify-content:center;\n  min-height:560px;\n}\n.hero-media img{\n  width:100%;\n  max-width:520px;\n  height:auto;\n  object-fit:contain;\n  border-radius:22px;\n  background:transparent;\n}\n\nsection{padding:34px 0}\n.section-title{\n  margin:0 0 12px;\n  font-size:clamp(1.7rem,3vw,2.4rem);\n  color:#113355;\n}\n.section-subtitle{\n  margin:0 0 22px;\n  color:var(--muted);\n  max-width:75ch;\n}\n.intro-grid{\n  display:grid;\n  grid-template-columns:1.1fr .9fr;\n  gap:20px;\n  align-items:start;\n}\n.info-box{\n  background:#fff;\n  border:1px solid var(--border);\n  border-radius:var(--radius);\n  padding:22px;\n  box-shadow:var(--shadow);\n  height:100%;\n}\n.info-box h3{\n  margin:0 0 14px;\n  font-size:1.5rem;\n  color:#113355;\n}\n.info-box p{\n  margin:0 0 16px;\n  color:#455566;\n}\n\n.cards{\n  display:grid;\n  grid-template-columns:repeat(2,1fr);\n  gap:20px;\n}\n.card{\n  background:#fff;\n  border:1px solid var(--border);\n  border-radius:var(--radius);\n  overflow:hidden;\n  box-shadow:var(--shadow);\n  display:flex;\n  flex-direction:column;\n  transition:transform .2s ease, box-shadow .2s ease;\n}\n.card:hover{\n  transform:translateY(-4px);\n  box-shadow:var(--shadow-strong);\n}\n.card img{\n  width:100%;\n  aspect-ratio:16\/10;\n  object-fit:cover;\n  background:#eaf2f8;\n}\n.card-body{\n  padding:22px;\n  display:flex;\n  flex-direction:column;\n  height:100%;\n}\n.card h3{\n  margin:0 0 12px;\n  font-size:1.55rem;\n  color:#113355;\n}\n.card p{\n  margin:0 0 18px;\n  color:#526170;\n}\n.card .link{\n  margin-top:auto;\n  display:inline-flex;\n  align-items:center;\n  justify-content:center;\n  gap:10px;\n  font-weight:800;\n  color:#fff;\n  background:linear-gradient(135deg,var(--primary),var(--primary-dark));\n  border-radius:999px;\n  padding:13px 20px;\n  box-shadow:var(--shadow);\n  align-self:flex-start;\n}\n.card .link::after{\n  content:\"\u2197\";\n  font-size:15px;\n}\n.card .link:hover{filter:brightness(.98)}\n\n@media (max-width:1050px){\n  .hero-inner,.intro-grid,.cards{grid-template-columns:1fr}\n  .hero-media{\n    min-height:auto;\n  }\n  .hero-media img{max-width:420px}\n}\n<\/style>\n<\/head>\n<body>\n\n<header class=\"hero\">\n  <div class=\"container hero-inner\">\n    <div>\n      <div class=\"eyebrow\">Visita Tavernes de la Valldigna<\/div>\n      <h1>Cova del Bolomor<\/h1>\n      <p class=\"lead\">En este espai coneixerem la hist\u00f2ria de la Cova del Bolomor, un dels jaciments arqueol\u00f2gics m\u00e9s importants de la prehist\u00f2ria europea. Situada a Tavernes de la Valldigna, esta cova conserva restes que permeten comprendre com van viure les primeres comunitats humanes al Mediterrani occidental fa centenars de milers d\u2019anys.<\/p>\n    <\/div>\n    <div class=\"hero-media\">\n      <img decoding=\"async\" src=\"https:\/\/www.visitatavernes.es\/wp-content\/uploads\/2026\/04\/img-000-1.jpg\" alt=\"Recreaci\u00f3 prehist\u00f2rica de la Cova del Bolomor\">\n    <\/div>\n  <\/div>\n<\/header>\n\n<section>\n  <div class=\"container\">\n    <div class=\"intro-grid\">\n      <div class=\"info-box\">\n        <h2 class=\"section-title\">Un jaciment clau de la prehist\u00f2ria europea<\/h2>\n        <p>La Cova del Bolomor destaca per la seua import\u00e0ncia dins de l\u2019estudi del poblament paleol\u00edtic europeu. Les investigacions arqueol\u00f2giques han proporcionat restes l\u00edtics, ossis, estructures de combusti\u00f3 i f\u00f2ssils d\u2019hom\u00ednids que han ajudat a comprendre millor la vida d\u2019estos grups humans al llarg de centenars de milers d\u2019anys.<\/p>\n        <p>La seua seq\u00fc\u00e8ncia estratigr\u00e0fica i les evid\u00e8ncies sobre la utilitzaci\u00f3 del foc convertixen Bolomor en un espai excepcional dins del Mediterrani i en un punt de refer\u00e8ncia per a la investigaci\u00f3 cient\u00edfica internacional.<\/p>\n      <\/div>\n      <div class=\"info-box\">\n        <h2 class=\"section-title\">Descobrix Bolomor des de dos perspectives<\/h2>\n        <p>Les excavacions arqueol\u00f2giques realitzades al jaciment han tret a la llum eines de pedra, restes d\u2019animals i evid\u00e8ncies de l\u2019\u00fas del foc per part dels grups humans que van habitar este lloc fa aproximadament 250.000 anys.<\/p>\n        <p>Vos convidem a descobrir la hist\u00f2ria de la Cova del Bolomor i a con\u00e9ixer millor este enclavament excepcional que ens permet viatjar al passat i entendre els or\u00edgens de la pres\u00e8ncia humana a la vall de la Valldigna.<\/p>\n      <\/div>\n    <\/div>\n  <\/div>\n<\/section>\n\n<section>\n  <div class=\"container\">\n    <div class=\"cards\">\n      <article class=\"card\">\n        <img decoding=\"async\" src=\"https:\/\/www.visitatavernes.es\/wp-content\/uploads\/2016\/02\/COVA-BOLOMOR.VISTA-EXTERIOR.jpg\" alt=\"Hist\u00f2ria i arqueologia de la Cova del Bolomor\">\n        <div class=\"card-body\">\n          <h3>Hist\u00f2ria i arqueologia<\/h3>\n          <p>Descobrix l\u2019origen de la Cova del Bolomor, les excavacions realitzades, la cronologia del jaciment i els principals descobriments que l\u2019han convertit en un dels espais clau del Paleol\u00edtic europeu.<\/p>\n          <a class=\"link\" href=\"https:\/\/www.visitatavernes.es\/ca\/historia-cova-del-bolomor\/\" target=\"_blank\" rel=\"noopener\">Obrir apartat<\/a>\n        <\/div>\n      <\/article>\n\n      <article class=\"card\">\n        <img decoding=\"async\" src=\"https:\/\/www.visitatavernes.es\/wp-content\/uploads\/2021\/03\/cova-del-bolomor-scaled.jpeg\" alt=\"Visita la Cova del Bolomor\">\n        <div class=\"card-body\">\n          <h3>Visita la cova<\/h3>\n          <p>Consulta la informaci\u00f3 pr\u00e0ctica per a visitar la Cova del Bolomor, con\u00e9ixer l\u2019acc\u00e9s, les recomanacions i les opcions disponibles per a viure esta experi\u00e8ncia patrimonial a Tavernes de la Valldigna.<\/p>\n          <a class=\"link\" href=\"https:\/\/www.visitatavernes.es\/ca\/visita-cova-del-bolomor\/\" target=\"_blank\" rel=\"noopener\">Obrir apartat<\/a>\n        <\/div>\n      <\/article>\n    <\/div>\n  <\/div>\n<\/section>\n\n<\/body>\n<\/html>\n\t\t<\/div>\n\t\t\t\t<\/div>\n\t\t\t\t\t<\/div>\n\t\t<\/div>\n\t\t\t\t\t\t\t<\/div>\n\t\t<\/section>\n\t\t\t\t\t\t\t<\/div>\n\t\t","protected":false},"excerpt":{"rendered":"<p>Tavernes de la Valldigna Cova del Bolomor Cova del Bolomor \u2013 Tavernes de la Valldigna Visita Tavernes de la Valldigna Cova del Bolomor En este espai coneixerem la hist\u00f2ria de la Cova del Bolomor, un dels jaciments arqueol\u00f2gics m\u00e9s importants de la prehist\u00f2ria europea. Situada a Tavernes de la Valldigna, esta cova conserva restes que [&hellip;]<\/p>\n","protected":false},"author":4,"featured_media":0,"parent":0,"menu_order":0,"comment_status":"closed","ping_status":"closed","template":"","meta":{"_acf_changed":false,"footnotes":""},"class_list":["post-16440","page","type-page","status-publish","hentry"],"acf":[],"_links":{"self":[{"href":"https:\/\/www.visitatavernes.es\/ca\/wp-json\/wp\/v2\/pages\/16440","targetHints":{"allow":["GET"]}}],"collection":[{"href":"https:\/\/www.visitatavernes.es\/ca\/wp-json\/wp\/v2\/pages"}],"about":[{"href":"https:\/\/www.visitatavernes.es\/ca\/wp-json\/wp\/v2\/types\/page"}],"author":[{"embeddable":true,"href":"https:\/\/www.visitatavernes.es\/ca\/wp-json\/wp\/v2\/users\/4"}],"replies":[{"embeddable":true,"href":"https:\/\/www.visitatavernes.es\/ca\/wp-json\/wp\/v2\/comments?post=16440"}],"version-history":[{"count":17,"href":"https:\/\/www.visitatavernes.es\/ca\/wp-json\/wp\/v2\/pages\/16440\/revisions"}],"predecessor-version":[{"id":18663,"href":"https:\/\/www.visitatavernes.es\/ca\/wp-json\/wp\/v2\/pages\/16440\/revisions\/18663"}],"wp:attachment":[{"href":"https:\/\/www.visitatavernes.es\/ca\/wp-json\/wp\/v2\/media?parent=16440"}],"curies":[{"name":"wp","href":"https:\/\/api.w.org\/{rel}","templated":true}]}}