{"id":15912,"date":"2023-04-04T16:09:50","date_gmt":"2023-04-04T16:09:50","guid":{"rendered":"https:\/\/visitatavernes.es\/?page_id=15912"},"modified":"2026-05-07T08:16:27","modified_gmt":"2026-05-07T08:16:27","slug":"turisme-esportiu","status":"publish","type":"page","link":"https:\/\/www.visitatavernes.es\/ca\/turisme-esportiu\/","title":{"rendered":"TURISME ESPORTIU"},"content":{"rendered":"\t\t<div data-elementor-type=\"wp-page\" data-elementor-id=\"15912\" class=\"elementor elementor-15912 elementor-15878\" wpc-filter-elementor-widget=\"1\" data-elementor-post-type=\"page\">\n\t\t\t\t\t\t\t\t\t<section class=\"elementor-section elementor-top-section elementor-element elementor-element-449c774 elementor-section-full_width elementor-section-height-default elementor-section-height-default\" data-id=\"449c774\" data-element_type=\"section\" data-settings=\"{&quot;shape_divider_bottom&quot;:&quot;waves&quot;,&quot;background_background&quot;:&quot;classic&quot;}\">\n\t\t\t\t\t<div class=\"elementor-shape elementor-shape-bottom\" data-negative=\"false\">\n\t\t\t<svg xmlns=\"http:\/\/www.w3.org\/2000\/svg\" viewBox=\"0 0 1000 100\" preserveAspectRatio=\"none\">\n\t<path class=\"elementor-shape-fill\" d=\"M421.9,6.5c22.6-2.5,51.5,0.4,75.5,5.3c23.6,4.9,70.9,23.5,100.5,35.7c75.8,32.2,133.7,44.5,192.6,49.7\n\tc23.6,2.1,48.7,3.5,103.4-2.5c54.7-6,106.2-25.6,106.2-25.6V0H0v30.3c0,0,72,32.6,158.4,30.5c39.2-0.7,92.8-6.7,134-22.4\n\tc21.2-8.1,52.2-18.2,79.7-24.2C399.3,7.9,411.6,7.5,421.9,6.5z\"\/>\n<\/svg>\t\t<\/div>\n\t\t\t\t\t<div class=\"elementor-container elementor-column-gap-default\">\n\t\t\t\t\t<div class=\"elementor-column elementor-col-100 elementor-top-column elementor-element elementor-element-80dd3bb\" data-id=\"80dd3bb\" data-element_type=\"column\">\n\t\t\t<div class=\"elementor-widget-wrap elementor-element-populated\">\n\t\t\t\t\t\t\t\t<div class=\"elementor-element elementor-element-274e31c elementor--h-position-center elementor--v-position-middle elementor-widget elementor-widget-slides\" data-id=\"274e31c\" data-element_type=\"widget\" data-settings=\"{&quot;navigation&quot;:&quot;none&quot;,&quot;transition&quot;:&quot;fade&quot;,&quot;transition_speed&quot;:500}\" data-widget_type=\"slides.default\">\n\t\t\t\t<div class=\"elementor-widget-container\">\n\t\t\t\t\t<div class=\"elementor-swiper\">\n\t\t\t<div class=\"elementor-slides-wrapper elementor-main-swiper swiper-container\" dir=\"ltr\" data-animation=\"fadeInUp\">\n\t\t\t\t<div class=\"swiper-wrapper elementor-slides\">\n\t\t\t\t\t\t\t\t\t\t<div class=\"elementor-repeater-item-2141c07 swiper-slide\"><div class=\"swiper-slide-bg\" role=\"img\"><\/div><div class=\"elementor-background-overlay\"><\/div><div class=\"swiper-slide-inner\" ><div class=\"swiper-slide-contents\"><div class=\"elementor-slide-heading\">TURISME ESPORTIU<\/div><\/div><\/div><\/div>\t\t\t\t<\/div>\n\t\t\t\t\t\t\t<\/div>\n\t\t<\/div>\n\t\t\t\t<\/div>\n\t\t\t\t<\/div>\n\t\t\t\t\t<\/div>\n\t\t<\/div>\n\t\t\t\t\t\t\t<\/div>\n\t\t<\/section>\n\t\t\t\t<section class=\"elementor-section elementor-top-section elementor-element elementor-element-b2213d4 elementor-section-boxed elementor-section-height-default elementor-section-height-default\" data-id=\"b2213d4\" data-element_type=\"section\">\n\t\t\t\t\t\t<div class=\"elementor-container elementor-column-gap-default\">\n\t\t\t\t\t<div class=\"elementor-column elementor-col-100 elementor-top-column elementor-element elementor-element-774b18d\" data-id=\"774b18d\" data-element_type=\"column\">\n\t\t\t<div class=\"elementor-widget-wrap elementor-element-populated\">\n\t\t\t\t\t\t\t\t<div class=\"elementor-element elementor-element-bde3485 elementor-skin-carousel elementor-widget elementor-widget-media-carousel\" data-id=\"bde3485\" data-element_type=\"widget\" data-settings=\"{&quot;lazyload&quot;:&quot;yes&quot;,&quot;skin&quot;:&quot;carousel&quot;,&quot;effect&quot;:&quot;slide&quot;,&quot;speed&quot;:500,&quot;space_between&quot;:{&quot;unit&quot;:&quot;px&quot;,&quot;size&quot;:10,&quot;sizes&quot;:[]},&quot;space_between_tablet&quot;:{&quot;unit&quot;:&quot;px&quot;,&quot;size&quot;:10,&quot;sizes&quot;:[]},&quot;space_between_mobile&quot;:{&quot;unit&quot;:&quot;px&quot;,&quot;size&quot;:10,&quot;sizes&quot;:[]}}\" data-widget_type=\"media-carousel.default\">\n\t\t\t\t<div class=\"elementor-widget-container\">\n\t\t\t\t\t<div class=\"elementor-swiper\">\n\t\t\t<div class=\"elementor-main-swiper swiper-container\">\n\t\t\t\t<div class=\"swiper-wrapper\">\n\t\t\t\t\t\t\t\t\t\t\t<div class=\"swiper-slide\">\n\t\t\t\t\t\t\t<a href=\"https:\/\/www.visitatavernes.es\/wp-content\/uploads\/2023\/04\/ciclisme.webp\" data-elementor-open-lightbox=\"yes\" data-elementor-lightbox-slideshow=\"bde3485\" data-elementor-lightbox-title=\"ciclisme\" data-e-action-hash=\"#elementor-action%3Aaction%3Dlightbox%26settings%3DeyJpZCI6MTU5MDEsInVybCI6Imh0dHBzOlwvXC93d3cudmlzaXRhdGF2ZXJuZXMuZXNcL3dwLWNvbnRlbnRcL3VwbG9hZHNcLzIwMjNcLzA0XC9jaWNsaXNtZS53ZWJwIiwic2xpZGVzaG93IjoiYmRlMzQ4NSJ9\">\t\t<div class=\"elementor-carousel-image swiper-lazy\" role=\"img\" aria-label=\"ciclisme\" data-background=\"https:\/\/www.visitatavernes.es\/wp-content\/uploads\/2023\/04\/ciclisme.webp\">\n\n\t\t\t\t\t\t\t<div class=\"swiper-lazy-preloader\"><\/div>\n\t\t\t\n\t\t\t\t\t<\/div>\n\t\t<\/a>\t\t\t\t\t\t<\/div>\n\t\t\t\t\t\t\t\t\t\t\t<div class=\"swiper-slide\">\n\t\t\t\t\t\t\t<a href=\"https:\/\/www.visitatavernes.es\/wp-content\/uploads\/2023\/04\/futbol-juvenil-6.webp\" data-elementor-open-lightbox=\"yes\" data-elementor-lightbox-slideshow=\"bde3485\" data-elementor-lightbox-title=\"futbol juvenil 6\" data-e-action-hash=\"#elementor-action%3Aaction%3Dlightbox%26settings%3DeyJpZCI6MTU4OTgsInVybCI6Imh0dHBzOlwvXC93d3cudmlzaXRhdGF2ZXJuZXMuZXNcL3dwLWNvbnRlbnRcL3VwbG9hZHNcLzIwMjNcLzA0XC9mdXRib2wtanV2ZW5pbC02LndlYnAiLCJzbGlkZXNob3ciOiJiZGUzNDg1In0%3D\">\t\t<div class=\"elementor-carousel-image swiper-lazy\" role=\"img\" aria-label=\"futbol juvenil 6\" data-background=\"https:\/\/www.visitatavernes.es\/wp-content\/uploads\/2023\/04\/futbol-juvenil-6.webp\">\n\n\t\t\t\t\t\t\t<div class=\"swiper-lazy-preloader\"><\/div>\n\t\t\t\n\t\t\t\t\t<\/div>\n\t\t<\/a>\t\t\t\t\t\t<\/div>\n\t\t\t\t\t\t\t\t\t\t\t<div class=\"swiper-slide\">\n\t\t\t\t\t\t\t<a href=\"https:\/\/www.visitatavernes.es\/wp-content\/uploads\/2023\/04\/basquet-femeni-scaled.webp\" data-elementor-open-lightbox=\"yes\" data-elementor-lightbox-slideshow=\"bde3485\" data-elementor-lightbox-title=\"basquet femeni\" data-e-action-hash=\"#elementor-action%3Aaction%3Dlightbox%26settings%3DeyJpZCI6MTU4OTUsInVybCI6Imh0dHBzOlwvXC93d3cudmlzaXRhdGF2ZXJuZXMuZXNcL3dwLWNvbnRlbnRcL3VwbG9hZHNcLzIwMjNcLzA0XC9iYXNxdWV0LWZlbWVuaS1zY2FsZWQud2VicCIsInNsaWRlc2hvdyI6ImJkZTM0ODUifQ%3D%3D\">\t\t<div class=\"elementor-carousel-image swiper-lazy\" role=\"img\" aria-label=\"basquet femeni\" data-background=\"https:\/\/www.visitatavernes.es\/wp-content\/uploads\/2023\/04\/basquet-femeni-scaled.webp\">\n\n\t\t\t\t\t\t\t<div class=\"swiper-lazy-preloader\"><\/div>\n\t\t\t\n\t\t\t\t\t<\/div>\n\t\t<\/a>\t\t\t\t\t\t<\/div>\n\t\t\t\t\t\t\t\t\t<\/div>\n\t\t\t\t\t\t\t\t\t\t\t\t\t\t\t\t\t\t\t\t\t<\/div>\n\t\t<\/div>\n\t\t\t\t<\/div>\n\t\t\t\t<\/div>\n\t\t\t\t<div class=\"elementor-element elementor-element-48775752 elementor-widget elementor-widget-text-editor\" data-id=\"48775752\" data-element_type=\"widget\" data-widget_type=\"text-editor.default\">\n\t\t\t\t<div class=\"elementor-widget-container\">\n\t\t\t\t\t\t\t<p>Tavernes t\u00e9 una gran tradici\u00f3 esportiva. Este enclavament geogr\u00e0fic i el bon clima permeten la pr\u00e0ctica de moltes modalitats esportives en les quals es necessiten escenaris diferents: des del mar, on podem exercitar-nos en els esports aqu\u00e0tics, fins la muntanya que ens brinda l\u2019oportunitat de realitzar escalada, senderisme o rappel.<\/p><p>Gr\u00e0cies a aix\u00f2, s\u2019organitzen durant tot l\u2019any m\u00faltiples campionats entre els que destacarem pel gran nombre d\u2019edicions realitzades els \u00a0seg\u00fcents:<\/p>\t\t\t\t\t\t<\/div>\n\t\t\t\t<\/div>\n\t\t\t\t<div class=\"elementor-element elementor-element-802fe7e elementor-widget elementor-widget-text-editor\" data-id=\"802fe7e\" data-element_type=\"widget\" data-widget_type=\"text-editor.default\">\n\t\t\t\t<div class=\"elementor-widget-container\">\n\t\t\t\t\t\t\t<table><tbody><tr><td width=\"217\"><p>TRAIL LES CREUS<\/p><p>Febrer<\/p><\/td><td width=\"217\"><p>22 km per les muntanyes de Tavernes<\/p><\/td><td width=\"217\"><p>600 participants<\/p><\/td><\/tr><tr><td width=\"217\"><p>CURSA DE LA DONA<\/p><p>Mar\u00e7<\/p><\/td><td width=\"217\"><p>Circuit urb\u00e0<\/p><\/td><td width=\"217\"><p>600 participants<\/p><\/td><\/tr><tr><td width=\"217\"><p>TORNEIG INTERNACIONAL DE RUGBI<\/p><p>Abril<\/p><\/td><td width=\"217\"><p>Per tradici\u00f3 el Tavernes Rugbi Club s\u2019enfronta tots els anys a un equip angl\u00e9s<\/p><\/td><td width=\"217\"><p>Partit \u00fanic<\/p><\/td><\/tr><tr><td width=\"217\"><p>VOLTA CICLOTUR\u00cdSTICA A LA VALLDIGNA<\/p><p>Maig<\/p><\/td><td width=\"217\"><p>Eixida i arribada a Tavernes. Visita a Benifair\u00f3 i Simat<\/p><\/td><td width=\"217\"><p>250 participants de totes les edats<\/p><\/td><\/tr><tr><td width=\"217\"><p>MARXA BTT FALLA CAMBRO<\/p><p>Maig<\/p><\/td><td width=\"217\"><p>Circuit de muntanya al voltant de Tavernes<\/p><\/td><td width=\"217\"><p>600 participants<\/p><\/td><\/tr><tr><td width=\"217\"><p>TRIATL\u00d3 SPRINT PLATJA<\/p><p>DE TAVERNES<\/p><p>Juny<\/p><\/td><td width=\"217\"><p>750 m de nataci\u00f3, 21 km de ciclisme i 5 km de carrera a peu<\/p><\/td><td width=\"217\"><p>200 participants<\/p><\/td><\/tr><tr><td width=\"217\"><p>CAMPIONAT D\u2019ESPANYA DE SELECCIONS AUTON\u00d2MIQUES DE RUGBI FEMEN\u00cd<\/p><p>Juny<\/p><\/td><td width=\"217\"><p>Participen totes les comunitats auton\u00f2miques en categoria cadet<\/p><\/td><td width=\"217\"><p>\u00a0<\/p><\/td><\/tr><tr><td width=\"217\"><p>TORNEIG CADET DE FUTBOL 11<\/p><p>Juny<\/p><\/td><td width=\"217\"><p>Millors equips cadets de tot l\u2019estat espanyol: Madrid, Bar\u00e7a, Espanyol de Barcelona, Villarreal, Elx, Atl\u00e8tic de Bilbao, Val\u00e8ncia CF&#8230;<\/p><\/td><td width=\"217\"><p>El format \u00e9s de 4 equips<\/p><\/td><\/tr><tr><td width=\"217\"><p>FASE INTERMUNICIPAL DE B\u00c0SQUET<\/p><p>Juny<\/p><\/td><td width=\"217\"><p>Lliga intermunicipal entre equips de les comarques de la Safor, la Ribera i la Costera<\/p><\/td><td width=\"217\"><p>53 equips<\/p><\/td><\/tr><tr><td width=\"217\"><p>SEVEN DE RUGBI PLATJA<\/p><p>Juliol<\/p><\/td><td width=\"217\"><p>Torneig de rugbi platja amb la participaci\u00f3 d\u2019equips de tot l\u2019estat espanyol<\/p><\/td><td width=\"217\"><p>8 equips<\/p><\/td><\/tr><tr><td width=\"217\"><p>VOLTA A PEU A LA PLATJA<\/p><p>Agost<\/p><\/td><td width=\"217\"><p>Circuit urb\u00e0 de 8.200 m<\/p><\/td><td width=\"217\"><p>Al voltant de 1.200 participants majors de 18 anys<\/p><\/td><\/tr><tr><td width=\"217\"><p>TORNEIG FUTBOL BASE<\/p><p>Setembre<\/p><\/td><td width=\"217\"><p>Equip Futbol 9.<\/p><p>Benjamins i alevins<\/p><\/td><td width=\"217\"><p>4 equips de cada categoria de dos escoles diferents: un de Tavernes i un d\u2019altre club<\/p><\/td><\/tr><tr><td width=\"217\"><p>VALLDIGNA EXTREM<\/p><p>Octubre<\/p><\/td><td width=\"217\"><p>42 km circulars per les muntanyes de la Valldigna<\/p><\/td><td width=\"217\"><p>250 participants<\/p><\/td><\/tr><\/tbody><\/table>\t\t\t\t\t\t<\/div>\n\t\t\t\t<\/div>\n\t\t\t\t<div class=\"elementor-element elementor-element-fb34bba elementor-widget elementor-widget-text-editor\" data-id=\"fb34bba\" data-element_type=\"widget\" data-widget_type=\"text-editor.default\">\n\t\t\t\t<div class=\"elementor-widget-container\">\n\t\t\t\t\t\t\t<p><strong>M\u00c9S INFORMACI\u00d3:<\/strong> Poliesportiu municipal. Tel 96 282 28 16<\/p>\t\t\t\t\t\t<\/div>\n\t\t\t\t<\/div>\n\t\t\t\t\t<\/div>\n\t\t<\/div>\n\t\t\t\t\t\t\t<\/div>\n\t\t<\/section>\n\t\t\t\t\t\t\t<\/div>\n\t\t","protected":false},"excerpt":{"rendered":"<p>TURISME ESPORTIU Tavernes t\u00e9 una gran tradici\u00f3 esportiva. Este enclavament geogr\u00e0fic i el bon clima permeten la pr\u00e0ctica de moltes modalitats esportives en les quals es necessiten escenaris diferents: des del mar, on podem exercitar-nos en els esports aqu\u00e0tics, fins la muntanya que ens brinda l\u2019oportunitat de realitzar escalada, senderisme o rappel. Gr\u00e0cies a aix\u00f2, [&hellip;]<\/p>\n","protected":false},"author":1,"featured_media":0,"parent":0,"menu_order":0,"comment_status":"closed","ping_status":"closed","template":"","meta":{"_acf_changed":false,"footnotes":""},"class_list":["post-15912","page","type-page","status-publish","hentry"],"acf":[],"_links":{"self":[{"href":"https:\/\/www.visitatavernes.es\/ca\/wp-json\/wp\/v2\/pages\/15912","targetHints":{"allow":["GET"]}}],"collection":[{"href":"https:\/\/www.visitatavernes.es\/ca\/wp-json\/wp\/v2\/pages"}],"about":[{"href":"https:\/\/www.visitatavernes.es\/ca\/wp-json\/wp\/v2\/types\/page"}],"author":[{"embeddable":true,"href":"https:\/\/www.visitatavernes.es\/ca\/wp-json\/wp\/v2\/users\/1"}],"replies":[{"embeddable":true,"href":"https:\/\/www.visitatavernes.es\/ca\/wp-json\/wp\/v2\/comments?post=15912"}],"version-history":[{"count":13,"href":"https:\/\/www.visitatavernes.es\/ca\/wp-json\/wp\/v2\/pages\/15912\/revisions"}],"predecessor-version":[{"id":15929,"href":"https:\/\/www.visitatavernes.es\/ca\/wp-json\/wp\/v2\/pages\/15912\/revisions\/15929"}],"wp:attachment":[{"href":"https:\/\/www.visitatavernes.es\/ca\/wp-json\/wp\/v2\/media?parent=15912"}],"curies":[{"name":"wp","href":"https:\/\/api.w.org\/{rel}","templated":true}]}}