{"id":15612,"date":"2023-02-21T15:32:29","date_gmt":"2023-02-21T15:32:29","guid":{"rendered":"https:\/\/visitatavernes.es\/?page_id=15612"},"modified":"2026-05-07T08:13:49","modified_gmt":"2026-05-07T08:13:49","slug":"area-professional","status":"publish","type":"page","link":"https:\/\/www.visitatavernes.es\/ca\/area-professional\/","title":{"rendered":"AREA PROFESSIONAL"},"content":{"rendered":"\t\t<div data-elementor-type=\"wp-page\" data-elementor-id=\"15612\" class=\"elementor elementor-15612\" wpc-filter-elementor-widget=\"1\" data-elementor-post-type=\"page\">\n\t\t\t\t\t\t\t\t\t<section class=\"elementor-section elementor-top-section elementor-element elementor-element-1fc2fbb elementor-section-boxed elementor-section-height-default elementor-section-height-default\" data-id=\"1fc2fbb\" data-element_type=\"section\">\n\t\t\t\t\t\t<div class=\"elementor-container elementor-column-gap-default\">\n\t\t\t\t\t<div class=\"elementor-column elementor-col-100 elementor-top-column elementor-element elementor-element-b686ec9\" data-id=\"b686ec9\" data-element_type=\"column\">\n\t\t\t<div class=\"elementor-widget-wrap elementor-element-populated\">\n\t\t\t\t\t\t\t\t<div class=\"elementor-element elementor-element-65d7239 elementor-widget elementor-widget-heading\" data-id=\"65d7239\" data-element_type=\"widget\" data-widget_type=\"heading.default\">\n\t\t\t\t<div class=\"elementor-widget-container\">\n\t\t\t<h2 class=\"elementor-heading-title elementor-size-default\">\u00c0rea professional<\/h2>\t\t<\/div>\n\t\t\t\t<\/div>\n\t\t\t\t\t<\/div>\n\t\t<\/div>\n\t\t\t\t\t\t\t<\/div>\n\t\t<\/section>\n\t\t\t\t<section class=\"elementor-section elementor-top-section elementor-element elementor-element-462ccf2 elementor-section-boxed elementor-section-height-default elementor-section-height-default\" data-id=\"462ccf2\" data-element_type=\"section\">\n\t\t\t\t\t\t<div class=\"elementor-container elementor-column-gap-default\">\n\t\t\t\t\t<div class=\"elementor-column elementor-col-100 elementor-top-column elementor-element elementor-element-5e5d7af\" data-id=\"5e5d7af\" data-element_type=\"column\">\n\t\t\t<div class=\"elementor-widget-wrap elementor-element-populated\">\n\t\t\t\t\t\t\t\t<div class=\"elementor-element elementor-element-2912c2e elementor-widget elementor-widget-heading\" data-id=\"2912c2e\" data-element_type=\"widget\" data-widget_type=\"heading.default\">\n\t\t\t\t<div class=\"elementor-widget-container\">\n\t\t\t<h2 class=\"elementor-heading-title elementor-size-default\">Platges amb Bandera Blava<\/h2>\t\t<\/div>\n\t\t\t\t<\/div>\n\t\t\t\t<div class=\"elementor-element elementor-element-1e5bc35 elementor-widget-divider--view-line elementor-widget elementor-widget-divider\" data-id=\"1e5bc35\" data-element_type=\"widget\" data-widget_type=\"divider.default\">\n\t\t\t\t<div class=\"elementor-widget-container\">\n\t\t\t\t\t<div class=\"elementor-divider\">\n\t\t\t<span class=\"elementor-divider-separator\">\n\t\t\t\t\t\t<\/span>\n\t\t<\/div>\n\t\t\t\t<\/div>\n\t\t\t\t<\/div>\n\t\t\t\t<section class=\"elementor-section elementor-inner-section elementor-element elementor-element-7fad3d3 elementor-section-boxed elementor-section-height-default elementor-section-height-default\" data-id=\"7fad3d3\" data-element_type=\"section\">\n\t\t\t\t\t\t<div class=\"elementor-container elementor-column-gap-default\">\n\t\t\t\t\t<div class=\"elementor-column elementor-col-100 elementor-inner-column elementor-element elementor-element-90fc8b4\" data-id=\"90fc8b4\" data-element_type=\"column\">\n\t\t\t<div class=\"elementor-widget-wrap elementor-element-populated\">\n\t\t\t\t\t\t\t\t<div class=\"elementor-element elementor-element-6f7f417 elementor-widget elementor-widget-text-editor\" data-id=\"6f7f417\" data-element_type=\"widget\" data-widget_type=\"text-editor.default\">\n\t\t\t\t<div class=\"elementor-widget-container\">\n\t\t\t\t\t\t\t<p class=\"p1\">La Bandera Blava s\u2019ha convertit en el s\u00edmbol m\u00e9s reconeixible mundialment com a est\u00e0ndard d\u2019ecoqualitat tur\u00edstica. \u00c9s un guard\u00f3 ambiental atorgat per la Fundaci\u00f3 per a l\u2019Educaci\u00f3 Ambiental a Europa (FEEE) i el seu soci a Espanya, l\u2019Associaci\u00f3 d\u2019Educaci\u00f3 Ambiental i del Consumidor (ADEAC).<\/p><p class=\"p1\">La missi\u00f3 de\u00a0<a href=\"http:\/\/www.banderaazul.org\/\" target=\"_blank\" rel=\"noopener\">Bandera Blava<\/a>\u00a0\u00e9s promoure la sostenibilitat en el sector tur\u00edstic a trav\u00e9s de l\u2019educaci\u00f3 ambiental, la protecci\u00f3 ambiental i altres pr\u00e0ctiques que fomenten el desenvolupament sostenible i la cura del medi ambient.<\/p><p class=\"p2\">Els criteris per a obtenir Bandera Blava s\u00f3n revisats i consensuats anualment en l\u2019\u00e0mbit internacional pels operadors nacionals. Perqu\u00e8 una platja obtinga este guard\u00f3, ha de complir els criteris establits, que es divideixen en quatre grans blocs: informaci\u00f3 i educaci\u00f3 ambiental, qualitat de l\u2019aigua, gesti\u00f3 ambiental i seguretat i serveis.<\/p><p class=\"p1\">ADEAC promou altres guardons i campanyes, com ara les\u00a0<a href=\"https:\/\/drive.google.com\/file\/d\/1ramgxkslX950nQDkkL_F3rBGFYWeB-p7\/view?usp=sharing\" target=\"_blank\" rel=\"noopener\">Sendes Blaves<\/a>\u00a0o els Centres Blaus.<\/p><p class=\"p1\">Les nostres platges, Tavernes de la Valldigna i La Goleta, han obtingut el reconeixement Bandera Blava des de 1987.<\/p>\t\t\t\t\t\t<\/div>\n\t\t\t\t<\/div>\n\t\t\t\t\t<\/div>\n\t\t<\/div>\n\t\t\t\t\t\t\t<\/div>\n\t\t<\/section>\n\t\t\t\t<div class=\"elementor-element elementor-element-042290d elementor-widget elementor-widget-heading\" data-id=\"042290d\" data-element_type=\"widget\" data-widget_type=\"heading.default\">\n\t\t\t\t<div class=\"elementor-widget-container\">\n\t\t\t<h2 class=\"elementor-heading-title elementor-size-default\">Qualitat de l'aigua de bany<\/h2>\t\t<\/div>\n\t\t\t\t<\/div>\n\t\t\t\t<div class=\"elementor-element elementor-element-ef25aa3 elementor-widget elementor-widget-text-editor\" data-id=\"ef25aa3\" data-element_type=\"widget\" data-widget_type=\"text-editor.default\">\n\t\t\t\t<div class=\"elementor-widget-container\">\n\t\t\t\t\t\t\t<p class=\"p1\">L\u2019aigua de bany de les platges de Tavernes s\u2019analitza setmanalment durant el per\u00edode compr\u00e9s entre juliol i mitjan setembre.<\/p>\n\t\t\t\t\t\t<\/div>\n\t\t\t\t<\/div>\n\t\t\t\t<div class=\"elementor-element elementor-element-b3b7625 elementor-widget elementor-widget-image\" data-id=\"b3b7625\" data-element_type=\"widget\" data-widget_type=\"image.default\">\n\t\t\t\t<div class=\"elementor-widget-container\">\n\t\t\t\t\t\t\t\t\t\t\t\t\t\t\t<img fetchpriority=\"high\" decoding=\"async\" width=\"800\" height=\"269\" src=\"https:\/\/www.visitatavernes.es\/wp-content\/uploads\/2023\/02\/qualitat-de-bany.png\" class=\"attachment-large size-large wp-image-15614\" alt=\"\" srcset=\"https:\/\/www.visitatavernes.es\/wp-content\/uploads\/2023\/02\/qualitat-de-bany.png 1038w, https:\/\/www.visitatavernes.es\/wp-content\/uploads\/2023\/02\/qualitat-de-bany-300x101.png 300w, https:\/\/www.visitatavernes.es\/wp-content\/uploads\/2023\/02\/qualitat-de-bany-768x258.png 768w\" sizes=\"(max-width: 800px) 100vw, 800px\" \/>\t\t\t\t\t\t\t\t\t\t\t\t\t\t\t<\/div>\n\t\t\t\t<\/div>\n\t\t\t\t\t<\/div>\n\t\t<\/div>\n\t\t\t\t\t\t\t<\/div>\n\t\t<\/section>\n\t\t\t\t<section class=\"elementor-section elementor-top-section elementor-element elementor-element-648e91e elementor-section-boxed elementor-section-height-default elementor-section-height-default\" data-id=\"648e91e\" data-element_type=\"section\">\n\t\t\t\t\t\t<div class=\"elementor-container elementor-column-gap-default\">\n\t\t\t\t\t<div class=\"elementor-column elementor-col-100 elementor-top-column elementor-element elementor-element-a190c76\" data-id=\"a190c76\" data-element_type=\"column\">\n\t\t\t<div class=\"elementor-widget-wrap elementor-element-populated\">\n\t\t\t\t\t\t\t\t<div class=\"elementor-element elementor-element-6ec2475 elementor-widget elementor-widget-heading\" data-id=\"6ec2475\" data-element_type=\"widget\" data-widget_type=\"heading.default\">\n\t\t\t\t<div class=\"elementor-widget-container\">\n\t\t\t<h2 class=\"elementor-heading-title elementor-size-default\">Senda Blava<\/h2>\t\t<\/div>\n\t\t\t\t<\/div>\n\t\t\t\t<div class=\"elementor-element elementor-element-1a6b97a elementor-widget-divider--view-line elementor-widget elementor-widget-divider\" data-id=\"1a6b97a\" data-element_type=\"widget\" data-widget_type=\"divider.default\">\n\t\t\t\t<div class=\"elementor-widget-container\">\n\t\t\t\t\t<div class=\"elementor-divider\">\n\t\t\t<span class=\"elementor-divider-separator\">\n\t\t\t\t\t\t<\/span>\n\t\t<\/div>\n\t\t\t\t<\/div>\n\t\t\t\t<\/div>\n\t\t\t\t<section class=\"elementor-section elementor-inner-section elementor-element elementor-element-04d230e elementor-section-boxed elementor-section-height-default elementor-section-height-default\" data-id=\"04d230e\" data-element_type=\"section\">\n\t\t\t\t\t\t<div class=\"elementor-container elementor-column-gap-default\">\n\t\t\t\t\t<div class=\"elementor-column elementor-col-100 elementor-inner-column elementor-element elementor-element-c70fc1b\" data-id=\"c70fc1b\" data-element_type=\"column\">\n\t\t\t<div class=\"elementor-widget-wrap elementor-element-populated\">\n\t\t\t\t\t\t\t\t<div class=\"elementor-element elementor-element-f914b87 elementor-widget elementor-widget-text-editor\" data-id=\"f914b87\" data-element_type=\"widget\" data-widget_type=\"text-editor.default\">\n\t\t\t\t<div class=\"elementor-widget-container\">\n\t\t\t\t\t\t\t<p class=\"p1\">El programa Sendes Blaves \u00e9s una iniciativa promoguda i desenvolupada per l\u2019Associaci\u00f3 d\u2019Educaci\u00f3 Ambiental i del Consumidor (ADEAC). L\u2019objectiu del programa \u00e9s premiar, a trav\u00e9s del guard\u00f3 Senda Blava, la recuperaci\u00f3 i reivindicaci\u00f3 de sendes i itineraris de tot el territori nacional, transformats en recursos valuosos per a la interpretaci\u00f3 ambiental i el gaudi de la naturalesa.\u00a0Les sendes blaves s\u00f3n llocs ideals per a la sensibilitzaci\u00f3 ambiental, entesa com una eina que contribueix al canvi social.<\/p><p class=\"p1\">Les Sendes Blaves d\u2019ADEAC permeten, doncs, donar valor alhora a la conservaci\u00f3 d\u2019entorns ja humanitzats i a la interpretaci\u00f3 del patrimoni natural i cultural, mitjan\u00e7ant les sendes blaves com a recursos per a la conservaci\u00f3 i l\u2019educaci\u00f3 ambiental a trav\u00e9s d\u2019activitats recreatives, esportives, tur\u00edstiques i d\u2019esbargiment.<\/p><p class=\"p1\">A Tavernes, l\u2019anomenada Ruta dels Sentits ha obtingut este guard\u00f3 des de 2016. Es tracta d\u2019un viatge sensorial que abra\u00e7a la naturalesa, mitjan\u00e7ant el qual podem comprovar el poder de l\u2019aigua, present de manera vital en la ruta. Quatre enclavaments elegits en un recorregut de 14 quil\u00f2metres per a gaudir de l\u2019ecosistema dunar, de marjal, agrari i forestal i per a deixar-se sorprendre per la natura en el trajecte que uneix la platja amb la muntanya.<\/p>\t\t\t\t\t\t<\/div>\n\t\t\t\t<\/div>\n\t\t\t\t\t<\/div>\n\t\t<\/div>\n\t\t\t\t\t\t\t<\/div>\n\t\t<\/section>\n\t\t\t\t<div class=\"elementor-element elementor-element-943f46b elementor-widget elementor-widget-image\" data-id=\"943f46b\" data-element_type=\"widget\" data-widget_type=\"image.default\">\n\t\t\t\t<div class=\"elementor-widget-container\">\n\t\t\t\t\t\t\t\t\t\t\t\t\t\t\t<img decoding=\"async\" width=\"432\" height=\"372\" src=\"https:\/\/www.visitatavernes.es\/wp-content\/uploads\/2023\/02\/senda-blava.png\" class=\"attachment-large size-large wp-image-15617\" alt=\"\" srcset=\"https:\/\/www.visitatavernes.es\/wp-content\/uploads\/2023\/02\/senda-blava.png 432w, https:\/\/www.visitatavernes.es\/wp-content\/uploads\/2023\/02\/senda-blava-300x258.png 300w\" sizes=\"(max-width: 432px) 100vw, 432px\" \/>\t\t\t\t\t\t\t\t\t\t\t\t\t\t\t<\/div>\n\t\t\t\t<\/div>\n\t\t\t\t\t<\/div>\n\t\t<\/div>\n\t\t\t\t\t\t\t<\/div>\n\t\t<\/section>\n\t\t\t\t<section class=\"elementor-section elementor-top-section elementor-element elementor-element-591d3ca elementor-section-boxed elementor-section-height-default elementor-section-height-default\" data-id=\"591d3ca\" data-element_type=\"section\">\n\t\t\t\t\t\t<div class=\"elementor-container elementor-column-gap-default\">\n\t\t\t\t\t<div class=\"elementor-column elementor-col-100 elementor-top-column elementor-element elementor-element-fcdd60e\" data-id=\"fcdd60e\" data-element_type=\"column\">\n\t\t\t<div class=\"elementor-widget-wrap elementor-element-populated\">\n\t\t\t\t\t\t\t\t<div class=\"elementor-element elementor-element-396f793 elementor-widget elementor-widget-heading\" data-id=\"396f793\" data-element_type=\"widget\" data-widget_type=\"heading.default\">\n\t\t\t\t<div class=\"elementor-widget-container\">\n\t\t\t<h2 class=\"elementor-heading-title elementor-size-default\">Sicted. Comprom\u00eds de Qualitat Tur\u00edstica<\/h2>\t\t<\/div>\n\t\t\t\t<\/div>\n\t\t\t\t<div class=\"elementor-element elementor-element-0998e19 elementor-widget-divider--view-line elementor-widget elementor-widget-divider\" data-id=\"0998e19\" data-element_type=\"widget\" data-widget_type=\"divider.default\">\n\t\t\t\t<div class=\"elementor-widget-container\">\n\t\t\t\t\t<div class=\"elementor-divider\">\n\t\t\t<span class=\"elementor-divider-separator\">\n\t\t\t\t\t\t<\/span>\n\t\t<\/div>\n\t\t\t\t<\/div>\n\t\t\t\t<\/div>\n\t\t\t\t<section class=\"elementor-section elementor-inner-section elementor-element elementor-element-cfb847f elementor-section-boxed elementor-section-height-default elementor-section-height-default\" data-id=\"cfb847f\" data-element_type=\"section\">\n\t\t\t\t\t\t<div class=\"elementor-container elementor-column-gap-default\">\n\t\t\t\t\t<div class=\"elementor-column elementor-col-100 elementor-inner-column elementor-element elementor-element-6e96815\" data-id=\"6e96815\" data-element_type=\"column\">\n\t\t\t<div class=\"elementor-widget-wrap elementor-element-populated\">\n\t\t\t\t\t\t\t\t<div class=\"elementor-element elementor-element-5f0c0df elementor-widget elementor-widget-text-editor\" data-id=\"5f0c0df\" data-element_type=\"widget\" data-widget_type=\"text-editor.default\">\n\t\t\t\t<div class=\"elementor-widget-container\">\n\t\t\t\t\t\t\t<p class=\"p1\"><span class=\"s1\">Tavernes creix per a oferir els millor serveis. Est\u00e0 incorporada al projecte SICTED, Sistema Integral de Qualitat Tur\u00edstica en Destinacions, que <\/span>\u00e9s un projecte de la Secretaria d\u2019Estat de Turisme amb el suport de la Federaci\u00f3 Espanyola de Municipis i Prov\u00edncies (FEMP) per a millorar la qualitat de les destinacions tur\u00edstiques. Es basa en la consci\u00e8ncia integral de destinaci\u00f3 i en la identificaci\u00f3 d\u2019objectius comuns dels agents implicats, i persegueix un nivell de qualitat homogeni en els serveis oferits al turista dins d\u2019una mateixa destinaci\u00f3.<\/p><p class=\"p1\">Actualment disposem d\u2019establiments distingits i compromesos amb la qualitat per a millorar l\u2019experi\u00e8ncia i satisfacci\u00f3 del turista: <span class=\"s2\">Restaurant <a href=\"http:\/\/www.casamacario.es\/\" target=\"_blank\" rel=\"noopener\">Casa Macario,<\/a><\/span>\u00a0<span class=\"s2\"><a href=\"https:\/\/www.tomasrestaurant.net\/\" target=\"_blank\" rel=\"noopener\">Tom\u00e0s Restaurant<\/a><\/span> i <a href=\"https:\/\/restaurantelunapark.com\/\" target=\"_blank\" rel=\"noopener\">Restaurante Luna Park<\/a> encara que ens consta que n\u2019hi ha alguns m\u00e9s que treballen en esta l\u00ednia.<\/p>\t\t\t\t\t\t<\/div>\n\t\t\t\t<\/div>\n\t\t\t\t\t<\/div>\n\t\t<\/div>\n\t\t\t\t\t\t\t<\/div>\n\t\t<\/section>\n\t\t\t\t<div class=\"elementor-element elementor-element-c42757e elementor-widget elementor-widget-image\" data-id=\"c42757e\" data-element_type=\"widget\" data-widget_type=\"image.default\">\n\t\t\t\t<div class=\"elementor-widget-container\">\n\t\t\t\t\t\t\t\t\t\t\t\t\t\t\t<img decoding=\"async\" width=\"800\" height=\"212\" src=\"https:\/\/www.visitatavernes.es\/wp-content\/uploads\/2023\/02\/compromis-de-calidad-turistica.png\" class=\"attachment-large size-large wp-image-15620\" alt=\"\" srcset=\"https:\/\/www.visitatavernes.es\/wp-content\/uploads\/2023\/02\/compromis-de-calidad-turistica.png 873w, https:\/\/www.visitatavernes.es\/wp-content\/uploads\/2023\/02\/compromis-de-calidad-turistica-300x79.png 300w, https:\/\/www.visitatavernes.es\/wp-content\/uploads\/2023\/02\/compromis-de-calidad-turistica-768x203.png 768w\" sizes=\"(max-width: 800px) 100vw, 800px\" \/>\t\t\t\t\t\t\t\t\t\t\t\t\t\t\t<\/div>\n\t\t\t\t<\/div>\n\t\t\t\t\t<\/div>\n\t\t<\/div>\n\t\t\t\t\t\t\t<\/div>\n\t\t<\/section>\n\t\t\t\t<section class=\"elementor-section elementor-top-section elementor-element elementor-element-a3b08f8 elementor-section-boxed elementor-section-height-default elementor-section-height-default\" data-id=\"a3b08f8\" data-element_type=\"section\">\n\t\t\t\t\t\t<div class=\"elementor-container elementor-column-gap-default\">\n\t\t\t\t\t<div class=\"elementor-column elementor-col-100 elementor-top-column elementor-element elementor-element-b5dd749\" data-id=\"b5dd749\" data-element_type=\"column\">\n\t\t\t<div class=\"elementor-widget-wrap elementor-element-populated\">\n\t\t\t\t\t\t\t\t<div class=\"elementor-element elementor-element-3ee6665 elementor-widget elementor-widget-heading\" data-id=\"3ee6665\" data-element_type=\"widget\" data-widget_type=\"heading.default\">\n\t\t\t\t<div class=\"elementor-widget-container\">\n\t\t\t<h2 class=\"elementor-heading-title elementor-size-default\">Q. Qualitat Tur\u00edstica<\/h2>\t\t<\/div>\n\t\t\t\t<\/div>\n\t\t\t\t<div class=\"elementor-element elementor-element-2ed6734 elementor-widget-divider--view-line elementor-widget elementor-widget-divider\" data-id=\"2ed6734\" data-element_type=\"widget\" data-widget_type=\"divider.default\">\n\t\t\t\t<div class=\"elementor-widget-container\">\n\t\t\t\t\t<div class=\"elementor-divider\">\n\t\t\t<span class=\"elementor-divider-separator\">\n\t\t\t\t\t\t<\/span>\n\t\t<\/div>\n\t\t\t\t<\/div>\n\t\t\t\t<\/div>\n\t\t\t\t<section class=\"elementor-section elementor-inner-section elementor-element elementor-element-a882237 elementor-section-boxed elementor-section-height-default elementor-section-height-default\" data-id=\"a882237\" data-element_type=\"section\">\n\t\t\t\t\t\t<div class=\"elementor-container elementor-column-gap-default\">\n\t\t\t\t\t<div class=\"elementor-column elementor-col-100 elementor-inner-column elementor-element elementor-element-4c6f839\" data-id=\"4c6f839\" data-element_type=\"column\">\n\t\t\t<div class=\"elementor-widget-wrap elementor-element-populated\">\n\t\t\t\t\t\t\t\t<div class=\"elementor-element elementor-element-ea9cec1 elementor-widget elementor-widget-text-editor\" data-id=\"ea9cec1\" data-element_type=\"widget\" data-widget_type=\"text-editor.default\">\n\t\t\t\t<div class=\"elementor-widget-container\">\n\t\t\t\t\t\t\t<p class=\"p1\">L\u2019ICTE, Institut per a la Qualitat Tur\u00edstica Espanyola, \u00e9s una organitzaci\u00f3 sense \u00e0nim de lucre, fruit de la fusi\u00f3 dels antics instituts tur\u00edstics creats per sis subsectors tur\u00edstics a fi de difondre els sistemes d\u2019assegurar la qualitat en les empreses dels \u00e0mbits respectius.<b>\u00a0<\/b><\/p><p class=\"p1\">La marca de garantia Q Qualitat Tur\u00edstica \u00e9s una marca espanyola de prestigi reconegut, dirigida a la certificaci\u00f3 volunt\u00e0ria de serveis tur\u00edstics. Una organitzaci\u00f3 tur\u00edstica obt\u00e9 la Q de Qualitat Tur\u00edstica quan evidencia el compliment dels requisits t\u00e8cnics que dicta la norma corresponent. L\u2019organitzaci\u00f3 ha de dur a terme un sistema de gesti\u00f3 orientat al servei del client i a la millora cont\u00ednua.<\/p><p class=\"p2\">Els establiments avalats per la Q de Qualitat han passat unes auditories estrictes que asseguren que la prestaci\u00f3 de servei \u00e9s garantia de\u00a0qualitat, seguretat i professionalitat. Tot aix\u00f2 per a assegurar als clients la millor experi\u00e8ncia tur\u00edstica possible.<\/p><p class=\"p2\">\u00a0<\/p><p class=\"p2\">L\u2019obtenci\u00f3 de la marca implica per als establiments, en l\u2019\u00e0mbit extern, un augment de la satisfacci\u00f3 dels clients (fomentant la fidelitzaci\u00f3 directa i indirecta), una millora en la reputaci\u00f3 de l\u2019organitzaci\u00f3 i posseir un segell diferenciador davant el client potencial. En l\u2019\u00e0mbit intern, millora la gesti\u00f3 i l\u2019efic\u00e0cia de les activitats que du a terme, optimitza els recursos, motiva el personal i estableix un sistema per a controlar de manera efica\u00e7 l\u2019exercici de l\u2019organitzaci\u00f3.<\/p><p class=\"p2\">Des de l\u2019any 2016, la bandera de la Q de Qualitat Tur\u00edstica oneja en les dues platges del nostre municipi, Tavernes i La Goleta.<\/p>\t\t\t\t\t\t<\/div>\n\t\t\t\t<\/div>\n\t\t\t\t\t<\/div>\n\t\t<\/div>\n\t\t\t\t\t\t\t<\/div>\n\t\t<\/section>\n\t\t\t\t<div class=\"elementor-element elementor-element-6e1abd9 elementor-widget elementor-widget-image\" data-id=\"6e1abd9\" data-element_type=\"widget\" data-widget_type=\"image.default\">\n\t\t\t\t<div class=\"elementor-widget-container\">\n\t\t\t\t\t\t\t\t\t\t\t\t\t\t\t<img loading=\"lazy\" decoding=\"async\" width=\"376\" height=\"204\" src=\"https:\/\/www.visitatavernes.es\/wp-content\/uploads\/2023\/02\/q-calidad-turistica.png\" class=\"attachment-large size-large wp-image-15623\" alt=\"\" srcset=\"https:\/\/www.visitatavernes.es\/wp-content\/uploads\/2023\/02\/q-calidad-turistica.png 376w, https:\/\/www.visitatavernes.es\/wp-content\/uploads\/2023\/02\/q-calidad-turistica-300x163.png 300w\" sizes=\"(max-width: 376px) 100vw, 376px\" \/>\t\t\t\t\t\t\t\t\t\t\t\t\t\t\t<\/div>\n\t\t\t\t<\/div>\n\t\t\t\t\t<\/div>\n\t\t<\/div>\n\t\t\t\t\t\t\t<\/div>\n\t\t<\/section>\n\t\t\t\t\t\t\t<\/div>\n\t\t","protected":false},"excerpt":{"rendered":"<p>\u00c0rea professional Platges amb Bandera Blava La Bandera Blava s\u2019ha convertit en el s\u00edmbol m\u00e9s reconeixible mundialment com a est\u00e0ndard d\u2019ecoqualitat tur\u00edstica. \u00c9s un guard\u00f3 ambiental atorgat per la Fundaci\u00f3 per a l\u2019Educaci\u00f3 Ambiental a Europa (FEEE) i el seu soci a Espanya, l\u2019Associaci\u00f3 d\u2019Educaci\u00f3 Ambiental i del Consumidor (ADEAC). La missi\u00f3 de\u00a0Bandera Blava\u00a0\u00e9s promoure [&hellip;]<\/p>\n","protected":false},"author":1,"featured_media":0,"parent":0,"menu_order":0,"comment_status":"closed","ping_status":"closed","template":"","meta":{"_acf_changed":false,"footnotes":""},"class_list":["post-15612","page","type-page","status-publish","hentry"],"acf":[],"_links":{"self":[{"href":"https:\/\/www.visitatavernes.es\/ca\/wp-json\/wp\/v2\/pages\/15612","targetHints":{"allow":["GET"]}}],"collection":[{"href":"https:\/\/www.visitatavernes.es\/ca\/wp-json\/wp\/v2\/pages"}],"about":[{"href":"https:\/\/www.visitatavernes.es\/ca\/wp-json\/wp\/v2\/types\/page"}],"author":[{"embeddable":true,"href":"https:\/\/www.visitatavernes.es\/ca\/wp-json\/wp\/v2\/users\/1"}],"replies":[{"embeddable":true,"href":"https:\/\/www.visitatavernes.es\/ca\/wp-json\/wp\/v2\/comments?post=15612"}],"version-history":[{"count":8,"href":"https:\/\/www.visitatavernes.es\/ca\/wp-json\/wp\/v2\/pages\/15612\/revisions"}],"predecessor-version":[{"id":15743,"href":"https:\/\/www.visitatavernes.es\/ca\/wp-json\/wp\/v2\/pages\/15612\/revisions\/15743"}],"wp:attachment":[{"href":"https:\/\/www.visitatavernes.es\/ca\/wp-json\/wp\/v2\/media?parent=15612"}],"curies":[{"name":"wp","href":"https:\/\/api.w.org\/{rel}","templated":true}]}}