{"id":1020,"date":"2016-02-18T13:06:12","date_gmt":"2016-02-18T13:06:12","guid":{"rendered":"https:\/\/visitatavernes.es\/?page_id=1020"},"modified":"2022-05-31T06:41:32","modified_gmt":"2022-05-31T06:41:32","slug":"la-sangonera","status":"publish","type":"page","link":"https:\/\/www.visitatavernes.es\/ca\/la-sangonera\/","title":{"rendered":"LA SANGONERA"},"content":{"rendered":"\t\t<div data-elementor-type=\"wp-page\" data-elementor-id=\"1020\" class=\"elementor elementor-1020\" wpc-filter-elementor-widget=\"1\" data-elementor-post-type=\"page\">\n\t\t\t\t\t\t\t\t\t<section class=\"elementor-section elementor-top-section elementor-element elementor-element-cdb25fa elementor-section-full_width elementor-section-height-default elementor-section-height-default\" data-id=\"cdb25fa\" data-element_type=\"section\" data-settings=\"{&quot;shape_divider_bottom&quot;:&quot;waves&quot;,&quot;background_background&quot;:&quot;classic&quot;}\">\n\t\t\t\t\t<div class=\"elementor-shape elementor-shape-bottom\" data-negative=\"false\">\n\t\t\t<svg xmlns=\"http:\/\/www.w3.org\/2000\/svg\" viewBox=\"0 0 1000 100\" preserveAspectRatio=\"none\">\n\t<path class=\"elementor-shape-fill\" d=\"M421.9,6.5c22.6-2.5,51.5,0.4,75.5,5.3c23.6,4.9,70.9,23.5,100.5,35.7c75.8,32.2,133.7,44.5,192.6,49.7\n\tc23.6,2.1,48.7,3.5,103.4-2.5c54.7-6,106.2-25.6,106.2-25.6V0H0v30.3c0,0,72,32.6,158.4,30.5c39.2-0.7,92.8-6.7,134-22.4\n\tc21.2-8.1,52.2-18.2,79.7-24.2C399.3,7.9,411.6,7.5,421.9,6.5z\"\/>\n<\/svg>\t\t<\/div>\n\t\t\t\t\t<div class=\"elementor-container elementor-column-gap-default\">\n\t\t\t\t\t<div class=\"elementor-column elementor-col-100 elementor-top-column elementor-element elementor-element-6472ff4\" data-id=\"6472ff4\" data-element_type=\"column\">\n\t\t\t<div class=\"elementor-widget-wrap elementor-element-populated\">\n\t\t\t\t\t\t\t\t<div class=\"elementor-element elementor-element-6b91798 elementor--h-position-center elementor--v-position-middle elementor-widget elementor-widget-slides\" data-id=\"6b91798\" data-element_type=\"widget\" data-settings=\"{&quot;navigation&quot;:&quot;none&quot;,&quot;transition&quot;:&quot;fade&quot;,&quot;transition_speed&quot;:500}\" data-widget_type=\"slides.default\">\n\t\t\t\t<div class=\"elementor-widget-container\">\n\t\t\t\t\t<div class=\"elementor-swiper\">\n\t\t\t<div class=\"elementor-slides-wrapper elementor-main-swiper swiper-container\" dir=\"ltr\" data-animation=\"fadeInUp\">\n\t\t\t\t<div class=\"swiper-wrapper elementor-slides\">\n\t\t\t\t\t\t\t\t\t\t<div class=\"elementor-repeater-item-2141c07 swiper-slide\"><div class=\"swiper-slide-bg\" role=\"img\"><\/div><div class=\"elementor-background-overlay\"><\/div><div class=\"swiper-slide-inner\" ><div class=\"swiper-slide-contents\"><div class=\"elementor-slide-heading\">LA SANGONERA<\/div><\/div><\/div><\/div>\t\t\t\t<\/div>\n\t\t\t\t\t\t\t<\/div>\n\t\t<\/div>\n\t\t\t\t<\/div>\n\t\t\t\t<\/div>\n\t\t\t\t\t<\/div>\n\t\t<\/div>\n\t\t\t\t\t\t\t<\/div>\n\t\t<\/section>\n\t\t\t\t<section class=\"elementor-section elementor-top-section elementor-element elementor-element-f6f27e7 elementor-section-boxed elementor-section-height-default elementor-section-height-default\" data-id=\"f6f27e7\" data-element_type=\"section\">\n\t\t\t\t\t\t<div class=\"elementor-container elementor-column-gap-default\">\n\t\t\t\t\t<div class=\"elementor-column elementor-col-50 elementor-top-column elementor-element elementor-element-6979147\" data-id=\"6979147\" data-element_type=\"column\">\n\t\t\t<div class=\"elementor-widget-wrap elementor-element-populated\">\n\t\t\t\t\t\t\t\t<div class=\"elementor-element elementor-element-da2b128 elementor-widget elementor-widget-text-editor\" data-id=\"da2b128\" data-element_type=\"widget\" data-widget_type=\"text-editor.default\">\n\t\t\t\t<div class=\"elementor-widget-container\">\n\t\t\t\t\t\t\t<p>Situada a l&#8217;alt de les Creus, es converteix en una zona ideal per fer una parada, perqu\u00e8 pr\u00e0cticament es troba a la meitat de la ruta de la <span style=\"color: #0000ff;\"><em><a style=\"color: #0000ff;\" href=\"https:\/\/www.visitatavernes.es\/ca\/via-ferrata\/\">Via Ferrada<\/a><\/em><\/span>.<\/p><p>Quan som al pla de la Sangonera, si hem pujat per la senda dels Amoladors, gaudirem per primera vegada de la finestra oberta a la mar. Est\u00e0 ser\u00e0 una imatge que se&#8217;ns quedar\u00e0 gravada per sempre. Si hem pujat per les Fontetes de Cantus, gaudirem amb el bosc mediterrani que s&#8217;obre davant nostre.<\/p>\t\t\t\t\t\t<\/div>\n\t\t\t\t<\/div>\n\t\t\t\t\t<\/div>\n\t\t<\/div>\n\t\t\t\t<div class=\"elementor-column elementor-col-50 elementor-top-column elementor-element elementor-element-f782868\" data-id=\"f782868\" data-element_type=\"column\" data-settings=\"{&quot;background_background&quot;:&quot;classic&quot;}\">\n\t\t\t<div class=\"elementor-widget-wrap elementor-element-populated\">\n\t\t\t\t\t\t\t\t<div class=\"elementor-element elementor-element-086fdc4 elementor-widget elementor-widget-spacer\" data-id=\"086fdc4\" data-element_type=\"widget\" data-widget_type=\"spacer.default\">\n\t\t\t\t<div class=\"elementor-widget-container\">\n\t\t\t\t\t<div class=\"elementor-spacer\">\n\t\t\t<div class=\"elementor-spacer-inner\"><\/div>\n\t\t<\/div>\n\t\t\t\t<\/div>\n\t\t\t\t<\/div>\n\t\t\t\t\t<\/div>\n\t\t<\/div>\n\t\t\t\t\t\t\t<\/div>\n\t\t<\/section>\n\t\t\t\t<section class=\"elementor-section elementor-top-section elementor-element elementor-element-5cbf137 elementor-reverse-mobile elementor-section-boxed elementor-section-height-default elementor-section-height-default\" data-id=\"5cbf137\" data-element_type=\"section\">\n\t\t\t\t\t\t<div class=\"elementor-container elementor-column-gap-default\">\n\t\t\t\t\t<div class=\"elementor-column elementor-col-50 elementor-top-column elementor-element elementor-element-1e61aca\" data-id=\"1e61aca\" data-element_type=\"column\" data-settings=\"{&quot;background_background&quot;:&quot;classic&quot;}\">\n\t\t\t<div class=\"elementor-widget-wrap elementor-element-populated\">\n\t\t\t\t\t\t\t\t<div class=\"elementor-element elementor-element-c9ac287 elementor-widget elementor-widget-spacer\" data-id=\"c9ac287\" data-element_type=\"widget\" data-widget_type=\"spacer.default\">\n\t\t\t\t<div class=\"elementor-widget-container\">\n\t\t\t\t\t<div class=\"elementor-spacer\">\n\t\t\t<div class=\"elementor-spacer-inner\"><\/div>\n\t\t<\/div>\n\t\t\t\t<\/div>\n\t\t\t\t<\/div>\n\t\t\t\t\t<\/div>\n\t\t<\/div>\n\t\t\t\t<div class=\"elementor-column elementor-col-50 elementor-top-column elementor-element elementor-element-659cfa4\" data-id=\"659cfa4\" data-element_type=\"column\">\n\t\t\t<div class=\"elementor-widget-wrap elementor-element-populated\">\n\t\t\t\t\t\t\t\t<div class=\"elementor-element elementor-element-4ed24c6 elementor-widget elementor-widget-text-editor\" data-id=\"4ed24c6\" data-element_type=\"widget\" data-widget_type=\"text-editor.default\">\n\t\t\t\t<div class=\"elementor-widget-container\">\n\t\t\t\t\t\t\t<p>Aquest pla presenta un paisatge on destaca clarament l&#8217;esfor\u00e7 dels habitants per conquistar els terrenys de muntanya i fer-los cultivables. Hi ha alguns bancals, camins, sendes, construccions on guardar eines de cultiu i cases on vivien fins fa poc m\u00e9s de 40 anys. Es poden visitar les restes de la casa de l&#8217;herbolari, el forn de cal\u00e7 o senda dels Esmoladors que era una carrerada, constru\u00efda amb la t\u00e8cnica mil\u00b7len\u00e0ria de pedra seca.<\/p><p>Nom\u00e9s ens queda gaudir de l&#8217;entrep\u00e0 i la companyia, asseguts a les taules i els bancs de fusta que hi ha a l&#8217;esplanada de la part superior de la font.<\/p>\t\t\t\t\t\t<\/div>\n\t\t\t\t<\/div>\n\t\t\t\t\t<\/div>\n\t\t<\/div>\n\t\t\t\t\t\t\t<\/div>\n\t\t<\/section>\n\t\t\t\t<section class=\"elementor-section elementor-top-section elementor-element elementor-element-817b164 elementor-section-boxed elementor-section-height-default elementor-section-height-default\" data-id=\"817b164\" data-element_type=\"section\">\n\t\t\t\t\t\t<div class=\"elementor-container elementor-column-gap-default\">\n\t\t\t\t\t<div class=\"elementor-column elementor-col-100 elementor-top-column elementor-element elementor-element-b859c9a\" data-id=\"b859c9a\" data-element_type=\"column\">\n\t\t\t<div class=\"elementor-widget-wrap elementor-element-populated\">\n\t\t\t\t\t\t\t\t<div class=\"elementor-element elementor-element-44864cf elementor-widget elementor-widget-heading\" data-id=\"44864cf\" data-element_type=\"widget\" data-widget_type=\"heading.default\">\n\t\t\t\t<div class=\"elementor-widget-container\">\n\t\t\t<h2 class=\"elementor-heading-title elementor-size-default\">Com arribar-hi?<\/h2>\t\t<\/div>\n\t\t\t\t<\/div>\n\t\t\t\t<div class=\"elementor-element elementor-element-f52c121 elementor-widget-divider--view-line elementor-widget elementor-widget-divider\" data-id=\"f52c121\" data-element_type=\"widget\" data-widget_type=\"divider.default\">\n\t\t\t\t<div class=\"elementor-widget-container\">\n\t\t\t\t\t<div class=\"elementor-divider\">\n\t\t\t<span class=\"elementor-divider-separator\">\n\t\t\t\t\t\t<\/span>\n\t\t<\/div>\n\t\t\t\t<\/div>\n\t\t\t\t<\/div>\n\t\t\t\t<div class=\"elementor-element elementor-element-c36fe2e elementor-widget elementor-widget-google_maps\" data-id=\"c36fe2e\" data-element_type=\"widget\" data-widget_type=\"google_maps.default\">\n\t\t\t\t<div class=\"elementor-widget-container\">\n\t\t\t\t\t<div class=\"elementor-custom-embed\">\n\t\t\t<iframe loading=\"lazy\"\n\t\t\t\t\tsrc=\"https:\/\/maps.google.com\/maps?q=39.086851%2C-0.2938646&#038;t=m&#038;z=13&#038;output=embed&#038;iwloc=near\"\n\t\t\t\t\ttitle=\"39.086851,-0.2938646\"\n\t\t\t\t\taria-label=\"39.086851,-0.2938646\"\n\t\t\t><\/iframe>\n\t\t<\/div>\n\t\t\t\t<\/div>\n\t\t\t\t<\/div>\n\t\t\t\t\t<\/div>\n\t\t<\/div>\n\t\t\t\t\t\t\t<\/div>\n\t\t<\/section>\n\t\t\t\t<section class=\"elementor-section elementor-top-section elementor-element elementor-element-1784687 elementor-section-boxed elementor-section-height-default elementor-section-height-default\" data-id=\"1784687\" data-element_type=\"section\">\n\t\t\t\t\t\t<div class=\"elementor-container elementor-column-gap-default\">\n\t\t\t\t\t<div class=\"elementor-column elementor-col-100 elementor-top-column elementor-element elementor-element-ef5c9c2\" data-id=\"ef5c9c2\" data-element_type=\"column\">\n\t\t\t<div class=\"elementor-widget-wrap elementor-element-populated\">\n\t\t\t\t\t\t\t\t<div class=\"elementor-element elementor-element-86064cf elementor-widget elementor-widget-heading\" data-id=\"86064cf\" data-element_type=\"widget\" data-widget_type=\"heading.default\">\n\t\t\t\t<div class=\"elementor-widget-container\">\n\t\t\t<h2 class=\"elementor-heading-title elementor-size-default\">M\u00e9s imatges de la Sangonera<\/h2>\t\t<\/div>\n\t\t\t\t<\/div>\n\t\t\t\t<div class=\"elementor-element elementor-element-f9bb952 elementor-widget-divider--view-line elementor-widget elementor-widget-divider\" data-id=\"f9bb952\" data-element_type=\"widget\" data-widget_type=\"divider.default\">\n\t\t\t\t<div class=\"elementor-widget-container\">\n\t\t\t\t\t<div class=\"elementor-divider\">\n\t\t\t<span class=\"elementor-divider-separator\">\n\t\t\t\t\t\t<\/span>\n\t\t<\/div>\n\t\t\t\t<\/div>\n\t\t\t\t<\/div>\n\t\t\t\t<div class=\"elementor-element elementor-element-8f4922e elementor-widget elementor-widget-gallery\" data-id=\"8f4922e\" data-element_type=\"widget\" data-settings=\"{&quot;columns&quot;:3,&quot;columns_mobile&quot;:2,&quot;lazyload&quot;:&quot;yes&quot;,&quot;gallery_layout&quot;:&quot;grid&quot;,&quot;columns_tablet&quot;:2,&quot;gap&quot;:{&quot;unit&quot;:&quot;px&quot;,&quot;size&quot;:10,&quot;sizes&quot;:[]},&quot;gap_tablet&quot;:{&quot;unit&quot;:&quot;px&quot;,&quot;size&quot;:10,&quot;sizes&quot;:[]},&quot;gap_mobile&quot;:{&quot;unit&quot;:&quot;px&quot;,&quot;size&quot;:10,&quot;sizes&quot;:[]},&quot;link_to&quot;:&quot;file&quot;,&quot;aspect_ratio&quot;:&quot;3:2&quot;,&quot;content_hover_animation&quot;:&quot;fade-in&quot;}\" data-widget_type=\"gallery.default\">\n\t\t\t\t<div class=\"elementor-widget-container\">\n\t\t\t\t\t<div class=\"elementor-gallery__container\">\n\t\t\t\t\t\t\t<a class=\"e-gallery-item elementor-gallery-item elementor-animated-content\" href=\"https:\/\/www.visitatavernes.es\/wp-content\/uploads\/2021\/03\/6-MUNTANYA-HORTA-I-MAR-1200x700_c.jpeg\" data-elementor-open-lightbox=\"yes\" data-elementor-lightbox-slideshow=\"8f4922e\" data-elementor-lightbox-title=\"6-MUNTANYA-HORTA-I-MAR-1200x700_c\" data-e-action-hash=\"#elementor-action%3Aaction%3Dlightbox%26settings%3DeyJpZCI6NTk5NSwidXJsIjoiaHR0cHM6XC9cL3d3dy52aXNpdGF0YXZlcm5lcy5lc1wvd3AtY29udGVudFwvdXBsb2Fkc1wvMjAyMVwvMDNcLzYtTVVOVEFOWUEtSE9SVEEtSS1NQVItMTIwMHg3MDBfYy5qcGVnIiwic2xpZGVzaG93IjoiOGY0OTIyZSJ9\">\n\t\t\t\t\t<div class=\"e-gallery-image elementor-gallery-item__image\" data-thumbnail=\"https:\/\/www.visitatavernes.es\/wp-content\/uploads\/2021\/03\/6-MUNTANYA-HORTA-I-MAR-1200x700_c-300x175.jpeg\" data-width=\"300\" data-height=\"175\" aria-label=\"\" role=\"img\" ><\/div>\n\t\t\t\t\t\t\t\t\t\t\t\t\t\t<\/a>\n\t\t\t\t\t\t\t<a class=\"e-gallery-item elementor-gallery-item elementor-animated-content\" href=\"https:\/\/www.visitatavernes.es\/wp-content\/uploads\/2021\/03\/2-PLA-DE-LA-SANGONERA-1200x700_c.jpeg\" data-elementor-open-lightbox=\"yes\" data-elementor-lightbox-slideshow=\"8f4922e\" data-elementor-lightbox-title=\"2-PLA-DE-LA-SANGONERA-1200x700_c\" data-e-action-hash=\"#elementor-action%3Aaction%3Dlightbox%26settings%3DeyJpZCI6NTk5MiwidXJsIjoiaHR0cHM6XC9cL3d3dy52aXNpdGF0YXZlcm5lcy5lc1wvd3AtY29udGVudFwvdXBsb2Fkc1wvMjAyMVwvMDNcLzItUExBLURFLUxBLVNBTkdPTkVSQS0xMjAweDcwMF9jLmpwZWciLCJzbGlkZXNob3ciOiI4ZjQ5MjJlIn0%3D\">\n\t\t\t\t\t<div class=\"e-gallery-image elementor-gallery-item__image\" data-thumbnail=\"https:\/\/www.visitatavernes.es\/wp-content\/uploads\/2021\/03\/2-PLA-DE-LA-SANGONERA-1200x700_c-300x175.jpeg\" data-width=\"300\" data-height=\"175\" aria-label=\"\" role=\"img\" ><\/div>\n\t\t\t\t\t\t\t\t\t\t\t\t\t\t<\/a>\n\t\t\t\t\t\t\t<a class=\"e-gallery-item elementor-gallery-item elementor-animated-content\" href=\"https:\/\/www.visitatavernes.es\/wp-content\/uploads\/2021\/03\/3-APLEGUEM-A-LA-ZONA-DE-DESCANS-1200x700_c.jpeg\" data-elementor-open-lightbox=\"yes\" data-elementor-lightbox-slideshow=\"8f4922e\" data-elementor-lightbox-title=\"3-APLEGUEM-A-LA-ZONA-DE-DESCANS-1200x700_c\" data-e-action-hash=\"#elementor-action%3Aaction%3Dlightbox%26settings%3DeyJpZCI6NTk4OSwidXJsIjoiaHR0cHM6XC9cL3d3dy52aXNpdGF0YXZlcm5lcy5lc1wvd3AtY29udGVudFwvdXBsb2Fkc1wvMjAyMVwvMDNcLzMtQVBMRUdVRU0tQS1MQS1aT05BLURFLURFU0NBTlMtMTIwMHg3MDBfYy5qcGVnIiwic2xpZGVzaG93IjoiOGY0OTIyZSJ9\">\n\t\t\t\t\t<div class=\"e-gallery-image elementor-gallery-item__image\" data-thumbnail=\"https:\/\/www.visitatavernes.es\/wp-content\/uploads\/2021\/03\/3-APLEGUEM-A-LA-ZONA-DE-DESCANS-1200x700_c-300x175.jpeg\" data-width=\"300\" data-height=\"175\" aria-label=\"\" role=\"img\" ><\/div>\n\t\t\t\t\t\t\t\t\t\t\t\t\t\t<\/a>\n\t\t\t\t\t\t\t<a class=\"e-gallery-item elementor-gallery-item elementor-animated-content\" href=\"https:\/\/www.visitatavernes.es\/wp-content\/uploads\/2021\/03\/5-MUNTANYA-HORTA-I-MAR-1200x700_c.jpeg\" data-elementor-open-lightbox=\"yes\" data-elementor-lightbox-slideshow=\"8f4922e\" data-elementor-lightbox-title=\"5-MUNTANYA-HORTA-I-MAR-1200x700_c\" data-e-action-hash=\"#elementor-action%3Aaction%3Dlightbox%26settings%3DeyJpZCI6NTk4NiwidXJsIjoiaHR0cHM6XC9cL3d3dy52aXNpdGF0YXZlcm5lcy5lc1wvd3AtY29udGVudFwvdXBsb2Fkc1wvMjAyMVwvMDNcLzUtTVVOVEFOWUEtSE9SVEEtSS1NQVItMTIwMHg3MDBfYy5qcGVnIiwic2xpZGVzaG93IjoiOGY0OTIyZSJ9\">\n\t\t\t\t\t<div class=\"e-gallery-image elementor-gallery-item__image\" data-thumbnail=\"https:\/\/www.visitatavernes.es\/wp-content\/uploads\/2021\/03\/5-MUNTANYA-HORTA-I-MAR-1200x700_c-300x175.jpeg\" data-width=\"300\" data-height=\"175\" aria-label=\"\" role=\"img\" ><\/div>\n\t\t\t\t\t\t\t\t\t\t\t\t\t\t<\/a>\n\t\t\t\t\t\t\t<a class=\"e-gallery-item elementor-gallery-item elementor-animated-content\" href=\"https:\/\/www.visitatavernes.es\/wp-content\/uploads\/2021\/03\/7-MUNTANYA-HORTA-I-MAR-1200x700_c.jpeg\" data-elementor-open-lightbox=\"yes\" data-elementor-lightbox-slideshow=\"8f4922e\" data-elementor-lightbox-title=\"7-MUNTANYA-HORTA-I-MAR-1200x700_c\" data-e-action-hash=\"#elementor-action%3Aaction%3Dlightbox%26settings%3DeyJpZCI6NTk4MywidXJsIjoiaHR0cHM6XC9cL3d3dy52aXNpdGF0YXZlcm5lcy5lc1wvd3AtY29udGVudFwvdXBsb2Fkc1wvMjAyMVwvMDNcLzctTVVOVEFOWUEtSE9SVEEtSS1NQVItMTIwMHg3MDBfYy5qcGVnIiwic2xpZGVzaG93IjoiOGY0OTIyZSJ9\">\n\t\t\t\t\t<div class=\"e-gallery-image elementor-gallery-item__image\" data-thumbnail=\"https:\/\/www.visitatavernes.es\/wp-content\/uploads\/2021\/03\/7-MUNTANYA-HORTA-I-MAR-1200x700_c-300x175.jpeg\" data-width=\"300\" data-height=\"175\" aria-label=\"\" role=\"img\" ><\/div>\n\t\t\t\t\t\t\t\t\t\t\t\t\t\t<\/a>\n\t\t\t\t\t\t\t<a class=\"e-gallery-item elementor-gallery-item elementor-animated-content\" href=\"https:\/\/www.visitatavernes.es\/wp-content\/uploads\/2021\/03\/8-FONT-DE-LA-SANGONERA-1200x700_c.jpeg\" data-elementor-open-lightbox=\"yes\" data-elementor-lightbox-slideshow=\"8f4922e\" data-elementor-lightbox-title=\"8-FONT-DE-LA-SANGONERA-1200x700_c\" data-e-action-hash=\"#elementor-action%3Aaction%3Dlightbox%26settings%3DeyJpZCI6NTk4MCwidXJsIjoiaHR0cHM6XC9cL3d3dy52aXNpdGF0YXZlcm5lcy5lc1wvd3AtY29udGVudFwvdXBsb2Fkc1wvMjAyMVwvMDNcLzgtRk9OVC1ERS1MQS1TQU5HT05FUkEtMTIwMHg3MDBfYy5qcGVnIiwic2xpZGVzaG93IjoiOGY0OTIyZSJ9\">\n\t\t\t\t\t<div class=\"e-gallery-image elementor-gallery-item__image\" data-thumbnail=\"https:\/\/www.visitatavernes.es\/wp-content\/uploads\/2021\/03\/8-FONT-DE-LA-SANGONERA-1200x700_c-300x175.jpeg\" data-width=\"300\" data-height=\"175\" aria-label=\"\" role=\"img\" ><\/div>\n\t\t\t\t\t\t\t\t\t\t\t\t\t\t<\/a>\n\t\t\t\t\t<\/div>\n\t\t\t<\/div>\n\t\t\t\t<\/div>\n\t\t\t\t\t<\/div>\n\t\t<\/div>\n\t\t\t\t\t\t\t<\/div>\n\t\t<\/section>\n\t\t\t\t\t\t\t<\/div>\n\t\t","protected":false},"excerpt":{"rendered":"<p>LA SANGONERA Situada a l&#8217;alt de les Creus, es converteix en una zona ideal per fer una parada, perqu\u00e8 pr\u00e0cticament es troba a la meitat de la ruta de la Via Ferrada. Quan som al pla de la Sangonera, si hem pujat per la senda dels Amoladors, gaudirem per primera vegada de la finestra oberta [&hellip;]<\/p>\n","protected":false},"author":1,"featured_media":0,"parent":0,"menu_order":0,"comment_status":"closed","ping_status":"closed","template":"","meta":{"_acf_changed":false,"footnotes":""},"class_list":["post-1020","page","type-page","status-publish","hentry"],"acf":[],"_links":{"self":[{"href":"https:\/\/www.visitatavernes.es\/ca\/wp-json\/wp\/v2\/pages\/1020","targetHints":{"allow":["GET"]}}],"collection":[{"href":"https:\/\/www.visitatavernes.es\/ca\/wp-json\/wp\/v2\/pages"}],"about":[{"href":"https:\/\/www.visitatavernes.es\/ca\/wp-json\/wp\/v2\/types\/page"}],"author":[{"embeddable":true,"href":"https:\/\/www.visitatavernes.es\/ca\/wp-json\/wp\/v2\/users\/1"}],"replies":[{"embeddable":true,"href":"https:\/\/www.visitatavernes.es\/ca\/wp-json\/wp\/v2\/comments?post=1020"}],"version-history":[{"count":65,"href":"https:\/\/www.visitatavernes.es\/ca\/wp-json\/wp\/v2\/pages\/1020\/revisions"}],"predecessor-version":[{"id":14946,"href":"https:\/\/www.visitatavernes.es\/ca\/wp-json\/wp\/v2\/pages\/1020\/revisions\/14946"}],"wp:attachment":[{"href":"https:\/\/www.visitatavernes.es\/ca\/wp-json\/wp\/v2\/media?parent=1020"}],"curies":[{"name":"wp","href":"https:\/\/api.w.org\/{rel}","templated":true}]}}